{"id":1201,"date":"2025-06-02T01:27:38","date_gmt":"2025-06-02T01:27:38","guid":{"rendered":"https:\/\/www.lebeipackaging.com\/?post_type=product&#038;p=1201"},"modified":"2025-06-02T01:53:48","modified_gmt":"2025-06-02T01:53:48","slug":"wholesale-flat-bottom-pouch-with-zipper-and-handle-transparent-matte-finish","status":"publish","type":"product","link":"https:\/\/www.lebeipackaging.com\/de\/product\/wholesale-flat-bottom-pouch-with-zipper-and-handle-transparent-matte-finish\/","title":{"rendered":"Gro\u00dfhandel flachen Boden Tasche mit Rei\u00dfverschluss und Griff Transparent &amp; Matte Finish"},"content":{"rendered":"<h2 class=\"wp-block-heading\">Merkmale des Gro\u00dfhandels Flachbodenbeutel<\/h2>\n\n\n\n<div class=\"wp-block-columns is-layout-flex wp-container-core-columns-is-layout-9d6595d7 wp-block-columns-is-layout-flex\">\n<div class=\"wp-block-column is-layout-flow wp-block-column-is-layout-flow\">\n<p><strong>Flaches Bodendesign mit St\u00e4rke<\/strong><br>Der flache Boden des Unternehmens sorgt daf\u00fcr, dass der Beutel fest im Regal steht, was die Sichtbarkeit des Produkts und die Bequemlichkeit bei der Lagerung verbessert. Au\u00dferdem wird das maximale innere Fassungsverm\u00f6gen f\u00fcr effizientes Verpacken und Transportieren beibehalten.<\/p>\n\n\n\n<p><strong>Wiederverwendbarer Zipper-Verschluss<\/strong><br>Der mitgelieferte Rei\u00dfverschluss bewahrt die Frische und Sicherheit des Inhalts nach dem \u00d6ffnen. Er erm\u00f6glicht eine wiederholte Verwendung, bietet den Verbrauchern einen zus\u00e4tzlichen Nutzen und verringert den Produktverlust.<\/p>\n\n\n\n<p><strong>Integrierter Tragegriff<\/strong><br>Dank des griffigen Griffs l\u00e4sst sich die Tasche leicht transportieren - auch wenn sie voll ist. Diese Funktion ist besonders n\u00fctzlich f\u00fcr sperrige oder schwere Gegenst\u00e4nde und bietet Komfort und Tragbarkeit.<\/p>\n\n\n\n<p><strong>Transparentes und mattes Dual-Finish-Aussehen<\/strong><br>Kombiniert ein durchsichtiges Fenster f\u00fcr den sofortigen Blick auf das Produkt mit einer ged\u00e4mpften, matten Oberfl\u00e4che f\u00fcr ein anspruchsvolles, modernes Aussehen. Es st\u00e4rkt das Vertrauen der Kunden und dient als visuelles Markenzeichen, auch ohne Aufdruck.<\/p>\n\n\n\n<p><strong>Kompakt f\u00fcr viele Anwendungen<\/strong><br>Perfekt f\u00fcr die Verpackung von Kaffee, Tee, Leckereien f\u00fcr Haustiere, Snacks, Trockenfutter, Pulver und mehr. Perfekt f\u00fcr verschiedene Branchen wie den Lebensmittel-, Gesundheits- und Lifestyle-Einzelhandel.<\/p>\n\n\n\n<p><strong>Versandfertige Gro\u00dfhandelsverpackungen<\/strong><br>Dieser Beutel ist als Massenware in Standardgr\u00f6\u00dfen und -ausf\u00fchrungen erh\u00e4ltlich und eignet sich perfekt f\u00fcr Unternehmen, die eine zuverl\u00e4ssige, qualitativ hochwertige Verpackung ben\u00f6tigen, ohne die Vorlaufzeit und die Kosten einer kundenspezifischen Verpackung.<\/p>\n<\/div>\n\n\n\n<div class=\"wp-block-column is-layout-flow wp-block-column-is-layout-flow\">\n<div class=\"wp-block-columns is-layout-flex wp-container-core-columns-is-layout-9d6595d7 wp-block-columns-is-layout-flex\">\n<div class=\"wp-block-column is-layout-flow wp-block-column-is-layout-flow\">\n<figure class=\"wp-block-image size-full\"><img decoding=\"async\" width=\"640\" height=\"640\" src=\"https:\/\/www.lebeipackaging.com\/wp-content\/uploads\/2025\/06\/Wholesale-Flat-Bottom-Pouch-with-Zipper-and-Handle-Transparent-Matte-Finish.webp\" alt=\"Gro\u00dfhandel flachen Boden Tasche mit Rei\u00dfverschluss und Griff Transparent &amp; Matte Finish\" class=\"wp-image-1202\" srcset=\"https:\/\/www.lebeipackaging.com\/wp-content\/uploads\/2025\/06\/Wholesale-Flat-Bottom-Pouch-with-Zipper-and-Handle-Transparent-Matte-Finish.webp 640w, https:\/\/www.lebeipackaging.com\/wp-content\/uploads\/2025\/06\/Wholesale-Flat-Bottom-Pouch-with-Zipper-and-Handle-Transparent-Matte-Finish-300x300.webp 300w, https:\/\/www.lebeipackaging.com\/wp-content\/uploads\/2025\/06\/Wholesale-Flat-Bottom-Pouch-with-Zipper-and-Handle-Transparent-Matte-Finish-150x150.webp 150w, https:\/\/www.lebeipackaging.com\/wp-content\/uploads\/2025\/06\/Wholesale-Flat-Bottom-Pouch-with-Zipper-and-Handle-Transparent-Matte-Finish-600x600.webp 600w, https:\/\/www.lebeipackaging.com\/wp-content\/uploads\/2025\/06\/Wholesale-Flat-Bottom-Pouch-with-Zipper-and-Handle-Transparent-Matte-Finish-100x100.webp 100w\" sizes=\"(max-width: 640px) 100vw, 640px\" \/><\/figure>\n<\/div>\n<\/div>\n<\/div>\n<\/div>\n\n\n\n<div class=\"wp-block-columns is-layout-flex wp-container-core-columns-is-layout-9d6595d7 wp-block-columns-is-layout-flex\">\n<div class=\"wp-block-column is-layout-flow wp-block-column-is-layout-flow\">\n<h2 class=\"wp-block-heading\">Gr\u00f6\u00dfe des Produkts<\/h2>\n\n\n\n<figure class=\"wp-block-table\"><table class=\"has-fixed-layout\"><tbody><tr><td>Gr\u00f6\u00dfe<br>(cm)<\/td><td>Verpackung (St\u00fcck\/B\u00fcndel)<\/td><td>Verpackung (St\u00fcck\/ctn)<\/td><td>Gewicht<br>(kg\/ctn)<\/td><td>Ctn Gr\u00f6\u00dfe<br>(cm)<\/td><\/tr><tr><td>10*20+3cm*2<\/td><td>50<\/td><td>3500<\/td><td>25.00&nbsp;<\/td><td>48*40*34<\/td><\/tr><tr><td>12*22+3cm*2<\/td><td>50<\/td><td>3400<\/td><td>26.00&nbsp;<\/td><td>48*40*34<\/td><\/tr><tr><td>14*24+3cm*2<\/td><td>50<\/td><td>2400<\/td><td>25.09&nbsp;<\/td><td>57*30*30<\/td><\/tr><tr><td>16*26+4cm*2<\/td><td>50<\/td><td>2000<\/td><td>26.90&nbsp;<\/td><td>49*40*35<\/td><\/tr><tr><td>18*28+4cm*2<\/td><td>50<\/td><td>1700<\/td><td>28.00&nbsp;<\/td><td>55*40*30<\/td><\/tr><tr><td>20*30+4cm*2<\/td><td>50<\/td><td>2000<\/td><td>37.14&nbsp;<\/td><td>62*40*30<\/td><\/tr><tr><td>23*33+4cm*2<\/td><td>50<\/td><td>1200<\/td><td>28.00&nbsp;<\/td><td>62*40*30<\/td><\/tr><tr><td>26*36+4cm*2<\/td><td>50<\/td><td>1200<\/td><td>35.00&nbsp;<\/td><td>62*40*30<\/td><\/tr><tr><td>30*40+4cm*2<\/td><td>50<\/td><td>1000<\/td><td>36.00&nbsp;<\/td><td>62*40*30<\/td><\/tr><\/tbody><\/table><\/figure>\n<\/div>\n<\/div>","protected":false},"excerpt":{"rendered":"<article class=\"text-token-text-primary w-full\" dir=\"auto\" data-testid=\"conversation-turn-2\" data-scroll-anchor=\"true\">\n<div class=\"text-base my-auto mx-auto py-5 [--thread-content-margin:--spacing(4)] @[37rem]:[--thread-content-margin:--spacing(6)] @[72rem]:[--thread-content-margin:--spacing(16)] px-(--thread-content-margin)\">\n<div class=\"[--thread-content-max-width:32rem] @[34rem]:[--thread-content-max-width:40rem] @[64rem]:[--thread-content-max-width:48rem] mx-auto flex max-w-(--thread-content-max-width) flex-1 text-base gap-4 md:gap-5 lg:gap-6 group\/turn-messages focus-visible:outline-hidden\" tabindex=\"-1\">\n<div class=\"group\/conversation-turn relative flex w-full min-w-0 flex-col agent-turn\">\n<div class=\"relative flex-col gap-1 md:gap-3\">\n<div class=\"flex max-w-full flex-col grow\">\n<div class=\"min-h-8 text-message relative flex w-full flex-col items-end gap-2 text-start break-words whitespace-normal [.text-message+&amp;]:mt-5\" dir=\"auto\" data-message-author-role=\"assistant\" data-message-id=\"601dc105-1a20-4d41-b026-a096271ed355\" data-message-model-slug=\"gpt-4-1-mini\">\n<div class=\"flex w-full flex-col gap-1 empty:hidden first:pt-[3px]\">\n<div class=\"markdown prose dark:prose-invert w-full break-words light\">\n<article class=\"text-token-text-primary w-full\" dir=\"auto\" data-testid=\"conversation-turn-26\" data-scroll-anchor=\"true\">\n<div class=\"text-base my-auto mx-auto py-5 [--thread-content-margin:--spacing(4)] @[37rem]:[--thread-content-margin:--spacing(6)] @[72rem]:[--thread-content-margin:--spacing(16)] px-(--thread-content-margin)\">\n<div class=\"[--thread-content-max-width:32rem] @[34rem]:[--thread-content-max-width:40rem] @[64rem]:[--thread-content-max-width:48rem] mx-auto flex max-w-(--thread-content-max-width) flex-1 text-base gap-4 md:gap-5 lg:gap-6 group\/turn-messages focus-visible:outline-hidden\" tabindex=\"-1\">\n<div class=\"group\/conversation-turn relative flex w-full min-w-0 flex-col agent-turn\">\n<div class=\"relative flex-col gap-1 md:gap-3\">\n<div class=\"flex max-w-full flex-col grow\">\n<div class=\"min-h-8 text-message relative flex w-full flex-col items-end gap-2 text-start break-words whitespace-normal [.text-message+&amp;]:mt-5\" dir=\"auto\" data-message-author-role=\"assistant\" data-message-id=\"d05c8187-775a-4e42-8061-4ac971d5f547\" data-message-model-slug=\"gpt-4-1-mini\">\n<div class=\"flex w-full flex-col gap-1 empty:hidden first:pt-[3px]\">\n<div class=\"markdown prose dark:prose-invert w-full break-words light\">\n<p data-start=\"0\" data-end=\"257\" data-is-last-node=\"\" data-is-only-node=\"\">Wholesale flat bottom pouch with zipper and handle features a transparent front, matte finish, and stable base\u2014ideal for snacks, coffee, and dry goods. Practical, portable, and ready to ship. Welcome to inquire and purchase\uff01<\/p>\n<\/div>\n<\/div>\n<\/div>\n<\/div>\n<\/div>\n<\/div>\n<\/div>\n<\/div>\n<\/article>\n<\/div>\n<\/div>\n<\/div>\n<\/div>\n<\/div>\n<\/div>\n<\/div>\n<\/div>\n<\/article>\n<table style=\"border-collapse: collapse; width: 518px; height: 318px;\" border=\"0\" width=\"293\" cellspacing=\"0\" cellpadding=\"0\">\n<tbody>\n<tr style=\"height: 17.00pt;\">\n<td class=\"et2\" style=\"height: 17.00pt; width: 102.45pt;\" width=\"102\" height=\"17\">Manufacturer<\/td>\n<td class=\"et2\" style=\"width: 190.80pt;\" width=\"190\">Lebei<\/td>\n<\/tr>\n<tr style=\"height: 17.00pt;\">\n<td class=\"et2\" style=\"height: 17.00pt; width: 102.45pt;\" width=\"102\" height=\"17\">Pouch Types<\/td>\n<td class=\"et3\" style=\"width: 190.80pt;\" width=\"190\">Flat Bottom Pouch(Transparent &amp; Matte Finish)<\/td>\n<\/tr>\n<tr style=\"height: 17.00pt;\">\n<td class=\"et2\" style=\"height: 17.00pt; width: 102.45pt;\" width=\"102\" height=\"17\">Material<\/td>\n<td class=\"et3\" style=\"width: 190.80pt;\" width=\"190\">Mopp\/PET\/PE<\/td>\n<\/tr>\n<tr style=\"height: 17.00pt;\">\n<td class=\"et2\" style=\"height: 17.00pt; width: 102.45pt;\" width=\"102\" height=\"17\">Sealing &amp; Handle<\/td>\n<td class=\"et3\" style=\"width: 190.80pt;\" width=\"190\">Zipper Top and Handle<\/td>\n<\/tr>\n<tr style=\"height: 17.00pt;\">\n<td class=\"et2\" style=\"height: 17.00pt; width: 102.45pt;\" width=\"102\" height=\"17\">Surface Handling<\/td>\n<td class=\"et3\" style=\"width: 190.80pt;\" width=\"190\">Gravure Printing<\/td>\n<\/tr>\n<tr style=\"height: 17.00pt;\">\n<td class=\"et2\" style=\"height: 17.00pt; width: 102.45pt;\" width=\"102\" height=\"17\">Advantage<\/td>\n<td class=\"et3\" style=\"width: 190.80pt;\" width=\"190\">Moisture Proof<\/td>\n<\/tr>\n<tr style=\"height: 17.00pt;\">\n<td class=\"et2\" style=\"height: 17.00pt; width: 102.45pt;\" width=\"102\" height=\"17\">Usage<\/td>\n<td class=\"et3\" style=\"width: 190.80pt;\" width=\"190\">Food or Snack Packaging<\/td>\n<\/tr>\n<tr style=\"height: 34.00pt;\">\n<td class=\"et2\" style=\"height: 34.00pt; width: 102.45pt;\" width=\"102\" height=\"34\">MOQ<\/td>\n<td class=\"et3\" style=\"width: 190.80pt;\" width=\"190\">Mix Items, Total 5000 Pieces<\/td>\n<\/tr>\n<tr style=\"height: 34.00pt;\">\n<td class=\"et2\" style=\"height: 34.00pt; width: 102.45pt;\" width=\"102\" height=\"34\">Sample<\/td>\n<td class=\"et3\" style=\"width: 190.80pt;\" width=\"190\">1-2 Days (Free)<\/td>\n<\/tr>\n<\/tbody>\n<\/table>\n","protected":false},"featured_media":1202,"comment_status":"closed","ping_status":"closed","template":"","meta":{"_acf_changed":false},"application":[],"product_brand":[],"product_cat":[50],"product_tag":[49],"class_list":{"0":"post-1201","1":"product","2":"type-product","3":"status-publish","4":"has-post-thumbnail","6":"product_cat-ready-to-ship-pouches","7":"product_tag-transparent-and-matte-pouch","9":"first","10":"instock","11":"shipping-taxable","12":"product-type-simple"},"acf":[],"_links":{"self":[{"href":"https:\/\/www.lebeipackaging.com\/de\/wp-json\/wp\/v2\/product\/1201","targetHints":{"allow":["GET"]}}],"collection":[{"href":"https:\/\/www.lebeipackaging.com\/de\/wp-json\/wp\/v2\/product"}],"about":[{"href":"https:\/\/www.lebeipackaging.com\/de\/wp-json\/wp\/v2\/types\/product"}],"replies":[{"embeddable":true,"href":"https:\/\/www.lebeipackaging.com\/de\/wp-json\/wp\/v2\/comments?post=1201"}],"wp:featuredmedia":[{"embeddable":true,"href":"https:\/\/www.lebeipackaging.com\/de\/wp-json\/wp\/v2\/media\/1202"}],"wp:attachment":[{"href":"https:\/\/www.lebeipackaging.com\/de\/wp-json\/wp\/v2\/media?parent=1201"}],"wp:term":[{"taxonomy":"application","embeddable":true,"href":"https:\/\/www.lebeipackaging.com\/de\/wp-json\/wp\/v2\/application?post=1201"},{"taxonomy":"product_brand","embeddable":true,"href":"https:\/\/www.lebeipackaging.com\/de\/wp-json\/wp\/v2\/product_brand?post=1201"},{"taxonomy":"product_cat","embeddable":true,"href":"https:\/\/www.lebeipackaging.com\/de\/wp-json\/wp\/v2\/product_cat?post=1201"},{"taxonomy":"product_tag","embeddable":true,"href":"https:\/\/www.lebeipackaging.com\/de\/wp-json\/wp\/v2\/product_tag?post=1201"}],"curies":[{"name":"wp","href":"https:\/\/api.w.org\/{rel}","templated":true}]}}