{"id":1230,"date":"2025-06-02T08:19:08","date_gmt":"2025-06-02T08:19:08","guid":{"rendered":"https:\/\/www.lebeipackaging.com\/?post_type=product&#038;p=1230"},"modified":"2025-10-02T06:40:12","modified_gmt":"2025-10-02T06:40:12","slug":"wholesale-shaped-pouches-for-nut","status":"publish","type":"product","link":"https:\/\/www.lebeipackaging.com\/de\/product\/wholesale-shaped-pouches-for-nut\/","title":{"rendered":"Gro\u00dfhandel Geformte Beutel f\u00fcr Lebensmittelverpackungen"},"content":{"rendered":"<h2 class=\"wp-block-heading\">Merkmale von Gro\u00dfhandel geformte Beutel<\/h2>\n\n\n\n<div class=\"wp-block-columns is-layout-flex wp-container-core-columns-is-layout-9d6595d7 wp-block-columns-is-layout-flex\">\n<div class=\"wp-block-column is-layout-flow wp-block-column-is-layout-flow\">\n<p><strong>Niedliche Tierform<\/strong><br>Die T\u00fctenform kann als Schultasche, Radio, Handtasche, Kamera und andere spezielle Bilder gestaltet werden, die f\u00fcr Kindersnacks und Geschenkverpackungen geeignet sind und im Regal mehr visuelle Wirkung haben.<\/p>\n\n\n\n<p><strong>Eine Vielzahl von Cartoon-Mustern zur Hervorhebung der Markenpers\u00f6nlichkeit<\/strong><br>Wir bieten OEM\/ODM-Dienstleistungen an und entwickeln exklusive Taschenformen entsprechend dem geistigen Eigentum der Marke, Zeichentrickfiguren oder der Marktpositionierung, um den Wiedererkennungswert und die Affinit\u00e4t zur Marke zu erh\u00f6hen.<\/p>\n\n\n\n<p><strong>Lebensmittelgeeignete Materialien<\/strong><br>Es wird eine ungiftige und geruchsneutrale mehrschichtige Verbundfolie verwendet, die eine gute Sauerstoffbarriere sowie feuchtigkeits- und geruchssichere Eigenschaften aufweist, um den Inhalt frisch und geschmackvoll zu halten.<\/p>\n\n\n\n<p><strong><strong>Bequemer Rei\u00dfverschluss<\/strong><\/strong><br>Der integrierte Rei\u00dfverschluss erm\u00f6glicht ein einfaches Wiederverschlie\u00dfen, so dass Ihre Lebensmittel nach dem \u00d6ffnen frisch und vor Luft, Feuchtigkeit und Verunreinigungen gesch\u00fctzt bleiben.<\/p>\n\n\n\n<p><strong>Leichte und selbsttragende Konstruktion<\/strong><br>Die Tierform in Kombination mit der selbsttragenden Funktion zieht nicht nur die Blicke auf sich, sondern erleichtert auch die Pr\u00e4sentation im Regal und die Aufbewahrung zu Hause, was die Benutzerfreundlichkeit erh\u00f6ht.<\/p>\n\n\n\n<p><strong><strong>Langlebig und auslaufsicher<\/strong><\/strong><br>Die aus hochwertigem, mehrschichtigem Material gefertigten Beutel bieten eine hervorragende Festigkeit und sind auslaufsicher, so dass sie sich perfekt f\u00fcr Fl\u00fcssigkeiten, Snacks oder Trockenfutter eignen.<\/p>\n<\/div>\n\n\n\n<div class=\"wp-block-column is-layout-flow wp-block-column-is-layout-flow\">\n<div class=\"wp-block-columns is-layout-flex wp-container-core-columns-is-layout-9d6595d7 wp-block-columns-is-layout-flex\">\n<div class=\"wp-block-column is-layout-flow wp-block-column-is-layout-flow\">\n<figure class=\"wp-block-image size-full\"><img decoding=\"async\" width=\"640\" height=\"640\" src=\"https:\/\/www.lebeipackaging.com\/wp-content\/uploads\/2025\/06\/Wholesale-Shaped-Pouches-for-Food-Packaging-12.webp\" alt=\"Gro\u00dfhandel-Form-Beutel-f\u00fcr-Lebensmittel-Verpackungen-12\" class=\"wp-image-2432\" srcset=\"https:\/\/www.lebeipackaging.com\/wp-content\/uploads\/2025\/06\/Wholesale-Shaped-Pouches-for-Food-Packaging-12.webp 640w, https:\/\/www.lebeipackaging.com\/wp-content\/uploads\/2025\/06\/Wholesale-Shaped-Pouches-for-Food-Packaging-12-300x300.webp 300w, https:\/\/www.lebeipackaging.com\/wp-content\/uploads\/2025\/06\/Wholesale-Shaped-Pouches-for-Food-Packaging-12-150x150.webp 150w, https:\/\/www.lebeipackaging.com\/wp-content\/uploads\/2025\/06\/Wholesale-Shaped-Pouches-for-Food-Packaging-12-12x12.webp 12w, https:\/\/www.lebeipackaging.com\/wp-content\/uploads\/2025\/06\/Wholesale-Shaped-Pouches-for-Food-Packaging-12-600x600.webp 600w, https:\/\/www.lebeipackaging.com\/wp-content\/uploads\/2025\/06\/Wholesale-Shaped-Pouches-for-Food-Packaging-12-100x100.webp 100w\" sizes=\"(max-width: 640px) 100vw, 640px\" \/><\/figure>\n<\/div>\n<\/div>\n<\/div>\n<\/div>\n\n\n\n<div class=\"wp-block-columns is-layout-flex wp-container-core-columns-is-layout-9d6595d7 wp-block-columns-is-layout-flex\">\n<div class=\"wp-block-column is-layout-flow wp-block-column-is-layout-flow\">\n<h2 class=\"wp-block-heading\">Gr\u00f6\u00dfe des Produkts<br><\/h2>\n\n\n\n<figure class=\"wp-block-table\"><table class=\"has-fixed-layout\"><tbody><tr><td>Beschreibung<\/td><td>Gr\u00f6\u00dfe<br>(cm)<\/td><td>Verpackung (St\u00fcck\/B\u00fcndel)<\/td><td>Verpackung (St\u00fcck\/ctn)<\/td><td>Gewicht<br>(kg\/ctn)<\/td><td>Ctn Gr\u00f6\u00dfe<br>(cm)<\/td><\/tr><tr><td rowspan=\"2\">Tigerhandtasche<\/td><td>18*21+3cm*2<\/td><td>50<\/td><td>3500<\/td><td>\/<\/td><td>\/<\/td><\/tr><tr><td>24*28+4cm*2<\/td><td>50<\/td><td>2000<\/td><td>\/<\/td><td>\/<\/td><\/tr><tr><td rowspan=\"2\">Happy Ending Form Tasche<\/td><td>16*26+4cm*2<\/td><td>50<\/td><td>3500<\/td><td>\/<\/td><td>\/<\/td><\/tr><tr><td>18*28+4cm*2<\/td><td>50<\/td><td>2700<\/td><td>\/<\/td><td>\/<\/td><\/tr><tr><td rowspan=\"2\">Kamera Form Tasche<\/td><td>24*16+3,5cm*2<\/td><td>50<\/td><td>3400<\/td><td>\/<\/td><td>\/<\/td><\/tr><tr><td>26*18+3,5cm*2<\/td><td>50<\/td><td>2400<\/td><td>\/<\/td><td>\/<\/td><\/tr><tr><td rowspan=\"2\">Henkelform Tasche<\/td><td>20*19+3cm*2<\/td><td>50<\/td><td>3200<\/td><td>\/<\/td><td>\/<\/td><\/tr><tr><td>26*24+4cm*2<\/td><td>50<\/td><td>2000<\/td><td>\/<\/td><td>\/<\/td><\/tr><tr><td rowspan=\"2\">Radio Form Tasche<\/td><td>20*19+3cm*2<\/td><td>50<\/td><td>3200<\/td><td>\/<\/td><td>\/<\/td><\/tr><tr><td>26*24+4cm*2<\/td><td>50<\/td><td>2000<\/td><td>\/<\/td><td>\/<\/td><\/tr><tr><td rowspan=\"2\">Radio Form Tasche<\/td><td>14*24+5cm*2<\/td><td>50<\/td><td>2400<\/td><td>\/<\/td><td>\/<\/td><\/tr><tr><td>16*27+5cm*2<\/td><td>50<\/td><td>2000<\/td><td>\/<\/td><td>\/<\/td><\/tr><\/tbody><\/table><\/figure>\n\n\n\n<p><br><\/p>\n<\/div>\n<\/div>","protected":false},"excerpt":{"rendered":"<article class=\"text-token-text-primary w-full\" dir=\"auto\" data-testid=\"conversation-turn-2\" data-scroll-anchor=\"true\">\n<div class=\"text-base my-auto mx-auto py-5 [--thread-content-margin:--spacing(4)] @[37rem]:[--thread-content-margin:--spacing(6)] @[72rem]:[--thread-content-margin:--spacing(16)] px-(--thread-content-margin)\">\n<div class=\"[--thread-content-max-width:32rem] @[34rem]:[--thread-content-max-width:40rem] @[64rem]:[--thread-content-max-width:48rem] mx-auto flex max-w-(--thread-content-max-width) flex-1 text-base gap-4 md:gap-5 lg:gap-6 group\/turn-messages focus-visible:outline-hidden\">\n<div class=\"group\/conversation-turn relative flex w-full min-w-0 flex-col agent-turn\">\n<div class=\"relative flex-col gap-1 md:gap-3\">\n<div class=\"flex max-w-full flex-col grow\">\n<div class=\"min-h-8 text-message relative flex w-full flex-col items-end gap-2 text-start break-words whitespace-normal [.text-message+&amp;]:mt-5\" dir=\"auto\" data-message-author-role=\"assistant\" data-message-id=\"601dc105-1a20-4d41-b026-a096271ed355\" data-message-model-slug=\"gpt-4-1-mini\">\n<div class=\"flex w-full flex-col gap-1 empty:hidden first:pt-[3px]\">\n<div class=\"markdown prose dark:prose-invert w-full break-words light\">\n<article class=\"text-token-text-primary w-full\" dir=\"auto\" data-testid=\"conversation-turn-26\" data-scroll-anchor=\"true\">\n<div class=\"text-base my-auto mx-auto py-5 [--thread-content-margin:--spacing(4)] @[37rem]:[--thread-content-margin:--spacing(6)] @[72rem]:[--thread-content-margin:--spacing(16)] px-(--thread-content-margin)\">\n<div class=\"[--thread-content-max-width:32rem] @[34rem]:[--thread-content-max-width:40rem] @[64rem]:[--thread-content-max-width:48rem] mx-auto flex max-w-(--thread-content-max-width) flex-1 text-base gap-4 md:gap-5 lg:gap-6 group\/turn-messages focus-visible:outline-hidden\">\n<div class=\"group\/conversation-turn relative flex w-full min-w-0 flex-col agent-turn\">\n<div class=\"relative flex-col gap-1 md:gap-3\">\n<div class=\"flex max-w-full flex-col grow\">\n<div class=\"min-h-8 text-message relative flex w-full flex-col items-end gap-2 text-start break-words whitespace-normal [.text-message+&amp;]:mt-5\" dir=\"auto\" data-message-author-role=\"assistant\" data-message-id=\"d05c8187-775a-4e42-8061-4ac971d5f547\" data-message-model-slug=\"gpt-4-1-mini\">\n<div class=\"flex w-full flex-col gap-1 empty:hidden first:pt-[3px]\">\n<div class=\"markdown prose dark:prose-invert w-full break-words light\">\n<p data-start=\"27\" data-end=\"277\">Wholesale shaped pouches for food packaging featuring fun animal-shaped designs, food-grade materials\uff0c enhance shelf appeal, and brand identity.Welcome to consult for preferential prices\uff01<\/p>\n<\/div>\n<\/div>\n<\/div>\n<\/div>\n<\/div>\n<\/div>\n<\/div>\n<\/div>\n<\/article>\n<\/div>\n<\/div>\n<\/div>\n<\/div>\n<\/div>\n<\/div>\n<\/div>\n<\/div>\n<\/article>\n<table style=\"border-collapse: collapse;width: 518px;height: 318px\" border=\"0\" width=\"293\" cellspacing=\"0\" cellpadding=\"0\">\n<tbody>\n<tr style=\"height: 17.00pt\">\n<td class=\"et2\" style=\"height: 17.00pt;width: 102.45pt\" width=\"102\" height=\"17\">Manufacturer<\/td>\n<td class=\"et2\" style=\"width: 190.80pt\" width=\"190\">Lebei<\/td>\n<\/tr>\n<tr style=\"height: 17.00pt\">\n<td class=\"et2\" style=\"height: 17.00pt;width: 102.45pt\" width=\"102\" height=\"17\">Pouch Types<\/td>\n<td class=\"et3\" style=\"width: 190.80pt\" width=\"190\">Shaped Pouches(Stand Up Pouch)<\/td>\n<\/tr>\n<tr style=\"height: 17.00pt\">\n<td class=\"et2\" style=\"height: 17.00pt;width: 102.45pt\" width=\"102\" height=\"17\">Material<\/td>\n<td class=\"et3\" style=\"width: 190.80pt\" width=\"190\">PET\/CPP<\/td>\n<\/tr>\n<tr style=\"height: 17.00pt\">\n<td class=\"et2\" style=\"height: 17.00pt;width: 102.45pt\" width=\"102\" height=\"17\">Sealing &amp; Handle<\/td>\n<td class=\"et3\" style=\"width: 190.80pt\" width=\"190\">Zipper Top<\/td>\n<\/tr>\n<tr style=\"height: 17.00pt\">\n<td class=\"et2\" style=\"height: 17.00pt;width: 102.45pt\" width=\"102\" height=\"17\">Feature<\/td>\n<td class=\"et3\" style=\"width: 190.80pt\" width=\"190\">Moisture Proof<\/td>\n<\/tr>\n<tr style=\"height: 17.00pt\">\n<td class=\"et2\" style=\"height: 17.00pt;width: 102.45pt\" width=\"102\" height=\"17\">Thickness(one side)<\/td>\n<td class=\"et3\" style=\"width: 190.80pt\" width=\"190\">100mic<\/td>\n<\/tr>\n<tr style=\"height: 17.00pt\">\n<td class=\"et2\" style=\"height: 17.00pt;width: 102.45pt\" width=\"102\" height=\"17\">Usage<\/td>\n<td class=\"et3\" style=\"width: 190.80pt\" width=\"190\">Nut and Snack Packaging<\/td>\n<\/tr>\n<tr style=\"height: 34.00pt\">\n<td class=\"et2\" style=\"height: 34.00pt;width: 102.45pt\" width=\"102\" height=\"34\">MOQ<\/td>\n<td class=\"et3\" style=\"width: 190.80pt\" width=\"190\">Mix Items, Total 5000 Pieces<\/td>\n<\/tr>\n<tr style=\"height: 34.00pt\">\n<td class=\"et2\" style=\"height: 34.00pt;width: 102.45pt\" width=\"102\" height=\"34\">Sample<\/td>\n<td class=\"et3\" style=\"width: 190.80pt\" width=\"190\">1-2 Days (Free)<\/td>\n<\/tr>\n<\/tbody>\n<\/table>\n","protected":false},"featured_media":2421,"comment_status":"closed","ping_status":"closed","template":"","meta":{"_acf_changed":false},"application":[],"product_brand":[],"product_cat":[50,41],"product_tag":[43],"class_list":{"0":"post-1230","1":"product","2":"type-product","3":"status-publish","4":"has-post-thumbnail","6":"product_cat-ready-to-ship-pouches","7":"product_cat-stand-up-pouch-manufacturer","8":"product_tag-shape-pouch","10":"first","11":"instock","12":"shipping-taxable","13":"product-type-simple"},"acf":[],"_links":{"self":[{"href":"https:\/\/www.lebeipackaging.com\/de\/wp-json\/wp\/v2\/product\/1230","targetHints":{"allow":["GET"]}}],"collection":[{"href":"https:\/\/www.lebeipackaging.com\/de\/wp-json\/wp\/v2\/product"}],"about":[{"href":"https:\/\/www.lebeipackaging.com\/de\/wp-json\/wp\/v2\/types\/product"}],"replies":[{"embeddable":true,"href":"https:\/\/www.lebeipackaging.com\/de\/wp-json\/wp\/v2\/comments?post=1230"}],"wp:featuredmedia":[{"embeddable":true,"href":"https:\/\/www.lebeipackaging.com\/de\/wp-json\/wp\/v2\/media\/2421"}],"wp:attachment":[{"href":"https:\/\/www.lebeipackaging.com\/de\/wp-json\/wp\/v2\/media?parent=1230"}],"wp:term":[{"taxonomy":"application","embeddable":true,"href":"https:\/\/www.lebeipackaging.com\/de\/wp-json\/wp\/v2\/application?post=1230"},{"taxonomy":"product_brand","embeddable":true,"href":"https:\/\/www.lebeipackaging.com\/de\/wp-json\/wp\/v2\/product_brand?post=1230"},{"taxonomy":"product_cat","embeddable":true,"href":"https:\/\/www.lebeipackaging.com\/de\/wp-json\/wp\/v2\/product_cat?post=1230"},{"taxonomy":"product_tag","embeddable":true,"href":"https:\/\/www.lebeipackaging.com\/de\/wp-json\/wp\/v2\/product_tag?post=1230"}],"curies":[{"name":"wp","href":"https:\/\/api.w.org\/{rel}","templated":true}]}}