{"id":1689,"date":"2025-07-18T01:25:11","date_gmt":"2025-07-18T01:25:11","guid":{"rendered":"https:\/\/www.lebeipackaging.com\/?post_type=product&#038;p=1689"},"modified":"2025-07-18T02:06:45","modified_gmt":"2025-07-18T02:06:45","slug":"wholesale-coffee-bags-with-valve-in-stock-in-various-colors","status":"publish","type":"product","link":"https:\/\/www.lebeipackaging.com\/de\/product\/wholesale-coffee-bags-with-valve-in-stock-in-various-colors\/","title":{"rendered":"Gro\u00dfhandel Kaffees\u00e4cke mit Ventil auf Lager in verschiedenen Farben"},"content":{"rendered":"<h2 class=\"wp-block-heading\">Merkmale der Gro\u00dfhandel Kaffeebeutel mit Ventil<\/h2>\n\n\n\n<div class=\"wp-block-columns is-layout-flex wp-container-core-columns-is-layout-9d6595d7 wp-block-columns-is-layout-flex\">\n<div class=\"wp-block-column is-layout-flow wp-block-column-is-layout-flow\">\n<p><strong>Vorr\u00e4tig, sofort lieferbar: <\/strong>Auf Lager verf\u00fcgbar, schnelle Lieferung, kein langes Warten auf die kundenspezifische Produktion, damit Sie die Marktnachfrage schnell befriedigen k\u00f6nnen.<\/p>\n\n\n\n<p><strong>U-Form Tear Design, leicht zu \u00f6ffnen die Tasche: <\/strong>Dank des U-f\u00f6rmigen Aufrei\u00dfdesigns k\u00f6nnen die Benutzer den Beutel leicht aufrei\u00dfen, was bequem und schnell ist, ohne dass zus\u00e4tzliches Werkzeug ben\u00f6tigt wird, und die Verbrauchererfahrung verbessert.<\/p>\n\n\n\n<p><strong>Eingebautes Ventil zum Frischhalten des Kaffees: <\/strong>Ausgestattet mit einem Einwegventil, das sicherstellt, dass das Kohlendioxidgas im Beutel abgelassen werden kann, das Eindringen von Luft verhindert, die Frische und das Aroma des Kaffees erh\u00e4lt und die Haltbarkeit verl\u00e4ngert.<\/p>\n\n\n\n<p><strong>Hei\u00dfversiegeltes Design, sichere Versiegelung: <\/strong>Er kann hei\u00df verschwei\u00dft werden, um sicherzustellen, dass der Beutel gut versiegelt, luft- und wasserdicht ist, sich f\u00fcr die langfristige Lagerung von Kaffeeprodukten eignet und die Integrit\u00e4t der Verpackung bewahrt.<\/p>\n\n\n\n<p><strong>Erh\u00e4ltlich in einer Vielzahl von Gr\u00f6\u00dfen und Kapazit\u00e4ten: <\/strong>Erh\u00e4ltlich in einer Vielzahl von Standardgr\u00f6\u00dfen und -kapazit\u00e4ten f\u00fcr fertige Kaffees\u00e4cke, um den Bed\u00fcrfnissen verschiedener Gro\u00dfh\u00e4ndler, Einzelh\u00e4ndler oder Kaffeemarken gerecht zu werden. Egal, ob Sie kleine oder gro\u00dfe Verpackungen ben\u00f6tigen, Sie k\u00f6nnen die richtigen Spezifikationen finden.<\/p>\n\n\n\n<p><strong>Umweltvertr\u00e4gliche Materialien, die den Umweltstandards entsprechen: <\/strong>Sie werden aus umweltfreundlichen Materialien hergestellt, die den Anforderungen der nachhaltigen Entwicklung entsprechen, und helfen den Marken, ihr Engagement f\u00fcr den Umweltschutz zu zeigen und sich an die Marktnachfrage nach umweltfreundlichen Produkten anzupassen.<\/p>\n<\/div>\n\n\n\n<div class=\"wp-block-column is-layout-flow wp-block-column-is-layout-flow\">\n<div class=\"wp-block-columns is-layout-flex wp-container-core-columns-is-layout-9d6595d7 wp-block-columns-is-layout-flex\">\n<div class=\"wp-block-column is-layout-flow wp-block-column-is-layout-flow\">\n<figure class=\"wp-block-image size-full\"><img decoding=\"async\" width=\"842\" height=\"842\" src=\"https:\/\/www.lebeipackaging.com\/wp-content\/uploads\/2025\/07\/wholesale-coffee-bags-with-valve-3.webp\" alt=\"Gro\u00dfhandel Kaffeebeutel mit Ventil 3\" class=\"wp-image-1691\" srcset=\"https:\/\/www.lebeipackaging.com\/wp-content\/uploads\/2025\/07\/wholesale-coffee-bags-with-valve-3.webp 842w, https:\/\/www.lebeipackaging.com\/wp-content\/uploads\/2025\/07\/wholesale-coffee-bags-with-valve-3-300x300.webp 300w, https:\/\/www.lebeipackaging.com\/wp-content\/uploads\/2025\/07\/wholesale-coffee-bags-with-valve-3-150x150.webp 150w, https:\/\/www.lebeipackaging.com\/wp-content\/uploads\/2025\/07\/wholesale-coffee-bags-with-valve-3-768x768.webp 768w, https:\/\/www.lebeipackaging.com\/wp-content\/uploads\/2025\/07\/wholesale-coffee-bags-with-valve-3-12x12.webp 12w, https:\/\/www.lebeipackaging.com\/wp-content\/uploads\/2025\/07\/wholesale-coffee-bags-with-valve-3-600x600.webp 600w, https:\/\/www.lebeipackaging.com\/wp-content\/uploads\/2025\/07\/wholesale-coffee-bags-with-valve-3-100x100.webp 100w\" sizes=\"(max-width: 842px) 100vw, 842px\" \/><\/figure>\n<\/div>\n<\/div>\n<\/div>\n<\/div>\n\n\n\n<div class=\"wp-block-columns is-layout-flex wp-container-core-columns-is-layout-9d6595d7 wp-block-columns-is-layout-flex\">\n<div class=\"wp-block-column is-layout-flow wp-block-column-is-layout-flow\">\n<h2 class=\"wp-block-heading\">Gr\u00f6\u00dfe des Produkts<br><\/h2>\n\n\n\n<figure class=\"wp-block-table\"><table class=\"has-fixed-layout\"><tbody><tr><td>Beschreibung<\/td><td>Gr\u00f6\u00dfe<br>(cm)<\/td><td>Verpackung (St\u00fcck\/B\u00fcndel)<\/td><td>Verpackung (St\u00fcck\/ctn)<\/td><td>Gewicht<br>(kg\/ctn)<\/td><td>Ctn Gr\u00f6\u00dfe<br>(cm)<\/td><\/tr><tr><td rowspan=\"3\">mit Ventil&nbsp;&nbsp;<\/td><td>9*27+5(250g)<\/td><td>50<\/td><td>1500<\/td><td>18.30&nbsp;<\/td><td>47*45*35<\/td><\/tr><tr><td>10*34+6(500g)<\/td><td>50<\/td><td>1300<\/td><td>22.00&nbsp;<\/td><td>47*45*35<\/td><\/tr><tr><td>13.5*41+7(1000g)<\/td><td>50<\/td><td>1000<\/td><td>26.00&nbsp;<\/td><td>47*45*35<\/td><\/tr><tr><td rowspan=\"3\">kein Ventil&nbsp;&nbsp;<\/td><td>9*27+5(250g)<\/td><td>50<\/td><td>1800<\/td><td>20.50&nbsp;<\/td><td>43*41*31<\/td><\/tr><tr><td>10*34+6(500g)<\/td><td>50<\/td><td>1400<\/td><td>22.30&nbsp;<\/td><td>43*41*31<\/td><\/tr><tr><td>13.5*41+7(1000g)<\/td><td>50<\/td><td>1100<\/td><td>26.70&nbsp;<\/td><td>43*41*31<\/td><\/tr><\/tbody><\/table><\/figure>\n<\/div>\n<\/div>\n\n\n\n<p><\/p>","protected":false},"excerpt":{"rendered":"<article class=\"text-token-text-primary w-full\" dir=\"auto\" data-testid=\"conversation-turn-2\" data-scroll-anchor=\"true\">\n<div class=\"text-base my-auto mx-auto py-5 [--thread-content-margin:--spacing(4)] @[37rem]:[--thread-content-margin:--spacing(6)] @[72rem]:[--thread-content-margin:--spacing(16)] px-(--thread-content-margin)\">\n<div class=\"[--thread-content-max-width:32rem] @[34rem]:[--thread-content-max-width:40rem] @[64rem]:[--thread-content-max-width:48rem] mx-auto flex max-w-(--thread-content-max-width) flex-1 text-base gap-4 md:gap-5 lg:gap-6 group\/turn-messages focus-visible:outline-hidden\" tabindex=\"-1\">\n<div class=\"group\/conversation-turn relative flex w-full min-w-0 flex-col agent-turn\">\n<div class=\"relative flex-col gap-1 md:gap-3\">\n<div class=\"flex max-w-full flex-col grow\">\n<div class=\"min-h-8 text-message relative flex w-full flex-col items-end gap-2 text-start break-words whitespace-normal [.text-message+&amp;]:mt-5\" dir=\"auto\" data-message-author-role=\"assistant\" data-message-id=\"601dc105-1a20-4d41-b026-a096271ed355\" data-message-model-slug=\"gpt-4-1-mini\">\n<div class=\"flex w-full flex-col gap-1 empty:hidden first:pt-[3px]\">\n<div class=\"markdown prose dark:prose-invert w-full break-words light\">\n<article class=\"text-token-text-primary w-full\" dir=\"auto\" data-testid=\"conversation-turn-26\" data-scroll-anchor=\"true\">\n<div class=\"text-base my-auto mx-auto py-5 [--thread-content-margin:--spacing(4)] @[37rem]:[--thread-content-margin:--spacing(6)] @[72rem]:[--thread-content-margin:--spacing(16)] px-(--thread-content-margin)\">\n<div class=\"[--thread-content-max-width:32rem] @[34rem]:[--thread-content-max-width:40rem] @[64rem]:[--thread-content-max-width:48rem] mx-auto flex max-w-(--thread-content-max-width) flex-1 text-base gap-4 md:gap-5 lg:gap-6 group\/turn-messages focus-visible:outline-hidden\" tabindex=\"-1\">\n<div class=\"group\/conversation-turn relative flex w-full min-w-0 flex-col agent-turn\">\n<div class=\"relative flex-col gap-1 md:gap-3\">\n<div class=\"flex max-w-full flex-col grow\">\n<div class=\"min-h-8 text-message relative flex w-full flex-col items-end gap-2 text-start break-words whitespace-normal [.text-message+&amp;]:mt-5\" dir=\"auto\" data-message-author-role=\"assistant\" data-message-id=\"d05c8187-775a-4e42-8061-4ac971d5f547\" data-message-model-slug=\"gpt-4-1-mini\">\n<div class=\"flex w-full flex-col gap-1 empty:hidden first:pt-[3px]\">\n<div class=\"markdown prose dark:prose-invert w-full break-words light\">\n<p data-start=\"38\" data-end=\"254\" data-is-last-node=\"\" data-is-only-node=\"\">Our high-quality wholesale coffee bags with valve ensure your coffee stays fresh longer. Available in various colors and sizes, they\u2019re perfect for both retail and wholesale, with immediate stock for fast delivery.<\/p>\n<\/div>\n<\/div>\n<\/div>\n<\/div>\n<\/div>\n<\/div>\n<\/div>\n<\/div>\n<\/article>\n<\/div>\n<\/div>\n<\/div>\n<\/div>\n<\/div>\n<\/div>\n<\/div>\n<\/div>\n<\/article>\n<table style=\"border-collapse: collapse; width: 518px; height: 318px;\" border=\"0\" width=\"293\" cellspacing=\"0\" cellpadding=\"0\">\n<tbody>\n<tr style=\"height: 17.00pt;\">\n<td class=\"et2\" style=\"height: 17.00pt; width: 102.45pt;\" width=\"102\" height=\"17\">Manufacturer<\/td>\n<td class=\"et2\" style=\"width: 190.80pt;\" width=\"190\">Lebei<\/td>\n<\/tr>\n<tr style=\"height: 17.00pt;\">\n<td class=\"et2\" style=\"height: 17.00pt; width: 102.45pt;\" width=\"102\" height=\"17\">Bag Type<\/td>\n<td class=\"et3\" style=\"width: 190.80pt;\" width=\"190\">Side guesset coffee bag<\/td>\n<\/tr>\n<tr style=\"height: 17.00pt;\">\n<td class=\"et2\" style=\"height: 17.00pt; width: 102.45pt;\" width=\"102\" height=\"17\">Material<\/td>\n<td class=\"et3\" style=\"width: 190.80pt;\" width=\"190\">Kraft item material: Kraft paper\/Vmpet\/Pe <br \/>other color:MOPP+VMPET+PE<\/td>\n<\/tr>\n<tr style=\"height: 17.00pt;\">\n<td class=\"et2\" style=\"height: 17.00pt; width: 102.45pt;\" width=\"102\" height=\"17\">Sealing\u00a0<\/td>\n<td class=\"et3\" style=\"width: 190.80pt;\" width=\"190\">Valve<\/td>\n<\/tr>\n<tr style=\"height: 17.00pt;\">\n<td class=\"et2\" style=\"height: 17.00pt; width: 102.45pt;\" width=\"102\" height=\"17\">Surface Handling<\/td>\n<td class=\"et3\" style=\"width: 190.80pt;\" width=\"190\">Gravure Printing<\/td>\n<\/tr>\n<tr style=\"height: 17.00pt;\">\n<td class=\"et2\" style=\"height: 17.00pt; width: 102.45pt;\" width=\"102\" height=\"17\">Advantage<\/td>\n<td class=\"et3\" style=\"width: 190.80pt;\" width=\"190\">Moisture Proof<\/td>\n<\/tr>\n<tr style=\"height: 17.00pt;\">\n<td class=\"et2\" style=\"height: 17.00pt; width: 102.45pt;\" width=\"102\" height=\"17\">Usage<\/td>\n<td class=\"et3\" style=\"width: 190.80pt;\" width=\"190\">Coffee Packaging<\/td>\n<\/tr>\n<tr style=\"height: 34.00pt;\">\n<td class=\"et2\" style=\"height: 34.00pt; width: 102.45pt;\" width=\"102\" height=\"34\">MOQ<\/td>\n<td class=\"et3\" style=\"width: 190.80pt;\" width=\"190\">Mix Items, Total 5000 Pieces<\/td>\n<\/tr>\n<tr style=\"height: 34.00pt;\">\n<td class=\"et2\" style=\"height: 34.00pt; width: 102.45pt;\" width=\"102\" height=\"34\">Sample<\/td>\n<td class=\"et3\" style=\"width: 190.80pt;\" width=\"190\">1-2 Days (Free)<\/td>\n<\/tr>\n<\/tbody>\n<\/table>\n<p>&nbsp;<\/p>\n","protected":false},"featured_media":1690,"comment_status":"closed","ping_status":"closed","template":"","meta":{"_acf_changed":false},"application":[],"product_brand":[],"product_cat":[50],"product_tag":[46],"class_list":{"0":"post-1689","1":"product","2":"type-product","3":"status-publish","4":"has-post-thumbnail","6":"product_cat-ready-to-ship-pouches","7":"product_tag-coffee-pouch","9":"first","10":"instock","11":"shipping-taxable","12":"product-type-simple"},"acf":[],"_links":{"self":[{"href":"https:\/\/www.lebeipackaging.com\/de\/wp-json\/wp\/v2\/product\/1689","targetHints":{"allow":["GET"]}}],"collection":[{"href":"https:\/\/www.lebeipackaging.com\/de\/wp-json\/wp\/v2\/product"}],"about":[{"href":"https:\/\/www.lebeipackaging.com\/de\/wp-json\/wp\/v2\/types\/product"}],"replies":[{"embeddable":true,"href":"https:\/\/www.lebeipackaging.com\/de\/wp-json\/wp\/v2\/comments?post=1689"}],"wp:featuredmedia":[{"embeddable":true,"href":"https:\/\/www.lebeipackaging.com\/de\/wp-json\/wp\/v2\/media\/1690"}],"wp:attachment":[{"href":"https:\/\/www.lebeipackaging.com\/de\/wp-json\/wp\/v2\/media?parent=1689"}],"wp:term":[{"taxonomy":"application","embeddable":true,"href":"https:\/\/www.lebeipackaging.com\/de\/wp-json\/wp\/v2\/application?post=1689"},{"taxonomy":"product_brand","embeddable":true,"href":"https:\/\/www.lebeipackaging.com\/de\/wp-json\/wp\/v2\/product_brand?post=1689"},{"taxonomy":"product_cat","embeddable":true,"href":"https:\/\/www.lebeipackaging.com\/de\/wp-json\/wp\/v2\/product_cat?post=1689"},{"taxonomy":"product_tag","embeddable":true,"href":"https:\/\/www.lebeipackaging.com\/de\/wp-json\/wp\/v2\/product_tag?post=1689"}],"curies":[{"name":"wp","href":"https:\/\/api.w.org\/{rel}","templated":true}]}}