{"id":1703,"date":"2025-07-18T08:27:21","date_gmt":"2025-07-18T08:27:21","guid":{"rendered":"https:\/\/www.lebeipackaging.com\/?post_type=product&#038;p=1703"},"modified":"2025-07-18T08:41:52","modified_gmt":"2025-07-18T08:41:52","slug":"custom-drink-pouches-with-spout","status":"publish","type":"product","link":"https:\/\/www.lebeipackaging.com\/de\/product\/custom-drink-pouches-with-spout\/","title":{"rendered":"Hochwertige benutzerdefinierte Getr\u00e4nkebeutel mit Ausgie\u00dfer Fl\u00fcssigkeitsverpackung Kunststoffbeutel"},"content":{"rendered":"<h2 class=\"wp-block-heading\">Merkmale von Trinkbeuteln mit Ausgie\u00dfer<\/h2>\n\n\n\n<p><strong>Bequemes Auslaufdesign<\/strong>: Der eingebaute Ausgie\u00dfer erm\u00f6glicht ein einfaches Ausgie\u00dfen und Trinken, was ihn perfekt f\u00fcr unterwegs macht und ein Versch\u00fctten verhindert.<\/p>\n\n\n\n<p><strong>Anpassbares Branding<\/strong>: Diese mit Ihrem Logo, Ihren Farben und Grafiken vollst\u00e4ndig anpassbaren Beutel tragen dazu bei, die Sichtbarkeit und Attraktivit\u00e4t Ihrer Marke zu erh\u00f6hen.<\/p>\n\n\n\n<p><strong>Auslaufsicher und sicher<\/strong>: Diese mit hochwertigen Dichtungen versehenen Beutel sind auslaufsicher und gew\u00e4hrleisten, dass Ihre Fl\u00fcssigkeiten w\u00e4hrend des Transports und der Lagerung sicher bleiben.<\/p>\n\n\n\n<p><strong>Platzsparend<\/strong>: Das flexible, leichte Design ist einfach zu lagern und zu transportieren und nimmt nur wenig Platz in Anspruch, w\u00e4hrend es Fl\u00fcssigkeiten optimal auff\u00e4ngt.<\/p>\n\n\n\n<p><strong>Langlebig und robust<\/strong>: Die aus hochwertigem, lebensmittelechtem Kunststoff gefertigten Beutel sind so konzipiert, dass sie der Handhabung standhalten und Ihre Fl\u00fcssigkeiten vor Verunreinigungen von au\u00dfen sch\u00fctzen.<\/p>\n\n\n\n<p><strong>Umweltvertr\u00e4gliche Optionen verf\u00fcgbar<\/strong>: W\u00e4hlen Sie aus recycelbaren oder biologisch abbaubaren Materialien und bieten Sie eine nachhaltige Verpackungsl\u00f6sung, die den Umweltanforderungen gerecht wird.<\/p>\n\n\n\n<div class=\"wp-block-columns is-layout-flex wp-container-core-columns-is-layout-9d6595d7 wp-block-columns-is-layout-flex\">\n<div class=\"wp-block-column is-layout-flow wp-block-column-is-layout-flow\">\n<figure class=\"wp-block-image size-full\"><img decoding=\"async\" width=\"640\" height=\"640\" src=\"https:\/\/www.lebeipackaging.com\/wp-content\/uploads\/2025\/07\/Custom-Drink-Pouches-with-Spout2.webp\" alt=\"Individuelle Getr\u00e4nkebeutel mit Ausguss2\" class=\"wp-image-1705\" srcset=\"https:\/\/www.lebeipackaging.com\/wp-content\/uploads\/2025\/07\/Custom-Drink-Pouches-with-Spout2.webp 640w, https:\/\/www.lebeipackaging.com\/wp-content\/uploads\/2025\/07\/Custom-Drink-Pouches-with-Spout2-300x300.webp 300w, https:\/\/www.lebeipackaging.com\/wp-content\/uploads\/2025\/07\/Custom-Drink-Pouches-with-Spout2-150x150.webp 150w, https:\/\/www.lebeipackaging.com\/wp-content\/uploads\/2025\/07\/Custom-Drink-Pouches-with-Spout2-12x12.webp 12w, https:\/\/www.lebeipackaging.com\/wp-content\/uploads\/2025\/07\/Custom-Drink-Pouches-with-Spout2-600x600.webp 600w, https:\/\/www.lebeipackaging.com\/wp-content\/uploads\/2025\/07\/Custom-Drink-Pouches-with-Spout2-100x100.webp 100w\" sizes=\"(max-width: 640px) 100vw, 640px\" \/><\/figure>\n\n\n\n<h2 class=\"wp-block-heading\"><strong>Zwickel unten<\/strong><\/h2>\n\n\n\n<p>Kann stabil aufstehen, indem die Tasche <br>eindrucksvoll im Ausstellungsregal.<strong><br><br><\/strong><\/p>\n<\/div>\n\n\n\n<div class=\"wp-block-column is-layout-flow wp-block-column-is-layout-flow\">\n<figure class=\"wp-block-image size-full\"><img decoding=\"async\" width=\"640\" height=\"640\" src=\"https:\/\/www.lebeipackaging.com\/wp-content\/uploads\/2025\/07\/Custom-Drink-Pouches-with-Spout4.webp\" alt=\"Individuelle Getr\u00e4nkebeutel mit Ausguss4\" class=\"wp-image-1707\" srcset=\"https:\/\/www.lebeipackaging.com\/wp-content\/uploads\/2025\/07\/Custom-Drink-Pouches-with-Spout4.webp 640w, https:\/\/www.lebeipackaging.com\/wp-content\/uploads\/2025\/07\/Custom-Drink-Pouches-with-Spout4-300x300.webp 300w, https:\/\/www.lebeipackaging.com\/wp-content\/uploads\/2025\/07\/Custom-Drink-Pouches-with-Spout4-150x150.webp 150w, https:\/\/www.lebeipackaging.com\/wp-content\/uploads\/2025\/07\/Custom-Drink-Pouches-with-Spout4-12x12.webp 12w, https:\/\/www.lebeipackaging.com\/wp-content\/uploads\/2025\/07\/Custom-Drink-Pouches-with-Spout4-600x600.webp 600w, https:\/\/www.lebeipackaging.com\/wp-content\/uploads\/2025\/07\/Custom-Drink-Pouches-with-Spout4-100x100.webp 100w\" sizes=\"(max-width: 640px) 100vw, 640px\" \/><\/figure>\n\n\n\n<h2 class=\"wp-block-heading\">Mit <strong>Ausgie\u00dfer <\/strong><\/h2>\n\n\n\n<p>Kann maschinell oder manuell bef\u00fcllt werden.<strong><br><\/strong><\/p>\n<\/div>\n<\/div>","protected":false},"excerpt":{"rendered":"<article class=\"text-token-text-primary w-full\" dir=\"auto\" data-testid=\"conversation-turn-2\" data-scroll-anchor=\"true\">\n<div class=\"text-base my-auto mx-auto py-5 [--thread-content-margin:--spacing(4)] @[37rem]:[--thread-content-margin:--spacing(6)] @[72rem]:[--thread-content-margin:--spacing(16)] px-(--thread-content-margin)\">\n<div class=\"[--thread-content-max-width:32rem] @[34rem]:[--thread-content-max-width:40rem] @[64rem]:[--thread-content-max-width:48rem] mx-auto flex max-w-(--thread-content-max-width) flex-1 text-base gap-4 md:gap-5 lg:gap-6 group\/turn-messages focus-visible:outline-hidden\" tabindex=\"-1\">\n<div class=\"group\/conversation-turn relative flex w-full min-w-0 flex-col agent-turn\">\n<div class=\"relative flex-col gap-1 md:gap-3\">\n<div class=\"flex max-w-full flex-col grow\">\n<div class=\"min-h-8 text-message relative flex w-full flex-col items-end gap-2 text-start break-words whitespace-normal [.text-message+&amp;]:mt-5\" dir=\"auto\" data-message-author-role=\"assistant\" data-message-id=\"601dc105-1a20-4d41-b026-a096271ed355\" data-message-model-slug=\"gpt-4-1-mini\">\n<div class=\"flex w-full flex-col gap-1 empty:hidden first:pt-[3px]\">\n<div class=\"markdown prose dark:prose-invert w-full break-words light\">\n<article class=\"text-token-text-primary w-full\" dir=\"auto\" data-testid=\"conversation-turn-26\" data-scroll-anchor=\"true\">\n<div class=\"text-base my-auto mx-auto py-5 [--thread-content-margin:--spacing(4)] @[37rem]:[--thread-content-margin:--spacing(6)] @[72rem]:[--thread-content-margin:--spacing(16)] px-(--thread-content-margin)\">\n<div class=\"[--thread-content-max-width:32rem] @[34rem]:[--thread-content-max-width:40rem] @[64rem]:[--thread-content-max-width:48rem] mx-auto flex max-w-(--thread-content-max-width) flex-1 text-base gap-4 md:gap-5 lg:gap-6 group\/turn-messages focus-visible:outline-hidden\" tabindex=\"-1\">\n<div class=\"group\/conversation-turn relative flex w-full min-w-0 flex-col agent-turn\">\n<div class=\"relative flex-col gap-1 md:gap-3\">\n<div class=\"flex max-w-full flex-col grow\">\n<div class=\"min-h-8 text-message relative flex w-full flex-col items-end gap-2 text-start break-words whitespace-normal [.text-message+&amp;]:mt-5\" dir=\"auto\" data-message-author-role=\"assistant\" data-message-id=\"d05c8187-775a-4e42-8061-4ac971d5f547\" data-message-model-slug=\"gpt-4-1-mini\">\n<div class=\"flex w-full flex-col gap-1 empty:hidden first:pt-[3px]\">\n<div class=\"markdown prose dark:prose-invert w-full break-words light\">\n<p data-start=\"0\" data-end=\"257\" data-is-last-node=\"\" data-is-only-node=\"\">Custom drink pouches with spout offer easy pouring and customizable designs, perfect for beverages. Durable, leak-proof, and space-efficient, they provide a practical and eco-friendly packaging solution.<\/p>\n<\/div>\n<\/div>\n<\/div>\n<\/div>\n<\/div>\n<\/div>\n<\/div>\n<\/div>\n<\/article>\n<\/div>\n<\/div>\n<\/div>\n<\/div>\n<\/div>\n<\/div>\n<\/div>\n<\/div>\n<\/article>\n<table style=\"border-collapse: collapse; width: 518px; height: 318px;\" border=\"0\" width=\"293\" cellspacing=\"0\" cellpadding=\"0\">\n<tbody>\n<tr style=\"height: 17.00pt;\">\n<td class=\"et2\" style=\"height: 17.00pt; width: 102.45pt;\" width=\"102\" height=\"17\">Manufacturer<\/td>\n<td class=\"et2\" style=\"width: 190.80pt;\" width=\"190\">Lebei<\/td>\n<\/tr>\n<tr style=\"height: 17.00pt;\">\n<td class=\"et2\" style=\"height: 17.00pt; width: 102.45pt;\" width=\"102\" height=\"17\">Pouch Types<\/td>\n<td class=\"et3\" style=\"width: 190.80pt;\" width=\"190\">Spout Pouch<\/td>\n<\/tr>\n<tr style=\"height: 17.00pt;\">\n<td class=\"et2\" style=\"height: 17.00pt; width: 102.45pt;\" width=\"102\" height=\"17\">Material<\/td>\n<td class=\"et3\" style=\"width: 190.80pt;\" width=\"190\">PET\/AL\/NY\/PE or customized<\/td>\n<\/tr>\n<tr style=\"height: 17.00pt;\">\n<td class=\"et2\" style=\"height: 17.00pt; width: 102.45pt;\" width=\"102\" height=\"17\">Sealing &amp; Handle<\/td>\n<td class=\"et3\" style=\"width: 190.80pt;\" width=\"190\">Spout Top<\/td>\n<\/tr>\n<tr style=\"height: 17.00pt;\">\n<td class=\"et2\" style=\"height: 17.00pt; width: 102.45pt;\" width=\"102\" height=\"17\">Surface Handling<\/td>\n<td class=\"et3\" style=\"width: 190.80pt;\" width=\"190\">Gravure printing<\/td>\n<\/tr>\n<tr style=\"height: 17.00pt;\">\n<td class=\"et2\" style=\"height: 17.00pt; width: 102.45pt;\" width=\"102\" height=\"17\">Color<\/td>\n<td class=\"et3\" style=\"width: 190.80pt;\" width=\"190\">Colorful(Customizable)<\/td>\n<\/tr>\n<tr style=\"height: 17.00pt;\">\n<td class=\"et2\" style=\"height: 17.00pt; width: 102.45pt;\" width=\"102\" height=\"17\">Usage<\/td>\n<td class=\"et3\" style=\"width: 190.80pt;\" width=\"190\">\u00a0Liquid Packaging Bag<\/td>\n<\/tr>\n<tr style=\"height: 34.00pt;\">\n<td class=\"et2\" style=\"height: 34.00pt; width: 102.45pt;\" width=\"102\" height=\"34\">MOQ<\/td>\n<td class=\"et3\" style=\"width: 190.80pt;\" width=\"190\">Customized Pouch: 10,000 pcs (Recommend 30,000+ for better price)<\/td>\n<\/tr>\n<tr style=\"height: 34.00pt;\">\n<td class=\"et2\" style=\"height: 34.00pt; width: 102.45pt;\" width=\"102\" height=\"34\">Custom Order<\/td>\n<td class=\"et3\" style=\"width: 190.80pt;\" width=\"190\">Accept OEM &amp; ODM, Support Free Sample<\/td>\n<\/tr>\n<\/tbody>\n<\/table>\n","protected":false},"featured_media":1708,"comment_status":"closed","ping_status":"closed","template":"","meta":{"_acf_changed":false},"application":[21],"product_brand":[],"product_cat":[37],"product_tag":[],"class_list":{"0":"post-1703","1":"product","2":"type-product","3":"status-publish","4":"has-post-thumbnail","6":"application-custom-drink-pouches","7":"product_cat-spout-pouch-manufacturer","9":"first","10":"instock","11":"shipping-taxable","12":"product-type-simple"},"acf":[],"_links":{"self":[{"href":"https:\/\/www.lebeipackaging.com\/de\/wp-json\/wp\/v2\/product\/1703","targetHints":{"allow":["GET"]}}],"collection":[{"href":"https:\/\/www.lebeipackaging.com\/de\/wp-json\/wp\/v2\/product"}],"about":[{"href":"https:\/\/www.lebeipackaging.com\/de\/wp-json\/wp\/v2\/types\/product"}],"replies":[{"embeddable":true,"href":"https:\/\/www.lebeipackaging.com\/de\/wp-json\/wp\/v2\/comments?post=1703"}],"wp:featuredmedia":[{"embeddable":true,"href":"https:\/\/www.lebeipackaging.com\/de\/wp-json\/wp\/v2\/media\/1708"}],"wp:attachment":[{"href":"https:\/\/www.lebeipackaging.com\/de\/wp-json\/wp\/v2\/media?parent=1703"}],"wp:term":[{"taxonomy":"application","embeddable":true,"href":"https:\/\/www.lebeipackaging.com\/de\/wp-json\/wp\/v2\/application?post=1703"},{"taxonomy":"product_brand","embeddable":true,"href":"https:\/\/www.lebeipackaging.com\/de\/wp-json\/wp\/v2\/product_brand?post=1703"},{"taxonomy":"product_cat","embeddable":true,"href":"https:\/\/www.lebeipackaging.com\/de\/wp-json\/wp\/v2\/product_cat?post=1703"},{"taxonomy":"product_tag","embeddable":true,"href":"https:\/\/www.lebeipackaging.com\/de\/wp-json\/wp\/v2\/product_tag?post=1703"}],"curies":[{"name":"wp","href":"https:\/\/api.w.org\/{rel}","templated":true}]}}