{"id":1725,"date":"2025-07-18T08:59:42","date_gmt":"2025-07-18T08:59:42","guid":{"rendered":"https:\/\/www.lebeipackaging.com\/?post_type=product&#038;p=1725"},"modified":"2025-07-18T09:49:56","modified_gmt":"2025-07-18T09:49:56","slug":"custom-stand-up-pouch-with-tap-valve-spout-for-beverage-packaging","status":"publish","type":"product","link":"https:\/\/www.lebeipackaging.com\/de\/product\/custom-stand-up-pouch-with-tap-valve-spout-for-beverage-packaging\/","title":{"rendered":"Kundenspezifischer Standbodenbeutel mit Zapfventil und Ausguss f\u00fcr Getr\u00e4nkeverpackungen"},"content":{"rendered":"<h2 class=\"wp-block-heading\">Eigenschaften von Custom Stand up Pouch mit Zapfventil und Ausguss<\/h2>\n\n\n\n<p><strong>Bequemes Ausgie\u00dfen<\/strong><br>Ausgestattet mit einem speziellen Fl\u00fcssigkeitsauslassventil und einem Schlauch ist es bequemer und sauberer, das Getr\u00e4nk auszugie\u00dfen, ohne dass zus\u00e4tzliche Werkzeuge oder Flaschenverschl\u00fcsse ben\u00f6tigt werden.<\/p>\n\n\n\n<p><strong>Umweltschutz und Energieeinsparung<\/strong><br>Im Vergleich zu herk\u00f6mmlichen Glas- oder Plastikflaschen werden durch die Verwendung von Standbodenbeuteln die Kohlenstoffemissionen von Verpackungsmaterial und Transport erheblich reduziert, was dem Umweltschutzkonzept der nachhaltigen Entwicklung entspricht.<\/p>\n\n\n\n<p><strong>Bequeme Aufbewahrung und Pr\u00e4sentation<\/strong><br>Dank des einzigartigen Stand-up-Designs kann die Tasche aufrecht stehen, so dass sie weniger Stauraum ben\u00f6tigt und leicht im Regal ausgestellt werden kann, wodurch das Produkt besser zur Geltung kommt und die Kauflust der Verbraucher gesteigert wird.<\/p>\n\n\n\n<p><strong>Leistungsstarke, auslaufsichere Konstruktion<\/strong><br>Ausgestattet mit fortschrittlichen Dichtungsventilen und Dichtungstechnik, verhindert es wirksam das Auslaufen von Fl\u00fcssigkeiten, gew\u00e4hrleistet eine sichere Verwendung w\u00e4hrend des Transports und nach dem \u00d6ffnen und vermeidet Abfall.<\/p>\n\n\n\n<p><strong>Anpassungsm\u00f6glichkeiten<\/strong><br>Wir bieten personalisierte Anpassungsdienste in einer Vielzahl von Farben, Mustern und Materialien an, um Markeninhabern zu helfen, den Wiedererkennungswert und die Attraktivit\u00e4t ihrer Produkte zu verbessern und die Bed\u00fcrfnisse verschiedener Verbrauchergruppen zu erf\u00fcllen.<\/p>\n\n\n\n<p><strong>Geeignet f\u00fcr eine Vielzahl von Getr\u00e4nken<br><\/strong>Ob Saft, Tee, Molkereiprodukte oder funktionelle Getr\u00e4nke - diese Verpackungen bieten einen hochwertigen Schutz, gew\u00e4hrleisten die Frische und den Geschmack des Produkts und erhalten gleichzeitig die Fl\u00fcssigkeitsstabilit\u00e4t.<\/p>\n\n\n\n<div class=\"wp-block-columns is-layout-flex wp-container-core-columns-is-layout-9d6595d7 wp-block-columns-is-layout-flex\">\n<div class=\"wp-block-column is-layout-flow wp-block-column-is-layout-flow\">\n<figure class=\"wp-block-image size-full\"><img decoding=\"async\" width=\"640\" height=\"640\" src=\"https:\/\/www.lebeipackaging.com\/wp-content\/uploads\/2025\/07\/Custom-Stand-up-Pouch-with-Tap-Valve-Spout5.webp\" alt=\"Kundenspezifischer Standbeutel mit Zapfventil und Ausguss5\" class=\"wp-image-1731\" srcset=\"https:\/\/www.lebeipackaging.com\/wp-content\/uploads\/2025\/07\/Custom-Stand-up-Pouch-with-Tap-Valve-Spout5.webp 640w, https:\/\/www.lebeipackaging.com\/wp-content\/uploads\/2025\/07\/Custom-Stand-up-Pouch-with-Tap-Valve-Spout5-300x300.webp 300w, https:\/\/www.lebeipackaging.com\/wp-content\/uploads\/2025\/07\/Custom-Stand-up-Pouch-with-Tap-Valve-Spout5-150x150.webp 150w, https:\/\/www.lebeipackaging.com\/wp-content\/uploads\/2025\/07\/Custom-Stand-up-Pouch-with-Tap-Valve-Spout5-12x12.webp 12w, https:\/\/www.lebeipackaging.com\/wp-content\/uploads\/2025\/07\/Custom-Stand-up-Pouch-with-Tap-Valve-Spout5-600x600.webp 600w, https:\/\/www.lebeipackaging.com\/wp-content\/uploads\/2025\/07\/Custom-Stand-up-Pouch-with-Tap-Valve-Spout5-100x100.webp 100w\" sizes=\"(max-width: 640px) 100vw, 640px\" \/><\/figure>\n\n\n\n<h2 class=\"wp-block-heading\"><strong><br><br><\/strong><\/h2>\n<\/div>\n\n\n\n<div class=\"wp-block-column is-layout-flow wp-block-column-is-layout-flow\">\n<figure class=\"wp-block-image size-full\"><img decoding=\"async\" width=\"640\" height=\"640\" src=\"https:\/\/www.lebeipackaging.com\/wp-content\/uploads\/2025\/07\/Custom-Stand-up-Pouch-with-Tap-Valve-Spout1.webp\" alt=\"Kundenspezifischer Standbeutel mit Zapfventil und Ausguss1\" class=\"wp-image-1727\" srcset=\"https:\/\/www.lebeipackaging.com\/wp-content\/uploads\/2025\/07\/Custom-Stand-up-Pouch-with-Tap-Valve-Spout1.webp 640w, https:\/\/www.lebeipackaging.com\/wp-content\/uploads\/2025\/07\/Custom-Stand-up-Pouch-with-Tap-Valve-Spout1-300x300.webp 300w, https:\/\/www.lebeipackaging.com\/wp-content\/uploads\/2025\/07\/Custom-Stand-up-Pouch-with-Tap-Valve-Spout1-150x150.webp 150w, https:\/\/www.lebeipackaging.com\/wp-content\/uploads\/2025\/07\/Custom-Stand-up-Pouch-with-Tap-Valve-Spout1-12x12.webp 12w, https:\/\/www.lebeipackaging.com\/wp-content\/uploads\/2025\/07\/Custom-Stand-up-Pouch-with-Tap-Valve-Spout1-600x600.webp 600w, https:\/\/www.lebeipackaging.com\/wp-content\/uploads\/2025\/07\/Custom-Stand-up-Pouch-with-Tap-Valve-Spout1-100x100.webp 100w\" sizes=\"(max-width: 640px) 100vw, 640px\" \/><\/figure>\n\n\n\n<h2 class=\"wp-block-heading\"><strong><br><\/strong><\/h2>\n<\/div>\n<\/div>\n\n\n\n<p><\/p>","protected":false},"excerpt":{"rendered":"<article class=\"text-token-text-primary w-full\" dir=\"auto\" data-testid=\"conversation-turn-2\" data-scroll-anchor=\"true\">\n<div class=\"text-base my-auto mx-auto py-5 [--thread-content-margin:--spacing(4)] @[37rem]:[--thread-content-margin:--spacing(6)] @[72rem]:[--thread-content-margin:--spacing(16)] px-(--thread-content-margin)\">\n<div class=\"[--thread-content-max-width:32rem] @[34rem]:[--thread-content-max-width:40rem] @[64rem]:[--thread-content-max-width:48rem] mx-auto flex max-w-(--thread-content-max-width) flex-1 text-base gap-4 md:gap-5 lg:gap-6 group\/turn-messages focus-visible:outline-hidden\" tabindex=\"-1\">\n<div class=\"group\/conversation-turn relative flex w-full min-w-0 flex-col agent-turn\">\n<div class=\"relative flex-col gap-1 md:gap-3\">\n<div class=\"flex max-w-full flex-col grow\">\n<div class=\"min-h-8 text-message relative flex w-full flex-col items-end gap-2 text-start break-words whitespace-normal [.text-message+&amp;]:mt-5\" dir=\"auto\" data-message-author-role=\"assistant\" data-message-id=\"601dc105-1a20-4d41-b026-a096271ed355\" data-message-model-slug=\"gpt-4-1-mini\">\n<div class=\"flex w-full flex-col gap-1 empty:hidden first:pt-[3px]\">\n<div class=\"markdown prose dark:prose-invert w-full break-words light\">\n<article class=\"text-token-text-primary w-full\" dir=\"auto\" data-testid=\"conversation-turn-26\" data-scroll-anchor=\"true\">\n<div class=\"text-base my-auto mx-auto py-5 [--thread-content-margin:--spacing(4)] @[37rem]:[--thread-content-margin:--spacing(6)] @[72rem]:[--thread-content-margin:--spacing(16)] px-(--thread-content-margin)\">\n<div class=\"[--thread-content-max-width:32rem] @[34rem]:[--thread-content-max-width:40rem] @[64rem]:[--thread-content-max-width:48rem] mx-auto flex max-w-(--thread-content-max-width) flex-1 text-base gap-4 md:gap-5 lg:gap-6 group\/turn-messages focus-visible:outline-hidden\" tabindex=\"-1\">\n<div class=\"group\/conversation-turn relative flex w-full min-w-0 flex-col agent-turn\">\n<div class=\"relative flex-col gap-1 md:gap-3\">\n<div class=\"flex max-w-full flex-col grow\">\n<div class=\"min-h-8 text-message relative flex w-full flex-col items-end gap-2 text-start break-words whitespace-normal [.text-message+&amp;]:mt-5\" dir=\"auto\" data-message-author-role=\"assistant\" data-message-id=\"d05c8187-775a-4e42-8061-4ac971d5f547\" data-message-model-slug=\"gpt-4-1-mini\">\n<div class=\"flex w-full flex-col gap-1 empty:hidden first:pt-[3px]\">\n<div class=\"markdown prose dark:prose-invert w-full break-words light\">\n<p data-start=\"0\" data-end=\"257\" data-is-last-node=\"\" data-is-only-node=\"\">Custom stand up pouch with tap valve &amp; spout for beverage packaging offers easy pouring with a built-in tap and spout. The stand-up design saves space and enhances shelf appeal. Ideal for juices, teas, and dairy, it ensures freshness with a leak-proof seal and is customizable for branding.<\/p>\n<\/div>\n<\/div>\n<\/div>\n<\/div>\n<\/div>\n<\/div>\n<\/div>\n<\/div>\n<\/article>\n<\/div>\n<\/div>\n<\/div>\n<\/div>\n<\/div>\n<\/div>\n<\/div>\n<\/div>\n<\/article>\n<table style=\"border-collapse: collapse; width: 518px; height: 318px;\" border=\"0\" width=\"293\" cellspacing=\"0\" cellpadding=\"0\">\n<tbody>\n<tr style=\"height: 17.00pt;\">\n<td class=\"et2\" style=\"height: 17.00pt; width: 102.45pt;\" width=\"102\" height=\"17\">Manufacturer<\/td>\n<td class=\"et2\" style=\"width: 190.80pt;\" width=\"190\">Lebei<\/td>\n<\/tr>\n<tr style=\"height: 17.00pt;\">\n<td class=\"et2\" style=\"height: 17.00pt; width: 102.45pt;\" width=\"102\" height=\"17\">Pouch Types<\/td>\n<td class=\"et3\" style=\"width: 190.80pt;\" width=\"190\">Spout Pouch<\/td>\n<\/tr>\n<tr style=\"height: 17.00pt;\">\n<td class=\"et2\" style=\"height: 17.00pt; width: 102.45pt;\" width=\"102\" height=\"17\">Material<\/td>\n<td class=\"et3\" style=\"width: 190.80pt;\" width=\"190\">PET\/VMPET(PET)\/PE or customized<\/td>\n<\/tr>\n<tr style=\"height: 17.00pt;\">\n<td class=\"et2\" style=\"height: 17.00pt; width: 102.45pt;\" width=\"102\" height=\"17\">Sealing &amp; Handle<\/td>\n<td class=\"et3\" style=\"width: 190.80pt;\" width=\"190\">With Tap Valve &amp; Spout\u00a0<\/td>\n<\/tr>\n<tr style=\"height: 17.00pt;\">\n<td class=\"et2\" style=\"height: 17.00pt; width: 102.45pt;\" width=\"102\" height=\"17\">Surface Handling<\/td>\n<td class=\"et3\" style=\"width: 190.80pt;\" width=\"190\">Gravure printing<\/td>\n<\/tr>\n<tr style=\"height: 17.00pt;\">\n<td class=\"et2\" style=\"height: 17.00pt; width: 102.45pt;\" width=\"102\" height=\"17\">Color<\/td>\n<td class=\"et3\" style=\"width: 190.80pt;\" width=\"190\">(Customizable)<\/td>\n<\/tr>\n<tr style=\"height: 17.00pt;\">\n<td class=\"et2\" style=\"height: 17.00pt; width: 102.45pt;\" width=\"102\" height=\"17\">Usage<\/td>\n<td class=\"et3\" style=\"width: 190.80pt;\" width=\"190\">\u00a0Liquid Packaging Bag<\/td>\n<\/tr>\n<tr style=\"height: 34.00pt;\">\n<td class=\"et2\" style=\"height: 34.00pt; width: 102.45pt;\" width=\"102\" height=\"34\">MOQ<\/td>\n<td class=\"et3\" style=\"width: 190.80pt;\" width=\"190\">Customized Pouch: 10,000 pcs (Recommend 30,000+ for better price)<\/td>\n<\/tr>\n<tr style=\"height: 34.00pt;\">\n<td class=\"et2\" style=\"height: 34.00pt; width: 102.45pt;\" width=\"102\" height=\"34\">Custom Order<\/td>\n<td class=\"et3\" style=\"width: 190.80pt;\" width=\"190\">Accept OEM &amp; ODM, Support Free Sample<\/td>\n<\/tr>\n<\/tbody>\n<\/table>\n","protected":false},"featured_media":1732,"comment_status":"closed","ping_status":"closed","template":"","meta":{"_acf_changed":false},"application":[21],"product_brand":[],"product_cat":[37],"product_tag":[],"class_list":{"0":"post-1725","1":"product","2":"type-product","3":"status-publish","4":"has-post-thumbnail","6":"application-custom-drink-pouches","7":"product_cat-spout-pouch-manufacturer","9":"first","10":"instock","11":"shipping-taxable","12":"product-type-simple"},"acf":[],"_links":{"self":[{"href":"https:\/\/www.lebeipackaging.com\/de\/wp-json\/wp\/v2\/product\/1725","targetHints":{"allow":["GET"]}}],"collection":[{"href":"https:\/\/www.lebeipackaging.com\/de\/wp-json\/wp\/v2\/product"}],"about":[{"href":"https:\/\/www.lebeipackaging.com\/de\/wp-json\/wp\/v2\/types\/product"}],"replies":[{"embeddable":true,"href":"https:\/\/www.lebeipackaging.com\/de\/wp-json\/wp\/v2\/comments?post=1725"}],"wp:featuredmedia":[{"embeddable":true,"href":"https:\/\/www.lebeipackaging.com\/de\/wp-json\/wp\/v2\/media\/1732"}],"wp:attachment":[{"href":"https:\/\/www.lebeipackaging.com\/de\/wp-json\/wp\/v2\/media?parent=1725"}],"wp:term":[{"taxonomy":"application","embeddable":true,"href":"https:\/\/www.lebeipackaging.com\/de\/wp-json\/wp\/v2\/application?post=1725"},{"taxonomy":"product_brand","embeddable":true,"href":"https:\/\/www.lebeipackaging.com\/de\/wp-json\/wp\/v2\/product_brand?post=1725"},{"taxonomy":"product_cat","embeddable":true,"href":"https:\/\/www.lebeipackaging.com\/de\/wp-json\/wp\/v2\/product_cat?post=1725"},{"taxonomy":"product_tag","embeddable":true,"href":"https:\/\/www.lebeipackaging.com\/de\/wp-json\/wp\/v2\/product_tag?post=1725"}],"curies":[{"name":"wp","href":"https:\/\/api.w.org\/{rel}","templated":true}]}}