{"id":1779,"date":"2025-08-01T09:13:27","date_gmt":"2025-08-01T09:13:27","guid":{"rendered":"https:\/\/www.lebeipackaging.com\/?post_type=product&#038;p=1779"},"modified":"2025-08-01T09:26:31","modified_gmt":"2025-08-01T09:26:31","slug":"custom-stand-up-pouch-kraft-paper-bag-with-window","status":"publish","type":"product","link":"https:\/\/www.lebeipackaging.com\/de\/product\/custom-stand-up-pouch-kraft-paper-bag-with-window\/","title":{"rendered":"Custom Stand up Pouch Kraftpapiertasche mit Fenster"},"content":{"rendered":"<h2 class=\"wp-block-heading\">Eigenschaften von Custom Stand up Pouch Kraftpapiertasche <\/h2>\n\n\n\n<div class=\"wp-block-columns is-layout-flex wp-container-core-columns-is-layout-9d6595d7 wp-block-columns-is-layout-flex\">\n<div class=\"wp-block-column is-layout-flow wp-block-column-is-layout-flow\">\n<p><strong>Umweltfreundliches Kraftpapier<\/strong> - Hergestellt aus nachhaltigem und recycelbarem Kraftpapier, das eine umweltbewusste Verpackungsoption darstellt.<\/p>\n\n\n\n<p><strong>Klares Fenster f\u00fcr Sichtbarkeit<\/strong> - Durch das transparente Fenster k\u00f6nnen die Kunden den Inhalt sehen, was die Attraktivit\u00e4t und das Vertrauen in das Produkt erh\u00f6ht.<\/p>\n\n\n\n<p><strong>Langlebig und lebensmittelecht<\/strong> - Hergestellt aus hochwertigen, lebensmitteltauglichen Materialien, um die Frische und Sicherheit Ihrer Produkte zu gew\u00e4hrleisten.<\/p>\n\n\n\n<p><strong>Stehendes Design<\/strong> - Das Design des Standbeutels sorgt f\u00fcr Stabilit\u00e4t, so dass er leicht in Regalen ausgestellt und gelagert werden kann.<\/p>\n\n\n\n<p><strong>Anpassbares Branding<\/strong> - Vollst\u00e4ndig anpassbar f\u00fcr Logos, Beschriftungen und Grafiken, so dass es einfach ist, Ihre Marke zu pr\u00e4sentieren und Aufmerksamkeit zu erregen.<\/p>\n\n\n\n<p><strong>Wiederverschlie\u00dfbarer Verschluss<\/strong> - Der wiederverschlie\u00dfbare Deckel h\u00e4lt Ihre Produkte frisch und sorgt f\u00fcr Komfort und lange Haltbarkeit.<br><\/p>\n<\/div>\n\n\n\n<div class=\"wp-block-column is-layout-flow wp-block-column-is-layout-flow\">\n<figure class=\"wp-block-image size-full\"><img decoding=\"async\" width=\"640\" height=\"640\" src=\"https:\/\/www.lebeipackaging.com\/wp-content\/uploads\/2025\/08\/Custom-Stand-up-Pouch-Kraft-Paper-Bag-with-Window4.webp\" alt=\"Benutzerdefinierte Stand up Pouch Kraftpapier Tasche mit Window4\" class=\"wp-image-1783\" srcset=\"https:\/\/www.lebeipackaging.com\/wp-content\/uploads\/2025\/08\/Custom-Stand-up-Pouch-Kraft-Paper-Bag-with-Window4.webp 640w, https:\/\/www.lebeipackaging.com\/wp-content\/uploads\/2025\/08\/Custom-Stand-up-Pouch-Kraft-Paper-Bag-with-Window4-300x300.webp 300w, https:\/\/www.lebeipackaging.com\/wp-content\/uploads\/2025\/08\/Custom-Stand-up-Pouch-Kraft-Paper-Bag-with-Window4-150x150.webp 150w, https:\/\/www.lebeipackaging.com\/wp-content\/uploads\/2025\/08\/Custom-Stand-up-Pouch-Kraft-Paper-Bag-with-Window4-12x12.webp 12w, https:\/\/www.lebeipackaging.com\/wp-content\/uploads\/2025\/08\/Custom-Stand-up-Pouch-Kraft-Paper-Bag-with-Window4-600x600.webp 600w, https:\/\/www.lebeipackaging.com\/wp-content\/uploads\/2025\/08\/Custom-Stand-up-Pouch-Kraft-Paper-Bag-with-Window4-100x100.webp 100w\" sizes=\"(max-width: 640px) 100vw, 640px\" \/><\/figure>\n<\/div>\n<\/div>","protected":false},"excerpt":{"rendered":"<p>Individuell gestalteter Standbeutel aus Kraftpapier mit Sichtfenster - Umweltfreundliche, haltbare Verpackung mit einem klaren Sichtfenster f\u00fcr das Produkt. Dieser wiederverschlie\u00dfbare Beutel aus hochwertigem Kraftpapier ist perfekt f\u00fcr Lebensmittel wie Snacks, N\u00fcsse und mehr. Er l\u00e4sst sich an das Design Ihrer Marke anpassen und bietet sowohl Funktionalit\u00e4t als auch Attraktivit\u00e4t.<\/p>\n<table style=\"border-collapse: collapse; width: 534px; height: 439px;\" border=\"0\" width=\"293\" cellspacing=\"0\" cellpadding=\"0\">\n<tbody>\n<tr style=\"height: 17.00pt;\">\n<td class=\"et2\" style=\"height: 17.00pt; width: 102.45pt;\" width=\"102\" height=\"17\">Hersteller<\/td>\n<td class=\"et2\" style=\"width: 190.80pt;\" width=\"190\">Lebei<\/td>\n<\/tr>\n<tr style=\"height: 35.00pt;\">\n<td class=\"et2\" style=\"height: 35.00pt; width: 102.45pt;\" width=\"102\" height=\"35\">Arten von Beuteln<\/td>\n<td class=\"et3\" style=\"width: 190.80pt;\" width=\"190\">Stand Up Pouch<\/td>\n<\/tr>\n<tr style=\"height: 35.00pt;\">\n<td class=\"et2\" style=\"height: 35.00pt; width: 102.45pt;\" width=\"102\" height=\"35\">Material<\/td>\n<td class=\"et3\" style=\"width: 190.80pt;\" width=\"190\">Matt Bopp\/Kraftpapier\/PET\/PE oder kundenspezifisch<\/td>\n<\/tr>\n<tr style=\"height: 35.00pt;\">\n<td class=\"et2\" style=\"height: 35.00pt; width: 102.45pt;\" width=\"102\" height=\"35\">Besonderes Merkmal<\/td>\n<td class=\"et3\" style=\"width: 190.80pt;\" width=\"190\">Feuchtigkeitssicher, Rei\u00dfverschluss oben, Risskerbe, Stand Up Bottom<\/td>\n<\/tr>\n<tr style=\"height: 35.00pt;\">\n<td class=\"et2\" style=\"height: 35.00pt; width: 102.45pt;\" width=\"102\" height=\"35\">Handhabung der Oberfl\u00e4che<\/td>\n<td class=\"et3\" style=\"width: 190.80pt;\" width=\"190\">Tiefdruck<\/td>\n<\/tr>\n<tr style=\"height: 35.00pt;\">\n<td class=\"et2\" style=\"height: 35.00pt; width: 102.45pt;\" width=\"102\" height=\"35\">Farbe<\/td>\n<td class=\"et3\" style=\"width: 190.80pt;\" width=\"190\">Gold\/Schwarz (anpassbar)<\/td>\n<\/tr>\n<tr style=\"height: 35.00pt;\">\n<td class=\"et2\" style=\"height: 35.00pt; width: 102.45pt;\" width=\"102\" height=\"35\">Verwendung<\/td>\n<td class=\"et3\" style=\"width: 190.80pt;\" width=\"190\">Lebensmittel N\u00fcsse Tee Kaffee Reis S\u00fc\u00dfigkeiten Verpackung<\/td>\n<\/tr>\n<tr style=\"height: 35.00pt;\">\n<td class=\"et2\" style=\"height: 35.00pt; width: 102.45pt;\" width=\"102\" height=\"35\">MOQ<\/td>\n<td class=\"et3\" style=\"width: 190.80pt;\" width=\"190\">Kundenspezifischer Beutel: 10.000 St\u00fcck (f\u00fcr einen besseren Preis empfehlen wir 30.000+)<\/td>\n<\/tr>\n<tr style=\"height: 35.00pt;\">\n<td class=\"et2\" style=\"height: 35.00pt; width: 102.45pt;\" width=\"102\" height=\"35\">Individuelle Bestellung<\/td>\n<td class=\"et3\" style=\"width: 190.80pt;\" width=\"190\">Akzeptieren Sie OEM &amp; ODM, unterst\u00fctzen Sie freie Probe<\/td>\n<\/tr>\n<\/tbody>\n<\/table>","protected":false},"featured_media":1780,"comment_status":"closed","ping_status":"closed","template":"","meta":{"_acf_changed":false},"application":[],"product_brand":[],"product_cat":[41],"product_tag":[],"class_list":{"0":"post-1779","1":"product","2":"type-product","3":"status-publish","4":"has-post-thumbnail","6":"product_cat-stand-up-pouch-manufacturer","8":"first","9":"instock","10":"shipping-taxable","11":"product-type-simple"},"acf":[],"_links":{"self":[{"href":"https:\/\/www.lebeipackaging.com\/de\/wp-json\/wp\/v2\/product\/1779","targetHints":{"allow":["GET"]}}],"collection":[{"href":"https:\/\/www.lebeipackaging.com\/de\/wp-json\/wp\/v2\/product"}],"about":[{"href":"https:\/\/www.lebeipackaging.com\/de\/wp-json\/wp\/v2\/types\/product"}],"replies":[{"embeddable":true,"href":"https:\/\/www.lebeipackaging.com\/de\/wp-json\/wp\/v2\/comments?post=1779"}],"wp:featuredmedia":[{"embeddable":true,"href":"https:\/\/www.lebeipackaging.com\/de\/wp-json\/wp\/v2\/media\/1780"}],"wp:attachment":[{"href":"https:\/\/www.lebeipackaging.com\/de\/wp-json\/wp\/v2\/media?parent=1779"}],"wp:term":[{"taxonomy":"application","embeddable":true,"href":"https:\/\/www.lebeipackaging.com\/de\/wp-json\/wp\/v2\/application?post=1779"},{"taxonomy":"product_brand","embeddable":true,"href":"https:\/\/www.lebeipackaging.com\/de\/wp-json\/wp\/v2\/product_brand?post=1779"},{"taxonomy":"product_cat","embeddable":true,"href":"https:\/\/www.lebeipackaging.com\/de\/wp-json\/wp\/v2\/product_cat?post=1779"},{"taxonomy":"product_tag","embeddable":true,"href":"https:\/\/www.lebeipackaging.com\/de\/wp-json\/wp\/v2\/product_tag?post=1779"}],"curies":[{"name":"wp","href":"https:\/\/api.w.org\/{rel}","templated":true}]}}