{"id":1787,"date":"2025-08-01T09:48:32","date_gmt":"2025-08-01T09:48:32","guid":{"rendered":"https:\/\/www.lebeipackaging.com\/?post_type=product&#038;p=1787"},"modified":"2025-08-01T09:54:32","modified_gmt":"2025-08-01T09:54:32","slug":"custom-printing-stand-up-pouches-for-food","status":"publish","type":"product","link":"https:\/\/www.lebeipackaging.com\/de\/product\/custom-printing-stand-up-pouches-for-food\/","title":{"rendered":"Individueller Druck von Standbeuteln f\u00fcr Lebensmittel"},"content":{"rendered":"<h2 class=\"wp-block-heading\">Merkmale von individuell bedruckten Standbodenbeuteln<\/h2>\n\n\n\n<div class=\"wp-block-columns is-layout-flex wp-container-core-columns-is-layout-9d6595d7 wp-block-columns-is-layout-flex\">\n<div class=\"wp-block-column is-layout-flow wp-block-column-is-layout-flow\">\n<p><strong>Individuelle Druckoptionen<\/strong> - Vollst\u00e4ndig anpassbar mit dem Logo, dem Design und den Grafiken Ihrer Marke, um die Sichtbarkeit zu erh\u00f6hen und Kunden anzuziehen.<\/p>\n\n\n\n<p><strong>Lebensmittelsichere Materialien<\/strong> - Hergestellt aus hochwertigen, lebensmittelechten Materialien, um die Sicherheit und Frische Ihrer Produkte zu gew\u00e4hrleisten.<\/p>\n\n\n\n<p><strong>Stehendes Design<\/strong> - Die praktische Aufstellfunktion sorgt f\u00fcr Stabilit\u00e4t und erleichtert die Aufbewahrung und Pr\u00e4sentation in Regalen oder auf Arbeitsfl\u00e4chen.<\/p>\n\n\n\n<p><strong>Wiederverschlie\u00dfbarer Verschluss<\/strong> - Der wiederverschlie\u00dfbare Deckel bewahrt die Frische und verl\u00e4ngert die Haltbarkeit, was f\u00fcr den Verbraucher besonders praktisch ist.<\/p>\n\n\n\n<p><strong>Langlebig und flexibel<\/strong> - Die leichten und dennoch robusten Beutel sind rei\u00dffest und bieten einen starken Schutz vor Feuchtigkeit und Verunreinigungen.<\/p>\n\n\n\n<p><strong>Umweltvertr\u00e4gliche Optionen<\/strong> - Erh\u00e4ltlich in nachhaltigen und recycelbaren Materialien, die eine umweltbewusste Verpackungswahl erm\u00f6glichen.<\/p>\n\n\n\n<p><br><\/p>\n<\/div>\n\n\n\n<div class=\"wp-block-column is-layout-flow wp-block-column-is-layout-flow\">\n<figure class=\"wp-block-image size-full\"><img decoding=\"async\" width=\"1000\" height=\"1000\" src=\"https:\/\/www.lebeipackaging.com\/wp-content\/uploads\/2025\/08\/Custom-Printing-Stand-up-Pouches2.webp\" alt=\"Individueller Druck von Standbodenbeuteln2\" class=\"wp-image-1789\" srcset=\"https:\/\/www.lebeipackaging.com\/wp-content\/uploads\/2025\/08\/Custom-Printing-Stand-up-Pouches2.webp 1000w, https:\/\/www.lebeipackaging.com\/wp-content\/uploads\/2025\/08\/Custom-Printing-Stand-up-Pouches2-300x300.webp 300w, https:\/\/www.lebeipackaging.com\/wp-content\/uploads\/2025\/08\/Custom-Printing-Stand-up-Pouches2-150x150.webp 150w, https:\/\/www.lebeipackaging.com\/wp-content\/uploads\/2025\/08\/Custom-Printing-Stand-up-Pouches2-768x768.webp 768w, https:\/\/www.lebeipackaging.com\/wp-content\/uploads\/2025\/08\/Custom-Printing-Stand-up-Pouches2-12x12.webp 12w, https:\/\/www.lebeipackaging.com\/wp-content\/uploads\/2025\/08\/Custom-Printing-Stand-up-Pouches2-600x600.webp 600w, https:\/\/www.lebeipackaging.com\/wp-content\/uploads\/2025\/08\/Custom-Printing-Stand-up-Pouches2-100x100.webp 100w\" sizes=\"(max-width: 1000px) 100vw, 1000px\" \/><\/figure>\n<\/div>\n<\/div>\n\n\n\n<p><\/p>","protected":false},"excerpt":{"rendered":"<p>Individuell bedruckte Standbeutel f\u00fcr Lebensmittel - Individuell gestaltbare, lebensmittelechte Beutel im Standdesign mit wiederverschlie\u00dfbarem Deckel, perfekt f\u00fcr Snacks und andere Lebensmittel. Umweltfreundlich und langlebig.<\/p>\n<table style=\"border-collapse: collapse; width: 534px; height: 439px;\" border=\"0\" width=\"293\" cellspacing=\"0\" cellpadding=\"0\">\n<tbody>\n<tr style=\"height: 17.00pt;\">\n<td class=\"et2\" style=\"height: 17.00pt; width: 102.45pt;\" width=\"102\" height=\"17\">Hersteller<\/td>\n<td class=\"et2\" style=\"width: 190.80pt;\" width=\"190\">Lebei<\/td>\n<\/tr>\n<tr style=\"height: 35.00pt;\">\n<td class=\"et2\" style=\"height: 35.00pt; width: 102.45pt;\" width=\"102\" height=\"35\">Arten von Beuteln<\/td>\n<td class=\"et3\" style=\"width: 190.80pt;\" width=\"190\">Stand Up Pouch<\/td>\n<\/tr>\n<tr style=\"height: 35.00pt;\">\n<td class=\"et2\" style=\"height: 35.00pt; width: 102.45pt;\" width=\"102\" height=\"35\">Material<\/td>\n<td class=\"et3\" style=\"width: 190.80pt;\" width=\"190\">MOPP\/VMPET\/CPP oder kundenspezifisch<\/td>\n<\/tr>\n<tr style=\"height: 35.00pt;\">\n<td class=\"et2\" style=\"height: 35.00pt; width: 102.45pt;\" width=\"102\" height=\"35\">Besonderes Merkmal<\/td>\n<td class=\"et3\" style=\"width: 190.80pt;\" width=\"190\">Feuchtigkeitssicher, Rei\u00dfverschluss oben, Risskerbe, Stand Up Bottom<\/td>\n<\/tr>\n<tr style=\"height: 35.00pt;\">\n<td class=\"et2\" style=\"height: 35.00pt; width: 102.45pt;\" width=\"102\" height=\"35\">Handhabung der Oberfl\u00e4che<\/td>\n<td class=\"et3\" style=\"width: 190.80pt;\" width=\"190\">Tiefdruck<\/td>\n<\/tr>\n<tr style=\"height: 35.00pt;\">\n<td class=\"et2\" style=\"height: 35.00pt; width: 102.45pt;\" width=\"102\" height=\"35\">Farbe<\/td>\n<td class=\"et3\" style=\"width: 190.80pt;\" width=\"190\">Braun(anpassbar)<\/td>\n<\/tr>\n<tr style=\"height: 35.00pt;\">\n<td class=\"et2\" style=\"height: 35.00pt; width: 102.45pt;\" width=\"102\" height=\"35\">Verwendung<\/td>\n<td class=\"et3\" style=\"width: 190.80pt;\" width=\"190\">Lebensmittel N\u00fcsse Tee Kaffee Reis S\u00fc\u00dfigkeiten Verpackung<\/td>\n<\/tr>\n<tr style=\"height: 35.00pt;\">\n<td class=\"et2\" style=\"height: 35.00pt; width: 102.45pt;\" width=\"102\" height=\"35\">MOQ<\/td>\n<td class=\"et3\" style=\"width: 190.80pt;\" width=\"190\">Kundenspezifischer Beutel: 10.000 St\u00fcck (f\u00fcr einen besseren Preis empfehlen wir 30.000+)<\/td>\n<\/tr>\n<tr style=\"height: 35.00pt;\">\n<td class=\"et2\" style=\"height: 35.00pt; width: 102.45pt;\" width=\"102\" height=\"35\">Individuelle Bestellung<\/td>\n<td class=\"et3\" style=\"width: 190.80pt;\" width=\"190\">Akzeptieren Sie OEM &amp; ODM, unterst\u00fctzen Sie freie Probe<\/td>\n<\/tr>\n<\/tbody>\n<\/table>","protected":false},"featured_media":1790,"comment_status":"closed","ping_status":"closed","template":"","meta":{"_acf_changed":false},"application":[],"product_brand":[],"product_cat":[41],"product_tag":[],"class_list":{"0":"post-1787","1":"product","2":"type-product","3":"status-publish","4":"has-post-thumbnail","6":"product_cat-stand-up-pouch-manufacturer","8":"first","9":"instock","10":"shipping-taxable","11":"product-type-simple"},"acf":[],"_links":{"self":[{"href":"https:\/\/www.lebeipackaging.com\/de\/wp-json\/wp\/v2\/product\/1787","targetHints":{"allow":["GET"]}}],"collection":[{"href":"https:\/\/www.lebeipackaging.com\/de\/wp-json\/wp\/v2\/product"}],"about":[{"href":"https:\/\/www.lebeipackaging.com\/de\/wp-json\/wp\/v2\/types\/product"}],"replies":[{"embeddable":true,"href":"https:\/\/www.lebeipackaging.com\/de\/wp-json\/wp\/v2\/comments?post=1787"}],"wp:featuredmedia":[{"embeddable":true,"href":"https:\/\/www.lebeipackaging.com\/de\/wp-json\/wp\/v2\/media\/1790"}],"wp:attachment":[{"href":"https:\/\/www.lebeipackaging.com\/de\/wp-json\/wp\/v2\/media?parent=1787"}],"wp:term":[{"taxonomy":"application","embeddable":true,"href":"https:\/\/www.lebeipackaging.com\/de\/wp-json\/wp\/v2\/application?post=1787"},{"taxonomy":"product_brand","embeddable":true,"href":"https:\/\/www.lebeipackaging.com\/de\/wp-json\/wp\/v2\/product_brand?post=1787"},{"taxonomy":"product_cat","embeddable":true,"href":"https:\/\/www.lebeipackaging.com\/de\/wp-json\/wp\/v2\/product_cat?post=1787"},{"taxonomy":"product_tag","embeddable":true,"href":"https:\/\/www.lebeipackaging.com\/de\/wp-json\/wp\/v2\/product_tag?post=1787"}],"curies":[{"name":"wp","href":"https:\/\/api.w.org\/{rel}","templated":true}]}}