{"id":1849,"date":"2025-08-29T07:31:08","date_gmt":"2025-08-29T07:31:08","guid":{"rendered":"https:\/\/www.lebeipackaging.com\/?post_type=product&#038;p=1849"},"modified":"2025-08-29T07:31:14","modified_gmt":"2025-08-29T07:31:14","slug":"wholesale-stand-up-pouch-with-aluminum-foil-and-viewing-window-for-food-packaging","status":"publish","type":"product","link":"https:\/\/www.lebeipackaging.com\/de\/product\/wholesale-stand-up-pouch-with-aluminum-foil-and-viewing-window-for-food-packaging\/","title":{"rendered":"Gro\u00dfhandel Stand Up Pouch mit Aluminiumfolie und Sichtfenster f\u00fcr Lebensmittelverpackungen"},"content":{"rendered":"<h2 class=\"wp-block-heading\">Eigenschaften von Gro\u00dfhandel Stand Up Pouch mit Aluminiumfolie<\/h2>\n\n\n\n<div class=\"wp-block-columns is-layout-flex wp-container-core-columns-is-layout-9d6595d7 wp-block-columns-is-layout-flex\">\n<div class=\"wp-block-column is-layout-flow wp-block-column-is-layout-flow\">\n<p><strong>Klares Fenster f\u00fcr Produktsichtbarkeit<\/strong><br>Das transparente Fenster pr\u00e4sentiert Ihr Produkt deutlich, st\u00e4rkt das Vertrauen der Verbraucher und f\u00f6rdert den Verkauf.<\/p>\n\n\n\n<p><strong>\u00dcberlegener Barriereschutz <\/strong><br>Die Aluminiumfolienschicht bietet eine hervorragende Barriere gegen Sauerstoff und Feuchtigkeit und sorgt f\u00fcr eine l\u00e4ngere Haltbarkeit.<\/p>\n\n\n\n<p><strong>Benutzerfreundlich und bequem <\/strong><br>Freistehendes Design f\u00fcr einfache Pr\u00e4sentation und Lagerung im Regal, mit wiederverschlie\u00dfbarem Rei\u00dfverschluss f\u00fcr ultimativen Komfort, damit das Produkt nach dem \u00d6ffnen frisch bleibt.<\/p>\n\n\n\n<p><strong>Lebensmittelecht und sicher<\/strong><br>Aus lebensmittelechtem, sicherem Material hergestellt, eignet er sich perfekt f\u00fcr Chips, N\u00fcsse, S\u00fc\u00dfigkeiten, Trockenfr\u00fcchte und vieles mehr.<\/p>\n\n\n\n<p><strong>Langlebig und wiederverschlie\u00dfbar<\/strong><br>Die robuste Konstruktion mit wiederverschlie\u00dfbarem Rei\u00dfverschluss h\u00e4lt den Inhalt auch nach dem \u00d6ffnen frisch und sicher.<\/p>\n\n\n\n<p><strong>Auf Lager und sofort lieferbar<\/strong><br>Sie brauchen nicht auf eine individuelle Anpassung zu warten, denn diese Beutel sind in gro\u00dfen Mengen erh\u00e4ltlich und werden schnell versandt, um dringende Verpackungsanforderungen zu erf\u00fcllen.<\/p>\n<\/div>\n\n\n\n<div class=\"wp-block-column is-layout-flow wp-block-column-is-layout-flow\">\n<div class=\"wp-block-columns is-layout-flex wp-container-core-columns-is-layout-9d6595d7 wp-block-columns-is-layout-flex\">\n<div class=\"wp-block-column is-layout-flow wp-block-column-is-layout-flow\">\n<figure class=\"wp-block-image size-full\"><img decoding=\"async\" width=\"1118\" height=\"1118\" src=\"https:\/\/www.lebeipackaging.com\/wp-content\/uploads\/2025\/08\/Wholesale-Stand-Up-Pouch-with-Aluminum-Foil-and-Viewing-Window-3.webp\" alt=\"Gro\u00dfhandel Stand Up Pouch mit Aluminiumfolie und Sichtfenster\" class=\"wp-image-1896\" srcset=\"https:\/\/www.lebeipackaging.com\/wp-content\/uploads\/2025\/08\/Wholesale-Stand-Up-Pouch-with-Aluminum-Foil-and-Viewing-Window-3.webp 1118w, https:\/\/www.lebeipackaging.com\/wp-content\/uploads\/2025\/08\/Wholesale-Stand-Up-Pouch-with-Aluminum-Foil-and-Viewing-Window-3-300x300.webp 300w, https:\/\/www.lebeipackaging.com\/wp-content\/uploads\/2025\/08\/Wholesale-Stand-Up-Pouch-with-Aluminum-Foil-and-Viewing-Window-3-150x150.webp 150w, https:\/\/www.lebeipackaging.com\/wp-content\/uploads\/2025\/08\/Wholesale-Stand-Up-Pouch-with-Aluminum-Foil-and-Viewing-Window-3-768x768.webp 768w, https:\/\/www.lebeipackaging.com\/wp-content\/uploads\/2025\/08\/Wholesale-Stand-Up-Pouch-with-Aluminum-Foil-and-Viewing-Window-3-12x12.webp 12w, https:\/\/www.lebeipackaging.com\/wp-content\/uploads\/2025\/08\/Wholesale-Stand-Up-Pouch-with-Aluminum-Foil-and-Viewing-Window-3-600x600.webp 600w, https:\/\/www.lebeipackaging.com\/wp-content\/uploads\/2025\/08\/Wholesale-Stand-Up-Pouch-with-Aluminum-Foil-and-Viewing-Window-3-100x100.webp 100w\" sizes=\"(max-width: 1118px) 100vw, 1118px\" \/><\/figure>\n<\/div>\n<\/div>\n<\/div>\n<\/div>\n\n\n\n<div class=\"wp-block-columns is-layout-flex wp-container-core-columns-is-layout-9d6595d7 wp-block-columns-is-layout-flex\">\n<div class=\"wp-block-column is-layout-flow wp-block-column-is-layout-flow\">\n<h2 class=\"wp-block-heading\">Gr\u00f6\u00dfe des Produkts<br><\/h2>\n\n\n\n<figure class=\"wp-block-table\"><table class=\"has-fixed-layout\"><tbody><tr><td>Gr\u00f6\u00dfe<br>(cm)<\/td><td>Verpackung (St\u00fcck\/B\u00fcndel)<\/td><td>Verpackung (St\u00fcck\/ctn)<\/td><td>Gewicht<br>(kg\/ctn)<\/td><td>Ctn Gr\u00f6\u00dfe<br>(cm)<\/td><\/tr><tr><td>9*14+3cm*2<\/td><td>100<\/td><td>7500<\/td><td>16.00<\/td><td>48*40*34<\/td><\/tr><tr><td>10*15+3cm*2<\/td><td>100<\/td><td>9000<\/td><td>24.40<\/td><td>48*40*34<\/td><\/tr><tr><td>12*17+4cm*2<\/td><td>100<\/td><td>7500<\/td><td>26.50<\/td><td>48*40*34<\/td><\/tr><tr><td>14*20+4cm*2<\/td><td>100<\/td><td>5500<\/td><td>27.40<\/td><td>48*40*34<\/td><\/tr><tr><td>15*22+4cm*2<\/td><td>100<\/td><td>5000<\/td><td>28.50<\/td><td>48*40*34<\/td><\/tr><tr><td>16*24+4cm*2<\/td><td>100<\/td><td>4800<\/td><td>29.60<\/td><td>48*40*34<\/td><\/tr><tr><td>18*26+4cm*2<\/td><td>100<\/td><td>3600<\/td><td>31.10<\/td><td>48*40*34<\/td><\/tr><tr><td>20*30+5cm*2<\/td><td>100<\/td><td>3000<\/td><td>33.60<\/td><td>48*40*34<\/td><\/tr><tr><td>22*32+5cm*2<\/td><td>100<\/td><td>2200<\/td><td>28.65<\/td><td>48*40*34<\/td><\/tr><tr><td>24*34+5cm*2<\/td><td>100<\/td><td>2000<\/td><td>29.95&nbsp;<\/td><td>48*40*34<\/td><\/tr><tr><td>26*38+5cm*2<\/td><td>100<\/td><td>1800<\/td><td>32.19&nbsp;<\/td><td>48*40*34<\/td><\/tr><tr><td>30*40+5cm*2<\/td><td>100<\/td><td>1600<\/td><td>33.00&nbsp;<\/td><td>48*40*34<\/td><\/tr><\/tbody><\/table><\/figure>\n<\/div>\n<\/div>","protected":false},"excerpt":{"rendered":"<article class=\"text-token-text-primary w-full\" dir=\"auto\" data-testid=\"conversation-turn-2\" data-scroll-anchor=\"true\">\n<div class=\"text-base my-auto mx-auto py-5 [--thread-content-margin:--spacing(4)] @[37rem]:[--thread-content-margin:--spacing(6)] @[72rem]:[--thread-content-margin:--spacing(16)] px-(--thread-content-margin)\">\n<div class=\"[--thread-content-max-width:32rem] @[34rem]:[--thread-content-max-width:40rem] @[64rem]:[--thread-content-max-width:48rem] mx-auto flex max-w-(--thread-content-max-width) flex-1 text-base gap-4 md:gap-5 lg:gap-6 group\/turn-messages focus-visible:outline-hidden\">\n<div class=\"group\/conversation-turn relative flex w-full min-w-0 flex-col agent-turn\">\n<div class=\"relative flex-col gap-1 md:gap-3\">\n<div class=\"flex max-w-full flex-col grow\">\n<div class=\"min-h-8 text-message relative flex w-full flex-col items-end gap-2 text-start break-words whitespace-normal [.text-message+&amp;]:mt-5\" dir=\"auto\" data-message-author-role=\"assistant\" data-message-id=\"601dc105-1a20-4d41-b026-a096271ed355\" data-message-model-slug=\"gpt-4-1-mini\">\n<div class=\"flex w-full flex-col gap-1 empty:hidden first:pt-[3px]\">\n<div class=\"markdown prose dark:prose-invert w-full break-words light\">\n<article class=\"text-token-text-primary w-full\" dir=\"auto\" data-testid=\"conversation-turn-26\" data-scroll-anchor=\"true\">\n<div class=\"text-base my-auto mx-auto py-5 [--thread-content-margin:--spacing(4)] @[37rem]:[--thread-content-margin:--spacing(6)] @[72rem]:[--thread-content-margin:--spacing(16)] px-(--thread-content-margin)\">\n<div class=\"[--thread-content-max-width:32rem] @[34rem]:[--thread-content-max-width:40rem] @[64rem]:[--thread-content-max-width:48rem] mx-auto flex max-w-(--thread-content-max-width) flex-1 text-base gap-4 md:gap-5 lg:gap-6 group\/turn-messages focus-visible:outline-hidden\">\n<div class=\"group\/conversation-turn relative flex w-full min-w-0 flex-col agent-turn\">\n<div class=\"relative flex-col gap-1 md:gap-3\">\n<div class=\"flex max-w-full flex-col grow\">\n<div class=\"min-h-8 text-message relative flex w-full flex-col items-end gap-2 text-start break-words whitespace-normal [.text-message+&amp;]:mt-5\" dir=\"auto\" data-message-author-role=\"assistant\" data-message-id=\"d05c8187-775a-4e42-8061-4ac971d5f547\" data-message-model-slug=\"gpt-4-1-mini\">\n<div class=\"flex w-full flex-col gap-1 empty:hidden first:pt-[3px]\">\n<div class=\"markdown prose dark:prose-invert w-full break-words light\">\n<p data-start=\"0\" data-end=\"257\" data-is-last-node=\"\" data-is-only-node=\"\">Wholesale stand up pouch with aluminum foil and viewing window for food packaging durable, high-barrier design keeps food fresh, with a clear window for easy product display.<\/p>\n<\/div>\n<\/div>\n<\/div>\n<\/div>\n<\/div>\n<\/div>\n<\/div>\n<\/div>\n<\/article>\n<\/div>\n<\/div>\n<\/div>\n<\/div>\n<\/div>\n<\/div>\n<\/div>\n<\/div>\n<\/article>\n<table style=\"border-collapse: collapse; width: 518px; height: 318px;\" border=\"0\" width=\"293\" cellspacing=\"0\" cellpadding=\"0\">\n<tbody>\n<tr style=\"height: 17.00pt;\">\n<td class=\"et2\" style=\"height: 17.00pt; width: 102.45pt;\" width=\"102\" height=\"17\">Manufacturer<\/td>\n<td class=\"et2\" style=\"width: 190.80pt;\" width=\"190\">Lebei<\/td>\n<\/tr>\n<tr style=\"height: 17.00pt;\">\n<td class=\"et2\" style=\"height: 17.00pt; width: 102.45pt;\" width=\"102\" height=\"17\">Pouch Types<\/td>\n<td class=\"et3\" style=\"width: 190.80pt;\" width=\"190\">Aluminum Foil Stand up pouch<\/td>\n<\/tr>\n<tr style=\"height: 17.00pt;\">\n<td class=\"et2\" style=\"height: 17.00pt; width: 102.45pt;\" width=\"102\" height=\"17\">Material<\/td>\n<td class=\"et3\" style=\"width: 190.80pt;\" width=\"190\">PET\/PET\/CPP &amp;PET\/VMPET\/CPP<\/td>\n<\/tr>\n<tr style=\"height: 17.00pt;\">\n<td class=\"et2\" style=\"height: 17.00pt; width: 102.45pt;\" width=\"102\" height=\"17\">Sealing\u00a0<\/td>\n<td class=\"et3\" style=\"width: 190.80pt;\" width=\"190\">Zipper Top\u00a0<\/td>\n<\/tr>\n<tr style=\"height: 17.00pt;\">\n<td class=\"et2\" style=\"height: 17.00pt; width: 102.45pt;\" width=\"102\" height=\"17\">Surface Handling<\/td>\n<td class=\"et3\" style=\"width: 190.80pt;\" width=\"190\">Gravure Printing<\/td>\n<\/tr>\n<tr style=\"height: 17.00pt;\">\n<td class=\"et2\" style=\"height: 17.00pt; width: 102.45pt;\" width=\"102\" height=\"17\">Advantage<\/td>\n<td class=\"et3\" style=\"width: 190.80pt;\" width=\"190\">Moisture Proof<\/td>\n<\/tr>\n<tr style=\"height: 17.00pt;\">\n<td class=\"et2\" style=\"height: 17.00pt; width: 102.45pt;\" width=\"102\" height=\"17\">Usage<\/td>\n<td class=\"et3\" style=\"width: 190.80pt;\" width=\"190\">Food or Snack Packaging<\/td>\n<\/tr>\n<tr style=\"height: 34.00pt;\">\n<td class=\"et2\" style=\"height: 34.00pt; width: 102.45pt;\" width=\"102\" height=\"34\">MOQ<\/td>\n<td class=\"et3\" style=\"width: 190.80pt;\" width=\"190\">Mix Items, Total 5000 Pieces<\/td>\n<\/tr>\n<tr style=\"height: 34.00pt;\">\n<td class=\"et2\" style=\"height: 34.00pt; width: 102.45pt;\" width=\"102\" height=\"34\">Sample<\/td>\n<td class=\"et3\" style=\"width: 190.80pt;\" width=\"190\">1-2 Days (Free)<\/td>\n<\/tr>\n<\/tbody>\n<\/table>\n","protected":false},"featured_media":1894,"comment_status":"closed","ping_status":"closed","template":"","meta":{"_acf_changed":false},"application":[],"product_brand":[],"product_cat":[50],"product_tag":[48],"class_list":{"0":"post-1849","1":"product","2":"type-product","3":"status-publish","4":"has-post-thumbnail","6":"product_cat-ready-to-ship-pouches","7":"product_tag-aluminum-foil-stand-up-pouch","9":"first","10":"instock","11":"shipping-taxable","12":"product-type-simple"},"acf":[],"_links":{"self":[{"href":"https:\/\/www.lebeipackaging.com\/de\/wp-json\/wp\/v2\/product\/1849","targetHints":{"allow":["GET"]}}],"collection":[{"href":"https:\/\/www.lebeipackaging.com\/de\/wp-json\/wp\/v2\/product"}],"about":[{"href":"https:\/\/www.lebeipackaging.com\/de\/wp-json\/wp\/v2\/types\/product"}],"replies":[{"embeddable":true,"href":"https:\/\/www.lebeipackaging.com\/de\/wp-json\/wp\/v2\/comments?post=1849"}],"wp:featuredmedia":[{"embeddable":true,"href":"https:\/\/www.lebeipackaging.com\/de\/wp-json\/wp\/v2\/media\/1894"}],"wp:attachment":[{"href":"https:\/\/www.lebeipackaging.com\/de\/wp-json\/wp\/v2\/media?parent=1849"}],"wp:term":[{"taxonomy":"application","embeddable":true,"href":"https:\/\/www.lebeipackaging.com\/de\/wp-json\/wp\/v2\/application?post=1849"},{"taxonomy":"product_brand","embeddable":true,"href":"https:\/\/www.lebeipackaging.com\/de\/wp-json\/wp\/v2\/product_brand?post=1849"},{"taxonomy":"product_cat","embeddable":true,"href":"https:\/\/www.lebeipackaging.com\/de\/wp-json\/wp\/v2\/product_cat?post=1849"},{"taxonomy":"product_tag","embeddable":true,"href":"https:\/\/www.lebeipackaging.com\/de\/wp-json\/wp\/v2\/product_tag?post=1849"}],"curies":[{"name":"wp","href":"https:\/\/api.w.org\/{rel}","templated":true}]}}