{"id":1935,"date":"2025-09-12T02:34:10","date_gmt":"2025-09-12T02:34:10","guid":{"rendered":"https:\/\/www.lebeipackaging.com\/?post_type=product&#038;p=1935"},"modified":"2025-09-12T02:34:15","modified_gmt":"2025-09-12T02:34:15","slug":"wholesale-flat-bottom-pouch-with-zipper-and-handle-matte-transparent-finish","status":"publish","type":"product","link":"https:\/\/www.lebeipackaging.com\/de\/product\/wholesale-flat-bottom-pouch-with-zipper-and-handle-matte-transparent-finish\/","title":{"rendered":"Gro\u00dfhandel flachen Boden Tasche mit Rei\u00dfverschluss und Griff Matte &amp; Transparent Finish"},"content":{"rendered":"<h2 class=\"wp-block-heading\">Merkmale des Gro\u00dfhandels Flachbodenbeutel<\/h2>\n\n\n\n<div class=\"wp-block-columns is-layout-flex wp-container-core-columns-is-layout-9d6595d7 wp-block-columns-is-layout-flex\">\n<div class=\"wp-block-column is-layout-flow wp-block-column-is-layout-flow\">\n<p><strong>Stabiles Design mit flachem Boden<\/strong><br>Der flache Boden mit Seitenfalte steht sicher aufrecht im Regal - ideal f\u00fcr eine maximale Produktsichtbarkeit im Laden und eine einfache Bef\u00fcllung beim Verpacken.<\/p>\n\n\n\n<p><strong>Wiederverwendbarer Zipper-Verschluss<\/strong><br>Der mitgelieferte Rei\u00dfverschluss bewahrt die Frische und Sicherheit des Inhalts nach dem \u00d6ffnen. Er erm\u00f6glicht den wiederholten Gebrauch, bietet den Verbrauchern einen zus\u00e4tzlichen Nutzen und verringert den Produktverlust.<\/p>\n\n\n\n<p><strong>Integrierter Tragegriff<\/strong><br>Dank des griffigen Griffs l\u00e4sst sich die Tasche leicht transportieren - auch wenn sie voll ist. Diese Funktion ist besonders n\u00fctzlich f\u00fcr sperrige oder schwere Gegenst\u00e4nde und bietet Komfort und Tragbarkeit.<\/p>\n\n\n\n<p><strong>Transparentes und mattes Dual-Finish-Aussehen<\/strong><br>Kombiniert ein durchsichtiges Fenster f\u00fcr den sofortigen Blick auf das Produkt mit einer ged\u00e4mpften, matten Oberfl\u00e4che f\u00fcr ein anspruchsvolles, modernes Aussehen. Es st\u00e4rkt das Vertrauen der Kunden und dient als visuelles Markenzeichen, auch ohne Aufdruck.<\/p>\n\n\n\n<p><strong>Lebensmittelecht &amp; hei\u00dfsiegelf\u00e4hig<\/strong><br>Sicherer direkter Lebensmittelkontakt und kompatibel mit Hei\u00dfsiegelmaschinen - perfekt f\u00fcr Kaffee, Tiernahrung, Getreide, Snacks, Pulver und vieles mehr.<\/p>\n\n\n\n<p><strong>Versandfertige Gro\u00dfhandelsverpackungen<\/strong><br>Dieser Beutel ist als Massenware in Standardgr\u00f6\u00dfen und -ausf\u00fchrungen erh\u00e4ltlich und eignet sich perfekt f\u00fcr Unternehmen, die eine zuverl\u00e4ssige, qualitativ hochwertige Verpackung ben\u00f6tigen, ohne die Vorlaufzeit und die Kosten einer kundenspezifischen Verpackung.<\/p>\n<\/div>\n\n\n\n<div class=\"wp-block-column is-layout-flow wp-block-column-is-layout-flow\">\n<div class=\"wp-block-columns is-layout-flex wp-container-core-columns-is-layout-9d6595d7 wp-block-columns-is-layout-flex\">\n<div class=\"wp-block-column is-layout-flow wp-block-column-is-layout-flow\">\n<div class=\"wp-block-columns is-layout-flex wp-container-core-columns-is-layout-9d6595d7 wp-block-columns-is-layout-flex\">\n<div class=\"wp-block-column is-layout-flow wp-block-column-is-layout-flow\">\n<figure class=\"wp-block-image size-full\"><img decoding=\"async\" width=\"640\" height=\"640\" src=\"https:\/\/www.lebeipackaging.com\/wp-content\/uploads\/2025\/08\/Wholesale-Flat-Bottom-Pouch-with-Zipper-and-Handle-Transparent-Matte-Finish-3.webp\" alt=\"Gro\u00dfhandel-Flachboden-Tasche-mit-Rei\u00dfverschluss-und-Griff-Transparent-Matt-Finish-3\" class=\"wp-image-1992\" srcset=\"https:\/\/www.lebeipackaging.com\/wp-content\/uploads\/2025\/08\/Wholesale-Flat-Bottom-Pouch-with-Zipper-and-Handle-Transparent-Matte-Finish-3.webp 640w, https:\/\/www.lebeipackaging.com\/wp-content\/uploads\/2025\/08\/Wholesale-Flat-Bottom-Pouch-with-Zipper-and-Handle-Transparent-Matte-Finish-3-300x300.webp 300w, https:\/\/www.lebeipackaging.com\/wp-content\/uploads\/2025\/08\/Wholesale-Flat-Bottom-Pouch-with-Zipper-and-Handle-Transparent-Matte-Finish-3-150x150.webp 150w, https:\/\/www.lebeipackaging.com\/wp-content\/uploads\/2025\/08\/Wholesale-Flat-Bottom-Pouch-with-Zipper-and-Handle-Transparent-Matte-Finish-3-12x12.webp 12w, https:\/\/www.lebeipackaging.com\/wp-content\/uploads\/2025\/08\/Wholesale-Flat-Bottom-Pouch-with-Zipper-and-Handle-Transparent-Matte-Finish-3-600x600.webp 600w, https:\/\/www.lebeipackaging.com\/wp-content\/uploads\/2025\/08\/Wholesale-Flat-Bottom-Pouch-with-Zipper-and-Handle-Transparent-Matte-Finish-3-100x100.webp 100w\" sizes=\"(max-width: 640px) 100vw, 640px\" \/><\/figure>\n<\/div>\n\n\n\n<div class=\"wp-block-column is-layout-flow wp-block-column-is-layout-flow\">\n<figure class=\"wp-block-image size-full\"><img decoding=\"async\" width=\"640\" height=\"640\" src=\"https:\/\/www.lebeipackaging.com\/wp-content\/uploads\/2025\/08\/Wholesale-Flat-Bottom-Pouch-with-Zipper-and-Handle-Transparent-Matte-Finish-6.webp\" alt=\"Gro\u00dfhandel-Flachboden-Tasche-mit-Rei\u00dfverschluss-und-Griff-Transparent-Matt-Finish-6\" class=\"wp-image-1995\" srcset=\"https:\/\/www.lebeipackaging.com\/wp-content\/uploads\/2025\/08\/Wholesale-Flat-Bottom-Pouch-with-Zipper-and-Handle-Transparent-Matte-Finish-6.webp 640w, https:\/\/www.lebeipackaging.com\/wp-content\/uploads\/2025\/08\/Wholesale-Flat-Bottom-Pouch-with-Zipper-and-Handle-Transparent-Matte-Finish-6-300x300.webp 300w, https:\/\/www.lebeipackaging.com\/wp-content\/uploads\/2025\/08\/Wholesale-Flat-Bottom-Pouch-with-Zipper-and-Handle-Transparent-Matte-Finish-6-150x150.webp 150w, https:\/\/www.lebeipackaging.com\/wp-content\/uploads\/2025\/08\/Wholesale-Flat-Bottom-Pouch-with-Zipper-and-Handle-Transparent-Matte-Finish-6-12x12.webp 12w, https:\/\/www.lebeipackaging.com\/wp-content\/uploads\/2025\/08\/Wholesale-Flat-Bottom-Pouch-with-Zipper-and-Handle-Transparent-Matte-Finish-6-600x600.webp 600w, https:\/\/www.lebeipackaging.com\/wp-content\/uploads\/2025\/08\/Wholesale-Flat-Bottom-Pouch-with-Zipper-and-Handle-Transparent-Matte-Finish-6-100x100.webp 100w\" sizes=\"(max-width: 640px) 100vw, 640px\" \/><\/figure>\n<\/div>\n<\/div>\n<\/div>\n<\/div>\n<\/div>\n<\/div>\n\n\n\n<div class=\"wp-block-columns is-layout-flex wp-container-core-columns-is-layout-9d6595d7 wp-block-columns-is-layout-flex\">\n<div class=\"wp-block-column is-layout-flow wp-block-column-is-layout-flow\">\n<h2 class=\"wp-block-heading\">Gr\u00f6\u00dfe des Produkts<\/h2>\n\n\n\n<figure class=\"wp-block-table\"><table class=\"has-fixed-layout\"><tbody><tr><td>Gr\u00f6\u00dfe<br>(cm)<\/td><td>Verpackung (St\u00fcck\/B\u00fcndel)<\/td><td>Verpackung (St\u00fcck\/ctn)<\/td><td>Gewicht<br>(kg\/ctn)<\/td><td>Ctn Gr\u00f6\u00dfe<br>(cm)<\/td><\/tr><tr><td>24*17+4cm*2<\/td><td>50<\/td><td>2000<\/td><td>27.50&nbsp;<\/td><td>55*40*30<\/td><\/tr><tr><td>26*19+4cm*2<\/td><td>50<\/td><td>1200<\/td><td>20.00&nbsp;<\/td><td>55*40*30<\/td><\/tr><tr><td>28*21+4cm*2<\/td><td>50<\/td><td>1200<\/td><td>22.91&nbsp;<\/td><td>55*40*30<\/td><\/tr><tr><td>30*23+4cm*2<\/td><td>50<\/td><td>1000<\/td><td>23.50&nbsp;<\/td><td>55*40*30<\/td><\/tr><tr><td>35*30+4cm*2<\/td><td>50<\/td><td>1100<\/td><td>23.50&nbsp;<\/td><td>55*40*30<\/td><\/tr><\/tbody><\/table><\/figure>\n<\/div>\n<\/div>\n\n\n\n<p><\/p>","protected":false},"excerpt":{"rendered":"<article class=\"text-token-text-primary w-full\" dir=\"auto\" data-testid=\"conversation-turn-2\" data-scroll-anchor=\"true\">\n<div class=\"text-base my-auto mx-auto py-5 [--thread-content-margin:--spacing(4)] @[37rem]:[--thread-content-margin:--spacing(6)] @[72rem]:[--thread-content-margin:--spacing(16)] px-(--thread-content-margin)\">\n<div class=\"[--thread-content-max-width:32rem] @[34rem]:[--thread-content-max-width:40rem] @[64rem]:[--thread-content-max-width:48rem] mx-auto flex max-w-(--thread-content-max-width) flex-1 text-base gap-4 md:gap-5 lg:gap-6 group\/turn-messages focus-visible:outline-hidden\">\n<div class=\"group\/conversation-turn relative flex w-full min-w-0 flex-col agent-turn\">\n<div class=\"relative flex-col gap-1 md:gap-3\">\n<div class=\"flex max-w-full flex-col grow\">\n<div class=\"min-h-8 text-message relative flex w-full flex-col items-end gap-2 text-start break-words whitespace-normal [.text-message+&amp;]:mt-5\" dir=\"auto\" data-message-author-role=\"assistant\" data-message-id=\"601dc105-1a20-4d41-b026-a096271ed355\" data-message-model-slug=\"gpt-4-1-mini\">\n<div class=\"flex w-full flex-col gap-1 empty:hidden first:pt-[3px]\">\n<div class=\"markdown prose dark:prose-invert w-full break-words light\">\n<article class=\"text-token-text-primary w-full\" dir=\"auto\" data-testid=\"conversation-turn-26\" data-scroll-anchor=\"true\">\n<div class=\"text-base my-auto mx-auto py-5 [--thread-content-margin:--spacing(4)] @[37rem]:[--thread-content-margin:--spacing(6)] @[72rem]:[--thread-content-margin:--spacing(16)] px-(--thread-content-margin)\">\n<div class=\"[--thread-content-max-width:32rem] @[34rem]:[--thread-content-max-width:40rem] @[64rem]:[--thread-content-max-width:48rem] mx-auto flex max-w-(--thread-content-max-width) flex-1 text-base gap-4 md:gap-5 lg:gap-6 group\/turn-messages focus-visible:outline-hidden\">\n<div class=\"group\/conversation-turn relative flex w-full min-w-0 flex-col agent-turn\">\n<div class=\"relative flex-col gap-1 md:gap-3\">\n<div class=\"flex max-w-full flex-col grow\">\n<div class=\"min-h-8 text-message relative flex w-full flex-col items-end gap-2 text-start break-words whitespace-normal [.text-message+&amp;]:mt-5\" dir=\"auto\" data-message-author-role=\"assistant\" data-message-id=\"d05c8187-775a-4e42-8061-4ac971d5f547\" data-message-model-slug=\"gpt-4-1-mini\">\n<div class=\"flex w-full flex-col gap-1 empty:hidden first:pt-[3px]\">\n<div class=\"markdown prose dark:prose-invert w-full break-words light\">\n<p data-start=\"0\" data-end=\"257\" data-is-last-node=\"\" data-is-only-node=\"\">Wholesale flat bottom pouch with zipper and handle features a transparent front, matte finish, and stable base\u2014ideal for snacks, coffee, and dry goods. Practical, portable, and ready to ship. Welcome to inquire and purchase\uff01<\/p>\n<\/div>\n<\/div>\n<\/div>\n<\/div>\n<\/div>\n<\/div>\n<\/div>\n<\/div>\n<\/article>\n<\/div>\n<\/div>\n<\/div>\n<\/div>\n<\/div>\n<\/div>\n<\/div>\n<\/div>\n<\/article>\n<table style=\"border-collapse: collapse; width: 518px; height: 318px;\" border=\"0\" width=\"293\" cellspacing=\"0\" cellpadding=\"0\">\n<tbody>\n<tr style=\"height: 17.00pt;\">\n<td class=\"et2\" style=\"height: 17.00pt; width: 102.45pt;\" width=\"102\" height=\"17\">Manufacturer<\/td>\n<td class=\"et2\" style=\"width: 190.80pt;\" width=\"190\">Lebei<\/td>\n<\/tr>\n<tr style=\"height: 17.00pt;\">\n<td class=\"et2\" style=\"height: 17.00pt; width: 102.45pt;\" width=\"102\" height=\"17\">Pouch Types<\/td>\n<td class=\"et3\" style=\"width: 190.80pt;\" width=\"190\">Flat Bottom Pouch(Matte &amp;\u00a0 Transparent Finish)<\/td>\n<\/tr>\n<tr style=\"height: 17.00pt;\">\n<td class=\"et2\" style=\"height: 17.00pt; width: 102.45pt;\" width=\"102\" height=\"17\">Material<\/td>\n<td class=\"et3\" style=\"width: 190.80pt;\" width=\"190\">Mopp\/PET\/PE<\/td>\n<\/tr>\n<tr style=\"height: 17.00pt;\">\n<td class=\"et2\" style=\"height: 17.00pt; width: 102.45pt;\" width=\"102\" height=\"17\">Sealing &amp; Handle<\/td>\n<td class=\"et3\" style=\"width: 190.80pt;\" width=\"190\">Zipper Top and Handle<\/td>\n<\/tr>\n<tr style=\"height: 17.00pt;\">\n<td class=\"et2\" style=\"height: 17.00pt; width: 102.45pt;\" width=\"102\" height=\"17\">Surface Handling<\/td>\n<td class=\"et3\" style=\"width: 190.80pt;\" width=\"190\">Gravure Printing<\/td>\n<\/tr>\n<tr style=\"height: 17.00pt;\">\n<td class=\"et2\" style=\"height: 17.00pt; width: 102.45pt;\" width=\"102\" height=\"17\">Advantage<\/td>\n<td class=\"et3\" style=\"width: 190.80pt;\" width=\"190\">Moisture Proof<\/td>\n<\/tr>\n<tr style=\"height: 17.00pt;\">\n<td class=\"et2\" style=\"height: 17.00pt; width: 102.45pt;\" width=\"102\" height=\"17\">Usage<\/td>\n<td class=\"et3\" style=\"width: 190.80pt;\" width=\"190\">Food or Snack Packaging<\/td>\n<\/tr>\n<tr style=\"height: 34.00pt;\">\n<td class=\"et2\" style=\"height: 34.00pt; width: 102.45pt;\" width=\"102\" height=\"34\">MOQ<\/td>\n<td class=\"et3\" style=\"width: 190.80pt;\" width=\"190\">Mix Items, Total 5000 Pieces<\/td>\n<\/tr>\n<tr style=\"height: 34.00pt;\">\n<td class=\"et2\" style=\"height: 34.00pt; width: 102.45pt;\" width=\"102\" height=\"34\">Sample<\/td>\n<td class=\"et3\" style=\"width: 190.80pt;\" width=\"190\">1-2 Days (Free)<\/td>\n<\/tr>\n<\/tbody>\n<\/table>\n","protected":false},"featured_media":2001,"comment_status":"closed","ping_status":"closed","template":"","meta":{"_acf_changed":false},"application":[],"product_brand":[],"product_cat":[50],"product_tag":[49],"class_list":{"0":"post-1935","1":"product","2":"type-product","3":"status-publish","4":"has-post-thumbnail","6":"product_cat-ready-to-ship-pouches","7":"product_tag-transparent-and-matte-pouch","9":"first","10":"instock","11":"shipping-taxable","12":"product-type-simple"},"acf":[],"_links":{"self":[{"href":"https:\/\/www.lebeipackaging.com\/de\/wp-json\/wp\/v2\/product\/1935","targetHints":{"allow":["GET"]}}],"collection":[{"href":"https:\/\/www.lebeipackaging.com\/de\/wp-json\/wp\/v2\/product"}],"about":[{"href":"https:\/\/www.lebeipackaging.com\/de\/wp-json\/wp\/v2\/types\/product"}],"replies":[{"embeddable":true,"href":"https:\/\/www.lebeipackaging.com\/de\/wp-json\/wp\/v2\/comments?post=1935"}],"wp:featuredmedia":[{"embeddable":true,"href":"https:\/\/www.lebeipackaging.com\/de\/wp-json\/wp\/v2\/media\/2001"}],"wp:attachment":[{"href":"https:\/\/www.lebeipackaging.com\/de\/wp-json\/wp\/v2\/media?parent=1935"}],"wp:term":[{"taxonomy":"application","embeddable":true,"href":"https:\/\/www.lebeipackaging.com\/de\/wp-json\/wp\/v2\/application?post=1935"},{"taxonomy":"product_brand","embeddable":true,"href":"https:\/\/www.lebeipackaging.com\/de\/wp-json\/wp\/v2\/product_brand?post=1935"},{"taxonomy":"product_cat","embeddable":true,"href":"https:\/\/www.lebeipackaging.com\/de\/wp-json\/wp\/v2\/product_cat?post=1935"},{"taxonomy":"product_tag","embeddable":true,"href":"https:\/\/www.lebeipackaging.com\/de\/wp-json\/wp\/v2\/product_tag?post=1935"}],"curies":[{"name":"wp","href":"https:\/\/api.w.org\/{rel}","templated":true}]}}