{"id":2043,"date":"2025-09-12T03:03:15","date_gmt":"2025-09-12T03:03:15","guid":{"rendered":"https:\/\/www.lebeipackaging.com\/?post_type=product&#038;p=2043"},"modified":"2025-09-12T03:03:21","modified_gmt":"2025-09-12T03:03:21","slug":"wholesale-aluminum-foil-bag-3-side-seal-pouch-with-transparent-side","status":"publish","type":"product","link":"https:\/\/www.lebeipackaging.com\/de\/product\/wholesale-aluminum-foil-bag-3-side-seal-pouch-with-transparent-side\/","title":{"rendered":"Gro\u00dfhandel Aluminiumfolie Tasche 3-Seiten-Dichtung Beutel mit transparenter Seite"},"content":{"rendered":"<h2 class=\"wp-block-heading\">Merkmale der Gro\u00dfhandel Aluminiumfolie Tasche<\/h2>\n\n\n\n<div class=\"wp-block-columns is-layout-flex wp-container-core-columns-is-layout-9d6595d7 wp-block-columns-is-layout-flex\">\n<div class=\"wp-block-column is-layout-flow wp-block-column-is-layout-flow\">\n<p><strong>Starke Barriere aus Aluminiumfolie<\/strong><br>Bietet einen ausgezeichneten Schutz vor Feuchtigkeit, Sauerstoff, Licht und Geruch - so bleiben Lebensmittel frisch und werden l\u00e4nger haltbar.<\/p>\n\n\n\n<p><strong>Visuelles Fenster l\u00f6schen<\/strong><br>Die Gestaltung einer Seite aus Aluminiumfolie und einer transparenten Seite kann nicht nur die inneren Produktmerkmale zur Geltung bringen, sondern auch das Produkt attraktiver machen und seine Attraktivit\u00e4t steigern.<\/p>\n\n\n\n<p><strong>Lebensmittelgeeignetes Material<\/strong><br>Hergestellt aus hochwertiger, lebensmittelechter Aluminiumfolie und Innenfutter, geeignet f\u00fcr Snacks, Kaffee, Pulver und Trockenwaren.<\/p>\n\n\n\n<p><strong>Wiederverwendbarer Zipper-Verschluss<\/strong><br>Der mitgelieferte Rei\u00dfverschluss bewahrt die Frische und Sicherheit des Inhalts nach dem \u00d6ffnen. Er erm\u00f6glicht eine wiederholte Verwendung, bietet den Verbrauchern einen zus\u00e4tzlichen Nutzen und verringert den Produktverlust.<\/p>\n\n\n\n<p><strong>Leicht und dennoch langlebig<\/strong><br>Leicht zu transportieren und in gro\u00dfen Mengen zu lagern, aber dennoch sehr rei\u00df- und stichfest.<\/p>\n\n\n\n<p><strong>Bulk-freundlich, gebrauchsfertig<\/strong><br>Erh\u00e4ltlich in Standardgr\u00f6\u00dfen und -ausf\u00fchrungen f\u00fcr Gro\u00dfhandelsbestellungen - keine individuelle Anpassung erforderlich, ideal f\u00fcr schnelllebige Unternehmen.<\/p>\n\n\n\n<div class=\"wp-block-columns is-layout-flex wp-container-core-columns-is-layout-9d6595d7 wp-block-columns-is-layout-flex\">\n<div class=\"wp-block-column is-layout-flow wp-block-column-is-layout-flow\">\n<figure class=\"wp-block-image size-full\"><img decoding=\"async\" width=\"640\" height=\"640\" src=\"https:\/\/www.lebeipackaging.com\/wp-content\/uploads\/2025\/06\/Wholesale-Aluminum-Foil-Bag-3-side-seal-Pouch-With-Transparent-Side-9.webp\" alt=\"Gro\u00dfhandel-Aluminium-Folien-Beutel-3-Seiten-Siegel-Beutel-mit-durchsichtiger-Seite-9\" class=\"wp-image-2042\" srcset=\"https:\/\/www.lebeipackaging.com\/wp-content\/uploads\/2025\/06\/Wholesale-Aluminum-Foil-Bag-3-side-seal-Pouch-With-Transparent-Side-9.webp 640w, https:\/\/www.lebeipackaging.com\/wp-content\/uploads\/2025\/06\/Wholesale-Aluminum-Foil-Bag-3-side-seal-Pouch-With-Transparent-Side-9-300x300.webp 300w, https:\/\/www.lebeipackaging.com\/wp-content\/uploads\/2025\/06\/Wholesale-Aluminum-Foil-Bag-3-side-seal-Pouch-With-Transparent-Side-9-150x150.webp 150w, https:\/\/www.lebeipackaging.com\/wp-content\/uploads\/2025\/06\/Wholesale-Aluminum-Foil-Bag-3-side-seal-Pouch-With-Transparent-Side-9-12x12.webp 12w, https:\/\/www.lebeipackaging.com\/wp-content\/uploads\/2025\/06\/Wholesale-Aluminum-Foil-Bag-3-side-seal-Pouch-With-Transparent-Side-9-600x600.webp 600w, https:\/\/www.lebeipackaging.com\/wp-content\/uploads\/2025\/06\/Wholesale-Aluminum-Foil-Bag-3-side-seal-Pouch-With-Transparent-Side-9-100x100.webp 100w\" sizes=\"(max-width: 640px) 100vw, 640px\" \/><\/figure>\n<\/div>\n\n\n\n<div class=\"wp-block-column is-layout-flow wp-block-column-is-layout-flow\">\n<figure class=\"wp-block-image size-full\"><img decoding=\"async\" width=\"640\" height=\"640\" src=\"https:\/\/www.lebeipackaging.com\/wp-content\/uploads\/2025\/06\/Wholesale-Aluminum-Foil-Bag-3-side-seal-Pouch-With-Transparent-Side-8.webp\" alt=\"Gro\u00dfhandel-Aluminium-Folien-Beutel-3-Seiten-Siegel-Beutel-mit-durchsichtiger-Seite-8\" class=\"wp-image-2041\" srcset=\"https:\/\/www.lebeipackaging.com\/wp-content\/uploads\/2025\/06\/Wholesale-Aluminum-Foil-Bag-3-side-seal-Pouch-With-Transparent-Side-8.webp 640w, https:\/\/www.lebeipackaging.com\/wp-content\/uploads\/2025\/06\/Wholesale-Aluminum-Foil-Bag-3-side-seal-Pouch-With-Transparent-Side-8-300x300.webp 300w, https:\/\/www.lebeipackaging.com\/wp-content\/uploads\/2025\/06\/Wholesale-Aluminum-Foil-Bag-3-side-seal-Pouch-With-Transparent-Side-8-150x150.webp 150w, https:\/\/www.lebeipackaging.com\/wp-content\/uploads\/2025\/06\/Wholesale-Aluminum-Foil-Bag-3-side-seal-Pouch-With-Transparent-Side-8-12x12.webp 12w, https:\/\/www.lebeipackaging.com\/wp-content\/uploads\/2025\/06\/Wholesale-Aluminum-Foil-Bag-3-side-seal-Pouch-With-Transparent-Side-8-600x600.webp 600w, https:\/\/www.lebeipackaging.com\/wp-content\/uploads\/2025\/06\/Wholesale-Aluminum-Foil-Bag-3-side-seal-Pouch-With-Transparent-Side-8-100x100.webp 100w\" sizes=\"(max-width: 640px) 100vw, 640px\" \/><\/figure>\n<\/div>\n<\/div>\n<\/div>\n<\/div>\n\n\n\n<div class=\"wp-block-columns is-layout-flex wp-container-core-columns-is-layout-9d6595d7 wp-block-columns-is-layout-flex\">\n<div class=\"wp-block-column is-layout-flow wp-block-column-is-layout-flow\">\n<h2 class=\"wp-block-heading\">Gr\u00f6\u00dfe des Produkts<br><\/h2>\n\n\n\n<figure class=\"wp-block-table\"><table class=\"has-fixed-layout\"><tbody><tr><td>Gr\u00f6\u00dfe<br>(cm)<\/td><td>Verpackung (St\u00fcck\/B\u00fcndel)<\/td><td>Verpackung (St\u00fcck\/ctn)<\/td><td>Gewicht<br>(kg\/ctn)<\/td><td>Ctn Gr\u00f6\u00dfe<br>(cm)<\/td><\/tr><tr><td>7*13<\/td><td>100&nbsp;<\/td><td>10000<\/td><td>19.00&nbsp;<\/td><td>48*40*34<\/td><\/tr><tr><td>8*14<\/td><td>100&nbsp;<\/td><td>10000<\/td><td>20.60&nbsp;<\/td><td>49*40*35<\/td><\/tr><tr><td>9*16<\/td><td>100&nbsp;<\/td><td>10000<\/td><td>23.00&nbsp;<\/td><td>49*40*35<\/td><\/tr><tr><td>10*18<\/td><td>100&nbsp;<\/td><td>8000<\/td><td>23.00&nbsp;<\/td><td>48*40*34<\/td><\/tr><tr><td>12*20<\/td><td>100&nbsp;<\/td><td>7000<\/td><td>24.00&nbsp;<\/td><td>48*40*34<\/td><\/tr><tr><td>14*20<\/td><td>100&nbsp;<\/td><td>6500<\/td><td>26.00&nbsp;<\/td><td>48*40*34<\/td><\/tr><tr><td>16*24<\/td><td>100&nbsp;<\/td><td>5000<\/td><td>28.00&nbsp;<\/td><td>48*40*34<\/td><\/tr><tr><td>18*26<\/td><td>100&nbsp;<\/td><td>4000<\/td><td>27.00&nbsp;<\/td><td>48*40*34<\/td><\/tr><tr><td>20*30<\/td><td>100&nbsp;<\/td><td>3000<\/td><td>26.00&nbsp;<\/td><td>48*40*34<\/td><\/tr><tr><td>22*32<\/td><td>100&nbsp;<\/td><td>2500<\/td><td>25.90&nbsp;<\/td><td>49*40*26<\/td><\/tr><tr><td>24*37<\/td><td>100&nbsp;<\/td><td>2000<\/td><td>25.50&nbsp;<\/td><td>48*40*34<\/td><\/tr><tr><td>26*38<\/td><td>100&nbsp;<\/td><td>2000<\/td><td>28.50&nbsp;<\/td><td>48*40*34<\/td><\/tr><\/tbody><\/table><\/figure>\n<\/div>\n<\/div>","protected":false},"excerpt":{"rendered":"<article class=\"text-token-text-primary w-full\" dir=\"auto\" data-testid=\"conversation-turn-2\" data-scroll-anchor=\"true\">\n<div class=\"text-base my-auto mx-auto py-5 [--thread-content-margin:--spacing(4)] @[37rem]:[--thread-content-margin:--spacing(6)] @[72rem]:[--thread-content-margin:--spacing(16)] px-(--thread-content-margin)\">\n<div class=\"[--thread-content-max-width:32rem] @[34rem]:[--thread-content-max-width:40rem] @[64rem]:[--thread-content-max-width:48rem] mx-auto flex max-w-(--thread-content-max-width) flex-1 text-base gap-4 md:gap-5 lg:gap-6 group\/turn-messages focus-visible:outline-hidden\">\n<div class=\"group\/conversation-turn relative flex w-full min-w-0 flex-col agent-turn\">\n<div class=\"relative flex-col gap-1 md:gap-3\">\n<div class=\"flex max-w-full flex-col grow\">\n<div class=\"min-h-8 text-message relative flex w-full flex-col items-end gap-2 text-start break-words whitespace-normal [.text-message+&amp;]:mt-5\" dir=\"auto\" data-message-author-role=\"assistant\" data-message-id=\"601dc105-1a20-4d41-b026-a096271ed355\" data-message-model-slug=\"gpt-4-1-mini\">\n<div class=\"flex w-full flex-col gap-1 empty:hidden first:pt-[3px]\">\n<div class=\"markdown prose dark:prose-invert w-full break-words light\">\n<article class=\"text-token-text-primary w-full\" dir=\"auto\" data-testid=\"conversation-turn-26\" data-scroll-anchor=\"true\">\n<div class=\"text-base my-auto mx-auto py-5 [--thread-content-margin:--spacing(4)] @[37rem]:[--thread-content-margin:--spacing(6)] @[72rem]:[--thread-content-margin:--spacing(16)] px-(--thread-content-margin)\">\n<div class=\"[--thread-content-max-width:32rem] @[34rem]:[--thread-content-max-width:40rem] @[64rem]:[--thread-content-max-width:48rem] mx-auto flex max-w-(--thread-content-max-width) flex-1 text-base gap-4 md:gap-5 lg:gap-6 group\/turn-messages focus-visible:outline-hidden\">\n<div class=\"group\/conversation-turn relative flex w-full min-w-0 flex-col agent-turn\">\n<div class=\"relative flex-col gap-1 md:gap-3\">\n<div class=\"flex max-w-full flex-col grow\">\n<div class=\"min-h-8 text-message relative flex w-full flex-col items-end gap-2 text-start break-words whitespace-normal [.text-message+&amp;]:mt-5\" dir=\"auto\" data-message-author-role=\"assistant\" data-message-id=\"d05c8187-775a-4e42-8061-4ac971d5f547\" data-message-model-slug=\"gpt-4-1-mini\">\n<div class=\"flex w-full flex-col gap-1 empty:hidden first:pt-[3px]\">\n<div class=\"markdown prose dark:prose-invert w-full break-words light\">\n<p data-start=\"0\" data-end=\"257\" data-is-last-node=\"\" data-is-only-node=\"\">Wholesale aluminum foil bag 3-side seal pouch designed for food packaging\u2014moisture-proof, durable, and ideal for keeping contents fresh. A practical choice for snacks, coffee, and dry goods. Feel free to contact us for wholesale inquiries or to place your order today!<\/p>\n<\/div>\n<\/div>\n<\/div>\n<\/div>\n<\/div>\n<\/div>\n<\/div>\n<\/div>\n<\/article>\n<\/div>\n<\/div>\n<\/div>\n<\/div>\n<\/div>\n<\/div>\n<\/div>\n<\/div>\n<\/article>\n<table style=\"border-collapse: collapse; width: 518px; height: 318px;\" border=\"0\" width=\"293\" cellspacing=\"0\" cellpadding=\"0\">\n<tbody>\n<tr style=\"height: 17.00pt;\">\n<td class=\"et2\" style=\"height: 17.00pt; width: 102.45pt;\" width=\"102\" height=\"17\">Manufacturer<\/td>\n<td class=\"et2\" style=\"width: 190.80pt;\" width=\"190\">Lebei<\/td>\n<\/tr>\n<tr style=\"height: 17.00pt;\">\n<td class=\"et2\" style=\"height: 17.00pt; width: 102.45pt;\" width=\"102\" height=\"17\">Pouch Types<\/td>\n<td class=\"et3\" style=\"width: 190.80pt;\" width=\"190\">Stand Up pouch(Aluminum Foil Bag)<\/td>\n<\/tr>\n<tr style=\"height: 17.00pt;\">\n<td class=\"et2\" style=\"height: 17.00pt; width: 102.45pt;\" width=\"102\" height=\"17\">Material<\/td>\n<td class=\"et3\" style=\"width: 190.80pt;\" width=\"190\">PET\/VMPET(PET)\/CPP<\/td>\n<\/tr>\n<tr style=\"height: 17.00pt;\">\n<td class=\"et2\" style=\"height: 17.00pt; width: 102.45pt;\" width=\"102\" height=\"17\">Sealing &amp; Handle<\/td>\n<td class=\"et3\" style=\"width: 190.80pt;\" width=\"190\">Zipper Top\u00a0<\/td>\n<\/tr>\n<tr style=\"height: 17.00pt;\">\n<td class=\"et2\" style=\"height: 17.00pt; width: 102.45pt;\" width=\"102\" height=\"17\">Surface Handling<\/td>\n<td class=\"et3\" style=\"width: 190.80pt;\" width=\"190\">Gravure Printing<\/td>\n<\/tr>\n<tr style=\"height: 17.00pt;\">\n<td class=\"et2\" style=\"height: 17.00pt; width: 102.45pt;\" width=\"102\" height=\"17\">Advantage<\/td>\n<td class=\"et3\" style=\"width: 190.80pt;\" width=\"190\">Moisture Proof<\/td>\n<\/tr>\n<tr style=\"height: 17.00pt;\">\n<td class=\"et2\" style=\"height: 17.00pt; width: 102.45pt;\" width=\"102\" height=\"17\">Usage<\/td>\n<td class=\"et3\" style=\"width: 190.80pt;\" width=\"190\">Food or Snack Packaging<\/td>\n<\/tr>\n<tr style=\"height: 34.00pt;\">\n<td class=\"et2\" style=\"height: 34.00pt; width: 102.45pt;\" width=\"102\" height=\"34\">MOQ<\/td>\n<td class=\"et3\" style=\"width: 190.80pt;\" width=\"190\">Mix Items, Total 5000 Pieces<\/td>\n<\/tr>\n<tr style=\"height: 34.00pt;\">\n<td class=\"et2\" style=\"height: 34.00pt; width: 102.45pt;\" width=\"102\" height=\"34\">Sample<\/td>\n<td class=\"et3\" style=\"width: 190.80pt;\" width=\"190\">1-2 Days (Free)<\/td>\n<\/tr>\n<\/tbody>\n<\/table>\n","protected":false},"featured_media":2034,"comment_status":"closed","ping_status":"closed","template":"","meta":{"_acf_changed":false},"application":[],"product_brand":[],"product_cat":[50],"product_tag":[49],"class_list":{"0":"post-2043","1":"product","2":"type-product","3":"status-publish","4":"has-post-thumbnail","6":"product_cat-ready-to-ship-pouches","7":"product_tag-transparent-and-matte-pouch","9":"first","10":"instock","11":"shipping-taxable","12":"product-type-simple"},"acf":[],"_links":{"self":[{"href":"https:\/\/www.lebeipackaging.com\/de\/wp-json\/wp\/v2\/product\/2043","targetHints":{"allow":["GET"]}}],"collection":[{"href":"https:\/\/www.lebeipackaging.com\/de\/wp-json\/wp\/v2\/product"}],"about":[{"href":"https:\/\/www.lebeipackaging.com\/de\/wp-json\/wp\/v2\/types\/product"}],"replies":[{"embeddable":true,"href":"https:\/\/www.lebeipackaging.com\/de\/wp-json\/wp\/v2\/comments?post=2043"}],"wp:featuredmedia":[{"embeddable":true,"href":"https:\/\/www.lebeipackaging.com\/de\/wp-json\/wp\/v2\/media\/2034"}],"wp:attachment":[{"href":"https:\/\/www.lebeipackaging.com\/de\/wp-json\/wp\/v2\/media?parent=2043"}],"wp:term":[{"taxonomy":"application","embeddable":true,"href":"https:\/\/www.lebeipackaging.com\/de\/wp-json\/wp\/v2\/application?post=2043"},{"taxonomy":"product_brand","embeddable":true,"href":"https:\/\/www.lebeipackaging.com\/de\/wp-json\/wp\/v2\/product_brand?post=2043"},{"taxonomy":"product_cat","embeddable":true,"href":"https:\/\/www.lebeipackaging.com\/de\/wp-json\/wp\/v2\/product_cat?post=2043"},{"taxonomy":"product_tag","embeddable":true,"href":"https:\/\/www.lebeipackaging.com\/de\/wp-json\/wp\/v2\/product_tag?post=2043"}],"curies":[{"name":"wp","href":"https:\/\/api.w.org\/{rel}","templated":true}]}}