{"id":2070,"date":"2025-09-12T02:17:09","date_gmt":"2025-09-12T02:17:09","guid":{"rendered":"https:\/\/www.lebeipackaging.com\/?post_type=product&#038;p=2070"},"modified":"2025-09-12T02:18:36","modified_gmt":"2025-09-12T02:18:36","slug":"custom-stand-up-pouches-for-candy-packaging-with-zipper-window","status":"publish","type":"product","link":"https:\/\/www.lebeipackaging.com\/de\/product\/custom-stand-up-pouches-for-candy-packaging-with-zipper-window\/","title":{"rendered":"Kundenspezifische Standbodenbeutel f\u00fcr S\u00fc\u00dfigkeitenverpackungen mit Rei\u00dfverschluss und Fenster"},"content":{"rendered":"<h2 class=\"wp-block-heading\">Merkmale von kundenspezifischen Standbodenbeuteln f\u00fcr S\u00fc\u00dfwarenverpackungen<\/h2>\n\n\n\n<div class=\"wp-block-columns is-layout-flex wp-container-core-columns-is-layout-9d6595d7 wp-block-columns-is-layout-flex\">\n<div class=\"wp-block-column is-layout-flow wp-block-column-is-layout-flow\">\n<p><strong>Wiederverschlie\u00dfbare Ausf\u00fchrung<\/strong><br>Ausgestattet mit einem hochwertigen Rei\u00dfverschluss, l\u00e4sst er sich leicht \u00f6ffnen und mehrfach verschlie\u00dfen, was ihn hygienischer und bequemer im Gebrauch macht und die Haltbarkeit von Lebensmitteln effektiv verl\u00e4ngert.<\/p>\n\n\n\n<p><strong><strong>Loch &amp; Fenster<\/strong><\/strong><br>Erleichtert das Aufh\u00e4ngen von Produkten und das Aufstellen von Verkaufsst\u00e4ndern, wodurch die Pr\u00e4sentation interner Produkte verbessert und ihre Attraktivit\u00e4t erh\u00f6ht wird.<\/p>\n\n\n\n<p><strong>Unterst\u00fctzung der Materialanpassung<\/strong><br>Je nach den unterschiedlichen Anforderungen an Lebensmittelverpackungen k\u00f6nnen Sie verdickte, \u00f6lbest\u00e4ndige oder umweltfreundliche Materialkombinationen w\u00e4hlen, um die individuellen Anforderungen der Marke an Verpackungsfunktionen und -stile zu erf\u00fcllen.<\/p>\n\n\n\n<p><strong>Selbsttragende Taschenkonstruktion<\/strong><br>Der Boden ist verbreitert und verst\u00e4rkt, und die selbsttragende Struktur ist stabil, was f\u00fcr die Produktpr\u00e4sentation im Regal praktisch ist und die Sch\u00f6nheit der Produktpr\u00e4sentation und die Umsatzrate verbessert.<\/p>\n\n\n\n<p><strong>Lebensmitteltaugliche Sicherheitsstandards<\/strong><br>Hergestellt aus hochwertigen, lebensmittelechten Materialien, um die Sicherheit und Frische Ihrer Produkte zu gew\u00e4hrleisten.<\/p>\n\n\n\n<p><strong>Flexible Bestellmenge<\/strong><br>Geringe Bestellmengen, schnelle Lieferzeiten, Unterst\u00fctzung von Druckanpassungen und verschiedenen Spezifikationen, besonders geeignet f\u00fcr Start-up-Marken, grenz\u00fcberschreitenden E-Commerce und schnelle Testproduktion.<br><\/p>\n<\/div>\n\n\n\n<div class=\"wp-block-column is-layout-flow wp-block-column-is-layout-flow\">\n<figure class=\"wp-block-image size-full\"><img decoding=\"async\" width=\"640\" height=\"640\" src=\"https:\/\/www.lebeipackaging.com\/wp-content\/uploads\/2025\/09\/Custom-Stand-Up-Pouches-for-Candy-Packaging-With-Zipper-And-Window-1.webp\" alt=\"Individuell gestaltete Standbeutel f\u00fcr S\u00fc\u00dfigkeiten-Verpackungen mit Rei\u00dfverschluss und Fenster-1\" class=\"wp-image-2071\" srcset=\"https:\/\/www.lebeipackaging.com\/wp-content\/uploads\/2025\/09\/Custom-Stand-Up-Pouches-for-Candy-Packaging-With-Zipper-And-Window-1.webp 640w, https:\/\/www.lebeipackaging.com\/wp-content\/uploads\/2025\/09\/Custom-Stand-Up-Pouches-for-Candy-Packaging-With-Zipper-And-Window-1-300x300.webp 300w, https:\/\/www.lebeipackaging.com\/wp-content\/uploads\/2025\/09\/Custom-Stand-Up-Pouches-for-Candy-Packaging-With-Zipper-And-Window-1-150x150.webp 150w, https:\/\/www.lebeipackaging.com\/wp-content\/uploads\/2025\/09\/Custom-Stand-Up-Pouches-for-Candy-Packaging-With-Zipper-And-Window-1-12x12.webp 12w, https:\/\/www.lebeipackaging.com\/wp-content\/uploads\/2025\/09\/Custom-Stand-Up-Pouches-for-Candy-Packaging-With-Zipper-And-Window-1-600x600.webp 600w, https:\/\/www.lebeipackaging.com\/wp-content\/uploads\/2025\/09\/Custom-Stand-Up-Pouches-for-Candy-Packaging-With-Zipper-And-Window-1-100x100.webp 100w\" sizes=\"(max-width: 640px) 100vw, 640px\" \/><\/figure>\n<\/div>\n<\/div>","protected":false},"excerpt":{"rendered":"<p>Individuelle Standbeutel f\u00fcr S\u00fc\u00dfigkeiten mit Rei\u00dfverschluss sind eine haltbare, wiederverschlie\u00dfbare und umweltfreundliche L\u00f6sung f\u00fcr die Aufbewahrung von Snacks, K\u00f6rnern und anderen Lebensmitteln. Kontaktieren Sie uns noch heute, um Ihren eigenen Beutel zu gestalten und ein Angebot zu erhalten!<\/p>\n<table style=\"border-collapse: collapse; width: 534px; height: 439px;\" border=\"0\" width=\"293\" cellspacing=\"0\" cellpadding=\"0\">\n<tbody>\n<tr style=\"height: 17.00pt;\">\n<td class=\"et2\" style=\"height: 17.00pt; width: 102.45pt;\" width=\"102\" height=\"17\">Hersteller<\/td>\n<td class=\"et2\" style=\"width: 190.80pt;\" width=\"190\">Lebei<\/td>\n<\/tr>\n<tr style=\"height: 35.00pt;\">\n<td class=\"et2\" style=\"height: 35.00pt; width: 102.45pt;\" width=\"102\" height=\"35\">Arten von Beuteln<\/td>\n<td class=\"et3\" style=\"width: 190.80pt;\" width=\"190\">Stand Up Pouch<\/td>\n<\/tr>\n<tr style=\"height: 35.00pt;\">\n<td class=\"et2\" style=\"height: 35.00pt; width: 102.45pt;\" width=\"102\" height=\"35\">Material<\/td>\n<td class=\"et3\" style=\"width: 190.80pt;\" width=\"190\">MOPP\/ VMPET\/PE oder kundenspezifisch<\/td>\n<\/tr>\n<tr style=\"height: 35.00pt;\">\n<td class=\"et2\" style=\"height: 35.00pt; width: 102.45pt;\" width=\"102\" height=\"35\">Besonderes Merkmal<\/td>\n<td class=\"et3\" style=\"width: 190.80pt;\" width=\"190\">Feuchtigkeitssicher, Rei\u00dfverschluss oben, Risskerbe, Stand Up Bottom<\/td>\n<\/tr>\n<tr style=\"height: 35.00pt;\">\n<td class=\"et2\" style=\"height: 35.00pt; width: 102.45pt;\" width=\"102\" height=\"35\">Handhabung der Oberfl\u00e4che<\/td>\n<td class=\"et3\" style=\"width: 190.80pt;\" width=\"190\">Tiefdruck<\/td>\n<\/tr>\n<tr style=\"height: 35.00pt;\">\n<td class=\"et2\" style=\"height: 35.00pt; width: 102.45pt;\" width=\"102\" height=\"35\">Farbe<\/td>\n<td class=\"et3\" style=\"width: 190.80pt;\" width=\"190\">Anpassbar<\/td>\n<\/tr>\n<tr style=\"height: 35.00pt;\">\n<td class=\"et2\" style=\"height: 35.00pt; width: 102.45pt;\" width=\"102\" height=\"35\">Verwendung<\/td>\n<td class=\"et3\" style=\"width: 190.80pt;\" width=\"190\">Kaffeebohnen, Snacks, N\u00fcsse, etc.<\/td>\n<\/tr>\n<tr style=\"height: 35.00pt;\">\n<td class=\"et2\" style=\"height: 35.00pt; width: 102.45pt;\" width=\"102\" height=\"35\">MOQ<\/td>\n<td class=\"et3\" style=\"width: 190.80pt;\" width=\"190\">Kundenspezifischer Beutel: 10.000 St\u00fcck (f\u00fcr einen besseren Preis empfehlen wir 30.000+)<\/td>\n<\/tr>\n<tr style=\"height: 35.00pt;\">\n<td class=\"et2\" style=\"height: 35.00pt; width: 102.45pt;\" width=\"102\" height=\"35\">Individuelle Bestellung<\/td>\n<td class=\"et3\" style=\"width: 190.80pt;\" width=\"190\">Akzeptieren Sie OEM &amp; ODM, unterst\u00fctzen Sie freie Probe<\/td>\n<\/tr>\n<\/tbody>\n<\/table>","protected":false},"featured_media":2073,"comment_status":"closed","ping_status":"closed","template":"","meta":{"_acf_changed":false},"application":[],"product_brand":[],"product_cat":[41],"product_tag":[],"class_list":{"0":"post-2070","1":"product","2":"type-product","3":"status-publish","4":"has-post-thumbnail","6":"product_cat-stand-up-pouch-manufacturer","8":"first","9":"instock","10":"shipping-taxable","11":"product-type-simple"},"acf":[],"_links":{"self":[{"href":"https:\/\/www.lebeipackaging.com\/de\/wp-json\/wp\/v2\/product\/2070","targetHints":{"allow":["GET"]}}],"collection":[{"href":"https:\/\/www.lebeipackaging.com\/de\/wp-json\/wp\/v2\/product"}],"about":[{"href":"https:\/\/www.lebeipackaging.com\/de\/wp-json\/wp\/v2\/types\/product"}],"replies":[{"embeddable":true,"href":"https:\/\/www.lebeipackaging.com\/de\/wp-json\/wp\/v2\/comments?post=2070"}],"wp:featuredmedia":[{"embeddable":true,"href":"https:\/\/www.lebeipackaging.com\/de\/wp-json\/wp\/v2\/media\/2073"}],"wp:attachment":[{"href":"https:\/\/www.lebeipackaging.com\/de\/wp-json\/wp\/v2\/media?parent=2070"}],"wp:term":[{"taxonomy":"application","embeddable":true,"href":"https:\/\/www.lebeipackaging.com\/de\/wp-json\/wp\/v2\/application?post=2070"},{"taxonomy":"product_brand","embeddable":true,"href":"https:\/\/www.lebeipackaging.com\/de\/wp-json\/wp\/v2\/product_brand?post=2070"},{"taxonomy":"product_cat","embeddable":true,"href":"https:\/\/www.lebeipackaging.com\/de\/wp-json\/wp\/v2\/product_cat?post=2070"},{"taxonomy":"product_tag","embeddable":true,"href":"https:\/\/www.lebeipackaging.com\/de\/wp-json\/wp\/v2\/product_tag?post=2070"}],"curies":[{"name":"wp","href":"https:\/\/api.w.org\/{rel}","templated":true}]}}