{"id":2119,"date":"2025-09-26T06:52:25","date_gmt":"2025-09-26T06:52:25","guid":{"rendered":"https:\/\/www.lebeipackaging.com\/?post_type=product&#038;p=2119"},"modified":"2025-09-26T06:55:35","modified_gmt":"2025-09-26T06:55:35","slug":"custom-side-gusset-coffee-bags-with-valve","status":"publish","type":"product","link":"https:\/\/www.lebeipackaging.com\/de\/product\/custom-side-gusset-coffee-bags-with-valve\/","title":{"rendered":"Individuelle Seitenfalten-Kaffees\u00e4cke mit Ventil"},"content":{"rendered":"<h2 class=\"wp-block-heading\">Merkmale der Custom Side Gusset Coffee Bags mit Ventil<\/h2>\n\n\n\n<p><strong>Unterst\u00fctzt ma\u00dfgeschneiderte Anpassungen<\/strong><br>Fassungsverm\u00f6gen und Muster k\u00f6nnen je nach Bedarf nach Gr\u00f6\u00dfe gestaltet werden, und die Hei\u00dfpr\u00e4getechnik kann eingesetzt werden, um der Marke ein hochwertiges und einzigartiges Image der Kaffeeverpackung zu verleihen.<\/p>\n\n\n\n<p><strong>Wasserdicht und haltbar, bewahrt die Frische<\/strong><br>Durch den Einsatz von Hochbarrierematerial und einer Hei\u00dfsiegelstruktur wird eine effiziente Isolierung von Wasserdampf erreicht und die Frische und der Duft von Kaffeepulver und -bohnen erhalten.<\/p>\n\n\n\n<p><strong>Auswahlm\u00f6glichkeiten mit mehreren Fassungsverm\u00f6gen<\/strong><br>Wir bieten normale Spezifikationen wie 250g, 500g, 1kg und bieten nicht-normale Kapazit\u00e4tsanpassungen, um Kaffeeprodukte verschiedener Gr\u00f6\u00dfen zu verpacken.<\/p>\n\n\n\n<p><strong>Gro\u00dfe Kapazit\u00e4t<\/strong><br>Das Seitenfalten-Design bietet ein hohes F\u00fcllvolumen bei geringer Gr\u00f6\u00dfe f\u00fcr einfache Lagerung und Pr\u00e4sentation.<\/p>\n\n\n\n<p><strong>Bestehen verschiedener internationaler Zertifizierungen<\/strong><br>Die Standards f\u00fcr Lebensmittelsicherheit und -qualit\u00e4t, wie BRC-, ISO-, QS- und HACCP-konforme Verpackungsbeutel, erleichtern den Export und die F\u00f6rderung von M\u00e4rkten mit hohen Standards.<\/p>\n\n\n\n<p><strong>Eingebautes Ventil<\/strong><br>Dank der Einweg-Entgasungsventiltechnologie entgasen diese Beutel \u00fcbersch\u00fcssige Gase aus frisch ger\u00f6steten Kaffeebohnen, ohne Luft einzulassen, und erhalten so die Frische Ihres Kaffees.<\/p>\n\n\n\n<div class=\"wp-block-columns is-layout-flex wp-container-core-columns-is-layout-9d6595d7 wp-block-columns-is-layout-flex\">\n<div class=\"wp-block-column is-layout-flow wp-block-column-is-layout-flow\">\n<figure class=\"wp-block-image size-full\"><img decoding=\"async\" width=\"640\" height=\"640\" src=\"https:\/\/www.lebeipackaging.com\/wp-content\/uploads\/2025\/09\/Custom-Side-Gusset-Coffee-Bags-with-Valve-6.webp\" alt=\"Kundenspezifische-Seitenfalten-Kaffeebeutel-mit-Ventil-6\" class=\"wp-image-2319\" srcset=\"https:\/\/www.lebeipackaging.com\/wp-content\/uploads\/2025\/09\/Custom-Side-Gusset-Coffee-Bags-with-Valve-6.webp 640w, https:\/\/www.lebeipackaging.com\/wp-content\/uploads\/2025\/09\/Custom-Side-Gusset-Coffee-Bags-with-Valve-6-300x300.webp 300w, https:\/\/www.lebeipackaging.com\/wp-content\/uploads\/2025\/09\/Custom-Side-Gusset-Coffee-Bags-with-Valve-6-150x150.webp 150w, https:\/\/www.lebeipackaging.com\/wp-content\/uploads\/2025\/09\/Custom-Side-Gusset-Coffee-Bags-with-Valve-6-12x12.webp 12w, https:\/\/www.lebeipackaging.com\/wp-content\/uploads\/2025\/09\/Custom-Side-Gusset-Coffee-Bags-with-Valve-6-600x600.webp 600w, https:\/\/www.lebeipackaging.com\/wp-content\/uploads\/2025\/09\/Custom-Side-Gusset-Coffee-Bags-with-Valve-6-100x100.webp 100w\" sizes=\"(max-width: 640px) 100vw, 640px\" \/><\/figure>\n\n\n\n<h2 class=\"wp-block-heading has-text-align-center\"><strong>Ventil<\/strong><\/h2>\n\n\n\n<p class=\"has-text-align-center\">Einweg-Entgasungsventil h\u00e4lt den Kaffee frisch und gew\u00e4hrleistet die Sicherheit der Verpackung<\/p>\n<\/div>\n\n\n\n<div class=\"wp-block-column is-layout-flow wp-block-column-is-layout-flow\">\n<figure class=\"wp-block-image size-full\"><img decoding=\"async\" width=\"640\" height=\"640\" src=\"https:\/\/www.lebeipackaging.com\/wp-content\/uploads\/2025\/09\/Custom-Side-Gusset-Coffee-Bags-with-Valve-2.webp\" alt=\"Kundenspezifische-Seitenfalten-Kaffeebeutel-mit-Ventil-2\" class=\"wp-image-2316\" srcset=\"https:\/\/www.lebeipackaging.com\/wp-content\/uploads\/2025\/09\/Custom-Side-Gusset-Coffee-Bags-with-Valve-2.webp 640w, https:\/\/www.lebeipackaging.com\/wp-content\/uploads\/2025\/09\/Custom-Side-Gusset-Coffee-Bags-with-Valve-2-300x300.webp 300w, https:\/\/www.lebeipackaging.com\/wp-content\/uploads\/2025\/09\/Custom-Side-Gusset-Coffee-Bags-with-Valve-2-150x150.webp 150w, https:\/\/www.lebeipackaging.com\/wp-content\/uploads\/2025\/09\/Custom-Side-Gusset-Coffee-Bags-with-Valve-2-12x12.webp 12w, https:\/\/www.lebeipackaging.com\/wp-content\/uploads\/2025\/09\/Custom-Side-Gusset-Coffee-Bags-with-Valve-2-600x600.webp 600w, https:\/\/www.lebeipackaging.com\/wp-content\/uploads\/2025\/09\/Custom-Side-Gusset-Coffee-Bags-with-Valve-2-100x100.webp 100w\" sizes=\"(max-width: 640px) 100vw, 640px\" \/><\/figure>\n\n\n\n<h2 class=\"wp-block-heading has-text-align-center\"><strong>Seitenfaltenbeutel<\/strong><\/h2>\n\n\n\n<p class=\"has-text-align-center\">Kann mit weiteren Lebensmitteln gef\u00fcllt werden.<strong><br><\/strong><\/p>\n<\/div>\n<\/div>\n\n\n\n<p><\/p>","protected":false},"excerpt":{"rendered":"<article class=\"text-token-text-primary w-full\" dir=\"auto\" data-testid=\"conversation-turn-2\" data-scroll-anchor=\"true\">\n<div class=\"text-base my-auto mx-auto py-5 [--thread-content-margin:--spacing(4)] @[37rem]:[--thread-content-margin:--spacing(6)] @[72rem]:[--thread-content-margin:--spacing(16)] px-(--thread-content-margin)\">\n<div class=\"[--thread-content-max-width:32rem] @[34rem]:[--thread-content-max-width:40rem] @[64rem]:[--thread-content-max-width:48rem] mx-auto flex max-w-(--thread-content-max-width) flex-1 text-base gap-4 md:gap-5 lg:gap-6 group\/turn-messages focus-visible:outline-hidden\">\n<div class=\"group\/conversation-turn relative flex w-full min-w-0 flex-col agent-turn\">\n<div class=\"relative flex-col gap-1 md:gap-3\">\n<div class=\"flex max-w-full flex-col grow\">\n<div class=\"min-h-8 text-message relative flex w-full flex-col items-end gap-2 text-start break-words whitespace-normal [.text-message+&amp;]:mt-5\" dir=\"auto\" data-message-author-role=\"assistant\" data-message-id=\"601dc105-1a20-4d41-b026-a096271ed355\" data-message-model-slug=\"gpt-4-1-mini\">\n<div class=\"flex w-full flex-col gap-1 empty:hidden first:pt-[3px]\">\n<div class=\"markdown prose dark:prose-invert w-full break-words light\">\n<p data-start=\"0\" data-end=\"282\" data-is-last-node=\"\" data-is-only-node=\"\">Custom side gusset coffee bags with valve offer a premium and elegant packaging solution that enhances brand visibility and preserves coffee freshness. Made from durable materials, these bags combine functionality with a luxurious touch, perfect for specialty coffee brands.<\/p>\n<\/div>\n<\/div>\n<\/div>\n<\/div>\n<\/div>\n<\/div>\n<\/div>\n<\/div>\n<\/article>\n<table style=\"border-collapse: collapse; width: 518px; height: 318px;\" border=\"0\" width=\"293\" cellspacing=\"0\" cellpadding=\"0\">\n<tbody>\n<tr style=\"height: 17.00pt;\">\n<td class=\"et2\" style=\"height: 17.00pt; width: 102.45pt;\" width=\"102\" height=\"17\">Manufacturer<\/td>\n<td class=\"et2\" style=\"width: 190.80pt;\" width=\"190\">Lebei<\/td>\n<\/tr>\n<tr style=\"height: 17.00pt;\">\n<td class=\"et2\" style=\"height: 17.00pt; width: 102.45pt;\" width=\"102\" height=\"17\">Pouch Types<\/td>\n<td class=\"et3\" style=\"width: 190.80pt;\" width=\"190\">Side Gusset Bag<\/td>\n<\/tr>\n<tr style=\"height: 17.00pt;\">\n<td class=\"et2\" style=\"height: 17.00pt; width: 102.45pt;\" width=\"102\" height=\"17\">Material<\/td>\n<td class=\"et3\" style=\"width: 190.80pt;\" width=\"190\">PET\/VMPET\/PE, PET\/AL\/PE, or customized<\/td>\n<\/tr>\n<tr style=\"height: 17.00pt;\">\n<td class=\"et2\" style=\"height: 17.00pt; width: 102.45pt;\" width=\"102\" height=\"17\">Sealing &amp; Handle<\/td>\n<td class=\"et3\" style=\"width: 190.80pt;\" width=\"190\">Heat Seal<\/td>\n<\/tr>\n<tr style=\"height: 17.00pt;\">\n<td class=\"et2\" style=\"height: 17.00pt; width: 102.45pt;\" width=\"102\" height=\"17\">Surface Handling<\/td>\n<td class=\"et3\" style=\"width: 190.80pt;\" width=\"190\">Gravure printing<\/td>\n<\/tr>\n<tr style=\"height: 17.00pt;\">\n<td class=\"et2\" style=\"height: 17.00pt; width: 102.45pt;\" width=\"102\" height=\"17\">Color<\/td>\n<td class=\"et3\" style=\"width: 190.80pt;\" width=\"190\">Blue&amp;White(Customizable)<\/td>\n<\/tr>\n<tr style=\"height: 17.00pt;\">\n<td class=\"et2\" style=\"height: 17.00pt; width: 102.45pt;\" width=\"102\" height=\"17\">Usage<\/td>\n<td class=\"et3\" style=\"width: 190.80pt;\" width=\"190\">Coffee Packaging Bags\u00a0<\/td>\n<\/tr>\n<tr style=\"height: 34.00pt;\">\n<td class=\"et2\" style=\"height: 34.00pt; width: 102.45pt;\" width=\"102\" height=\"34\">MOQ<\/td>\n<td class=\"et3\" style=\"width: 190.80pt;\" width=\"190\">Customized Pouch: 10,000 pcs (Recommend 30,000+ for better price)<\/td>\n<\/tr>\n<tr style=\"height: 34.00pt;\">\n<td class=\"et2\" style=\"height: 34.00pt; width: 102.45pt;\" width=\"102\" height=\"34\">Custom Order<\/td>\n<td class=\"et3\" style=\"width: 190.80pt;\" width=\"190\">Accept OEM &amp; ODM, Support Free Sample<\/td>\n<\/tr>\n<\/tbody>\n<\/table>\n","protected":false},"featured_media":2314,"comment_status":"closed","ping_status":"closed","template":"","meta":{"_acf_changed":false},"application":[20],"product_brand":[],"product_cat":[38],"product_tag":[],"class_list":{"0":"post-2119","1":"product","2":"type-product","3":"status-publish","4":"has-post-thumbnail","6":"application-custom-coffee-packaging-bag","7":"product_cat-custom-side-gusset-bag","9":"first","10":"instock","11":"shipping-taxable","12":"product-type-simple"},"acf":[],"_links":{"self":[{"href":"https:\/\/www.lebeipackaging.com\/de\/wp-json\/wp\/v2\/product\/2119","targetHints":{"allow":["GET"]}}],"collection":[{"href":"https:\/\/www.lebeipackaging.com\/de\/wp-json\/wp\/v2\/product"}],"about":[{"href":"https:\/\/www.lebeipackaging.com\/de\/wp-json\/wp\/v2\/types\/product"}],"replies":[{"embeddable":true,"href":"https:\/\/www.lebeipackaging.com\/de\/wp-json\/wp\/v2\/comments?post=2119"}],"wp:featuredmedia":[{"embeddable":true,"href":"https:\/\/www.lebeipackaging.com\/de\/wp-json\/wp\/v2\/media\/2314"}],"wp:attachment":[{"href":"https:\/\/www.lebeipackaging.com\/de\/wp-json\/wp\/v2\/media?parent=2119"}],"wp:term":[{"taxonomy":"application","embeddable":true,"href":"https:\/\/www.lebeipackaging.com\/de\/wp-json\/wp\/v2\/application?post=2119"},{"taxonomy":"product_brand","embeddable":true,"href":"https:\/\/www.lebeipackaging.com\/de\/wp-json\/wp\/v2\/product_brand?post=2119"},{"taxonomy":"product_cat","embeddable":true,"href":"https:\/\/www.lebeipackaging.com\/de\/wp-json\/wp\/v2\/product_cat?post=2119"},{"taxonomy":"product_tag","embeddable":true,"href":"https:\/\/www.lebeipackaging.com\/de\/wp-json\/wp\/v2\/product_tag?post=2119"}],"curies":[{"name":"wp","href":"https:\/\/api.w.org\/{rel}","templated":true}]}}