{"id":2241,"date":"2025-09-26T03:51:44","date_gmt":"2025-09-26T03:51:44","guid":{"rendered":"https:\/\/www.lebeipackaging.com\/?post_type=product&#038;p=2241"},"modified":"2025-09-26T08:02:11","modified_gmt":"2025-09-26T08:02:11","slug":"custom-printed-coffee-pouch-with-zipper","status":"publish","type":"product","link":"https:\/\/www.lebeipackaging.com\/de\/product\/custom-printed-coffee-pouch-with-zipper\/","title":{"rendered":"Individuell bedruckter Kaffeebeutel mit Rei\u00dfverschluss"},"content":{"rendered":"<h2 class=\"wp-block-heading\">Merkmale des individuell bedruckten Kaffeebeutels mit Rei\u00dfverschluss<\/h2>\n\n\n\n<p><strong>Selbsttragende Struktur mit flachem Boden<\/strong><br>Stabile 8-Seiten-Dichtungen mit flachem Boden sorgen f\u00fcr einen festen Stand und perfekte Pr\u00e4senz im Regal.<\/p>\n\n\n\n<p><strong>Dreischichtige Hochbarrierestruktur<\/strong><br>Das mehrschichtige MOPP\/VMPET\/PE-Verbundmaterial bietet eine hervorragende Barriere gegen Licht, Sauerstoff und Feuchtigkeit.<\/p>\n\n\n\n<p><strong>Starke Abdichtung und feuchtigkeitsdichte Leistung<\/strong><br>Die einzigartige Versiegelungstechnologie und das feuchtigkeitsdichte Design erhalten das Aroma, den Geschmack und den N\u00e4hrwert der Lebensmittel und gew\u00e4hrleisten die Frische und hohe Qualit\u00e4t der Lebensmittel.<\/p>\n\n\n\n<p><strong>Umweltfreundlich und nachhaltig<\/strong><br>Verwendung umweltfreundlicher Materialien im Einklang mit dem Konzept der nachhaltigen Entwicklung und Verringerung der Umweltbelastung durch herk\u00f6mmliche Kunststoffverpackungen.<\/p>\n\n\n\n<p><strong>Unterst\u00fctzung exklusiver Anpassungen<\/strong><br>Es gibt eine Vielzahl von Anpassungsm\u00f6glichkeiten in Bezug auf Gr\u00f6\u00dfe, Dicke, Druckdesign und Markenlogo. Mit dem Tiefdruckverfahren k\u00f6nnen hochwertige Bilder erzeugt werden, und die Kunden k\u00f6nnen ihre eigene Markenverpackung entwerfen und die Wettbewerbsf\u00e4higkeit auf dem Markt verbessern.<\/p>\n\n\n\n<div class=\"wp-block-columns is-layout-flex wp-container-core-columns-is-layout-9d6595d7 wp-block-columns-is-layout-flex\">\n<div class=\"wp-block-column is-layout-flow wp-block-column-is-layout-flow\"><div class=\"wp-block-image\">\n<figure class=\"aligncenter size-full\"><img decoding=\"async\" width=\"640\" height=\"640\" src=\"https:\/\/www.lebeipackaging.com\/wp-content\/uploads\/2025\/09\/Custom-Printed-Coffee-Pouch-with-Zipper-3.webp\" alt=\"Individuell bedruckte Kaffeetasche-mit-Rei\u00dfverschluss\" class=\"wp-image-2245\" srcset=\"https:\/\/www.lebeipackaging.com\/wp-content\/uploads\/2025\/09\/Custom-Printed-Coffee-Pouch-with-Zipper-3.webp 640w, https:\/\/www.lebeipackaging.com\/wp-content\/uploads\/2025\/09\/Custom-Printed-Coffee-Pouch-with-Zipper-3-300x300.webp 300w, https:\/\/www.lebeipackaging.com\/wp-content\/uploads\/2025\/09\/Custom-Printed-Coffee-Pouch-with-Zipper-3-150x150.webp 150w, https:\/\/www.lebeipackaging.com\/wp-content\/uploads\/2025\/09\/Custom-Printed-Coffee-Pouch-with-Zipper-3-12x12.webp 12w, https:\/\/www.lebeipackaging.com\/wp-content\/uploads\/2025\/09\/Custom-Printed-Coffee-Pouch-with-Zipper-3-600x600.webp 600w, https:\/\/www.lebeipackaging.com\/wp-content\/uploads\/2025\/09\/Custom-Printed-Coffee-Pouch-with-Zipper-3-100x100.webp 100w\" sizes=\"(max-width: 640px) 100vw, 640px\" \/><\/figure>\n<\/div>\n\n\n<h2 class=\"wp-block-heading has-text-align-center\"><strong>Quadratischer Boden <\/strong><\/h2>\n\n\n\n<p class=\"has-text-align-center\">Kann stabil stehen und stellt die Tasche eindrucksvoll in das Verkaufsregal.<\/p>\n<\/div>\n<\/div>","protected":false},"excerpt":{"rendered":"<p>Individuell bedruckter Kaffeebeutel mit Rei\u00dfverschluss, hergestellt aus haltbaren Materialien, um den Kaffee frisch und aromatisch zu halten. Der wiederverschlie\u00dfbare Rei\u00dfverschluss sorgt f\u00fcr Bequemlichkeit und bietet eine vollst\u00e4ndige Individualisierung f\u00fcr das Branding, wodurch er sich ideal f\u00fcr die Verpackung von Kaffeespezialit\u00e4ten oder die Pr\u00e4sentation im Einzelhandel eignet.<\/p>\n<table style=\"border-collapse: collapse; width: 518px; height: 318px;\" border=\"0\" width=\"293\" cellspacing=\"0\" cellpadding=\"0\">\n<tbody>\n<tr style=\"height: 17.00pt;\">\n<td class=\"et2\" style=\"height: 17.00pt; width: 102.45pt;\" width=\"102\" height=\"17\">Hersteller<\/td>\n<td class=\"et2\" style=\"width: 190.80pt;\" width=\"190\">Lebei<\/td>\n<\/tr>\n<tr style=\"height: 17.00pt;\">\n<td class=\"et2\" style=\"height: 17.00pt; width: 102.45pt;\" width=\"102\" height=\"17\">Arten von Beuteln<\/td>\n<td class=\"et3\" style=\"width: 190.80pt;\" width=\"190\">8 Flacher Bodenbeutel mit Seitenverschluss<\/td>\n<\/tr>\n<tr style=\"height: 17.00pt;\">\n<td class=\"et2\" style=\"height: 17.00pt; width: 102.45pt;\" width=\"102\" height=\"17\">Material<\/td>\n<td class=\"et3\" style=\"width: 190.80pt;\" width=\"190\">MOPP\/VMPET\/PE oder kundenspezifisch<\/td>\n<\/tr>\n<tr style=\"height: 17.00pt;\">\n<td class=\"et2\" style=\"height: 17.00pt; width: 102.45pt;\" width=\"102\" height=\"17\">Besonderes Merkmal<\/td>\n<td class=\"et3\" style=\"width: 190.80pt;\" width=\"190\">Oberteil mit Rei\u00dfverschluss<\/td>\n<\/tr>\n<tr style=\"height: 17.00pt;\">\n<td class=\"et2\" style=\"height: 17.00pt; width: 102.45pt;\" width=\"102\" height=\"17\">Handhabung der Oberfl\u00e4che<\/td>\n<td class=\"et3\" style=\"width: 190.80pt;\" width=\"190\">Tiefdruck<\/td>\n<\/tr>\n<tr style=\"height: 17.00pt;\">\n<td class=\"et2\" style=\"height: 17.00pt; width: 102.45pt;\" width=\"102\" height=\"17\">Farbe<\/td>\n<td class=\"et3\" style=\"width: 190.80pt;\" width=\"190\">Blau &amp; Gr\u00fcn (anpassbar)<\/td>\n<\/tr>\n<tr style=\"height: 17.00pt;\">\n<td class=\"et2\" style=\"height: 17.00pt; width: 102.45pt;\" width=\"102\" height=\"17\">Verwendung<\/td>\n<td class=\"et3\" style=\"width: 190.80pt;\" width=\"190\">Verpackungsbeutel f\u00fcr Lebensmittel (Gew\u00fcrze, Getreide usw.)<\/td>\n<\/tr>\n<tr style=\"height: 34.00pt;\">\n<td class=\"et2\" style=\"height: 34.00pt; width: 102.45pt;\" width=\"102\" height=\"34\">MOQ<\/td>\n<td class=\"et3\" style=\"width: 190.80pt;\" width=\"190\">Kundenspezifischer Beutel: 10.000 St\u00fcck (f\u00fcr einen besseren Preis empfehlen wir 30.000+)<\/td>\n<\/tr>\n<tr style=\"height: 34.00pt;\">\n<td class=\"et2\" style=\"height: 34.00pt; width: 102.45pt;\" width=\"102\" height=\"34\">Individuelle Bestellung<\/td>\n<td class=\"et3\" style=\"width: 190.80pt;\" width=\"190\">Akzeptieren Sie OEM &amp; ODM, unterst\u00fctzen Sie freie Probe<\/td>\n<\/tr>\n<\/tbody>\n<\/table>","protected":false},"featured_media":2243,"comment_status":"closed","ping_status":"closed","template":"","meta":{"_acf_changed":false},"application":[20],"product_brand":[],"product_cat":[40],"product_tag":[],"class_list":{"0":"post-2241","1":"product","2":"type-product","3":"status-publish","4":"has-post-thumbnail","6":"application-custom-coffee-packaging-bag","7":"product_cat-custom-flat-bottom-pouch","9":"first","10":"instock","11":"shipping-taxable","12":"product-type-simple"},"acf":[],"_links":{"self":[{"href":"https:\/\/www.lebeipackaging.com\/de\/wp-json\/wp\/v2\/product\/2241","targetHints":{"allow":["GET"]}}],"collection":[{"href":"https:\/\/www.lebeipackaging.com\/de\/wp-json\/wp\/v2\/product"}],"about":[{"href":"https:\/\/www.lebeipackaging.com\/de\/wp-json\/wp\/v2\/types\/product"}],"replies":[{"embeddable":true,"href":"https:\/\/www.lebeipackaging.com\/de\/wp-json\/wp\/v2\/comments?post=2241"}],"wp:featuredmedia":[{"embeddable":true,"href":"https:\/\/www.lebeipackaging.com\/de\/wp-json\/wp\/v2\/media\/2243"}],"wp:attachment":[{"href":"https:\/\/www.lebeipackaging.com\/de\/wp-json\/wp\/v2\/media?parent=2241"}],"wp:term":[{"taxonomy":"application","embeddable":true,"href":"https:\/\/www.lebeipackaging.com\/de\/wp-json\/wp\/v2\/application?post=2241"},{"taxonomy":"product_brand","embeddable":true,"href":"https:\/\/www.lebeipackaging.com\/de\/wp-json\/wp\/v2\/product_brand?post=2241"},{"taxonomy":"product_cat","embeddable":true,"href":"https:\/\/www.lebeipackaging.com\/de\/wp-json\/wp\/v2\/product_cat?post=2241"},{"taxonomy":"product_tag","embeddable":true,"href":"https:\/\/www.lebeipackaging.com\/de\/wp-json\/wp\/v2\/product_tag?post=2241"}],"curies":[{"name":"wp","href":"https:\/\/api.w.org\/{rel}","templated":true}]}}