{"id":2377,"date":"2025-10-08T01:28:03","date_gmt":"2025-10-08T01:28:03","guid":{"rendered":"https:\/\/www.lebeipackaging.com\/?post_type=product&#038;p=2377"},"modified":"2025-10-08T01:28:09","modified_gmt":"2025-10-08T01:28:09","slug":"custom-kraft-paper-pouch-with-window-for-food-nuts","status":"publish","type":"product","link":"https:\/\/www.lebeipackaging.com\/de\/product\/custom-kraft-paper-pouch-with-window-for-food-nuts\/","title":{"rendered":"Individueller Kraftpapierbeutel mit Fenster f\u00fcr N\u00fcsse"},"content":{"rendered":"<h2 class=\"wp-block-heading\">Merkmale der individuellen Kraftpapiertasche mit Fenster<\/h2>\n\n\n\n<p><strong>Umweltfreundliches Kraftpapier<\/strong> - Hergestellt aus nachhaltigem, recycelbarem Kraftpapier, das eine umweltbewusste Verpackungsl\u00f6sung darstellt.<\/p>\n\n\n\n<p><strong><strong>Klares Fenster f\u00fcr Sichtbarkeit<\/strong><\/strong> - Durch das transparente Fenster k\u00f6nnen die Kunden den Inhalt sehen, was die Attraktivit\u00e4t und das Vertrauen in das Produkt erh\u00f6ht.<\/p>\n\n\n\n<p><strong>Lebensmittelsicher &amp; langlebig<\/strong> - Hergestellt aus lebensmittelechten Materialien, die die Sicherheit und Frische von N\u00fcssen, Snacks und anderen Lebensmitteln gew\u00e4hrleisten.<\/p>\n\n\n\n<p><strong><strong>Stehendes Design<\/strong><\/strong> - Das Design des Standbeutels sorgt f\u00fcr Stabilit\u00e4t, so dass er leicht in Regalen ausgestellt und gelagert werden kann.<\/p>\n\n\n\n<p><strong>Wiederverschlie\u00dfbarer Verschluss<\/strong> - Ausgestattet mit einem wiederverschlie\u00dfbaren Deckel, bietet dieses Produkt Komfort f\u00fcr die Kunden und h\u00e4lt den Inhalt l\u00e4nger frisch.<\/p>\n\n\n\n<p><strong>Vielseitig und bequem<\/strong> - Ideal f\u00fcr eine Vielzahl von Lebensmitteln, einschlie\u00dflich N\u00fcsse, Trockenfr\u00fcchte und Snacks, mit einem kompakten und benutzerfreundlichen Design.<\/p>\n\n\n\n<div class=\"wp-block-columns is-layout-flex wp-container-core-columns-is-layout-9d6595d7 wp-block-columns-is-layout-flex\">\n<div class=\"wp-block-column is-layout-flow wp-block-column-is-layout-flow\">\n<figure class=\"wp-block-image size-full\"><img decoding=\"async\" width=\"640\" height=\"640\" src=\"https:\/\/www.lebeipackaging.com\/wp-content\/uploads\/2025\/10\/Custom-Kraft-Paper-Pouch-with-Window-for-Food-Nuts-7.webp\" alt=\"Benutzerdefinierte-Kraft-Papier-Tasche-mit-Fenster-f\u00fcr-Lebensmittel-N\u00fcsse-7\" class=\"wp-image-2407\" srcset=\"https:\/\/www.lebeipackaging.com\/wp-content\/uploads\/2025\/10\/Custom-Kraft-Paper-Pouch-with-Window-for-Food-Nuts-7.webp 640w, https:\/\/www.lebeipackaging.com\/wp-content\/uploads\/2025\/10\/Custom-Kraft-Paper-Pouch-with-Window-for-Food-Nuts-7-300x300.webp 300w, https:\/\/www.lebeipackaging.com\/wp-content\/uploads\/2025\/10\/Custom-Kraft-Paper-Pouch-with-Window-for-Food-Nuts-7-150x150.webp 150w, https:\/\/www.lebeipackaging.com\/wp-content\/uploads\/2025\/10\/Custom-Kraft-Paper-Pouch-with-Window-for-Food-Nuts-7-12x12.webp 12w, https:\/\/www.lebeipackaging.com\/wp-content\/uploads\/2025\/10\/Custom-Kraft-Paper-Pouch-with-Window-for-Food-Nuts-7-600x600.webp 600w, https:\/\/www.lebeipackaging.com\/wp-content\/uploads\/2025\/10\/Custom-Kraft-Paper-Pouch-with-Window-for-Food-Nuts-7-100x100.webp 100w\" sizes=\"(max-width: 640px) 100vw, 640px\" \/><\/figure>\n\n\n\n<h2 class=\"wp-block-heading alignwide has-text-align-center\"><strong>Rei\u00dfen &amp; Rei\u00dfverschl\u00fcsse<\/strong><\/h2>\n\n\n\n<p>Leicht zu \u00f6ffnen, schneiden Sie die Tasche leicht durch den Benutzer zu \u00f6ffnen.<\/p>\n<\/div>\n\n\n\n<div class=\"wp-block-column is-layout-flow wp-block-column-is-layout-flow\">\n<figure class=\"wp-block-image size-full\"><img decoding=\"async\" width=\"640\" height=\"640\" src=\"https:\/\/www.lebeipackaging.com\/wp-content\/uploads\/2025\/10\/Custom-Kraft-Paper-Pouch-with-Window-for-Food-Nuts-5.webp\" alt=\"Benutzerdefinierte-Kraft-Papier-Tasche-mit-Fenster-f\u00fcr-Lebensmittel-N\u00fcsse-5\" class=\"wp-image-2405\" srcset=\"https:\/\/www.lebeipackaging.com\/wp-content\/uploads\/2025\/10\/Custom-Kraft-Paper-Pouch-with-Window-for-Food-Nuts-5.webp 640w, https:\/\/www.lebeipackaging.com\/wp-content\/uploads\/2025\/10\/Custom-Kraft-Paper-Pouch-with-Window-for-Food-Nuts-5-300x300.webp 300w, https:\/\/www.lebeipackaging.com\/wp-content\/uploads\/2025\/10\/Custom-Kraft-Paper-Pouch-with-Window-for-Food-Nuts-5-150x150.webp 150w, https:\/\/www.lebeipackaging.com\/wp-content\/uploads\/2025\/10\/Custom-Kraft-Paper-Pouch-with-Window-for-Food-Nuts-5-12x12.webp 12w, https:\/\/www.lebeipackaging.com\/wp-content\/uploads\/2025\/10\/Custom-Kraft-Paper-Pouch-with-Window-for-Food-Nuts-5-600x600.webp 600w, https:\/\/www.lebeipackaging.com\/wp-content\/uploads\/2025\/10\/Custom-Kraft-Paper-Pouch-with-Window-for-Food-Nuts-5-100x100.webp 100w\" sizes=\"(max-width: 640px) 100vw, 640px\" \/><\/figure>\n\n\n\n<h2 class=\"wp-block-heading has-text-align-center\"><strong>Stehaufm\u00e4nnchen-Form<\/strong><\/h2>\n\n\n\n<p>Kann stabil stehen und die Tasche eindrucksvoll im Verkaufsregal platzieren.<\/p>\n<\/div>\n<\/div>\n\n\n\n<p><\/p>","protected":false},"excerpt":{"rendered":"<article class=\"text-token-text-primary w-full focus:outline-none scroll-mt-[calc(var(--header-height)+min(200px,max(70px,20svh)))]\" dir=\"auto\" data-testid=\"conversation-turn-20\" data-scroll-anchor=\"true\" data-turn=\"assistant\">\n<div class=\"text-base my-auto mx-auto pb-10 [--thread-content-margin:--spacing(4)] @[37rem]:[--thread-content-margin:--spacing(6)] @[72rem]:[--thread-content-margin:--spacing(16)] px-(--thread-content-margin)\">\n<div class=\"[--thread-content-max-width:32rem] @[34rem]:[--thread-content-max-width:40rem] @[64rem]:[--thread-content-max-width:48rem] mx-auto max-w-(--thread-content-max-width) flex-1 group\/turn-messages focus-visible:outline-hidden relative flex w-full min-w-0 flex-col agent-turn\">\n<div class=\"flex max-w-full flex-col grow\">\n<div class=\"min-h-8 text-message relative flex w-full flex-col items-end gap-2 text-start break-words whitespace-normal [.text-message+&amp;]:mt-5\" dir=\"auto\" data-message-author-role=\"assistant\" data-message-id=\"d6132127-bac2-4651-92fe-707ec6ecbca1\" data-message-model-slug=\"gpt-4o\">\n<div class=\"flex w-full flex-col gap-1 empty:hidden first:pt-[3px]\">\n<div class=\"markdown prose dark:prose-invert w-full break-words light\">\n<p data-start=\"0\" data-end=\"266\" data-is-last-node=\"\" data-is-only-node=\"\">Custom kraft paper pouch with window for food nuts offers an eco-friendly and practical packaging solution. The clear window shows product freshness, while the kraft paper ensures durability and food safety \u2014 perfect for nuts, snacks, and dry foods.<\/p>\n<\/div>\n<\/div>\n<\/div>\n<\/div>\n<\/div>\n<\/div>\n<\/article>\n<div class=\"pointer-events-none h-px w-px\" aria-hidden=\"true\" data-edge=\"true\">\u00a0<\/div>\n<table style=\"border-collapse: collapse; width: 518px; height: 318px;\" border=\"0\" width=\"293\" cellspacing=\"0\" cellpadding=\"0\">\n<tbody>\n<tr style=\"height: 17.00pt;\">\n<td class=\"et2\" style=\"height: 17.00pt; width: 102.45pt;\" width=\"102\" height=\"17\">Manufacturer<\/td>\n<td class=\"et2\" style=\"width: 190.80pt;\" width=\"190\">Lebei<\/td>\n<\/tr>\n<tr style=\"height: 17.00pt;\">\n<td class=\"et2\" style=\"height: 17.00pt; width: 102.45pt;\" width=\"102\" height=\"17\">Pouch Types<\/td>\n<td class=\"et3\" style=\"width: 190.80pt;\" width=\"190\">Stand Up Pouch<\/td>\n<\/tr>\n<tr style=\"height: 17.00pt;\">\n<td class=\"et2\" style=\"height: 17.00pt; width: 102.45pt;\" width=\"102\" height=\"17\">Material<\/td>\n<td class=\"et3\" style=\"width: 190.80pt;\" width=\"190\">PET\/Kraft\/PET\/PE or customized<\/td>\n<\/tr>\n<tr style=\"height: 17.00pt;\">\n<td class=\"et2\" style=\"height: 17.00pt; width: 102.45pt;\" width=\"102\" height=\"17\">Special Feature<\/td>\n<td class=\"et3\" style=\"width: 190.80pt;\" width=\"190\">Moisture Proof, Zipper Top<\/td>\n<\/tr>\n<tr style=\"height: 17.00pt;\">\n<td class=\"et2\" style=\"height: 17.00pt; width: 102.45pt;\" width=\"102\" height=\"17\">Surface Handling<\/td>\n<td class=\"et3\" style=\"width: 190.80pt;\" width=\"190\">Gravure printing<\/td>\n<\/tr>\n<tr style=\"height: 17.00pt;\">\n<td class=\"et2\" style=\"height: 17.00pt; width: 102.45pt;\" width=\"102\" height=\"17\">Color<\/td>\n<td class=\"et3\" style=\"width: 190.80pt;\" width=\"190\">GreenCustomizable)<\/td>\n<\/tr>\n<tr style=\"height: 17.00pt;\">\n<td class=\"et2\" style=\"height: 17.00pt; width: 102.45pt;\" width=\"102\" height=\"17\">Usage<\/td>\n<td class=\"et3\" style=\"width: 190.80pt;\" width=\"190\">Food Packaging Bags (Nuts, Snacks, etc.)<\/td>\n<\/tr>\n<tr style=\"height: 34.00pt;\">\n<td class=\"et2\" style=\"height: 34.00pt; width: 102.45pt;\" width=\"102\" height=\"34\">MOQ<\/td>\n<td class=\"et3\" style=\"width: 190.80pt;\" width=\"190\">Customized Pouch: 10,000 pcs (Recommend 30,000+ for better price)<\/td>\n<\/tr>\n<tr style=\"height: 34.00pt;\">\n<td class=\"et2\" style=\"height: 34.00pt; width: 102.45pt;\" width=\"102\" height=\"34\">Custom Order<\/td>\n<td class=\"et3\" style=\"width: 190.80pt;\" width=\"190\">Accept OEM &amp; ODM, Support Free Sample<\/td>\n<\/tr>\n<\/tbody>\n<\/table>\n","protected":false},"featured_media":2401,"comment_status":"closed","ping_status":"closed","template":"","meta":{"_acf_changed":false},"application":[26],"product_brand":[],"product_cat":[41],"product_tag":[],"class_list":{"0":"post-2377","1":"product","2":"type-product","3":"status-publish","4":"has-post-thumbnail","6":"application-custom-nuts-packaging","7":"product_cat-stand-up-pouch-manufacturer","9":"first","10":"instock","11":"shipping-taxable","12":"product-type-simple"},"acf":[],"_links":{"self":[{"href":"https:\/\/www.lebeipackaging.com\/de\/wp-json\/wp\/v2\/product\/2377","targetHints":{"allow":["GET"]}}],"collection":[{"href":"https:\/\/www.lebeipackaging.com\/de\/wp-json\/wp\/v2\/product"}],"about":[{"href":"https:\/\/www.lebeipackaging.com\/de\/wp-json\/wp\/v2\/types\/product"}],"replies":[{"embeddable":true,"href":"https:\/\/www.lebeipackaging.com\/de\/wp-json\/wp\/v2\/comments?post=2377"}],"wp:featuredmedia":[{"embeddable":true,"href":"https:\/\/www.lebeipackaging.com\/de\/wp-json\/wp\/v2\/media\/2401"}],"wp:attachment":[{"href":"https:\/\/www.lebeipackaging.com\/de\/wp-json\/wp\/v2\/media?parent=2377"}],"wp:term":[{"taxonomy":"application","embeddable":true,"href":"https:\/\/www.lebeipackaging.com\/de\/wp-json\/wp\/v2\/application?post=2377"},{"taxonomy":"product_brand","embeddable":true,"href":"https:\/\/www.lebeipackaging.com\/de\/wp-json\/wp\/v2\/product_brand?post=2377"},{"taxonomy":"product_cat","embeddable":true,"href":"https:\/\/www.lebeipackaging.com\/de\/wp-json\/wp\/v2\/product_cat?post=2377"},{"taxonomy":"product_tag","embeddable":true,"href":"https:\/\/www.lebeipackaging.com\/de\/wp-json\/wp\/v2\/product_tag?post=2377"}],"curies":[{"name":"wp","href":"https:\/\/api.w.org\/{rel}","templated":true}]}}