{"id":2386,"date":"2025-10-08T01:18:51","date_gmt":"2025-10-08T01:18:51","guid":{"rendered":"https:\/\/www.lebeipackaging.com\/?post_type=product&#038;p=2386"},"modified":"2025-10-08T01:18:56","modified_gmt":"2025-10-08T01:18:56","slug":"custom-printed-stand-up-pouches-with-glossy-window","status":"publish","type":"product","link":"https:\/\/www.lebeipackaging.com\/de\/product\/custom-printed-stand-up-pouches-with-glossy-window\/","title":{"rendered":"Individuell bedruckte Standbodenbeutel mit gl\u00e4nzendem Fenster"},"content":{"rendered":"<h2 class=\"wp-block-heading\">Merkmale von individuell bedruckten Standbodenbeuteln<\/h2>\n\n\n\n<div class=\"wp-block-columns is-layout-flex wp-container-core-columns-is-layout-9d6595d7 wp-block-columns-is-layout-flex\">\n<div class=\"wp-block-column is-layout-flow wp-block-column-is-layout-flow\">\n<p><strong>Qualit\u00e4t in Lebensmittelqualit\u00e4t: <\/strong>Hergestellt aus hochwertigen, lebensmittelechten Materialien, damit Ihre Produkte frisch und sicher bleiben.<\/p>\n\n\n\n<p><strong>Personalisierter Druck: <\/strong>Vollst\u00e4ndig angepasste Designoptionen f\u00fcr Logos, Branding und spezielle Grafiken, um Ihre Verpackung hervorzuheben.<\/p>\n\n\n\n<p><strong>Stark und auslaufsicher: <\/strong>Die aus hochwertigem, mehrschichtigem Material gefertigten Beutel sind unglaublich stabil und auslaufsicher und eignen sich perfekt f\u00fcr Fl\u00fcssigkeiten, Snacks oder trockene Lebensmittel.<\/p>\n\n\n\n<p><strong>Bequemes Stand-Up-Design\uff1a<\/strong> Steht aufrecht und l\u00e4sst sich leicht aufbewahren, ausstellen und benutzen und spart Platz im Regal.<\/p>\n\n\n\n<p><strong>Leicht und kosteneffektiv \uff1a<\/strong> Sie sind leicht, aber extrem haltbar, senken die Versandkosten und bieten eine erschwingliche, aber dennoch qualitativ hochwertige und sch\u00fctzende L\u00f6sung ohne Kompromisse.<\/p>\n\n\n\n<p><strong>Vielseitig einsetzbar\uff1a<\/strong> Praktisch f\u00fcr viele Produkte wie Snacks, Kaffee, Gew\u00fcrze und vieles mehr, mit sicherem Verschluss zur Erhaltung der Frische.<br><\/p>\n<\/div>\n\n\n\n<div class=\"wp-block-column is-layout-flow wp-block-column-is-layout-flow\">\n<figure class=\"wp-block-image size-full\"><img decoding=\"async\" width=\"640\" height=\"640\" src=\"https:\/\/www.lebeipackaging.com\/wp-content\/uploads\/2025\/10\/Custom-Printed-Stand-Up-Pouches-With-Glossy-Window-6.webp\" alt=\"Individuell bedruckte Standtaschen mit Glanz-Fenster-6\" class=\"wp-image-2399\" srcset=\"https:\/\/www.lebeipackaging.com\/wp-content\/uploads\/2025\/10\/Custom-Printed-Stand-Up-Pouches-With-Glossy-Window-6.webp 640w, https:\/\/www.lebeipackaging.com\/wp-content\/uploads\/2025\/10\/Custom-Printed-Stand-Up-Pouches-With-Glossy-Window-6-300x300.webp 300w, https:\/\/www.lebeipackaging.com\/wp-content\/uploads\/2025\/10\/Custom-Printed-Stand-Up-Pouches-With-Glossy-Window-6-150x150.webp 150w, https:\/\/www.lebeipackaging.com\/wp-content\/uploads\/2025\/10\/Custom-Printed-Stand-Up-Pouches-With-Glossy-Window-6-12x12.webp 12w, https:\/\/www.lebeipackaging.com\/wp-content\/uploads\/2025\/10\/Custom-Printed-Stand-Up-Pouches-With-Glossy-Window-6-600x600.webp 600w, https:\/\/www.lebeipackaging.com\/wp-content\/uploads\/2025\/10\/Custom-Printed-Stand-Up-Pouches-With-Glossy-Window-6-100x100.webp 100w\" sizes=\"(max-width: 640px) 100vw, 640px\" \/><\/figure>\n<\/div>\n<\/div>","protected":false},"excerpt":{"rendered":"<p>Individuell bedruckte Standbeutel mit gl\u00e4nzenden Fenstern sind so gestaltet, dass sie Ihre Marke und Ihr Produkt mit Stil pr\u00e4sentieren. Das klare, gl\u00e4nzende Fenster hebt den Inhalt hervor, w\u00e4hrend das haltbare, lebensmittelechte Material f\u00fcr Frische und Attraktivit\u00e4t im Regal sorgt. Ideal f\u00fcr Kaffee, Snacks, Tee oder Trockenprodukte.<\/p>\n<table style=\"border-collapse: collapse; width: 534px; height: 439px;\" border=\"0\" width=\"293\" cellspacing=\"0\" cellpadding=\"0\">\n<tbody>\n<tr style=\"height: 17.00pt;\">\n<td class=\"et2\" style=\"height: 17.00pt; width: 102.45pt;\" width=\"102\" height=\"17\">Hersteller<\/td>\n<td class=\"et2\" style=\"width: 190.80pt;\" width=\"190\">Lebei<\/td>\n<\/tr>\n<tr style=\"height: 35.00pt;\">\n<td class=\"et2\" style=\"height: 35.00pt; width: 102.45pt;\" width=\"102\" height=\"35\">Arten von Beuteln<\/td>\n<td class=\"et3\" style=\"width: 190.80pt;\" width=\"190\">Stand Up Pouch<\/td>\n<\/tr>\n<tr style=\"height: 35.00pt;\">\n<td class=\"et2\" style=\"height: 35.00pt; width: 102.45pt;\" width=\"102\" height=\"35\">Material<\/td>\n<td class=\"et3\" style=\"width: 190.80pt;\" width=\"190\">Matt Bopp\/Kraftpapier\/PET\/PE oder kundenspezifisch<\/td>\n<\/tr>\n<tr style=\"height: 35.00pt;\">\n<td class=\"et2\" style=\"height: 35.00pt; width: 102.45pt;\" width=\"102\" height=\"35\">Besonderes Merkmal<\/td>\n<td class=\"et3\" style=\"width: 190.80pt;\" width=\"190\">Feuchtigkeitssicher, Rei\u00dfverschluss oben, Risskerbe, Stand Up Bottom<\/td>\n<\/tr>\n<tr style=\"height: 35.00pt;\">\n<td class=\"et2\" style=\"height: 35.00pt; width: 102.45pt;\" width=\"102\" height=\"35\">Handhabung der Oberfl\u00e4che<\/td>\n<td class=\"et3\" style=\"width: 190.80pt;\" width=\"190\">Tiefdruck<\/td>\n<\/tr>\n<tr style=\"height: 35.00pt;\">\n<td class=\"et2\" style=\"height: 35.00pt; width: 102.45pt;\" width=\"102\" height=\"35\">Farbe<\/td>\n<td class=\"et3\" style=\"width: 190.80pt;\" width=\"190\">Blau (anpassbar)<\/td>\n<\/tr>\n<tr style=\"height: 35.00pt;\">\n<td class=\"et2\" style=\"height: 35.00pt; width: 102.45pt;\" width=\"102\" height=\"35\">Verwendung<\/td>\n<td class=\"et3\" style=\"width: 190.80pt;\" width=\"190\">\u00a0Snacks, N\u00fcsse, etc.<\/td>\n<\/tr>\n<tr style=\"height: 35.00pt;\">\n<td class=\"et2\" style=\"height: 35.00pt; width: 102.45pt;\" width=\"102\" height=\"35\">MOQ<\/td>\n<td class=\"et3\" style=\"width: 190.80pt;\" width=\"190\">Kundenspezifischer Beutel: 10.000 St\u00fcck (f\u00fcr einen besseren Preis empfehlen wir 30.000+)<\/td>\n<\/tr>\n<tr style=\"height: 35.00pt;\">\n<td class=\"et2\" style=\"height: 35.00pt; width: 102.45pt;\" width=\"102\" height=\"35\">Individuelle Bestellung<\/td>\n<td class=\"et3\" style=\"width: 190.80pt;\" width=\"190\">Akzeptieren Sie OEM &amp; ODM, unterst\u00fctzen Sie freie Probe<\/td>\n<\/tr>\n<\/tbody>\n<\/table>","protected":false},"featured_media":2400,"comment_status":"closed","ping_status":"closed","template":"","meta":{"_acf_changed":false},"application":[],"product_brand":[],"product_cat":[41],"product_tag":[],"class_list":{"0":"post-2386","1":"product","2":"type-product","3":"status-publish","4":"has-post-thumbnail","6":"product_cat-stand-up-pouch-manufacturer","8":"first","9":"instock","10":"shipping-taxable","11":"product-type-simple"},"acf":[],"_links":{"self":[{"href":"https:\/\/www.lebeipackaging.com\/de\/wp-json\/wp\/v2\/product\/2386","targetHints":{"allow":["GET"]}}],"collection":[{"href":"https:\/\/www.lebeipackaging.com\/de\/wp-json\/wp\/v2\/product"}],"about":[{"href":"https:\/\/www.lebeipackaging.com\/de\/wp-json\/wp\/v2\/types\/product"}],"replies":[{"embeddable":true,"href":"https:\/\/www.lebeipackaging.com\/de\/wp-json\/wp\/v2\/comments?post=2386"}],"wp:featuredmedia":[{"embeddable":true,"href":"https:\/\/www.lebeipackaging.com\/de\/wp-json\/wp\/v2\/media\/2400"}],"wp:attachment":[{"href":"https:\/\/www.lebeipackaging.com\/de\/wp-json\/wp\/v2\/media?parent=2386"}],"wp:term":[{"taxonomy":"application","embeddable":true,"href":"https:\/\/www.lebeipackaging.com\/de\/wp-json\/wp\/v2\/application?post=2386"},{"taxonomy":"product_brand","embeddable":true,"href":"https:\/\/www.lebeipackaging.com\/de\/wp-json\/wp\/v2\/product_brand?post=2386"},{"taxonomy":"product_cat","embeddable":true,"href":"https:\/\/www.lebeipackaging.com\/de\/wp-json\/wp\/v2\/product_cat?post=2386"},{"taxonomy":"product_tag","embeddable":true,"href":"https:\/\/www.lebeipackaging.com\/de\/wp-json\/wp\/v2\/product_tag?post=2386"}],"curies":[{"name":"wp","href":"https:\/\/api.w.org\/{rel}","templated":true}]}}