{"id":2436,"date":"2025-10-08T02:26:02","date_gmt":"2025-10-08T02:26:02","guid":{"rendered":"https:\/\/www.lebeipackaging.com\/?post_type=product&#038;p=2436"},"modified":"2025-10-08T02:26:07","modified_gmt":"2025-10-08T02:26:07","slug":"custom-flat-bottom-pouch-with-zipper-for-beans","status":"publish","type":"product","link":"https:\/\/www.lebeipackaging.com\/de\/product\/custom-flat-bottom-pouch-with-zipper-for-beans\/","title":{"rendered":"Individueller Flachbodenbeutel mit Rei\u00dfverschluss f\u00fcr Bohnen"},"content":{"rendered":"<h2 class=\"wp-block-heading\">Eigenschaften von Custom Flat Bottom Pouch mit Rei\u00dfverschluss f\u00fcr Bohnen<\/h2>\n\n\n\n<p><strong>Stabiles Design mit flachem Boden<\/strong><br>Das achtseitig versiegelte Design mit flachem Boden sorgt f\u00fcr hervorragende Stabilit\u00e4t und ein klares Erscheinungsbild. Er l\u00e4sst sich einfach aufrecht in den Regalen aufstellen, verbessert die Pr\u00e4sentation der Produkte und zieht sofort die Aufmerksamkeit der Kunden auf sich.<\/p>\n\n\n\n<p><strong>Sicher und zuverl\u00e4ssig f\u00fcr Lebensmittelverpackungen<\/strong><br>Hergestellt aus hochwertigen, lebensmittelechten Materialien, die nicht direkt ber\u00fchrt werden k\u00f6nnen. Geeignet f\u00fcr Hei\u00dfsiegelger\u00e4te, um Frische zu gew\u00e4hrleisten - ideal f\u00fcr Kaffee, Snacks, Getreide und Tiernahrung.<\/p>\n\n\n\n<p><strong>Wiederverschlie\u00dfbarer Rei\u00dfverschluss f\u00fcr langanhaltende Frische<\/strong><br>Ausgestattet mit einem glatten, wiederverwendbaren Rei\u00dfverschluss, der mehrfaches \u00d6ffnen ohne Frischeverlust erm\u00f6glicht. Perfekt f\u00fcr die Frischhaltung von Produkten wie Haferflocken, Gew\u00fcrzen und trockenen Lebensmitteln.<\/p>\n\n\n\n<p><strong>Ma\u00dfgeschneidert f\u00fcr Ihre Marke<\/strong><br>Vollst\u00e4ndig anpassbar - w\u00e4hlen Sie Ihre bevorzugte Gr\u00f6\u00dfe, Farbe, Design und Ihr Logo. Geeignet f\u00fcr verschiedene Verpackungsanforderungen im Einzelhandel und E-Commerce.<\/p>\n\n\n\n<p><strong>Einfaches Tragegriff-Design<\/strong><br>Integrierter Tragegriff f\u00fcr bequemen Halt und einfaches Tragen, auch von schwerem oder sch\u00fcttf\u00e4higem Inhalt - praktisch und benutzerfreundlich.<\/p>\n\n\n\n<p><strong>Optische Attraktivit\u00e4t als Blickfang<\/strong><br>Das innovative Fensterdesign und der modische Oberfl\u00e4chendruck machen den Beutel visuell attraktiv und erm\u00f6glichen es dem Kunden, das Produkt zu sehen und gleichzeitig die Wiedererkennung der Marke zu f\u00f6rdern.<\/p>\n\n\n\n<div class=\"wp-block-columns is-layout-flex wp-container-core-columns-is-layout-9d6595d7 wp-block-columns-is-layout-flex\">\n<div class=\"wp-block-column is-layout-flow wp-block-column-is-layout-flow\">\n<figure class=\"wp-block-image size-full\"><img decoding=\"async\" width=\"640\" height=\"640\" src=\"https:\/\/www.lebeipackaging.com\/wp-content\/uploads\/2025\/10\/Custom-Flat-Bottom-Pouch-with-Zipper-for-Beans-3.webp\" alt=\"Beutel mit flachem Boden und Rei\u00dfverschluss f\u00fcr Bohnen-3\" class=\"wp-image-2441\" srcset=\"https:\/\/www.lebeipackaging.com\/wp-content\/uploads\/2025\/10\/Custom-Flat-Bottom-Pouch-with-Zipper-for-Beans-3.webp 640w, https:\/\/www.lebeipackaging.com\/wp-content\/uploads\/2025\/10\/Custom-Flat-Bottom-Pouch-with-Zipper-for-Beans-3-300x300.webp 300w, https:\/\/www.lebeipackaging.com\/wp-content\/uploads\/2025\/10\/Custom-Flat-Bottom-Pouch-with-Zipper-for-Beans-3-150x150.webp 150w, https:\/\/www.lebeipackaging.com\/wp-content\/uploads\/2025\/10\/Custom-Flat-Bottom-Pouch-with-Zipper-for-Beans-3-12x12.webp 12w, https:\/\/www.lebeipackaging.com\/wp-content\/uploads\/2025\/10\/Custom-Flat-Bottom-Pouch-with-Zipper-for-Beans-3-600x600.webp 600w, https:\/\/www.lebeipackaging.com\/wp-content\/uploads\/2025\/10\/Custom-Flat-Bottom-Pouch-with-Zipper-for-Beans-3-100x100.webp 100w\" sizes=\"(max-width: 640px) 100vw, 640px\" \/><\/figure>\n\n\n\n<h2 class=\"wp-block-heading has-text-align-center\"><strong>Griff &amp; Risskerbe<\/strong><\/h2>\n\n\n\n<p class=\"has-text-align-center\">Leicht zu nehmen und zu \u00f6ffnen.<\/p>\n<\/div>\n\n\n\n<div class=\"wp-block-column is-layout-flow wp-block-column-is-layout-flow\">\n<figure class=\"wp-block-image size-full\"><img decoding=\"async\" width=\"640\" height=\"640\" src=\"https:\/\/www.lebeipackaging.com\/wp-content\/uploads\/2025\/10\/Custom-Flat-Bottom-Pouch-with-Zipper-for-Beans-1.webp\" alt=\"Beutel mit flachem Boden und Rei\u00dfverschluss f\u00fcr Bohnen-1\" class=\"wp-image-2439\" srcset=\"https:\/\/www.lebeipackaging.com\/wp-content\/uploads\/2025\/10\/Custom-Flat-Bottom-Pouch-with-Zipper-for-Beans-1.webp 640w, https:\/\/www.lebeipackaging.com\/wp-content\/uploads\/2025\/10\/Custom-Flat-Bottom-Pouch-with-Zipper-for-Beans-1-300x300.webp 300w, https:\/\/www.lebeipackaging.com\/wp-content\/uploads\/2025\/10\/Custom-Flat-Bottom-Pouch-with-Zipper-for-Beans-1-150x150.webp 150w, https:\/\/www.lebeipackaging.com\/wp-content\/uploads\/2025\/10\/Custom-Flat-Bottom-Pouch-with-Zipper-for-Beans-1-12x12.webp 12w, https:\/\/www.lebeipackaging.com\/wp-content\/uploads\/2025\/10\/Custom-Flat-Bottom-Pouch-with-Zipper-for-Beans-1-600x600.webp 600w, https:\/\/www.lebeipackaging.com\/wp-content\/uploads\/2025\/10\/Custom-Flat-Bottom-Pouch-with-Zipper-for-Beans-1-100x100.webp 100w\" sizes=\"(max-width: 640px) 100vw, 640px\" \/><\/figure>\n\n\n\n<h2 class=\"wp-block-heading\"><strong>Quadratischer Boden <\/strong><\/h2>\n\n\n\n<p class=\"has-text-align-center\">Kann stabil stehen und stellt die Tasche eindrucksvoll in das Verkaufsregal.<\/p>\n<\/div>\n<\/div>","protected":false},"excerpt":{"rendered":"<p>Der kundenspezifische Flachbodenbeutel mit Rei\u00dfverschluss ist ideal f\u00fcr die Verpackung von Bohnen. Er besteht aus haltbarem MOPP\/PET\/PE-Material und bietet eine hervorragende Feuchtigkeitsbest\u00e4ndigkeit, eine stabile Flachbodenstruktur und einen wiederverschlie\u00dfbaren Rei\u00dfverschluss, damit der Inhalt frisch und leicht zug\u00e4nglich bleibt.<\/p>\n<table style=\"border-collapse: collapse; width: 518px; height: 318px;\" border=\"0\" width=\"293\" cellspacing=\"0\" cellpadding=\"0\">\n<tbody>\n<tr style=\"height: 17.00pt;\">\n<td class=\"et2\" style=\"height: 17.00pt; width: 102.45pt;\" width=\"102\" height=\"17\">Hersteller<\/td>\n<td class=\"et2\" style=\"width: 190.80pt;\" width=\"190\">Lebei<\/td>\n<\/tr>\n<tr style=\"height: 17.00pt;\">\n<td class=\"et2\" style=\"height: 17.00pt; width: 102.45pt;\" width=\"102\" height=\"17\">Arten von Beuteln<\/td>\n<td class=\"et3\" style=\"width: 190.80pt;\" width=\"190\">8 Flacher Bodenbeutel mit Seitenverschluss<\/td>\n<\/tr>\n<tr style=\"height: 17.00pt;\">\n<td class=\"et2\" style=\"height: 17.00pt; width: 102.45pt;\" width=\"102\" height=\"17\">Material<\/td>\n<td class=\"et3\" style=\"width: 190.80pt;\" width=\"190\">MOPP\/PET\/PE oder kundenspezifisch<\/td>\n<\/tr>\n<tr style=\"height: 17.00pt;\">\n<td class=\"et2\" style=\"height: 17.00pt; width: 102.45pt;\" width=\"102\" height=\"17\">Besonderes Merkmal<\/td>\n<td class=\"et3\" style=\"width: 190.80pt;\" width=\"190\">Oberteil mit Rei\u00dfverschluss<\/td>\n<\/tr>\n<tr style=\"height: 17.00pt;\">\n<td class=\"et2\" style=\"height: 17.00pt; width: 102.45pt;\" width=\"102\" height=\"17\">Handhabung der Oberfl\u00e4che<\/td>\n<td class=\"et3\" style=\"width: 190.80pt;\" width=\"190\">Tiefdruck<\/td>\n<\/tr>\n<tr style=\"height: 17.00pt;\">\n<td class=\"et2\" style=\"height: 17.00pt; width: 102.45pt;\" width=\"102\" height=\"17\">Farbe<\/td>\n<td class=\"et3\" style=\"width: 190.80pt;\" width=\"190\">Orange &amp; Wei\u00df (anpassbar)<\/td>\n<\/tr>\n<tr style=\"height: 17.00pt;\">\n<td class=\"et2\" style=\"height: 17.00pt; width: 102.45pt;\" width=\"102\" height=\"17\">Verwendung<\/td>\n<td class=\"et3\" style=\"width: 190.80pt;\" width=\"190\">Verpackungsbeutel f\u00fcr Lebensmittel (Gew\u00fcrze, Getreide usw.)<\/td>\n<\/tr>\n<tr style=\"height: 34.00pt;\">\n<td class=\"et2\" style=\"height: 34.00pt; width: 102.45pt;\" width=\"102\" height=\"34\">MOQ<\/td>\n<td class=\"et3\" style=\"width: 190.80pt;\" width=\"190\">Kundenspezifischer Beutel: 10.000 St\u00fcck (f\u00fcr einen besseren Preis empfehlen wir 30.000+)<\/td>\n<\/tr>\n<tr style=\"height: 34.00pt;\">\n<td class=\"et2\" style=\"height: 34.00pt; width: 102.45pt;\" width=\"102\" height=\"34\">Individuelle Bestellung<\/td>\n<td class=\"et3\" style=\"width: 190.80pt;\" width=\"190\">Akzeptieren Sie OEM &amp; ODM, unterst\u00fctzen Sie freie Probe<\/td>\n<\/tr>\n<\/tbody>\n<\/table>","protected":false},"featured_media":2443,"comment_status":"closed","ping_status":"closed","template":"","meta":{"_acf_changed":false},"application":[],"product_brand":[],"product_cat":[40],"product_tag":[],"class_list":{"0":"post-2436","1":"product","2":"type-product","3":"status-publish","4":"has-post-thumbnail","6":"product_cat-custom-flat-bottom-pouch","8":"first","9":"instock","10":"shipping-taxable","11":"product-type-simple"},"acf":[],"_links":{"self":[{"href":"https:\/\/www.lebeipackaging.com\/de\/wp-json\/wp\/v2\/product\/2436","targetHints":{"allow":["GET"]}}],"collection":[{"href":"https:\/\/www.lebeipackaging.com\/de\/wp-json\/wp\/v2\/product"}],"about":[{"href":"https:\/\/www.lebeipackaging.com\/de\/wp-json\/wp\/v2\/types\/product"}],"replies":[{"embeddable":true,"href":"https:\/\/www.lebeipackaging.com\/de\/wp-json\/wp\/v2\/comments?post=2436"}],"wp:featuredmedia":[{"embeddable":true,"href":"https:\/\/www.lebeipackaging.com\/de\/wp-json\/wp\/v2\/media\/2443"}],"wp:attachment":[{"href":"https:\/\/www.lebeipackaging.com\/de\/wp-json\/wp\/v2\/media?parent=2436"}],"wp:term":[{"taxonomy":"application","embeddable":true,"href":"https:\/\/www.lebeipackaging.com\/de\/wp-json\/wp\/v2\/application?post=2436"},{"taxonomy":"product_brand","embeddable":true,"href":"https:\/\/www.lebeipackaging.com\/de\/wp-json\/wp\/v2\/product_brand?post=2436"},{"taxonomy":"product_cat","embeddable":true,"href":"https:\/\/www.lebeipackaging.com\/de\/wp-json\/wp\/v2\/product_cat?post=2436"},{"taxonomy":"product_tag","embeddable":true,"href":"https:\/\/www.lebeipackaging.com\/de\/wp-json\/wp\/v2\/product_tag?post=2436"}],"curies":[{"name":"wp","href":"https:\/\/api.w.org\/{rel}","templated":true}]}}