{"id":2465,"date":"2025-10-14T09:06:40","date_gmt":"2025-10-14T09:06:40","guid":{"rendered":"https:\/\/www.lebeipackaging.com\/?post_type=product&#038;p=2465"},"modified":"2025-10-14T09:19:00","modified_gmt":"2025-10-14T09:19:00","slug":"custom-high-quality-stand-up-pouch-for-food-packaging-with-zipper","status":"publish","type":"product","link":"https:\/\/www.lebeipackaging.com\/de\/product\/custom-high-quality-stand-up-pouch-for-food-packaging-with-zipper\/","title":{"rendered":"Benutzerdefinierte hohe Qualit\u00e4t Stand Up Beutel f\u00fcr Lebensmittelverpackungen mit Rei\u00dfverschluss"},"content":{"rendered":"<h2 class=\"wp-block-heading\">Eigenschaften von Custom High Quality Stand Up Pouch<\/h2>\n\n\n\n<div class=\"wp-block-columns is-layout-flex wp-container-core-columns-is-layout-9d6595d7 wp-block-columns-is-layout-flex\">\n<div class=\"wp-block-column is-layout-flow wp-block-column-is-layout-flow\">\n<p><strong>Bequemer Rei\u00dfverschluss<\/strong>: Der eingebaute Rei\u00dfverschluss erm\u00f6glicht ein einfaches Wiederverschlie\u00dfen, damit Ihre Lebensmittel nach dem \u00d6ffnen frisch und vor Luft, Feuchtigkeit und Verunreinigungen gesch\u00fctzt bleiben.<\/p>\n\n\n\n<p><strong><strong>Unterst\u00fctzt personalisierte Anpassungen<\/strong><\/strong>: Die Gr\u00f6\u00dfe, das Druckmuster und das Markenlogo k\u00f6nnen je nach Kundenwunsch angepasst werden, um exklusive Verpackungen zu schaffen und den Wiedererkennungswert der Marke zu erh\u00f6hen.<\/p>\n\n\n\n<p><strong>Langlebig und auslaufsicher<\/strong>: Die aus hochwertigen, mehrschichtigen Materialien gefertigten Beutel bieten eine ausgezeichnete Festigkeit und sind auslaufsicher, so dass sie sich perfekt f\u00fcr Fl\u00fcssigkeiten, Snacks oder Trockenfutter eignen.<\/p>\n\n\n\n<p><strong>Platzsparendes Design<\/strong>: Die Standfunktion macht diese Beutel ideal f\u00fcr die Maximierung der Regalfl\u00e4che, da sie aufrecht stehen, ohne dass zus\u00e4tzliche Verpackungen oder Beh\u00e4lter erforderlich sind.<\/p>\n\n\n\n<p><strong><strong>Lebensmittelechte Sicherheitsgarantie<\/strong><\/strong>: Der Verpackungsbeutel entspricht den Sicherheitsstandards f\u00fcr den Kontakt mit Lebensmitteln, um sicherzustellen, dass der Inhalt w\u00e4hrend der Lagerung und des Transports nicht kontaminiert wird, und um die Gesundheit der Verbraucher zu sch\u00fctzen.<\/p>\n\n\n\n<p><strong>Leicht und kosteneffektiv<\/strong>: Das Design des Standbeutels ist leicht und dennoch robust, reduziert die Versandkosten und bietet eine kosteng\u00fcnstige L\u00f6sung ohne Kompromisse bei Qualit\u00e4t und Schutz.<br><\/p>\n<\/div>\n\n\n\n<div class=\"wp-block-column is-layout-flow wp-block-column-is-layout-flow\">\n<figure class=\"wp-block-image size-full\"><img decoding=\"async\" width=\"640\" height=\"640\" src=\"https:\/\/www.lebeipackaging.com\/wp-content\/uploads\/2025\/10\/Custom-High-Quality-Stand-Up-Pouch-for-Food-Packaging-With-Zipper-2.webp\" alt=\"Kundenspezifische-Hochqualit\u00e4ts-Standbeutel-f\u00fcr-Lebensmittel-Verpackung-mit-Zipper-2\" class=\"wp-image-2467\" srcset=\"https:\/\/www.lebeipackaging.com\/wp-content\/uploads\/2025\/10\/Custom-High-Quality-Stand-Up-Pouch-for-Food-Packaging-With-Zipper-2.webp 640w, https:\/\/www.lebeipackaging.com\/wp-content\/uploads\/2025\/10\/Custom-High-Quality-Stand-Up-Pouch-for-Food-Packaging-With-Zipper-2-300x300.webp 300w, https:\/\/www.lebeipackaging.com\/wp-content\/uploads\/2025\/10\/Custom-High-Quality-Stand-Up-Pouch-for-Food-Packaging-With-Zipper-2-150x150.webp 150w, https:\/\/www.lebeipackaging.com\/wp-content\/uploads\/2025\/10\/Custom-High-Quality-Stand-Up-Pouch-for-Food-Packaging-With-Zipper-2-12x12.webp 12w, https:\/\/www.lebeipackaging.com\/wp-content\/uploads\/2025\/10\/Custom-High-Quality-Stand-Up-Pouch-for-Food-Packaging-With-Zipper-2-600x600.webp 600w, https:\/\/www.lebeipackaging.com\/wp-content\/uploads\/2025\/10\/Custom-High-Quality-Stand-Up-Pouch-for-Food-Packaging-With-Zipper-2-100x100.webp 100w\" sizes=\"(max-width: 640px) 100vw, 640px\" \/><\/figure>\n<\/div>\n<\/div>","protected":false},"excerpt":{"rendered":"<p>Individuell gestaltete, hochwertige Standbodenbeutel mit Rei\u00dfverschluss bieten sichere Rei\u00dfverschl\u00fcsse und individuell gestaltbare Designs - perfekt, um Lebensmittel frisch zu halten und Ihre Marke zu pr\u00e4sentieren. Diese umweltfreundlichen Beutel sind ideal f\u00fcr Snacks und Fl\u00fcssigkeiten und bieten ein ausgewogenes Verh\u00e4ltnis zwischen Komfort und Haltbarkeit.<\/p>\n<table style=\"border-collapse: collapse; width: 534px; height: 439px;\" border=\"0\" width=\"293\" cellspacing=\"0\" cellpadding=\"0\">\n<tbody>\n<tr style=\"height: 17.00pt;\">\n<td class=\"et2\" style=\"height: 17.00pt; width: 102.45pt;\" width=\"102\" height=\"17\">Hersteller<\/td>\n<td class=\"et2\" style=\"width: 190.80pt;\" width=\"190\">Lebei<\/td>\n<\/tr>\n<tr style=\"height: 35.00pt;\">\n<td class=\"et2\" style=\"height: 35.00pt; width: 102.45pt;\" width=\"102\" height=\"35\">Arten von Beuteln<\/td>\n<td class=\"et3\" style=\"width: 190.80pt;\" width=\"190\">Stand Up Pouch<\/td>\n<\/tr>\n<tr style=\"height: 35.00pt;\">\n<td class=\"et2\" style=\"height: 35.00pt; width: 102.45pt;\" width=\"102\" height=\"35\">Material<\/td>\n<td class=\"et3\" style=\"width: 190.80pt;\" width=\"190\">PET\/PE oder kundenspezifisch<\/td>\n<\/tr>\n<tr style=\"height: 35.00pt;\">\n<td class=\"et2\" style=\"height: 35.00pt; width: 102.45pt;\" width=\"102\" height=\"35\">Besonderes Merkmal<\/td>\n<td class=\"et3\" style=\"width: 190.80pt;\" width=\"190\">Feuchtigkeitssicher, Rei\u00dfverschluss oben, Risskerbe, Stand Up Bottom<\/td>\n<\/tr>\n<tr style=\"height: 35.00pt;\">\n<td class=\"et2\" style=\"height: 35.00pt; width: 102.45pt;\" width=\"102\" height=\"35\">Handhabung der Oberfl\u00e4che<\/td>\n<td class=\"et3\" style=\"width: 190.80pt;\" width=\"190\">Tiefdruck<\/td>\n<\/tr>\n<tr style=\"height: 35.00pt;\">\n<td class=\"et2\" style=\"height: 35.00pt; width: 102.45pt;\" width=\"102\" height=\"35\">Farbe<\/td>\n<td class=\"et3\" style=\"width: 190.80pt;\" width=\"190\">Rot \/Schwarz(anpassbar)<\/td>\n<\/tr>\n<tr style=\"height: 35.00pt;\">\n<td class=\"et2\" style=\"height: 35.00pt; width: 102.45pt;\" width=\"102\" height=\"35\">Verwendung<\/td>\n<td class=\"et3\" style=\"width: 190.80pt;\" width=\"190\">\u00a0Snacks, N\u00fcsse, etc.<\/td>\n<\/tr>\n<tr style=\"height: 35.00pt;\">\n<td class=\"et2\" style=\"height: 35.00pt; width: 102.45pt;\" width=\"102\" height=\"35\">MOQ<\/td>\n<td class=\"et3\" style=\"width: 190.80pt;\" width=\"190\">Kundenspezifischer Beutel: 10.000 St\u00fcck (f\u00fcr einen besseren Preis empfehlen wir 30.000+)<\/td>\n<\/tr>\n<tr style=\"height: 35.00pt;\">\n<td class=\"et2\" style=\"height: 35.00pt; width: 102.45pt;\" width=\"102\" height=\"35\">Individuelle Bestellung<\/td>\n<td class=\"et3\" style=\"width: 190.80pt;\" width=\"190\">Akzeptieren Sie OEM &amp; ODM, unterst\u00fctzen Sie freie Probe<\/td>\n<\/tr>\n<\/tbody>\n<\/table>","protected":false},"featured_media":2466,"comment_status":"closed","ping_status":"closed","template":"","meta":{"_acf_changed":false},"application":[],"product_brand":[],"product_cat":[41],"product_tag":[],"class_list":{"0":"post-2465","1":"product","2":"type-product","3":"status-publish","4":"has-post-thumbnail","6":"product_cat-stand-up-pouch-manufacturer","8":"first","9":"instock","10":"shipping-taxable","11":"product-type-simple"},"acf":[],"_links":{"self":[{"href":"https:\/\/www.lebeipackaging.com\/de\/wp-json\/wp\/v2\/product\/2465","targetHints":{"allow":["GET"]}}],"collection":[{"href":"https:\/\/www.lebeipackaging.com\/de\/wp-json\/wp\/v2\/product"}],"about":[{"href":"https:\/\/www.lebeipackaging.com\/de\/wp-json\/wp\/v2\/types\/product"}],"replies":[{"embeddable":true,"href":"https:\/\/www.lebeipackaging.com\/de\/wp-json\/wp\/v2\/comments?post=2465"}],"wp:featuredmedia":[{"embeddable":true,"href":"https:\/\/www.lebeipackaging.com\/de\/wp-json\/wp\/v2\/media\/2466"}],"wp:attachment":[{"href":"https:\/\/www.lebeipackaging.com\/de\/wp-json\/wp\/v2\/media?parent=2465"}],"wp:term":[{"taxonomy":"application","embeddable":true,"href":"https:\/\/www.lebeipackaging.com\/de\/wp-json\/wp\/v2\/application?post=2465"},{"taxonomy":"product_brand","embeddable":true,"href":"https:\/\/www.lebeipackaging.com\/de\/wp-json\/wp\/v2\/product_brand?post=2465"},{"taxonomy":"product_cat","embeddable":true,"href":"https:\/\/www.lebeipackaging.com\/de\/wp-json\/wp\/v2\/product_cat?post=2465"},{"taxonomy":"product_tag","embeddable":true,"href":"https:\/\/www.lebeipackaging.com\/de\/wp-json\/wp\/v2\/product_tag?post=2465"}],"curies":[{"name":"wp","href":"https:\/\/api.w.org\/{rel}","templated":true}]}}