{"id":2567,"date":"2025-10-23T09:07:55","date_gmt":"2025-10-23T09:07:55","guid":{"rendered":"https:\/\/www.lebeipackaging.com\/?post_type=product&#038;p=2567"},"modified":"2025-10-23T09:08:00","modified_gmt":"2025-10-23T09:08:00","slug":"custom-stand-up-pouches-for-pet-food","status":"publish","type":"product","link":"https:\/\/www.lebeipackaging.com\/de\/product\/custom-stand-up-pouches-for-pet-food\/","title":{"rendered":"Individuelle Standbodenbeutel f\u00fcr Tiernahrung"},"content":{"rendered":"<h2 class=\"wp-block-heading\">Merkmale der Custom Stand-Up Pouches<\/h2>\n\n\n\n<p><strong>Die Zertifizierung der Lebensmittelsicherheit garantiert<\/strong><br>Das Produkt hat verschiedene internationale Zertifizierungen erhalten, wie BRC, ISO, QS und HACCP, um zu gew\u00e4hrleisten, dass die Verpackung den Standards der Lebensmittelsicherheit entspricht und sicher verpackt werden kann.<\/p>\n\n\n\n<p><strong>Hochwertige feuchtigkeitsdichte Materialien<\/strong><br>Die mehrschichtigen PET\/PE-Verbundmaterialien sch\u00fctzen wirksam vor Feuchtigkeit und Sauerstoff, halten N\u00fcsse und Snacks frisch und aromatisch und verl\u00e4ngern die Haltbarkeit.<\/p>\n\n\n\n<p><strong>Selbststehende Tasche<\/strong><br>Die untere St\u00fctzstruktur sorgt daf\u00fcr, dass die Verpackungstasche stabil steht, bequem ausgestellt werden kann, den Ausstellungseffekt im Regal verbessert und das Produkt noch sch\u00f6ner macht.<\/p>\n\n\n\n<p><strong><strong><strong><strong>Unterst\u00fctzt personalisierte Anpassungen<\/strong><\/strong><\/strong><\/strong><br>Die Gr\u00f6\u00dfe, das Druckmuster und das Markenlogo k\u00f6nnen je nach Kundenwunsch angepasst werden, um exklusive Verpackungen zu schaffen und den Wiedererkennungswert der Marke zu erh\u00f6hen.<\/p>\n\n\n\n<p><strong><strong><strong>Klares Fenster f\u00fcr Sichtbarkeit<\/strong><\/strong><\/strong><br>Durch das transparente Fenster k\u00f6nnen die Kunden den Inhalt sehen, was die Attraktivit\u00e4t und das Vertrauen in das Produkt erh\u00f6ht.<\/p>\n\n\n\n<div class=\"wp-block-columns is-layout-flex wp-container-core-columns-is-layout-9d6595d7 wp-block-columns-is-layout-flex\">\n<div class=\"wp-block-column is-layout-flow wp-block-column-is-layout-flow\"><div class=\"wp-block-image\">\n<figure class=\"aligncenter size-full\"><img decoding=\"async\" width=\"640\" height=\"640\" src=\"https:\/\/www.lebeipackaging.com\/wp-content\/uploads\/2025\/10\/Custom-Stand-Up-Pouches-For-Pet-Food-2.webp\" alt=\"Benutzerdefinierte Stand-Up-Beh\u00e4lter f\u00fcr Tierfutter-2\" class=\"wp-image-2570\" srcset=\"https:\/\/www.lebeipackaging.com\/wp-content\/uploads\/2025\/10\/Custom-Stand-Up-Pouches-For-Pet-Food-2.webp 640w, https:\/\/www.lebeipackaging.com\/wp-content\/uploads\/2025\/10\/Custom-Stand-Up-Pouches-For-Pet-Food-2-300x300.webp 300w, https:\/\/www.lebeipackaging.com\/wp-content\/uploads\/2025\/10\/Custom-Stand-Up-Pouches-For-Pet-Food-2-150x150.webp 150w, https:\/\/www.lebeipackaging.com\/wp-content\/uploads\/2025\/10\/Custom-Stand-Up-Pouches-For-Pet-Food-2-12x12.webp 12w, https:\/\/www.lebeipackaging.com\/wp-content\/uploads\/2025\/10\/Custom-Stand-Up-Pouches-For-Pet-Food-2-600x600.webp 600w, https:\/\/www.lebeipackaging.com\/wp-content\/uploads\/2025\/10\/Custom-Stand-Up-Pouches-For-Pet-Food-2-100x100.webp 100w\" sizes=\"(max-width: 640px) 100vw, 640px\" \/><\/figure>\n<\/div><\/div>\n<\/div>\n\n\n\n<p><\/p>","protected":false},"excerpt":{"rendered":"<p>Ma\u00dfgeschneiderte Standbeutel f\u00fcr Tiernahrung werden aus haltbarem PET\/PE-Material hergestellt, das einen hervorragenden Feuchtigkeitsschutz bietet. Mit ihrem stabilen Boden sorgen diese Beutel f\u00fcr Frische und einfache Lagerung. Sie sind in Gr\u00f6\u00dfe, Farbe und Aufdruck vollst\u00e4ndig anpassbar und eignen sich ideal f\u00fcr Branding und Einzelhandelsverpackungen.<\/p>\n<table style=\"border-collapse: collapse; width: 518px; height: 318px;\" border=\"0\" width=\"293\" cellspacing=\"0\" cellpadding=\"0\">\n<tbody>\n<tr style=\"height: 17.00pt;\">\n<td class=\"et2\" style=\"height: 17.00pt; width: 102.45pt;\" width=\"102\" height=\"17\">Hersteller<\/td>\n<td class=\"et2\" style=\"width: 190.80pt;\" width=\"190\">Lebei<\/td>\n<\/tr>\n<tr style=\"height: 17.00pt;\">\n<td class=\"et2\" style=\"height: 17.00pt; width: 102.45pt;\" width=\"102\" height=\"17\">Arten von Beuteln<\/td>\n<td class=\"et3\" style=\"width: 190.80pt;\" width=\"190\">Stand Up Pouch<\/td>\n<\/tr>\n<tr style=\"height: 17.00pt;\">\n<td class=\"et2\" style=\"height: 17.00pt; width: 102.45pt;\" width=\"102\" height=\"17\">Material<\/td>\n<td class=\"et3\" style=\"width: 190.80pt;\" width=\"190\">PET\/PE oder kundenspezifisch<\/td>\n<\/tr>\n<tr style=\"height: 17.00pt;\">\n<td class=\"et2\" style=\"height: 17.00pt; width: 102.45pt;\" width=\"102\" height=\"17\">Besonderes Merkmal<\/td>\n<td class=\"et3\" style=\"width: 190.80pt;\" width=\"190\">Feuchtigkeitsgesch\u00fctzt, Rei\u00dfverschluss oben<\/td>\n<\/tr>\n<tr style=\"height: 17.00pt;\">\n<td class=\"et2\" style=\"height: 17.00pt; width: 102.45pt;\" width=\"102\" height=\"17\">Handhabung der Oberfl\u00e4che<\/td>\n<td class=\"et3\" style=\"width: 190.80pt;\" width=\"190\">Tiefdruck<\/td>\n<\/tr>\n<tr style=\"height: 17.00pt;\">\n<td class=\"et2\" style=\"height: 17.00pt; width: 102.45pt;\" width=\"102\" height=\"17\">Farbe<\/td>\n<td class=\"et3\" style=\"width: 190.80pt;\" width=\"190\">Gr\u00fcn &amp; Wei\u00df (anpassbar)<\/td>\n<\/tr>\n<tr style=\"height: 17.00pt;\">\n<td class=\"et2\" style=\"height: 17.00pt; width: 102.45pt;\" width=\"102\" height=\"17\">Verwendung<\/td>\n<td class=\"et3\" style=\"width: 190.80pt;\" width=\"190\">Beutel f\u00fcr Lebensmittelverpackungen (N\u00fcsse, Snacks, etc.)<\/td>\n<\/tr>\n<tr style=\"height: 34.00pt;\">\n<td class=\"et2\" style=\"height: 34.00pt; width: 102.45pt;\" width=\"102\" height=\"34\">MOQ<\/td>\n<td class=\"et3\" style=\"width: 190.80pt;\" width=\"190\">Kundenspezifischer Beutel: 10.000 St\u00fcck (f\u00fcr einen besseren Preis empfehlen wir 30.000+)<\/td>\n<\/tr>\n<tr style=\"height: 34.00pt;\">\n<td class=\"et2\" style=\"height: 34.00pt; width: 102.45pt;\" width=\"102\" height=\"34\">Individuelle Bestellung<\/td>\n<td class=\"et3\" style=\"width: 190.80pt;\" width=\"190\">Akzeptieren Sie OEM &amp; ODM, unterst\u00fctzen Sie freie Probe<\/td>\n<\/tr>\n<\/tbody>\n<\/table>","protected":false},"featured_media":2569,"comment_status":"closed","ping_status":"closed","template":"","meta":{"_acf_changed":false},"application":[24],"product_brand":[],"product_cat":[41],"product_tag":[],"class_list":{"0":"post-2567","1":"product","2":"type-product","3":"status-publish","4":"has-post-thumbnail","6":"application-custom-pet-food-packaging","7":"product_cat-stand-up-pouch-manufacturer","9":"first","10":"instock","11":"shipping-taxable","12":"product-type-simple"},"acf":[],"_links":{"self":[{"href":"https:\/\/www.lebeipackaging.com\/de\/wp-json\/wp\/v2\/product\/2567","targetHints":{"allow":["GET"]}}],"collection":[{"href":"https:\/\/www.lebeipackaging.com\/de\/wp-json\/wp\/v2\/product"}],"about":[{"href":"https:\/\/www.lebeipackaging.com\/de\/wp-json\/wp\/v2\/types\/product"}],"replies":[{"embeddable":true,"href":"https:\/\/www.lebeipackaging.com\/de\/wp-json\/wp\/v2\/comments?post=2567"}],"wp:featuredmedia":[{"embeddable":true,"href":"https:\/\/www.lebeipackaging.com\/de\/wp-json\/wp\/v2\/media\/2569"}],"wp:attachment":[{"href":"https:\/\/www.lebeipackaging.com\/de\/wp-json\/wp\/v2\/media?parent=2567"}],"wp:term":[{"taxonomy":"application","embeddable":true,"href":"https:\/\/www.lebeipackaging.com\/de\/wp-json\/wp\/v2\/application?post=2567"},{"taxonomy":"product_brand","embeddable":true,"href":"https:\/\/www.lebeipackaging.com\/de\/wp-json\/wp\/v2\/product_brand?post=2567"},{"taxonomy":"product_cat","embeddable":true,"href":"https:\/\/www.lebeipackaging.com\/de\/wp-json\/wp\/v2\/product_cat?post=2567"},{"taxonomy":"product_tag","embeddable":true,"href":"https:\/\/www.lebeipackaging.com\/de\/wp-json\/wp\/v2\/product_tag?post=2567"}],"curies":[{"name":"wp","href":"https:\/\/api.w.org\/{rel}","templated":true}]}}