{"id":2744,"date":"2025-12-05T06:21:10","date_gmt":"2025-12-05T06:21:10","guid":{"rendered":"https:\/\/www.lebeipackaging.com\/?post_type=product&#038;p=2744"},"modified":"2025-12-05T06:21:58","modified_gmt":"2025-12-05T06:21:58","slug":"custom-stand-up-pouch-bag-for-dried-fruit-with-zipper","status":"publish","type":"product","link":"https:\/\/www.lebeipackaging.com\/de\/product\/custom-stand-up-pouch-bag-for-dried-fruit-with-zipper\/","title":{"rendered":"Benutzerdefinierte Stand Up Pouch Tasche f\u00fcr getrocknete Fr\u00fcchte mit Rei\u00dfverschluss"},"content":{"rendered":"<h2 class=\"wp-block-heading\">Merkmale der Custom Stand Up Pouch Bag<\/h2>\n\n\n\n<div class=\"wp-block-columns is-layout-flex wp-container-core-columns-is-layout-9d6595d7 wp-block-columns-is-layout-flex\">\n<div class=\"wp-block-column is-layout-flow wp-block-column-is-layout-flow\">\n<p><strong>Bequemer Rei\u00dfverschluss<\/strong>: Der eingebaute Rei\u00dfverschluss erm\u00f6glicht ein einfaches Wiederverschlie\u00dfen, damit Ihre Lebensmittel nach dem \u00d6ffnen frisch und vor Luft, Feuchtigkeit und Verunreinigungen gesch\u00fctzt bleiben.<\/p>\n\n\n\n<p><strong><strong>Unterst\u00fctzt personalisierte Anpassungen<\/strong><\/strong>: Die Gr\u00f6\u00dfe, das Druckmuster und das Markenlogo k\u00f6nnen je nach Kundenwunsch angepasst werden, um exklusive Verpackungen zu schaffen und den Wiedererkennungswert der Marke zu erh\u00f6hen.<\/p>\n\n\n\n<p><strong>UV-Beschichtung<\/strong>: Der UV-verst\u00e4rkte Tiefdruck liefert visuell beeindruckende Ergebnisse mit satteren, opakeren Farben und einer tiefen, hochgl\u00e4nzenden Oberfl\u00e4che, die die visuelle Wirkung und die wahrgenommene Qualit\u00e4t deutlich erh\u00f6ht.<\/p>\n\n\n\n<p><strong><strong><strong>Lebensmittelechte Sicherheitsgarantie<\/strong><\/strong><\/strong>: Der Verpackungsbeutel entspricht den Sicherheitsstandards f\u00fcr den Kontakt mit Lebensmitteln, um sicherzustellen, dass der Inhalt w\u00e4hrend der Lagerung und des Transports nicht kontaminiert wird, und um die Gesundheit der Verbraucher zu sch\u00fctzen.<\/p>\n\n\n\n<p><strong>Visuelles Fenster<\/strong>: Ein Sichtfenster auf der Verpackung erm\u00f6glicht es den Verbrauchern, das eigentliche Produkt zu sehen, schafft Vertrauen und erh\u00f6ht die Attraktivit\u00e4t. Es bietet eine klare Produktvorschau, verringert die Unsicherheit und kann die Kaufentscheidung erheblich beeinflussen.<\/p>\n\n\n\n<p><strong>Leicht und kosteneffektiv<\/strong>: Das Design des Standbeutels ist leicht und dennoch robust, reduziert die Versandkosten und bietet eine kosteng\u00fcnstige L\u00f6sung ohne Kompromisse bei Qualit\u00e4t und Schutz.<br><\/p>\n<\/div>\n\n\n\n<div class=\"wp-block-column is-layout-flow wp-block-column-is-layout-flow\">\n<figure class=\"wp-block-image size-full\"><img decoding=\"async\" width=\"640\" height=\"640\" src=\"https:\/\/www.lebeipackaging.com\/wp-content\/uploads\/2025\/11\/Custom-Stand-Up-Pouch-Bags-for-Dried-Fruit-With-Zipper-3.webp\" alt=\"Individueller Standbeutel f\u00fcr Trockenfr\u00fcchte mit Zipper-3\" class=\"wp-image-2772\" srcset=\"https:\/\/www.lebeipackaging.com\/wp-content\/uploads\/2025\/11\/Custom-Stand-Up-Pouch-Bags-for-Dried-Fruit-With-Zipper-3.webp 640w, https:\/\/www.lebeipackaging.com\/wp-content\/uploads\/2025\/11\/Custom-Stand-Up-Pouch-Bags-for-Dried-Fruit-With-Zipper-3-300x300.webp 300w, https:\/\/www.lebeipackaging.com\/wp-content\/uploads\/2025\/11\/Custom-Stand-Up-Pouch-Bags-for-Dried-Fruit-With-Zipper-3-150x150.webp 150w, https:\/\/www.lebeipackaging.com\/wp-content\/uploads\/2025\/11\/Custom-Stand-Up-Pouch-Bags-for-Dried-Fruit-With-Zipper-3-12x12.webp 12w, https:\/\/www.lebeipackaging.com\/wp-content\/uploads\/2025\/11\/Custom-Stand-Up-Pouch-Bags-for-Dried-Fruit-With-Zipper-3-600x600.webp 600w, https:\/\/www.lebeipackaging.com\/wp-content\/uploads\/2025\/11\/Custom-Stand-Up-Pouch-Bags-for-Dried-Fruit-With-Zipper-3-100x100.webp 100w\" sizes=\"(max-width: 640px) 100vw, 640px\" \/><\/figure>\n<\/div>\n<\/div>","protected":false},"excerpt":{"rendered":"<p>Individuell gestalteter Standbeutel f\u00fcr Trockenfr\u00fcchte mit Rei\u00dfverschluss, aus strapazierf\u00e4higem, lebensmittelechtem Material, mit Feuchtigkeitsschutz und wiederverschlie\u00dfbarem Design f\u00fcr eine frische und praktische Aufbewahrung.<\/p>\n<table style=\"border-collapse: collapse; width: 534px; height: 439px;\" border=\"0\" width=\"293\" cellspacing=\"0\" cellpadding=\"0\">\n<tbody>\n<tr style=\"height: 17.00pt;\">\n<td class=\"et2\" style=\"height: 17.00pt; width: 102.45pt;\" width=\"102\" height=\"17\">Hersteller<\/td>\n<td class=\"et2\" style=\"width: 190.80pt;\" width=\"190\">Lebei<\/td>\n<\/tr>\n<tr style=\"height: 35.00pt;\">\n<td class=\"et2\" style=\"height: 35.00pt; width: 102.45pt;\" width=\"102\" height=\"35\">Arten von Beuteln<\/td>\n<td class=\"et3\" style=\"width: 190.80pt;\" width=\"190\">Stand Up Pouch<\/td>\n<\/tr>\n<tr style=\"height: 35.00pt;\">\n<td class=\"et2\" style=\"height: 35.00pt; width: 102.45pt;\" width=\"102\" height=\"35\">Material<\/td>\n<td class=\"et3\" style=\"width: 190.80pt;\" width=\"190\">PET\/PE oder kundenspezifisch<\/td>\n<\/tr>\n<tr style=\"height: 35.00pt;\">\n<td class=\"et2\" style=\"height: 35.00pt; width: 102.45pt;\" width=\"102\" height=\"35\">Besonderes Merkmal<\/td>\n<td class=\"et3\" style=\"width: 190.80pt;\" width=\"190\">Feuchtigkeitssicher, Rei\u00dfverschluss oben, Risskerbe, Stand Up Bottom<\/td>\n<\/tr>\n<tr style=\"height: 35.00pt;\">\n<td class=\"et2\" style=\"height: 35.00pt; width: 102.45pt;\" width=\"102\" height=\"35\">Handhabung der Oberfl\u00e4che<\/td>\n<td class=\"et3\" style=\"width: 190.80pt;\" width=\"190\">Tiefdruck<\/td>\n<\/tr>\n<tr style=\"height: 35.00pt;\">\n<td class=\"et2\" style=\"height: 35.00pt; width: 102.45pt;\" width=\"102\" height=\"35\">Farbe<\/td>\n<td class=\"et3\" style=\"width: 190.80pt;\" width=\"190\">Rot \/Lila (anpassbar)<\/td>\n<\/tr>\n<tr style=\"height: 35.00pt;\">\n<td class=\"et2\" style=\"height: 35.00pt; width: 102.45pt;\" width=\"102\" height=\"35\">Verwendung<\/td>\n<td class=\"et3\" style=\"width: 190.80pt;\" width=\"190\">\u00a0Snacks, N\u00fcsse, etc.<\/td>\n<\/tr>\n<tr style=\"height: 35.00pt;\">\n<td class=\"et2\" style=\"height: 35.00pt; width: 102.45pt;\" width=\"102\" height=\"35\">MOQ<\/td>\n<td class=\"et3\" style=\"width: 190.80pt;\" width=\"190\">Kundenspezifischer Beutel: 10.000 St\u00fcck (f\u00fcr einen besseren Preis empfehlen wir 30.000+)<\/td>\n<\/tr>\n<tr style=\"height: 35.00pt;\">\n<td class=\"et2\" style=\"height: 35.00pt; width: 102.45pt;\" width=\"102\" height=\"35\">Individuelle Bestellung<\/td>\n<td class=\"et3\" style=\"width: 190.80pt;\" width=\"190\">Akzeptieren Sie OEM &amp; ODM, unterst\u00fctzen Sie freie Probe<\/td>\n<\/tr>\n<\/tbody>\n<\/table>","protected":false},"featured_media":2773,"comment_status":"closed","ping_status":"closed","template":"","meta":{"_acf_changed":false},"application":[26],"product_brand":[],"product_cat":[41],"product_tag":[],"class_list":{"0":"post-2744","1":"product","2":"type-product","3":"status-publish","4":"has-post-thumbnail","6":"application-custom-nuts-packaging","7":"product_cat-stand-up-pouch-manufacturer","9":"first","10":"instock","11":"shipping-taxable","12":"product-type-simple"},"acf":[],"_links":{"self":[{"href":"https:\/\/www.lebeipackaging.com\/de\/wp-json\/wp\/v2\/product\/2744","targetHints":{"allow":["GET"]}}],"collection":[{"href":"https:\/\/www.lebeipackaging.com\/de\/wp-json\/wp\/v2\/product"}],"about":[{"href":"https:\/\/www.lebeipackaging.com\/de\/wp-json\/wp\/v2\/types\/product"}],"replies":[{"embeddable":true,"href":"https:\/\/www.lebeipackaging.com\/de\/wp-json\/wp\/v2\/comments?post=2744"}],"wp:featuredmedia":[{"embeddable":true,"href":"https:\/\/www.lebeipackaging.com\/de\/wp-json\/wp\/v2\/media\/2773"}],"wp:attachment":[{"href":"https:\/\/www.lebeipackaging.com\/de\/wp-json\/wp\/v2\/media?parent=2744"}],"wp:term":[{"taxonomy":"application","embeddable":true,"href":"https:\/\/www.lebeipackaging.com\/de\/wp-json\/wp\/v2\/application?post=2744"},{"taxonomy":"product_brand","embeddable":true,"href":"https:\/\/www.lebeipackaging.com\/de\/wp-json\/wp\/v2\/product_brand?post=2744"},{"taxonomy":"product_cat","embeddable":true,"href":"https:\/\/www.lebeipackaging.com\/de\/wp-json\/wp\/v2\/product_cat?post=2744"},{"taxonomy":"product_tag","embeddable":true,"href":"https:\/\/www.lebeipackaging.com\/de\/wp-json\/wp\/v2\/product_tag?post=2744"}],"curies":[{"name":"wp","href":"https:\/\/api.w.org\/{rel}","templated":true}]}}