{"id":2780,"date":"2025-12-05T06:29:42","date_gmt":"2025-12-05T06:29:42","guid":{"rendered":"https:\/\/www.lebeipackaging.com\/?post_type=product&#038;p=2780"},"modified":"2025-12-05T06:30:19","modified_gmt":"2025-12-05T06:30:19","slug":"custom-eight-sided-sealed-coffee-bag-with-zipper-and-valve","status":"publish","type":"product","link":"https:\/\/www.lebeipackaging.com\/de\/product\/custom-eight-sided-sealed-coffee-bag-with-zipper-and-valve\/","title":{"rendered":"Benutzerdefinierte Achtseitige versiegelte Kaffeetasche mit Rei\u00dfverschluss und Ventil"},"content":{"rendered":"<h2 class=\"wp-block-heading\">Merkmale von Custom Eight-sided sealed coffee bag<\/h2>\n\n\n\n<p>Unser <strong>Kaffeebeutel mit Achtseitenversiegelung<\/strong> sind f\u00fcr Marken konzipiert, die Wert auf Frische, Funktionalit\u00e4t und eine professionelle Regaloptik legen. Mit einer stabilen Struktur mit flachem Boden und fortschrittlichen Barrierematerialien bieten diese Beutel die perfekte Kombination aus Haltbarkeit und Markenwirkung.<\/p>\n\n\n\n<p><strong>\u25ce<\/strong> <strong>Premium-Flachbodenstruktur f\u00fcr starke Regalpr\u00e4senz<\/strong><\/p>\n\n\n\n<p>Die <strong>8-seitige Dichtung mit flachem Boden<\/strong> erm\u00f6glicht es der Tasche, fest und ordentlich im Regal zu stehen und ein sauberes, kastenartiges Aussehen zu schaffen, das Ihr Produkt sofort aufwertet.<br>Perfekt f\u00fcr Einzelhandelsumgebungen, in denen es auf die Pr\u00e4sentation ankommt.<\/p>\n\n\n\n<p><strong>\u25ce Mehrschichtiges Material mit hoher Barriere f\u00fcr maximale Frische<\/strong><\/p>\n\n\n\n<p>Gefertigt mit <strong>MOPP\/VMPET\/PE<\/strong> oder anderen anpassbaren Laminaten bietet diese dreilagige Struktur:<\/p>\n\n\n\n<ul class=\"wp-block-list\">\n<li>Hervorragender Lichtschutz<\/li>\n\n\n\n<li>Starke Sauerstoffbarriere<\/li>\n\n\n\n<li>Ausgezeichnete Feuchtigkeitsbest\u00e4ndigkeit<\/li>\n<\/ul>\n\n\n\n<p>Die Hochbarrierefolien tragen zur Erhaltung der <strong>Geruch, Geschmack und Frische<\/strong> von ger\u00f6steten Kaffeebohnen \u00fcber l\u00e4ngere Zeitr\u00e4ume.<\/p>\n\n\n\n<p><strong>\u25ce Funktionalit\u00e4ten f\u00fcr Kaffeeprodukte<\/strong><\/p>\n\n\n\n<p>Um den professionellen Verpackungsstandards f\u00fcr Kaffee zu entsprechen, unterst\u00fctzt der Beutel:<\/p>\n\n\n\n<ul class=\"wp-block-list\">\n<li><strong>Seitlicher Rei\u00dfverschluss<\/strong> f\u00fcr einfaches Wiederverschlie\u00dfen<\/li>\n\n\n\n<li><strong>Einweg-Entgasungsventil<\/strong> CO\u2082 freizusetzen und gleichzeitig zu verhindern, dass Sauerstoff eindringt<\/li>\n<\/ul>\n\n\n\n<p>Diese Eigenschaften sorgen daf\u00fcr, dass Ihr Kaffee vom Zeitpunkt der Verpackung bis zur letzten Tasse frisch bleibt.<\/p>\n\n\n\n<p><strong>\u25ce Vollst\u00e4ndig anpassbar an Ihre Marke<\/strong><\/p>\n\n\n\n<p>Erstellen Sie eine Verpackung, die Ihre Marke wirklich repr\u00e4sentiert.<br>Anpassungen sind m\u00f6glich:<\/p>\n\n\n\n<ul class=\"wp-block-list\">\n<li>Gr\u00f6\u00dfe und Dicke<\/li>\n\n\n\n<li>Materialien und Barriereoptionen<\/li>\n\n\n\n<li>Druckdesign (bis zu 12 Farben im Tiefdruckverfahren)<\/li>\n\n\n\n<li>Logo und visuelle Identit\u00e4t<\/li>\n\n\n\n<li>Matte, gl\u00e4nzende oder Soft-Touch-Oberfl\u00e4chen<\/li>\n\n\n\n<li>Fenster- und Rei\u00dfverschlussmodelle<\/li>\n<\/ul>\n\n\n\n<p>Unser hochpr\u00e4ziser Tiefdruck garantiert lebendige Farben und Grafiken in professioneller Qualit\u00e4t, damit sich Ihr Produkt von anderen abhebt.<\/p>\n\n\n\n<h3 class=\"wp-block-heading\"><strong>Warum sollten Sie sich f\u00fcr unsere individuellen Kaffeetaschen entscheiden?<\/strong><\/h3>\n\n\n\n<p>Globaler Versand m\u00f6glich<\/p>\n\n\n\n<p>29+ Jahre Erfahrung in der Fertigung<\/p>\n\n\n\n<p>Zertifizierte Materialien in Lebensmittelqualit\u00e4t<\/p>\n\n\n\n<p>Hochbarrierestruktur f\u00fcr verl\u00e4ngerte Lagerf\u00e4higkeit<\/p>\n\n\n\n<p>Schneller Durchlauf &amp; flexibles MOQ<\/p>\n\n\n\n<div class=\"wp-block-columns is-layout-flex wp-container-core-columns-is-layout-9d6595d7 wp-block-columns-is-layout-flex\">\n<div class=\"wp-block-column is-layout-flow wp-block-column-is-layout-flow\">\n<figure class=\"wp-block-image size-full\"><img decoding=\"async\" width=\"640\" height=\"640\" src=\"https:\/\/www.lebeipackaging.com\/wp-content\/uploads\/2025\/12\/Custom-Eight-sided-sealed-coffee-bag.jpg\" alt=\"Achtseitige versiegelte Kaffeetasche\" class=\"wp-image-2808\" srcset=\"https:\/\/www.lebeipackaging.com\/wp-content\/uploads\/2025\/12\/Custom-Eight-sided-sealed-coffee-bag.jpg 640w, https:\/\/www.lebeipackaging.com\/wp-content\/uploads\/2025\/12\/Custom-Eight-sided-sealed-coffee-bag-300x300.jpg 300w, https:\/\/www.lebeipackaging.com\/wp-content\/uploads\/2025\/12\/Custom-Eight-sided-sealed-coffee-bag-150x150.jpg 150w, https:\/\/www.lebeipackaging.com\/wp-content\/uploads\/2025\/12\/Custom-Eight-sided-sealed-coffee-bag-12x12.jpg 12w, https:\/\/www.lebeipackaging.com\/wp-content\/uploads\/2025\/12\/Custom-Eight-sided-sealed-coffee-bag-600x600.jpg 600w, https:\/\/www.lebeipackaging.com\/wp-content\/uploads\/2025\/12\/Custom-Eight-sided-sealed-coffee-bag-100x100.jpg 100w\" sizes=\"(max-width: 640px) 100vw, 640px\" \/><\/figure>\n\n\n\n<h2 class=\"wp-block-heading has-text-align-center\"><strong>Kundenspezifischer Druck<\/strong><\/h2>\n\n\n\n<p class=\"has-text-align-center\">Geben Sie Ihrem Kaffee die Verpackung, die er verdient - <strong>Premium-Schutz mit Premium-Branding<\/strong>.<br><strong>Kontaktieren Sie uns noch heute f\u00fcr ein kostenloses Angebot und individuelle Muster!<\/strong><\/p>\n<\/div>\n<\/div>\n\n\n\n<p><\/p>","protected":false},"excerpt":{"rendered":"<p>Individuell gestalteter, 8-seitig versiegelter Kaffeebeutel mit Rei\u00dfverschluss und Ventil - entwickelt f\u00fcr Frische, gebaut f\u00fcr das Branding. Eine perfekte Wahl f\u00fcr die Verpackung von Premium-Kaffee.<\/p>\n<table style=\"border-collapse: collapse; width: 518px; height: 318px;\" border=\"0\" width=\"293\" cellspacing=\"0\" cellpadding=\"0\">\n<tbody>\n<tr style=\"height: 17.00pt;\">\n<td class=\"et2\" style=\"height: 17.00pt; width: 102.45pt;\" width=\"102\" height=\"17\">Hersteller<\/td>\n<td class=\"et2\" style=\"width: 190.80pt;\" width=\"190\">Lebei<\/td>\n<\/tr>\n<tr style=\"height: 17.00pt;\">\n<td class=\"et2\" style=\"height: 17.00pt; width: 102.45pt;\" width=\"102\" height=\"17\">Arten von Beuteln<\/td>\n<td class=\"et3\" style=\"width: 190.80pt;\" width=\"190\">8 Flacher Bodenbeutel mit Seitenverschluss<\/td>\n<\/tr>\n<tr style=\"height: 17.00pt;\">\n<td class=\"et2\" style=\"height: 17.00pt; width: 102.45pt;\" width=\"102\" height=\"17\">Material<\/td>\n<td class=\"et3\" style=\"width: 190.80pt;\" width=\"190\">MOPP\/VMPET\/PE oder kundenspezifisch<\/td>\n<\/tr>\n<tr style=\"height: 17.00pt;\">\n<td class=\"et2\" style=\"height: 17.00pt; width: 102.45pt;\" width=\"102\" height=\"17\">Besonderes Merkmal<\/td>\n<td class=\"et3\" style=\"width: 190.80pt;\" width=\"190\">Rei\u00dfverschluss oben, Einwegventil<\/td>\n<\/tr>\n<tr style=\"height: 17.00pt;\">\n<td class=\"et2\" style=\"height: 17.00pt; width: 102.45pt;\" width=\"102\" height=\"17\">Handhabung der Oberfl\u00e4che<\/td>\n<td class=\"et3\" style=\"width: 190.80pt;\" width=\"190\">Tiefdruck<\/td>\n<\/tr>\n<tr style=\"height: 17.00pt;\">\n<td class=\"et2\" style=\"height: 17.00pt; width: 102.45pt;\" width=\"102\" height=\"17\">Farbe<\/td>\n<td class=\"et3\" style=\"width: 190.80pt;\" width=\"190\">Anpassbar<\/td>\n<\/tr>\n<tr style=\"height: 17.00pt;\">\n<td class=\"et2\" style=\"height: 17.00pt; width: 102.45pt;\" width=\"102\" height=\"17\">Verwendung<\/td>\n<td class=\"et3\" style=\"width: 190.80pt;\" width=\"190\">Verpackungsbeutel f\u00fcr Lebensmittel (Gew\u00fcrze, Getreide usw.)<\/td>\n<\/tr>\n<tr style=\"height: 34.00pt;\">\n<td class=\"et2\" style=\"height: 34.00pt; width: 102.45pt;\" width=\"102\" height=\"34\">MOQ<\/td>\n<td class=\"et3\" style=\"width: 190.80pt;\" width=\"190\">Kundenspezifischer Beutel: 10.000 St\u00fcck (f\u00fcr einen besseren Preis empfehlen wir 30.000+)<\/td>\n<\/tr>\n<tr style=\"height: 34.00pt;\">\n<td class=\"et2\" style=\"height: 34.00pt; width: 102.45pt;\" width=\"102\" height=\"34\">Individuelle Bestellung<\/td>\n<td class=\"et3\" style=\"width: 190.80pt;\" width=\"190\">Akzeptieren Sie OEM &amp; ODM, unterst\u00fctzen Sie freie Probe<\/td>\n<\/tr>\n<\/tbody>\n<\/table>","protected":false},"featured_media":2782,"comment_status":"closed","ping_status":"closed","template":"","meta":{"_acf_changed":false},"application":[20],"product_brand":[],"product_cat":[40],"product_tag":[],"class_list":{"0":"post-2780","1":"product","2":"type-product","3":"status-publish","4":"has-post-thumbnail","6":"application-custom-coffee-packaging-bag","7":"product_cat-custom-flat-bottom-pouch","9":"first","10":"instock","11":"shipping-taxable","12":"product-type-simple"},"acf":[],"_links":{"self":[{"href":"https:\/\/www.lebeipackaging.com\/de\/wp-json\/wp\/v2\/product\/2780","targetHints":{"allow":["GET"]}}],"collection":[{"href":"https:\/\/www.lebeipackaging.com\/de\/wp-json\/wp\/v2\/product"}],"about":[{"href":"https:\/\/www.lebeipackaging.com\/de\/wp-json\/wp\/v2\/types\/product"}],"replies":[{"embeddable":true,"href":"https:\/\/www.lebeipackaging.com\/de\/wp-json\/wp\/v2\/comments?post=2780"}],"wp:featuredmedia":[{"embeddable":true,"href":"https:\/\/www.lebeipackaging.com\/de\/wp-json\/wp\/v2\/media\/2782"}],"wp:attachment":[{"href":"https:\/\/www.lebeipackaging.com\/de\/wp-json\/wp\/v2\/media?parent=2780"}],"wp:term":[{"taxonomy":"application","embeddable":true,"href":"https:\/\/www.lebeipackaging.com\/de\/wp-json\/wp\/v2\/application?post=2780"},{"taxonomy":"product_brand","embeddable":true,"href":"https:\/\/www.lebeipackaging.com\/de\/wp-json\/wp\/v2\/product_brand?post=2780"},{"taxonomy":"product_cat","embeddable":true,"href":"https:\/\/www.lebeipackaging.com\/de\/wp-json\/wp\/v2\/product_cat?post=2780"},{"taxonomy":"product_tag","embeddable":true,"href":"https:\/\/www.lebeipackaging.com\/de\/wp-json\/wp\/v2\/product_tag?post=2780"}],"curies":[{"name":"wp","href":"https:\/\/api.w.org\/{rel}","templated":true}]}}