{"id":2789,"date":"2025-12-05T06:25:20","date_gmt":"2025-12-05T06:25:20","guid":{"rendered":"https:\/\/www.lebeipackaging.com\/?post_type=product&#038;p=2789"},"modified":"2025-12-05T06:25:25","modified_gmt":"2025-12-05T06:25:25","slug":"wholesale-microwave-shaped-stand-up-pouch","status":"publish","type":"product","link":"https:\/\/www.lebeipackaging.com\/de\/product\/wholesale-microwave-shaped-stand-up-pouch\/","title":{"rendered":"Gro\u00dfhandel Mikrowelle-f\u00f6rmigen Stand Up Pouch Lebensmittel Lagerung Taschen Transparentes Fenster"},"content":{"rendered":"<h2 class=\"wp-block-heading\">Merkmale der mikrowellengeformten Stand-Up-Pouch<\/h2>\n\n\n\n<div class=\"wp-block-columns is-layout-flex wp-container-core-columns-is-layout-9d6595d7 wp-block-columns-is-layout-flex\">\n<div class=\"wp-block-column is-layout-flow wp-block-column-is-layout-flow\">\n<p><strong>Einzigartiges Design in Form eines Mikrowellenaufstellers<\/strong><br>Mit seiner stabilen, selbststehenden Struktur bleibt er auf Arbeitsplatten, Schr\u00e4nken oder Picknicktischen aufrecht stehen - kein Umkippen von T\u00fcten mehr! Das verspielte Aussehen des K\u00fcchenger\u00e4ts ist gleichzeitig ein h\u00fcbsches Dekorationselement, das Ihrer Speisekammer oder Ihrem Essbereich eine skurrile Note verleiht.<\/p>\n\n\n\n<p><strong>Transparentes Frontfenster&nbsp;<\/strong><br>Das durchsichtige, hochtransparente Fenster (aus lebensmittelechtem PET) erm\u00f6glicht es Ihnen, den Inhalt (Snacks, S\u00fc\u00dfigkeiten, N\u00fcsse, Trockenfr\u00fcchte usw.) sofort zu erkennen, ohne das Siegel m\u00fchsam \u00f6ffnen zu m\u00fcssen, was Zeit spart und unn\u00f6tige Luftzufuhr verhindert.<\/p>\n\n\n\n<p><strong>Wiederverwendbar &amp; luftdicht verschlossen<\/strong><br>Ausgestattet mit einem strapazierf\u00e4higen Rei\u00dfverschluss, der die Frische bewahrt, Feuchtigkeit abh\u00e4lt und Auslaufen verhindert (ideal f\u00fcr die Aufbewahrung von halbfeuchten Lebensmitteln wie D\u00f6rrfleisch oder beschichteten N\u00fcssen). <\/p>\n\n\n\n<p><strong><strong>Hochwertiges MOPP\/PET\/CPP-Material<\/strong><\/strong><br>Hergestellt aus einem 3-Schicht-Verbundmaterial in Lebensmittelqualit\u00e4t (MOPP au\u00dfen f\u00fcr einen lebendigen, kratzfesten Druck; PET in der Mitte f\u00fcr Klarheit; CPP innen f\u00fcr Hitzebest\u00e4ndigkeit und Sicherheit) ist dieser Beutel BPA-frei, geruchsneutral, rei\u00dffest und bietet eine zuverl\u00e4ssige Barriere gegen Staub und Feuchtigkeit.<\/p>\n\n\n\n<p><strong>Vielseitige Gr\u00f6\u00dfe und Kapazit\u00e4t<\/strong><br>&nbsp;Er bietet Platz f\u00fcr eine gro\u00dfe Menge an t\u00e4glichen Snacks und ist gleichzeitig kompakt genug, um in Lunchboxen, Reisetaschen oder Picknickk\u00f6rben Platz zu finden - perfekt f\u00fcr unterwegs.<\/p>\n\n\n\n<p>.<\/p>\n<\/div>\n\n\n\n<div class=\"wp-block-column is-layout-flow wp-block-column-is-layout-flow\">\n<div class=\"wp-block-columns is-layout-flex wp-container-core-columns-is-layout-9d6595d7 wp-block-columns-is-layout-flex\">\n<div class=\"wp-block-column is-layout-flow wp-block-column-is-layout-flow\">\n<figure class=\"wp-block-image size-full\"><img decoding=\"async\" width=\"800\" height=\"800\" src=\"https:\/\/www.lebeipackaging.com\/wp-content\/uploads\/2025\/11\/Wholesale-Microwave-Shaped-Stand-Up-Pouch-1.webp\" alt=\"Gro\u00dfhandel Mikrowelle-geformt Stand Up Pouch-1\" class=\"wp-image-2791\" srcset=\"https:\/\/www.lebeipackaging.com\/wp-content\/uploads\/2025\/11\/Wholesale-Microwave-Shaped-Stand-Up-Pouch-1.webp 800w, https:\/\/www.lebeipackaging.com\/wp-content\/uploads\/2025\/11\/Wholesale-Microwave-Shaped-Stand-Up-Pouch-1-300x300.webp 300w, https:\/\/www.lebeipackaging.com\/wp-content\/uploads\/2025\/11\/Wholesale-Microwave-Shaped-Stand-Up-Pouch-1-150x150.webp 150w, https:\/\/www.lebeipackaging.com\/wp-content\/uploads\/2025\/11\/Wholesale-Microwave-Shaped-Stand-Up-Pouch-1-768x768.webp 768w, https:\/\/www.lebeipackaging.com\/wp-content\/uploads\/2025\/11\/Wholesale-Microwave-Shaped-Stand-Up-Pouch-1-12x12.webp 12w, https:\/\/www.lebeipackaging.com\/wp-content\/uploads\/2025\/11\/Wholesale-Microwave-Shaped-Stand-Up-Pouch-1-600x600.webp 600w, https:\/\/www.lebeipackaging.com\/wp-content\/uploads\/2025\/11\/Wholesale-Microwave-Shaped-Stand-Up-Pouch-1-100x100.webp 100w\" sizes=\"(max-width: 800px) 100vw, 800px\" \/><\/figure>\n<\/div>\n<\/div>\n<\/div>\n<\/div>\n\n\n\n<div class=\"wp-block-columns is-layout-flex wp-container-core-columns-is-layout-9d6595d7 wp-block-columns-is-layout-flex\">\n<div class=\"wp-block-column is-layout-flow wp-block-column-is-layout-flow\">\n<figure class=\"wp-block-image size-full\"><img decoding=\"async\" width=\"800\" height=\"800\" src=\"https:\/\/www.lebeipackaging.com\/wp-content\/uploads\/2025\/11\/Wholesale-Microwave-Shaped-Stand-Up-Pouch-7.webp\" alt=\"\" class=\"wp-image-2797\" srcset=\"https:\/\/www.lebeipackaging.com\/wp-content\/uploads\/2025\/11\/Wholesale-Microwave-Shaped-Stand-Up-Pouch-7.webp 800w, https:\/\/www.lebeipackaging.com\/wp-content\/uploads\/2025\/11\/Wholesale-Microwave-Shaped-Stand-Up-Pouch-7-300x300.webp 300w, https:\/\/www.lebeipackaging.com\/wp-content\/uploads\/2025\/11\/Wholesale-Microwave-Shaped-Stand-Up-Pouch-7-150x150.webp 150w, https:\/\/www.lebeipackaging.com\/wp-content\/uploads\/2025\/11\/Wholesale-Microwave-Shaped-Stand-Up-Pouch-7-768x768.webp 768w, https:\/\/www.lebeipackaging.com\/wp-content\/uploads\/2025\/11\/Wholesale-Microwave-Shaped-Stand-Up-Pouch-7-12x12.webp 12w, https:\/\/www.lebeipackaging.com\/wp-content\/uploads\/2025\/11\/Wholesale-Microwave-Shaped-Stand-Up-Pouch-7-600x600.webp 600w, https:\/\/www.lebeipackaging.com\/wp-content\/uploads\/2025\/11\/Wholesale-Microwave-Shaped-Stand-Up-Pouch-7-100x100.webp 100w\" sizes=\"(max-width: 800px) 100vw, 800px\" \/><\/figure>\n<\/div>\n\n\n\n<div class=\"wp-block-column is-layout-flow wp-block-column-is-layout-flow\">\n<figure class=\"wp-block-image size-full\"><img decoding=\"async\" width=\"800\" height=\"800\" src=\"https:\/\/www.lebeipackaging.com\/wp-content\/uploads\/2025\/11\/Wholesale-Microwave-Shaped-Stand-Up-Pouch-5.webp\" alt=\"\" class=\"wp-image-2795\" srcset=\"https:\/\/www.lebeipackaging.com\/wp-content\/uploads\/2025\/11\/Wholesale-Microwave-Shaped-Stand-Up-Pouch-5.webp 800w, https:\/\/www.lebeipackaging.com\/wp-content\/uploads\/2025\/11\/Wholesale-Microwave-Shaped-Stand-Up-Pouch-5-300x300.webp 300w, https:\/\/www.lebeipackaging.com\/wp-content\/uploads\/2025\/11\/Wholesale-Microwave-Shaped-Stand-Up-Pouch-5-150x150.webp 150w, https:\/\/www.lebeipackaging.com\/wp-content\/uploads\/2025\/11\/Wholesale-Microwave-Shaped-Stand-Up-Pouch-5-768x768.webp 768w, https:\/\/www.lebeipackaging.com\/wp-content\/uploads\/2025\/11\/Wholesale-Microwave-Shaped-Stand-Up-Pouch-5-12x12.webp 12w, https:\/\/www.lebeipackaging.com\/wp-content\/uploads\/2025\/11\/Wholesale-Microwave-Shaped-Stand-Up-Pouch-5-600x600.webp 600w, https:\/\/www.lebeipackaging.com\/wp-content\/uploads\/2025\/11\/Wholesale-Microwave-Shaped-Stand-Up-Pouch-5-100x100.webp 100w\" sizes=\"(max-width: 800px) 100vw, 800px\" \/><\/figure>\n<\/div>\n<\/div>\n\n\n\n<div class=\"wp-block-columns is-layout-flex wp-container-core-columns-is-layout-9d6595d7 wp-block-columns-is-layout-flex\">\n<div class=\"wp-block-column is-layout-flow wp-block-column-is-layout-flow\">\n<h2 class=\"wp-block-heading\">Gr\u00f6\u00dfe des Produkts<br><\/h2>\n\n\n\n<figure class=\"wp-block-table\"><table class=\"has-fixed-layout\"><tbody><tr><td>Gr\u00f6\u00dfe<br>(cm)<\/td><td>Verpackung (St\u00fcck\/B\u00fcndel)<\/td><td>Verpackung (St\u00fcck\/ctn)<\/td><td>Gewicht<br>(kg\/ctn)<\/td><td>Ctn Gr\u00f6\u00dfe<br>(cm)<\/td><\/tr><tr><td>18*21+3cm*2<\/td><td>50<\/td><td>2000<\/td><td>\/<\/td><td>\/<\/td><\/tr><tr><td>24*28+4cm*2<\/td><td>50<\/td><td>2400<\/td><td>\/<\/td><td>\/<\/td><\/tr><\/tbody><\/table><\/figure>\n\n\n\n<p><br><\/p>\n<\/div>\n<\/div>\n\n\n\n<p><\/p>","protected":false},"excerpt":{"rendered":"<article class=\"text-token-text-primary w-full\" dir=\"auto\" data-testid=\"conversation-turn-2\" data-scroll-anchor=\"true\">\n<div class=\"text-base my-auto mx-auto py-5 [--thread-content-margin:--spacing(4)] @[37rem]:[--thread-content-margin:--spacing(6)] @[72rem]:[--thread-content-margin:--spacing(16)] px-(--thread-content-margin)\">\n<div class=\"[--thread-content-max-width:32rem] @[34rem]:[--thread-content-max-width:40rem] @[64rem]:[--thread-content-max-width:48rem] mx-auto flex max-w-(--thread-content-max-width) flex-1 text-base gap-4 md:gap-5 lg:gap-6 group\/turn-messages focus-visible:outline-hidden\">\n<div class=\"group\/conversation-turn relative flex w-full min-w-0 flex-col agent-turn\">\n<div class=\"relative flex-col gap-1 md:gap-3\">\n<div class=\"flex max-w-full flex-col grow\">\n<div class=\"min-h-8 text-message relative flex w-full flex-col items-end gap-2 text-start break-words whitespace-normal [.text-message+&amp;]:mt-5\" dir=\"auto\" data-message-author-role=\"assistant\" data-message-id=\"601dc105-1a20-4d41-b026-a096271ed355\" data-message-model-slug=\"gpt-4-1-mini\">\n<div class=\"flex w-full flex-col gap-1 empty:hidden first:pt-[3px]\">\n<div class=\"markdown prose dark:prose-invert w-full break-words light\">\n<article class=\"text-token-text-primary w-full\" dir=\"auto\" data-testid=\"conversation-turn-26\" data-scroll-anchor=\"true\">\n<div class=\"text-base my-auto mx-auto py-5 [--thread-content-margin:--spacing(4)] @[37rem]:[--thread-content-margin:--spacing(6)] @[72rem]:[--thread-content-margin:--spacing(16)] px-(--thread-content-margin)\">\n<div class=\"[--thread-content-max-width:32rem] @[34rem]:[--thread-content-max-width:40rem] @[64rem]:[--thread-content-max-width:48rem] mx-auto flex max-w-(--thread-content-max-width) flex-1 text-base gap-4 md:gap-5 lg:gap-6 group\/turn-messages focus-visible:outline-hidden\">\n<div class=\"group\/conversation-turn relative flex w-full min-w-0 flex-col agent-turn\">\n<div class=\"relative flex-col gap-1 md:gap-3\">\n<div class=\"flex max-w-full flex-col grow\">\n<div class=\"min-h-8 text-message relative flex w-full flex-col items-end gap-2 text-start break-words whitespace-normal [.text-message+&amp;]:mt-5\" dir=\"auto\" data-message-author-role=\"assistant\" data-message-id=\"d05c8187-775a-4e42-8061-4ac971d5f547\" data-message-model-slug=\"gpt-4-1-mini\">\n<div class=\"flex w-full flex-col gap-1 empty:hidden first:pt-[3px]\">\n<div class=\"markdown prose dark:prose-invert w-full break-words light\">\n<p data-start=\"27\" data-end=\"277\">Wholesale microwave-shaped stand up pouch with a transparent window. Perfect for storing snacks, candies, nuts, dried fruits, cookies, spices, etc. Ideal for home kitchen organization, picnic, travel, or as a cute gift for food lovers.<\/p>\n<\/div>\n<\/div>\n<\/div>\n<\/div>\n<\/div>\n<\/div>\n<\/div>\n<\/div>\n<\/article>\n<\/div>\n<\/div>\n<\/div>\n<\/div>\n<\/div>\n<\/div>\n<\/div>\n<\/div>\n<\/article>\n<table style=\"border-collapse: collapse; width: 518px; height: 318px;\" border=\"0\" width=\"293\" cellspacing=\"0\" cellpadding=\"0\">\n<tbody>\n<tr style=\"height: 17.00pt;\">\n<td class=\"et2\" style=\"height: 17.00pt; width: 102.45pt;\" width=\"102\" height=\"17\">Manufacturer<\/td>\n<td class=\"et2\" style=\"width: 190.80pt;\" width=\"190\">Lebei<\/td>\n<\/tr>\n<tr style=\"height: 17.00pt;\">\n<td class=\"et2\" style=\"height: 17.00pt; width: 102.45pt;\" width=\"102\" height=\"17\">Pouch Types<\/td>\n<td class=\"et3\" style=\"width: 190.80pt;\" width=\"190\">Shaped Pouches(Stand Up Pouch)<\/td>\n<\/tr>\n<tr style=\"height: 17.00pt;\">\n<td class=\"et2\" style=\"height: 17.00pt; width: 102.45pt;\" width=\"102\" height=\"17\">Material<\/td>\n<td class=\"et3\" style=\"width: 190.80pt;\" width=\"190\">MOPP\/PET\/CPP\u00a0<\/td>\n<\/tr>\n<tr style=\"height: 17.00pt;\">\n<td class=\"et2\" style=\"height: 17.00pt; width: 102.45pt;\" width=\"102\" height=\"17\">Sealing &amp; Handle<\/td>\n<td class=\"et3\" style=\"width: 190.80pt;\" width=\"190\">Zipper Top<\/td>\n<\/tr>\n<tr style=\"height: 17.00pt;\">\n<td class=\"et2\" style=\"height: 17.00pt; width: 102.45pt;\" width=\"102\" height=\"17\">Feature<\/td>\n<td class=\"et3\" style=\"width: 190.80pt;\" width=\"190\">Moisture Proof<\/td>\n<\/tr>\n<tr style=\"height: 17.00pt;\">\n<td class=\"et2\" style=\"height: 17.00pt; width: 102.45pt;\" width=\"102\" height=\"17\">Thickness(one side)<\/td>\n<td class=\"et3\" style=\"width: 190.80pt;\" width=\"190\">100mic<\/td>\n<\/tr>\n<tr style=\"height: 17.00pt;\">\n<td class=\"et2\" style=\"height: 17.00pt; width: 102.45pt;\" width=\"102\" height=\"17\">Usage<\/td>\n<td class=\"et3\" style=\"width: 190.80pt;\" width=\"190\">Candy and Snack Packaging<\/td>\n<\/tr>\n<tr style=\"height: 34.00pt;\">\n<td class=\"et2\" style=\"height: 34.00pt; width: 102.45pt;\" width=\"102\" height=\"34\">MOQ<\/td>\n<td class=\"et3\" style=\"width: 190.80pt;\" width=\"190\">Mix Items, Total 5000 Pieces<\/td>\n<\/tr>\n<tr style=\"height: 34.00pt;\">\n<td class=\"et2\" style=\"height: 34.00pt; width: 102.45pt;\" width=\"102\" height=\"34\">Sample<\/td>\n<td class=\"et3\" style=\"width: 190.80pt;\" width=\"190\">1-2 Days (Free)<\/td>\n<\/tr>\n<\/tbody>\n<\/table>\n","protected":false},"featured_media":2792,"comment_status":"closed","ping_status":"closed","template":"","meta":{"_acf_changed":false},"application":[],"product_brand":[],"product_cat":[50,41,35],"product_tag":[43],"class_list":{"0":"post-2789","1":"product","2":"type-product","3":"status-publish","4":"has-post-thumbnail","6":"product_cat-ready-to-ship-pouches","7":"product_cat-stand-up-pouch-manufacturer","8":"product_cat-shaped-pouches-factory","9":"product_tag-shape-pouch","11":"first","12":"instock","13":"shipping-taxable","14":"product-type-simple"},"acf":[],"_links":{"self":[{"href":"https:\/\/www.lebeipackaging.com\/de\/wp-json\/wp\/v2\/product\/2789","targetHints":{"allow":["GET"]}}],"collection":[{"href":"https:\/\/www.lebeipackaging.com\/de\/wp-json\/wp\/v2\/product"}],"about":[{"href":"https:\/\/www.lebeipackaging.com\/de\/wp-json\/wp\/v2\/types\/product"}],"replies":[{"embeddable":true,"href":"https:\/\/www.lebeipackaging.com\/de\/wp-json\/wp\/v2\/comments?post=2789"}],"wp:featuredmedia":[{"embeddable":true,"href":"https:\/\/www.lebeipackaging.com\/de\/wp-json\/wp\/v2\/media\/2792"}],"wp:attachment":[{"href":"https:\/\/www.lebeipackaging.com\/de\/wp-json\/wp\/v2\/media?parent=2789"}],"wp:term":[{"taxonomy":"application","embeddable":true,"href":"https:\/\/www.lebeipackaging.com\/de\/wp-json\/wp\/v2\/application?post=2789"},{"taxonomy":"product_brand","embeddable":true,"href":"https:\/\/www.lebeipackaging.com\/de\/wp-json\/wp\/v2\/product_brand?post=2789"},{"taxonomy":"product_cat","embeddable":true,"href":"https:\/\/www.lebeipackaging.com\/de\/wp-json\/wp\/v2\/product_cat?post=2789"},{"taxonomy":"product_tag","embeddable":true,"href":"https:\/\/www.lebeipackaging.com\/de\/wp-json\/wp\/v2\/product_tag?post=2789"}],"curies":[{"name":"wp","href":"https:\/\/api.w.org\/{rel}","templated":true}]}}