{"id":290,"date":"2025-05-28T01:03:31","date_gmt":"2025-05-28T01:03:31","guid":{"rendered":"https:\/\/www.lebeipackaging.com\/?post_type=product&#038;p=290"},"modified":"2025-05-28T01:44:53","modified_gmt":"2025-05-28T01:44:53","slug":"custom-printing-stand-up-pouches-wholesale-for-nuts","status":"publish","type":"product","link":"https:\/\/www.lebeipackaging.com\/de\/product\/custom-printing-stand-up-pouches-wholesale-for-nuts\/","title":{"rendered":"Benutzerdefinierte Druck Stand Up Beutel Gro\u00dfhandel f\u00fcr N\u00fcsse"},"content":{"rendered":"<h2 class=\"wp-block-heading\">Merkmale der benutzerdefinierten Druck Stand Up Pouches Gro\u00dfhandel<\/h2>\n\n\n\n<p><strong>Mehrschichtiges feuchtigkeitsdichtes Material<\/strong><br>Die dreischichtige Verbundstruktur aus PET\/VMPET\/PE ist stark und hochgradig barrierefrei und kann das Eindringen von Luft, Feuchtigkeit und Licht vollst\u00e4ndig verhindern. So wird sichergestellt, dass die N\u00fcsse w\u00e4hrend der Lagerung und des Transports weder oxidiert noch feucht werden und das urspr\u00fcngliche Aroma und der Geschmack erhalten bleiben.<\/p>\n\n\n\n<p><strong>Selbstst\u00e4ndige und stabile Konstruktion<\/strong><br>Durch das breitere Bodendesign kann der Verpackungsbeutel unabh\u00e4ngig und ohne Unterst\u00fctzung aufgerichtet werden, was ideal f\u00fcr die Pr\u00e4sentation in Supermarktregalen, im E-Commerce oder auf Messen ist und die professionelle und visuelle Attraktivit\u00e4t der gesamten Verpackung erh\u00f6ht.<\/p>\n\n\n\n<p><strong>Transparente Fensteranzeige<\/strong><br>Das Klarsichtfenster im Beutelk\u00f6rper erm\u00f6glicht dem Kunden einen intuitiven Blick auf die Ware, schafft Kaufvertrauen und eignet sich besonders f\u00fcr die Darstellung von Qualit\u00e4t, K\u00f6rnung und Frische der N\u00fcsse, was das Produkt noch \u00fcberzeugender macht.<\/p>\n\n\n\n<p><strong>Leicht aufrei\u00dfbare \u00d6ffnung und Rei\u00dfverschluss mit Dichtung<\/strong><br>Das einfach zu \u00f6ffnende Design in Form des Buchstabens \"U\" in humanisiertem Design erleichtert das \u00d6ffnen des Verpackungsbeutels; ein versiegelter Rei\u00dfverschluss an der Oberseite, der wiederholt ge\u00f6ffnet und geschlossen werden kann, ist bequem f\u00fcr den wiederholten Gebrauch und verl\u00e4ngert au\u00dferdem die Haltbarkeit der N\u00fcsse, was die Benutzererfahrung verbessert.<\/p>\n\n\n\n<p><strong>Unterst\u00fctzung exklusiver Anpassungen<\/strong><br>Es gibt eine Vielzahl von Anpassungsm\u00f6glichkeiten in Bezug auf Gr\u00f6\u00dfe, Dicke, Druckdesign und Markenlogo. Mit dem Tiefdruckverfahren k\u00f6nnen hochwertige Bilder erzeugt werden, und die Kunden k\u00f6nnen ihre eigene Markenverpackung entwerfen und die Wettbewerbsf\u00e4higkeit auf dem Markt verbessern.<\/p>\n\n\n\n<p><strong>Lebensmittelechte Sicherheitsgarantie<\/strong><br>Das Produkt hat zahlreiche internationale Lebensmittelsicherheitszertifikate wie BRC, ISO, QS, HACCP usw. erhalten und erf\u00fcllt die hohen Standards f\u00fcr Lebensmittelverpackungen auf dem internationalen Markt.<\/p>\n\n\n\n<div class=\"wp-block-columns is-layout-flex wp-container-core-columns-is-layout-9d6595d7 wp-block-columns-is-layout-flex\">\n<div class=\"wp-block-column is-layout-flow wp-block-column-is-layout-flow\">\n<figure class=\"wp-block-image size-full\"><img decoding=\"async\" width=\"640\" height=\"640\" src=\"https:\/\/www.lebeipackaging.com\/wp-content\/uploads\/2025\/05\/Custom-Printing-Stand-Up-Pouches-Wholesale-For-Nuts4.webp\" alt=\"Benutzerdefinierte Druck Stand Up Beutel Gro\u00dfhandel f\u00fcr Nuts4\" class=\"wp-image-313\" srcset=\"https:\/\/www.lebeipackaging.com\/wp-content\/uploads\/2025\/05\/Custom-Printing-Stand-Up-Pouches-Wholesale-For-Nuts4.webp 640w, https:\/\/www.lebeipackaging.com\/wp-content\/uploads\/2025\/05\/Custom-Printing-Stand-Up-Pouches-Wholesale-For-Nuts4-300x300.webp 300w, https:\/\/www.lebeipackaging.com\/wp-content\/uploads\/2025\/05\/Custom-Printing-Stand-Up-Pouches-Wholesale-For-Nuts4-150x150.webp 150w, https:\/\/www.lebeipackaging.com\/wp-content\/uploads\/2025\/05\/Custom-Printing-Stand-Up-Pouches-Wholesale-For-Nuts4-600x600.webp 600w, https:\/\/www.lebeipackaging.com\/wp-content\/uploads\/2025\/05\/Custom-Printing-Stand-Up-Pouches-Wholesale-For-Nuts4-100x100.webp 100w\" sizes=\"(max-width: 640px) 100vw, 640px\" \/><\/figure>\n\n\n\n<h2 class=\"wp-block-heading\"><strong>U-f\u00f6rmig und mit Rei\u00dfverschluss<\/strong><\/h2>\n\n\n\n<p>Leicht zu \u00f6ffnen, schneiden Sie die Tasche leicht zu \u00f6ffnen durch den Benutzer<\/p>\n<\/div>\n\n\n\n<div class=\"wp-block-column is-layout-flow wp-block-column-is-layout-flow\">\n<figure class=\"wp-block-image size-full\"><img decoding=\"async\" width=\"640\" height=\"640\" src=\"https:\/\/www.lebeipackaging.com\/wp-content\/uploads\/2025\/05\/Custom-Printing-Stand-Up-Pouches-Wholesale-For-Nuts3.webp\" alt=\"Benutzerdefinierte Druck Stand Up Beutel Gro\u00dfhandel f\u00fcr Nuts3\" class=\"wp-image-312\" srcset=\"https:\/\/www.lebeipackaging.com\/wp-content\/uploads\/2025\/05\/Custom-Printing-Stand-Up-Pouches-Wholesale-For-Nuts3.webp 640w, https:\/\/www.lebeipackaging.com\/wp-content\/uploads\/2025\/05\/Custom-Printing-Stand-Up-Pouches-Wholesale-For-Nuts3-300x300.webp 300w, https:\/\/www.lebeipackaging.com\/wp-content\/uploads\/2025\/05\/Custom-Printing-Stand-Up-Pouches-Wholesale-For-Nuts3-150x150.webp 150w, https:\/\/www.lebeipackaging.com\/wp-content\/uploads\/2025\/05\/Custom-Printing-Stand-Up-Pouches-Wholesale-For-Nuts3-600x600.webp 600w, https:\/\/www.lebeipackaging.com\/wp-content\/uploads\/2025\/05\/Custom-Printing-Stand-Up-Pouches-Wholesale-For-Nuts3-100x100.webp 100w\" sizes=\"(max-width: 640px) 100vw, 640px\" \/><\/figure>\n\n\n\n<h2 class=\"wp-block-heading\"><strong>Stehender Boden<\/strong><\/h2>\n\n\n\n<p>Steht stabil und stellt die Tasche eindrucksvoll in das Regal<\/p>\n<\/div>\n<\/div>\n\n\n\n<p><\/p>","protected":false},"excerpt":{"rendered":"<p>Standbeutel f\u00fcr N\u00fcsse sind mit mehrschichtigem Material f\u00fcr Feuchtigkeitsbest\u00e4ndigkeit und Frische gemacht. Features leicht zu \u00f6ffnen und wiederverschlie\u00dfbaren Rei\u00dfverschluss. Benutzerdefinierte Druck verf\u00fcgbar, ideal f\u00fcr den Einzelhandel und Branding.<\/p>\n<table style=\"border-collapse: collapse; width: 534px; height: 439px;\" border=\"0\" width=\"293\" cellspacing=\"0\" cellpadding=\"0\">\n<tbody>\n<tr style=\"height: 17.00pt;\">\n<td class=\"et2\" style=\"height: 17.00pt; width: 102.45pt;\" width=\"102\" height=\"17\">Hersteller<\/td>\n<td class=\"et2\" style=\"width: 190.80pt;\" width=\"190\">Lebei<\/td>\n<\/tr>\n<tr style=\"height: 35.00pt;\">\n<td class=\"et2\" style=\"height: 35.00pt; width: 102.45pt;\" width=\"102\" height=\"35\">Arten von Beuteln<\/td>\n<td class=\"et3\" style=\"width: 190.80pt;\" width=\"190\">Stand Up Pouch, Zipper Pouch<\/td>\n<\/tr>\n<tr style=\"height: 35.00pt;\">\n<td class=\"et2\" style=\"height: 35.00pt; width: 102.45pt;\" width=\"102\" height=\"35\">Material<\/td>\n<td class=\"et3\" style=\"width: 190.80pt;\" width=\"190\">PET\/VMPET\/PE oder kundenspezifisch<\/td>\n<\/tr>\n<tr style=\"height: 35.00pt;\">\n<td class=\"et2\" style=\"height: 35.00pt; width: 102.45pt;\" width=\"102\" height=\"35\">Besonderes Merkmal<\/td>\n<td class=\"et3\" style=\"width: 190.80pt;\" width=\"190\">Feuchtigkeitssicher, Rei\u00dfverschluss oben, Risskerbe, Stand Up Bottom<\/td>\n<\/tr>\n<tr style=\"height: 35.00pt;\">\n<td class=\"et2\" style=\"height: 35.00pt; width: 102.45pt;\" width=\"102\" height=\"35\">Handhabung der Oberfl\u00e4che<\/td>\n<td class=\"et3\" style=\"width: 190.80pt;\" width=\"190\">Tiefdruck<\/td>\n<\/tr>\n<tr style=\"height: 35.00pt;\">\n<td class=\"et2\" style=\"height: 35.00pt; width: 102.45pt;\" width=\"102\" height=\"35\">Farbe<\/td>\n<td class=\"et3\" style=\"width: 190.80pt;\" width=\"190\">Rosa (anpassbar)<\/td>\n<\/tr>\n<tr style=\"height: 35.00pt;\">\n<td class=\"et2\" style=\"height: 35.00pt; width: 102.45pt;\" width=\"102\" height=\"35\">Verwendung<\/td>\n<td class=\"et3\" style=\"width: 190.80pt;\" width=\"190\">Beutel f\u00fcr Lebensmittelverpackungen (N\u00fcsse, Snacks, etc.)<\/td>\n<\/tr>\n<tr style=\"height: 35.00pt;\">\n<td class=\"et2\" style=\"height: 35.00pt; width: 102.45pt;\" width=\"102\" height=\"35\">MOQ<\/td>\n<td class=\"et3\" style=\"width: 190.80pt;\" width=\"190\">Kundenspezifischer Beutel: 10.000 St\u00fcck (f\u00fcr einen besseren Preis empfehlen wir 30.000+)<\/td>\n<\/tr>\n<tr style=\"height: 35.00pt;\">\n<td class=\"et2\" style=\"height: 35.00pt; width: 102.45pt;\" width=\"102\" height=\"35\">Individuelle Bestellung<\/td>\n<td class=\"et3\" style=\"width: 190.80pt;\" width=\"190\">Akzeptieren Sie OEM &amp; ODM, unterst\u00fctzen Sie freie Probe<\/td>\n<\/tr>\n<\/tbody>\n<\/table>","protected":false},"featured_media":310,"comment_status":"closed","ping_status":"closed","template":"","meta":{"_acf_changed":false},"application":[26],"product_brand":[],"product_cat":[41],"product_tag":[],"class_list":{"0":"post-290","1":"product","2":"type-product","3":"status-publish","4":"has-post-thumbnail","6":"application-custom-nuts-packaging","7":"product_cat-stand-up-pouch-manufacturer","9":"first","10":"instock","11":"shipping-taxable","12":"product-type-simple"},"acf":[],"_links":{"self":[{"href":"https:\/\/www.lebeipackaging.com\/de\/wp-json\/wp\/v2\/product\/290","targetHints":{"allow":["GET"]}}],"collection":[{"href":"https:\/\/www.lebeipackaging.com\/de\/wp-json\/wp\/v2\/product"}],"about":[{"href":"https:\/\/www.lebeipackaging.com\/de\/wp-json\/wp\/v2\/types\/product"}],"replies":[{"embeddable":true,"href":"https:\/\/www.lebeipackaging.com\/de\/wp-json\/wp\/v2\/comments?post=290"}],"wp:featuredmedia":[{"embeddable":true,"href":"https:\/\/www.lebeipackaging.com\/de\/wp-json\/wp\/v2\/media\/310"}],"wp:attachment":[{"href":"https:\/\/www.lebeipackaging.com\/de\/wp-json\/wp\/v2\/media?parent=290"}],"wp:term":[{"taxonomy":"application","embeddable":true,"href":"https:\/\/www.lebeipackaging.com\/de\/wp-json\/wp\/v2\/application?post=290"},{"taxonomy":"product_brand","embeddable":true,"href":"https:\/\/www.lebeipackaging.com\/de\/wp-json\/wp\/v2\/product_brand?post=290"},{"taxonomy":"product_cat","embeddable":true,"href":"https:\/\/www.lebeipackaging.com\/de\/wp-json\/wp\/v2\/product_cat?post=290"},{"taxonomy":"product_tag","embeddable":true,"href":"https:\/\/www.lebeipackaging.com\/de\/wp-json\/wp\/v2\/product_tag?post=290"}],"curies":[{"name":"wp","href":"https:\/\/api.w.org\/{rel}","templated":true}]}}