{"id":317,"date":"2025-05-27T03:15:09","date_gmt":"2025-05-27T03:15:09","guid":{"rendered":"https:\/\/www.lebeipackaging.com\/?post_type=product&#038;p=317"},"modified":"2025-05-28T01:58:20","modified_gmt":"2025-05-28T01:58:20","slug":"custom-stand-up-pouches-wholesale-for-snacks-or-nuts","status":"publish","type":"product","link":"https:\/\/www.lebeipackaging.com\/de\/product\/custom-stand-up-pouches-wholesale-for-snacks-or-nuts\/","title":{"rendered":"Kundenspezifische Standbodenbeutel im Gro\u00dfhandel f\u00fcr Snacks oder N\u00fcsse"},"content":{"rendered":"<h2 class=\"wp-block-heading\">Merkmale der Custom Stand-Up Pouches<\/h2>\n\n\n\n<p><strong>Die Zertifizierung der Lebensmittelsicherheit garantiert<\/strong><br>Das Produkt hat verschiedene internationale Zertifizierungen erhalten, wie BRC, ISO, QS und HACCP, um zu gew\u00e4hrleisten, dass die Verpackung den Standards der Lebensmittelsicherheit entspricht und N\u00fcsse und Snacks sicher verpackt werden k\u00f6nnen.<\/p>\n\n\n\n<p><strong>Hochwertige feuchtigkeitsdichte Materialien<\/strong><br>Die mehrschichtigen PET\/PE-Verbundmaterialien sch\u00fctzen wirksam vor Feuchtigkeit und Sauerstoff, halten N\u00fcsse und Snacks frisch und aromatisch und verl\u00e4ngern die Haltbarkeit.<\/p>\n\n\n\n<p><strong>Selbststehende Tasche<\/strong><br>Die untere St\u00fctzstruktur sorgt daf\u00fcr, dass die Verpackungstasche stabil steht, bequem ausgestellt werden kann, den Ausstellungseffekt im Regal verbessert und das Produkt noch sch\u00f6ner macht.<\/p>\n\n\n\n<p><strong>Versiegelte Rei\u00dfverschlussstruktur, einfach zu bedienen<\/strong><br>Der Rei\u00dfverschluss an der Oberseite ist leicht zu \u00f6ffnen und zu schlie\u00dfen, um zu verhindern, dass das Produkt in der Tasche durch h\u00e4ufiges \u00d6ffnen schal wird, so dass die Verbraucher sie wiederholt verwenden k\u00f6nnen.<\/p>\n\n\n\n<p><strong>Volle Unterst\u00fctzung f\u00fcr individuelle Personalisierung<\/strong><br>Die St\u00e4rke, die Dicke, das Druckmuster und das Logo k\u00f6nnen speziell nach Kundenwunsch entwickelt werden, um die Gr\u00f6\u00dfe an die Verpackungsanforderungen verschiedener Marken anzupassen und einen individuellen Verpackungsstil zu schaffen.<\/p>\n\n\n\n<p><strong>Kostenloses Muster und schnelle Lieferung<\/strong><br>Der regul\u00e4re Lieferzyklus betr\u00e4gt 7-12 Tage, und es werden 1-2 Tage kostenlose Muster zur Verf\u00fcgung gestellt, um den Kunden die M\u00f6glichkeit zu geben, die Produktqualit\u00e4t und die Auswirkungen des Designs sofort zu \u00fcberpr\u00fcfen.<\/p>\n\n\n\n<div class=\"wp-block-columns is-layout-flex wp-container-core-columns-is-layout-9d6595d7 wp-block-columns-is-layout-flex\">\n<div class=\"wp-block-column is-layout-flow wp-block-column-is-layout-flow\">\n<figure class=\"wp-block-image size-full\"><img decoding=\"async\" width=\"640\" height=\"640\" src=\"https:\/\/www.lebeipackaging.com\/wp-content\/uploads\/2025\/05\/Custom-Stand-Up-Pouches-Wholesale-For-Snacks-or-Nuts2.webp\" alt=\"Benutzerdefinierte Stand-Up-Beutel Gro\u00dfhandel f\u00fcr Snacks oder N\u00fcsse2\" class=\"wp-image-319\" srcset=\"https:\/\/www.lebeipackaging.com\/wp-content\/uploads\/2025\/05\/Custom-Stand-Up-Pouches-Wholesale-For-Snacks-or-Nuts2.webp 640w, https:\/\/www.lebeipackaging.com\/wp-content\/uploads\/2025\/05\/Custom-Stand-Up-Pouches-Wholesale-For-Snacks-or-Nuts2-300x300.webp 300w, https:\/\/www.lebeipackaging.com\/wp-content\/uploads\/2025\/05\/Custom-Stand-Up-Pouches-Wholesale-For-Snacks-or-Nuts2-150x150.webp 150w, https:\/\/www.lebeipackaging.com\/wp-content\/uploads\/2025\/05\/Custom-Stand-Up-Pouches-Wholesale-For-Snacks-or-Nuts2-600x600.webp 600w, https:\/\/www.lebeipackaging.com\/wp-content\/uploads\/2025\/05\/Custom-Stand-Up-Pouches-Wholesale-For-Snacks-or-Nuts2-100x100.webp 100w\" sizes=\"(max-width: 640px) 100vw, 640px\" \/><\/figure>\n\n\n\n<h2 class=\"wp-block-heading\"><strong>Rei\u00dfen &amp; Rei\u00dfverschl\u00fcsse<\/strong><\/h2>\n\n\n\n<p>Leicht zu \u00f6ffnen, schneiden Sie die Tasche leicht durch den Benutzer zu \u00f6ffnen.<\/p>\n<\/div>\n\n\n\n<div class=\"wp-block-column is-layout-flow wp-block-column-is-layout-flow\">\n<figure class=\"wp-block-image size-full\"><img decoding=\"async\" width=\"640\" height=\"640\" src=\"https:\/\/www.lebeipackaging.com\/wp-content\/uploads\/2025\/05\/Custom-Stand-Up-Pouches-Wholesale-For-Snacks-or-Nuts3.webp\" alt=\"Benutzerdefinierte Stand-Up-Beutel Gro\u00dfhandel f\u00fcr Snacks oder N\u00fcsse3\" class=\"wp-image-320\" srcset=\"https:\/\/www.lebeipackaging.com\/wp-content\/uploads\/2025\/05\/Custom-Stand-Up-Pouches-Wholesale-For-Snacks-or-Nuts3.webp 640w, https:\/\/www.lebeipackaging.com\/wp-content\/uploads\/2025\/05\/Custom-Stand-Up-Pouches-Wholesale-For-Snacks-or-Nuts3-300x300.webp 300w, https:\/\/www.lebeipackaging.com\/wp-content\/uploads\/2025\/05\/Custom-Stand-Up-Pouches-Wholesale-For-Snacks-or-Nuts3-150x150.webp 150w, https:\/\/www.lebeipackaging.com\/wp-content\/uploads\/2025\/05\/Custom-Stand-Up-Pouches-Wholesale-For-Snacks-or-Nuts3-600x600.webp 600w, https:\/\/www.lebeipackaging.com\/wp-content\/uploads\/2025\/05\/Custom-Stand-Up-Pouches-Wholesale-For-Snacks-or-Nuts3-100x100.webp 100w\" sizes=\"(max-width: 640px) 100vw, 640px\" \/><\/figure>\n\n\n\n<h2 class=\"wp-block-heading\"><strong>Stehaufm\u00e4nnchen-Form<\/strong><\/h2>\n\n\n\n<p>Kann stabil stehen und stellt die Tasche eindrucksvoll in das Verkaufsregal.<\/p>\n<\/div>\n<\/div>\n\n\n\n<p><\/p>","protected":false},"excerpt":{"rendered":"<p>Individuelle Standbeutel f\u00fcr Snacks und N\u00fcsse sind aus haltbarem PET\/PE-Material gefertigt, das einen hervorragenden Feuchtigkeitsschutz bietet. Mit einem praktischen Rei\u00dfverschluss oben und einem stabilen Boden sorgen diese Beutel f\u00fcr Frische und einfache Lagerung. Sie sind in Gr\u00f6\u00dfe, Farbe und Aufdruck vollst\u00e4ndig anpassbar und eignen sich ideal f\u00fcr Branding und Einzelhandelsverpackungen.<\/p>\n<table style=\"border-collapse: collapse; width: 518px; height: 318px;\" border=\"0\" width=\"293\" cellspacing=\"0\" cellpadding=\"0\">\n<tbody>\n<tr style=\"height: 17.00pt;\">\n<td class=\"et2\" style=\"height: 17.00pt; width: 102.45pt;\" width=\"102\" height=\"17\">Hersteller<\/td>\n<td class=\"et2\" style=\"width: 190.80pt;\" width=\"190\">Lebei<\/td>\n<\/tr>\n<tr style=\"height: 17.00pt;\">\n<td class=\"et2\" style=\"height: 17.00pt; width: 102.45pt;\" width=\"102\" height=\"17\">Arten von Beuteln<\/td>\n<td class=\"et3\" style=\"width: 190.80pt;\" width=\"190\">Stand Up Pouch<\/td>\n<\/tr>\n<tr style=\"height: 17.00pt;\">\n<td class=\"et2\" style=\"height: 17.00pt; width: 102.45pt;\" width=\"102\" height=\"17\">Material<\/td>\n<td class=\"et3\" style=\"width: 190.80pt;\" width=\"190\">PET\/PE oder kundenspezifisch<\/td>\n<\/tr>\n<tr style=\"height: 17.00pt;\">\n<td class=\"et2\" style=\"height: 17.00pt; width: 102.45pt;\" width=\"102\" height=\"17\">Besonderes Merkmal<\/td>\n<td class=\"et3\" style=\"width: 190.80pt;\" width=\"190\">Feuchtigkeitsgesch\u00fctzt, Rei\u00dfverschluss oben<\/td>\n<\/tr>\n<tr style=\"height: 17.00pt;\">\n<td class=\"et2\" style=\"height: 17.00pt; width: 102.45pt;\" width=\"102\" height=\"17\">Handhabung der Oberfl\u00e4che<\/td>\n<td class=\"et3\" style=\"width: 190.80pt;\" width=\"190\">Tiefdruck<\/td>\n<\/tr>\n<tr style=\"height: 17.00pt;\">\n<td class=\"et2\" style=\"height: 17.00pt; width: 102.45pt;\" width=\"102\" height=\"17\">Farbe<\/td>\n<td class=\"et3\" style=\"width: 190.80pt;\" width=\"190\">Orange &amp; Wei\u00df (anpassbar)<\/td>\n<\/tr>\n<tr style=\"height: 17.00pt;\">\n<td class=\"et2\" style=\"height: 17.00pt; width: 102.45pt;\" width=\"102\" height=\"17\">Verwendung<\/td>\n<td class=\"et3\" style=\"width: 190.80pt;\" width=\"190\">Beutel f\u00fcr Lebensmittelverpackungen (N\u00fcsse, Snacks, etc.)<\/td>\n<\/tr>\n<tr style=\"height: 34.00pt;\">\n<td class=\"et2\" style=\"height: 34.00pt; width: 102.45pt;\" width=\"102\" height=\"34\">MOQ<\/td>\n<td class=\"et3\" style=\"width: 190.80pt;\" width=\"190\">Kundenspezifischer Beutel: 10.000 St\u00fcck (f\u00fcr einen besseren Preis empfehlen wir 30.000+)<\/td>\n<\/tr>\n<tr style=\"height: 34.00pt;\">\n<td class=\"et2\" style=\"height: 34.00pt; width: 102.45pt;\" width=\"102\" height=\"34\">Individuelle Bestellung<\/td>\n<td class=\"et3\" style=\"width: 190.80pt;\" width=\"190\">Akzeptieren Sie OEM &amp; ODM, unterst\u00fctzen Sie freie Probe<\/td>\n<\/tr>\n<\/tbody>\n<\/table>","protected":false},"featured_media":321,"comment_status":"closed","ping_status":"closed","template":"","meta":{"_acf_changed":false},"application":[26],"product_brand":[],"product_cat":[41],"product_tag":[],"class_list":{"0":"post-317","1":"product","2":"type-product","3":"status-publish","4":"has-post-thumbnail","6":"application-custom-nuts-packaging","7":"product_cat-stand-up-pouch-manufacturer","9":"first","10":"instock","11":"shipping-taxable","12":"product-type-simple"},"acf":[],"_links":{"self":[{"href":"https:\/\/www.lebeipackaging.com\/de\/wp-json\/wp\/v2\/product\/317","targetHints":{"allow":["GET"]}}],"collection":[{"href":"https:\/\/www.lebeipackaging.com\/de\/wp-json\/wp\/v2\/product"}],"about":[{"href":"https:\/\/www.lebeipackaging.com\/de\/wp-json\/wp\/v2\/types\/product"}],"replies":[{"embeddable":true,"href":"https:\/\/www.lebeipackaging.com\/de\/wp-json\/wp\/v2\/comments?post=317"}],"wp:featuredmedia":[{"embeddable":true,"href":"https:\/\/www.lebeipackaging.com\/de\/wp-json\/wp\/v2\/media\/321"}],"wp:attachment":[{"href":"https:\/\/www.lebeipackaging.com\/de\/wp-json\/wp\/v2\/media?parent=317"}],"wp:term":[{"taxonomy":"application","embeddable":true,"href":"https:\/\/www.lebeipackaging.com\/de\/wp-json\/wp\/v2\/application?post=317"},{"taxonomy":"product_brand","embeddable":true,"href":"https:\/\/www.lebeipackaging.com\/de\/wp-json\/wp\/v2\/product_brand?post=317"},{"taxonomy":"product_cat","embeddable":true,"href":"https:\/\/www.lebeipackaging.com\/de\/wp-json\/wp\/v2\/product_cat?post=317"},{"taxonomy":"product_tag","embeddable":true,"href":"https:\/\/www.lebeipackaging.com\/de\/wp-json\/wp\/v2\/product_tag?post=317"}],"curies":[{"name":"wp","href":"https:\/\/api.w.org\/{rel}","templated":true}]}}