{"id":336,"date":"2025-05-27T06:14:34","date_gmt":"2025-05-27T06:14:34","guid":{"rendered":"https:\/\/www.lebeipackaging.com\/?post_type=product&#038;p=336"},"modified":"2025-05-28T01:57:02","modified_gmt":"2025-05-28T01:57:02","slug":"custom-flat-bottom-coffee-pouch-with-valve","status":"publish","type":"product","link":"https:\/\/www.lebeipackaging.com\/de\/product\/custom-flat-bottom-coffee-pouch-with-valve\/","title":{"rendered":"Individueller Flachboden-Kaffeebeutel mit Ventil f\u00fcr Frische"},"content":{"rendered":"<h2 class=\"wp-block-heading\">Eigenschaften von Custom Flat Bottom Coffee Pouch<\/h2>\n\n\n\n<p><strong>Einweg-Auslassventilkonstruktion<\/strong><br>Der Beutelk\u00f6rper ist mit einem kaffeespezifischen Auslassventil ausgestattet, um die von den Kaffeebohnen freigesetzten Gase abzusaugen, ein Ausbeulen des Beutels zu verhindern, den Innenraum trocken zu halten und das urspr\u00fcngliche Aroma zu bewahren.<\/p>\n\n\n\n<p><strong>Dreischichtiger Aufbau mit hoher Barriere<\/strong><br>Verwendet mehrschichtige PET\/VMPET\/PE-Verbundmaterialien, um Luft, Feuchtigkeit und Licht effektiv zu blockieren und die Haltbarkeit von Kaffeebohnen oder -pulver zu verl\u00e4ngern.<\/p>\n\n\n\n<p><strong>Selbsttragende Flachbodenkonstruktion<\/strong><br>Der Boden der Tasche ist flach und kann fest im Regal oder auf der Lagerfl\u00e4che stehen. Er eignet sich f\u00fcr die Auslage im Einzelhandel und f\u00f6rdert die Professionalit\u00e4t und den visuellen Reiz der Marke.<\/p>\n\n\n\n<p><strong>Wiederverschlie\u00dfbarer Rei\u00dfverschluss<\/strong><br>Der Deckel ist mit einem stabilen Rei\u00dfverschluss ausgestattet, der sich bequem \u00f6ffnen und mehrfach verwenden l\u00e4sst, w\u00e4hrend gleichzeitig Sekund\u00e4rverschmutzung vermieden wird und das Produkt sauber und hygienisch bleibt.<\/p>\n\n\n\n<p><strong>Unterst\u00fctzung eines eigenen Logos<\/strong><br>Das Logo kann an Ihre Kaffeemarke angepasst werden, um sowohl die Frische als auch die visuelle Identit\u00e4t zu verbessern.<\/p>\n\n\n\n<p><strong>Geeignet f\u00fcr eine Vielzahl von Kaffeeprodukten<\/strong><br>Geeignet f\u00fcr die Verpackung von Kaffeebohnen, gemahlenem Kaffeepulver und anderen trockenen Waren, die sowohl praktisch als auch f\u00fcr die Markenkommunikation geeignet sind.<\/p>\n\n\n\n<div class=\"wp-block-columns is-layout-flex wp-container-core-columns-is-layout-9d6595d7 wp-block-columns-is-layout-flex\">\n<div class=\"wp-block-column is-layout-flow wp-block-column-is-layout-flow\">\n<figure class=\"wp-block-image size-full\"><img decoding=\"async\" width=\"640\" height=\"640\" src=\"https:\/\/www.lebeipackaging.com\/wp-content\/uploads\/2025\/05\/Custom-Flat-Coffee-Pouch-with-Valve-for-Freshness4.webp\" alt=\"Individueller flacher Kaffeebeutel mit Ventil f\u00fcr Frische4\" class=\"wp-image-340\" srcset=\"https:\/\/www.lebeipackaging.com\/wp-content\/uploads\/2025\/05\/Custom-Flat-Coffee-Pouch-with-Valve-for-Freshness4.webp 640w, https:\/\/www.lebeipackaging.com\/wp-content\/uploads\/2025\/05\/Custom-Flat-Coffee-Pouch-with-Valve-for-Freshness4-300x300.webp 300w, https:\/\/www.lebeipackaging.com\/wp-content\/uploads\/2025\/05\/Custom-Flat-Coffee-Pouch-with-Valve-for-Freshness4-150x150.webp 150w, https:\/\/www.lebeipackaging.com\/wp-content\/uploads\/2025\/05\/Custom-Flat-Coffee-Pouch-with-Valve-for-Freshness4-600x600.webp 600w, https:\/\/www.lebeipackaging.com\/wp-content\/uploads\/2025\/05\/Custom-Flat-Coffee-Pouch-with-Valve-for-Freshness4-100x100.webp 100w\" sizes=\"(max-width: 640px) 100vw, 640px\" \/><\/figure>\n\n\n\n<h2 class=\"wp-block-heading\">Leicht aufrei\u00dfbarer Rei\u00dfverschluss<\/h2>\n\n\n\n<p>Leicht zu \u00f6ffnen, Benutzer k\u00f6nnen die Tasche durch einfaches Aufrei\u00dfen \u00f6ffnen<\/p>\n<\/div>\n\n\n\n<div class=\"wp-block-column is-layout-flow wp-block-column-is-layout-flow\">\n<figure class=\"wp-block-image size-full\"><img decoding=\"async\" width=\"640\" height=\"640\" src=\"https:\/\/www.lebeipackaging.com\/wp-content\/uploads\/2025\/05\/Custom-Flat-Coffee-Pouch-with-Valve-for-Freshness2.webp\" alt=\"Individuell gestalteter flacher Kaffeebeutel mit Ventil f\u00fcr Frische2\" class=\"wp-image-338\" srcset=\"https:\/\/www.lebeipackaging.com\/wp-content\/uploads\/2025\/05\/Custom-Flat-Coffee-Pouch-with-Valve-for-Freshness2.webp 640w, https:\/\/www.lebeipackaging.com\/wp-content\/uploads\/2025\/05\/Custom-Flat-Coffee-Pouch-with-Valve-for-Freshness2-300x300.webp 300w, https:\/\/www.lebeipackaging.com\/wp-content\/uploads\/2025\/05\/Custom-Flat-Coffee-Pouch-with-Valve-for-Freshness2-150x150.webp 150w, https:\/\/www.lebeipackaging.com\/wp-content\/uploads\/2025\/05\/Custom-Flat-Coffee-Pouch-with-Valve-for-Freshness2-600x600.webp 600w, https:\/\/www.lebeipackaging.com\/wp-content\/uploads\/2025\/05\/Custom-Flat-Coffee-Pouch-with-Valve-for-Freshness2-100x100.webp 100w\" sizes=\"(max-width: 640px) 100vw, 640px\" \/><\/figure>\n\n\n\n<h2 class=\"wp-block-heading\"><strong>Flacher Boden<\/strong><\/h2>\n\n\n\n<p>Steht stabil und stellt die Tasche eindrucksvoll in das Regal<strong><br><\/strong><\/p>\n<\/div>\n<\/div>","protected":false},"excerpt":{"rendered":"<p>Der kundenspezifische Flachboden-Kaffeebeutel mit Ventil wurde entwickelt, um Frische und Aroma zu bewahren. Er verf\u00fcgt \u00fcber eine hochbarriere PET\/VMPET\/PE-Struktur und ein Einweg-Entgasungsventil. Perfekt f\u00fcr die Verpackung von Premium-Kaffee - gestalten Sie Ihren noch heute!<\/p>\n<table style=\"border-collapse: collapse; width: 518px; height: 318px;\" border=\"0\" width=\"293\" cellspacing=\"0\" cellpadding=\"0\">\n<tbody>\n<tr style=\"height: 17.00pt;\">\n<td class=\"et2\" style=\"height: 17.00pt; width: 102.45pt;\" width=\"102\" height=\"17\">Hersteller<\/td>\n<td class=\"et2\" style=\"width: 190.80pt;\" width=\"190\">Lebei<\/td>\n<\/tr>\n<tr style=\"height: 17.00pt;\">\n<td class=\"et2\" style=\"height: 17.00pt; width: 102.45pt;\" width=\"102\" height=\"17\">Arten von Beuteln<\/td>\n<td class=\"et3\" style=\"width: 190.80pt;\" width=\"190\">8 Flacher Bodenbeutel mit Seitenverschluss<\/td>\n<\/tr>\n<tr style=\"height: 17.00pt;\">\n<td class=\"et2\" style=\"height: 17.00pt; width: 102.45pt;\" width=\"102\" height=\"17\">Material<\/td>\n<td class=\"et3\" style=\"width: 190.80pt;\" width=\"190\">PET\/VMPET\/PE oder kundenspezifisch<\/td>\n<\/tr>\n<tr style=\"height: 17.00pt;\">\n<td class=\"et2\" style=\"height: 17.00pt; width: 102.45pt;\" width=\"102\" height=\"17\">Besonderes Merkmal<\/td>\n<td class=\"et3\" style=\"width: 190.80pt;\" width=\"190\">Oberteil mit Rei\u00dfverschluss<\/td>\n<\/tr>\n<tr style=\"height: 17.00pt;\">\n<td class=\"et2\" style=\"height: 17.00pt; width: 102.45pt;\" width=\"102\" height=\"17\">Handhabung der Oberfl\u00e4che<\/td>\n<td class=\"et3\" style=\"width: 190.80pt;\" width=\"190\">Tiefdruck<\/td>\n<\/tr>\n<tr style=\"height: 17.00pt;\">\n<td class=\"et2\" style=\"height: 17.00pt; width: 102.45pt;\" width=\"102\" height=\"17\">Farbe<\/td>\n<td class=\"et3\" style=\"width: 190.80pt;\" width=\"190\">Bule (anpassbar)<\/td>\n<\/tr>\n<tr style=\"height: 17.00pt;\">\n<td class=\"et2\" style=\"height: 17.00pt; width: 102.45pt;\" width=\"102\" height=\"17\">Verwendung<\/td>\n<td class=\"et3\" style=\"width: 190.80pt;\" width=\"190\">Kaffee-Verpackungst\u00fcten\u00a0<\/td>\n<\/tr>\n<tr style=\"height: 34.00pt;\">\n<td class=\"et2\" style=\"height: 34.00pt; width: 102.45pt;\" width=\"102\" height=\"34\">MOQ<\/td>\n<td class=\"et3\" style=\"width: 190.80pt;\" width=\"190\">Kundenspezifischer Beutel: 10.000 St\u00fcck (f\u00fcr einen besseren Preis empfehlen wir 30.000+)<\/td>\n<\/tr>\n<tr style=\"height: 34.00pt;\">\n<td class=\"et2\" style=\"height: 34.00pt; width: 102.45pt;\" width=\"102\" height=\"34\">Individuelle Bestellung<\/td>\n<td class=\"et3\" style=\"width: 190.80pt;\" width=\"190\">Akzeptieren Sie OEM &amp; ODM, unterst\u00fctzen Sie freie Probe<\/td>\n<\/tr>\n<\/tbody>\n<\/table>","protected":false},"featured_media":337,"comment_status":"closed","ping_status":"closed","template":"","meta":{"_acf_changed":false},"application":[20],"product_brand":[],"product_cat":[40],"product_tag":[],"class_list":{"0":"post-336","1":"product","2":"type-product","3":"status-publish","4":"has-post-thumbnail","6":"application-custom-coffee-packaging-bag","7":"product_cat-custom-flat-bottom-pouch","9":"first","10":"instock","11":"shipping-taxable","12":"product-type-simple"},"acf":[],"_links":{"self":[{"href":"https:\/\/www.lebeipackaging.com\/de\/wp-json\/wp\/v2\/product\/336","targetHints":{"allow":["GET"]}}],"collection":[{"href":"https:\/\/www.lebeipackaging.com\/de\/wp-json\/wp\/v2\/product"}],"about":[{"href":"https:\/\/www.lebeipackaging.com\/de\/wp-json\/wp\/v2\/types\/product"}],"replies":[{"embeddable":true,"href":"https:\/\/www.lebeipackaging.com\/de\/wp-json\/wp\/v2\/comments?post=336"}],"wp:featuredmedia":[{"embeddable":true,"href":"https:\/\/www.lebeipackaging.com\/de\/wp-json\/wp\/v2\/media\/337"}],"wp:attachment":[{"href":"https:\/\/www.lebeipackaging.com\/de\/wp-json\/wp\/v2\/media?parent=336"}],"wp:term":[{"taxonomy":"application","embeddable":true,"href":"https:\/\/www.lebeipackaging.com\/de\/wp-json\/wp\/v2\/application?post=336"},{"taxonomy":"product_brand","embeddable":true,"href":"https:\/\/www.lebeipackaging.com\/de\/wp-json\/wp\/v2\/product_brand?post=336"},{"taxonomy":"product_cat","embeddable":true,"href":"https:\/\/www.lebeipackaging.com\/de\/wp-json\/wp\/v2\/product_cat?post=336"},{"taxonomy":"product_tag","embeddable":true,"href":"https:\/\/www.lebeipackaging.com\/de\/wp-json\/wp\/v2\/product_tag?post=336"}],"curies":[{"name":"wp","href":"https:\/\/api.w.org\/{rel}","templated":true}]}}