{"id":343,"date":"2025-05-27T06:47:04","date_gmt":"2025-05-27T06:47:04","guid":{"rendered":"https:\/\/www.lebeipackaging.com\/?post_type=product&#038;p=343"},"modified":"2025-05-28T01:54:18","modified_gmt":"2025-05-28T01:54:18","slug":"custom-plastic-roll-film","status":"publish","type":"product","link":"https:\/\/www.lebeipackaging.com\/de\/product\/custom-plastic-roll-film\/","title":{"rendered":"Individuelle Kunststoff-Rollfolie mit hochwertigem Druck"},"content":{"rendered":"<h2 class=\"wp-block-heading\">Merkmale der kundenspezifischen Kunststoff-Rollenfolie<\/h2>\n\n\n\n<div class=\"wp-block-columns is-layout-flex wp-container-core-columns-is-layout-9d6595d7 wp-block-columns-is-layout-flex\">\n<div class=\"wp-block-column is-layout-flow wp-block-column-is-layout-flow\">\n<p><strong>Flexible Anpassung von mehrschichtigen Materialien<\/strong><br>Unterst\u00fctzt 2-Schicht-, 3-Schicht- und 4-Schicht-Verbundstruktur PET\/VMPET\/antistatische PE-Materialien. Die Kunden k\u00f6nnen die geeignete Materialkombination je nach den Anforderungen des Verpackungsprodukts w\u00e4hlen, um verschiedene Barriere- und Schutzanforderungen zu erf\u00fcllen.<\/p>\n\n\n\n<p><strong>Lebensmittelgeeignete Sicherheitsmaterialien<\/strong><br>Verwenden Sie hochwertige Materialien, die den Lebensmittelsicherheitsstandards entsprechen, um sicherzustellen, dass die Verpackung f\u00fcr Lebensmittel wie Kaffee, Tee, S\u00fc\u00dfigkeiten und Snacks unbedenklich ist und die Gesundheit der Verbraucher sch\u00fctzt.<\/p>\n\n\n\n<p><strong>Die Dicke kann individuell angepasst werden <\/strong><br>Die Standarddicke betr\u00e4gt 80 Mikrometer, so dass die Kunden die Foliendicke flexibel an die Produkteigenschaften und die Ausr\u00fcstung der Verpackungsmaschine anpassen k\u00f6nnen, um einen besseren Schutz und eine bessere Verpackungswirkung zu erzielen.<\/p>\n\n\n\n<p><strong>Ausgezeichnete Hei\u00dfsiegelleistung<\/strong><br>Die Hei\u00dfsiegelfolie ist so konzipiert, dass sie dicht und zuverl\u00e4ssig versiegelt, das Eindringen von Luft und Feuchtigkeit verhindert und so die Frische und Haltbarkeit der Lebensmittel in der Verpackung effektiv verl\u00e4ngert.<\/p>\n\n\n\n<p><strong>Weich und langlebig<\/strong><br>Das Material ist weich und hat eine gute mechanische Festigkeit. Es eignet sich f\u00fcr die Hochgeschwindigkeitsproduktion einer Vielzahl von automatisierten Verpackungsmaschinen und gew\u00e4hrleistet einen reibungslosen Folientransport und eine effiziente Verpackung.<\/p>\n\n\n\n<p><strong>Amtliche Zertifizierung<\/strong><br>Das Produkt hat zahlreiche internationale Zertifizierungen wie BRC, ISO, QS, HACCP usw. erhalten, um eine stabile Qualit\u00e4t zu gew\u00e4hrleisten und den Anforderungen der Export- und anspruchsvollen M\u00e4rkte gerecht zu werden.<\/p>\n<\/div>\n\n\n\n<div class=\"wp-block-column is-layout-flow wp-block-column-is-layout-flow\"><div class=\"wp-block-image\">\n<figure class=\"aligncenter size-full\"><img decoding=\"async\" width=\"640\" height=\"640\" src=\"https:\/\/www.lebeipackaging.com\/wp-content\/uploads\/2025\/05\/Custom-Plastic-Roll-Film-with-High-Quality-Printing4.webp\" alt=\"Individuelle Kunststoff-Rollenfolie mit hochwertigem Druck4\" class=\"wp-image-347\" srcset=\"https:\/\/www.lebeipackaging.com\/wp-content\/uploads\/2025\/05\/Custom-Plastic-Roll-Film-with-High-Quality-Printing4.webp 640w, https:\/\/www.lebeipackaging.com\/wp-content\/uploads\/2025\/05\/Custom-Plastic-Roll-Film-with-High-Quality-Printing4-300x300.webp 300w, https:\/\/www.lebeipackaging.com\/wp-content\/uploads\/2025\/05\/Custom-Plastic-Roll-Film-with-High-Quality-Printing4-150x150.webp 150w, https:\/\/www.lebeipackaging.com\/wp-content\/uploads\/2025\/05\/Custom-Plastic-Roll-Film-with-High-Quality-Printing4-600x600.webp 600w, https:\/\/www.lebeipackaging.com\/wp-content\/uploads\/2025\/05\/Custom-Plastic-Roll-Film-with-High-Quality-Printing4-100x100.webp 100w\" sizes=\"(max-width: 640px) 100vw, 640px\" \/><\/figure>\n<\/div><\/div>\n<\/div>","protected":false},"excerpt":{"rendered":"<p>Individuelle Kunststoff-Rollenfolien bieten einen hochwertigen Druck mit leuchtenden Farben und klaren Designs. Sie wird aus langlebigen, lebensmittelechten Materialien wie PET\/VMPET\/PE hergestellt, bietet einen hervorragenden Barriereschutz und l\u00e4sst sich an verschiedene Verpackungsanforderungen anpassen. Perfekt f\u00fcr hochwertige Kaffeeverpackungen. Gestalten Sie Ihre noch heute!<\/p>\n<table style=\"border-collapse: collapse; width: 518px; height: 318px;\" border=\"0\" width=\"293\" cellspacing=\"0\" cellpadding=\"0\">\n<tbody>\n<tr style=\"height: 17.00pt;\">\n<td class=\"et2\" style=\"height: 17.00pt; width: 102.45pt;\" width=\"102\" height=\"17\">Hersteller<\/td>\n<td class=\"et2\" style=\"width: 190.80pt;\" width=\"190\">Lebei<\/td>\n<\/tr>\n<tr style=\"height: 17.00pt;\">\n<td class=\"et2\" style=\"height: 17.00pt; width: 102.45pt;\" width=\"102\" height=\"17\">\u00a0Typen<\/td>\n<td class=\"et3\" style=\"width: 190.80pt;\" width=\"190\">PET\/VMPET\/PE oder kundenspezifisch<\/td>\n<\/tr>\n<tr style=\"height: 17.00pt;\">\n<td class=\"et2\" style=\"height: 17.00pt; width: 102.45pt;\" width=\"102\" height=\"17\">Material<\/td>\n<td class=\"et3\" style=\"width: 190.80pt;\" width=\"190\">Laminiertes Material<\/td>\n<\/tr>\n<tr style=\"height: 17.00pt;\">\n<td class=\"et2\" style=\"height: 17.00pt; width: 102.45pt;\" width=\"102\" height=\"17\">Besonderes Merkmal<\/td>\n<td class=\"et3\" style=\"width: 190.80pt;\" width=\"190\">Feuchtigkeitsgesch\u00fctzt<\/td>\n<\/tr>\n<tr style=\"height: 17.00pt;\">\n<td class=\"et2\" style=\"height: 17.00pt; width: 102.45pt;\" width=\"102\" height=\"17\">Handhabung der Oberfl\u00e4che<\/td>\n<td class=\"et3\" style=\"width: 190.80pt;\" width=\"190\">Tiefdruck<\/td>\n<\/tr>\n<tr style=\"height: 17.00pt;\">\n<td class=\"et2\" style=\"height: 17.00pt; width: 102.45pt;\" width=\"102\" height=\"17\">Farbe<\/td>\n<td class=\"et3\" style=\"width: 190.80pt;\" width=\"190\">Rot (anpassbar)<\/td>\n<\/tr>\n<tr style=\"height: 17.00pt;\">\n<td class=\"et2\" style=\"height: 17.00pt; width: 102.45pt;\" width=\"102\" height=\"17\">Verwendung<\/td>\n<td class=\"et3\" style=\"width: 190.80pt;\" width=\"190\">Kaffee-Verpackungen\u00a0<\/td>\n<\/tr>\n<tr style=\"height: 34.00pt;\">\n<td class=\"et2\" style=\"height: 34.00pt; width: 102.45pt;\" width=\"102\" height=\"34\">Lieferfrist<\/td>\n<td class=\"et3\" style=\"width: 190.80pt;\" width=\"190\">7-12 Tage<\/td>\n<\/tr>\n<tr style=\"height: 34.00pt;\">\n<td class=\"et2\" style=\"height: 34.00pt; width: 102.45pt;\" width=\"102\" height=\"34\">Individuelle Bestellung<\/td>\n<td class=\"et3\" style=\"width: 190.80pt;\" width=\"190\">Akzeptieren Sie OEM &amp; ODM, unterst\u00fctzen Sie freie Probe<\/td>\n<\/tr>\n<\/tbody>\n<\/table>","protected":false},"featured_media":348,"comment_status":"closed","ping_status":"closed","template":"","meta":{"_acf_changed":false},"application":[],"product_brand":[],"product_cat":[39],"product_tag":[],"class_list":{"0":"post-343","1":"product","2":"type-product","3":"status-publish","4":"has-post-thumbnail","6":"product_cat-custom-roll-film","8":"first","9":"instock","10":"shipping-taxable","11":"product-type-simple"},"acf":[],"_links":{"self":[{"href":"https:\/\/www.lebeipackaging.com\/de\/wp-json\/wp\/v2\/product\/343","targetHints":{"allow":["GET"]}}],"collection":[{"href":"https:\/\/www.lebeipackaging.com\/de\/wp-json\/wp\/v2\/product"}],"about":[{"href":"https:\/\/www.lebeipackaging.com\/de\/wp-json\/wp\/v2\/types\/product"}],"replies":[{"embeddable":true,"href":"https:\/\/www.lebeipackaging.com\/de\/wp-json\/wp\/v2\/comments?post=343"}],"wp:featuredmedia":[{"embeddable":true,"href":"https:\/\/www.lebeipackaging.com\/de\/wp-json\/wp\/v2\/media\/348"}],"wp:attachment":[{"href":"https:\/\/www.lebeipackaging.com\/de\/wp-json\/wp\/v2\/media?parent=343"}],"wp:term":[{"taxonomy":"application","embeddable":true,"href":"https:\/\/www.lebeipackaging.com\/de\/wp-json\/wp\/v2\/application?post=343"},{"taxonomy":"product_brand","embeddable":true,"href":"https:\/\/www.lebeipackaging.com\/de\/wp-json\/wp\/v2\/product_brand?post=343"},{"taxonomy":"product_cat","embeddable":true,"href":"https:\/\/www.lebeipackaging.com\/de\/wp-json\/wp\/v2\/product_cat?post=343"},{"taxonomy":"product_tag","embeddable":true,"href":"https:\/\/www.lebeipackaging.com\/de\/wp-json\/wp\/v2\/product_tag?post=343"}],"curies":[{"name":"wp","href":"https:\/\/api.w.org\/{rel}","templated":true}]}}