{"id":349,"date":"2025-05-27T07:21:19","date_gmt":"2025-05-27T07:21:19","guid":{"rendered":"https:\/\/www.lebeipackaging.com\/?post_type=product&#038;p=349"},"modified":"2025-05-28T01:53:47","modified_gmt":"2025-05-28T01:53:47","slug":"custom-laminate-film-roll-for-food-packaging","status":"publish","type":"product","link":"https:\/\/www.lebeipackaging.com\/de\/product\/custom-laminate-film-roll-for-food-packaging\/","title":{"rendered":"Kundenspezifische Laminatfilmrolle f\u00fcr Lebensmittelverpackungen"},"content":{"rendered":"<h2 class=\"wp-block-heading\">Merkmale der benutzerdefinierten Laminatfilmrolle<\/h2>\n\n\n\n<div class=\"wp-block-columns is-layout-flex wp-container-core-columns-is-layout-9d6595d7 wp-block-columns-is-layout-flex\">\n<div class=\"wp-block-column is-layout-flow wp-block-column-is-layout-flow\">\n<p><strong>Lebensmittelechte Sicherheit<\/strong><br>Verwendet lebensmittelechte PET-Verbundmaterialien, die internationalen Standards entsprechen und f\u00fcr S\u00fc\u00dfigkeiten, Kekse, N\u00fcsse, Tiernahrung, Babynahrung usw. geeignet sind. Sie gew\u00e4hrleisten einen sorgenfreien direkten Kontakt und schaffen ein gesundes und zuverl\u00e4ssiges Image f\u00fcr Ihre Marke.<\/p>\n\n\n\n<p><strong>Anpassbare Gr\u00f6\u00dfe<\/strong><br>Unterst\u00fctzt die individuelle Anpassung von Folienbreite, -l\u00e4nge und Materialstruktur (z. B. PET\/PE), um die Verpackungsspezifikationen verschiedener Produkte und die Anpassungsanforderungen verschiedener Automatisierungsanlagen zu erf\u00fcllen.<\/p>\n\n\n\n<p><strong>Gute feuchtigkeitsdichte Leistung<\/strong><br>Mit seinen ausgezeichneten feuchtigkeits- und oxidationshemmenden Eigenschaften verhindert es wirksam das Eindringen von Wasserdampf, sch\u00fctzt die Frische der Produkte, verl\u00e4ngert die Haltbarkeit und verbessert die Benutzerfreundlichkeit.<\/p>\n\n\n\n<p><strong>Exquisiter Druck<\/strong><br>Unterst\u00fctzt Tiefdruck-, Flexodruck- und Kombinationsl\u00f6sungen mit klaren Bildern und satten Farben, die Marken zu einem hohen Wiedererkennungswert und visueller Differenzierung verhelfen.<\/p>\n\n\n\n<p><strong>Breites Spektrum von Anwendungen<\/strong><br>Geeignet f\u00fcr eine Vielzahl von Lebensmittelverpackungen wie Schokolade, Tee, Kartoffelchips, Cerealien usw., aber auch f\u00fcr professionelle Kategorien wie Tiernahrung und Babynahrung.<\/p>\n\n\n\n<p><strong>Mehrfache Zertifizierungsgarantien<\/strong><br>Erf\u00fcllt die internationalen Zertifizierungen f\u00fcr Lebensmittelverpackungen wie BRC, ISO, QS, HACCP usw., erf\u00fcllt die Standards f\u00fcr den Export und die Regale gro\u00dfer Superm\u00e4rkte und stellt sicher, dass die Produkte auf M\u00e4rkte mit hohen Standards gelangen.<\/p>\n<\/div>\n\n\n\n<div class=\"wp-block-column is-layout-flow wp-block-column-is-layout-flow\"><div class=\"wp-block-image\">\n<figure class=\"aligncenter size-full\"><img decoding=\"async\" width=\"640\" height=\"640\" src=\"https:\/\/www.lebeipackaging.com\/wp-content\/uploads\/2025\/05\/Custom-Laminate-Film-Roll-for-Food-Packaging2.webp\" alt=\"Kundenspezifische Laminatfilmrolle f\u00fcr Lebensmittelverpackungen2\" class=\"wp-image-351\" srcset=\"https:\/\/www.lebeipackaging.com\/wp-content\/uploads\/2025\/05\/Custom-Laminate-Film-Roll-for-Food-Packaging2.webp 640w, https:\/\/www.lebeipackaging.com\/wp-content\/uploads\/2025\/05\/Custom-Laminate-Film-Roll-for-Food-Packaging2-300x300.webp 300w, https:\/\/www.lebeipackaging.com\/wp-content\/uploads\/2025\/05\/Custom-Laminate-Film-Roll-for-Food-Packaging2-150x150.webp 150w, https:\/\/www.lebeipackaging.com\/wp-content\/uploads\/2025\/05\/Custom-Laminate-Film-Roll-for-Food-Packaging2-600x600.webp 600w, https:\/\/www.lebeipackaging.com\/wp-content\/uploads\/2025\/05\/Custom-Laminate-Film-Roll-for-Food-Packaging2-100x100.webp 100w\" sizes=\"(max-width: 640px) 100vw, 640px\" \/><\/figure>\n<\/div><\/div>\n<\/div>","protected":false},"excerpt":{"rendered":"<p>Kundenspezifische Laminatfolienrollen f\u00fcr Lebensmittelverpackungen vereinen lebensmittelechte Sicherheit, hohe Feuchtigkeitsbest\u00e4ndigkeit und einen anpassbaren Druck zum Schutz und zur Pr\u00e4sentation von Snacks, S\u00fc\u00dfigkeiten, Getreide und mehr. Ideal f\u00fcr Marken, die zuverl\u00e4ssige und attraktive flexible Verpackungsl\u00f6sungen suchen.<\/p>\n<table style=\"border-collapse: collapse; width: 518px; height: 318px;\" border=\"0\" width=\"293\" cellspacing=\"0\" cellpadding=\"0\">\n<tbody>\n<tr style=\"height: 17.00pt;\">\n<td class=\"et2\" style=\"height: 17.00pt; width: 102.45pt;\" width=\"102\" height=\"17\">Hersteller<\/td>\n<td class=\"et2\" style=\"width: 190.80pt;\" width=\"190\">Lebei<\/td>\n<\/tr>\n<tr style=\"height: 17.00pt;\">\n<td class=\"et2\" style=\"height: 17.00pt; width: 102.45pt;\" width=\"102\" height=\"17\">\u00a0Typen<\/td>\n<td class=\"et3\" style=\"width: 190.80pt;\" width=\"190\">Rollfilm<\/td>\n<\/tr>\n<tr style=\"height: 17.00pt;\">\n<td class=\"et2\" style=\"height: 17.00pt; width: 102.45pt;\" width=\"102\" height=\"17\">Material<\/td>\n<td class=\"et3\" style=\"width: 190.80pt;\" width=\"190\">PET\/PE oder kundenspezifisch<\/td>\n<\/tr>\n<tr style=\"height: 17.00pt;\">\n<td class=\"et2\" style=\"height: 17.00pt; width: 102.45pt;\" width=\"102\" height=\"17\">Besonderes Merkmal<\/td>\n<td class=\"et3\" style=\"width: 190.80pt;\" width=\"190\">Feuchtigkeitsgesch\u00fctzt<\/td>\n<\/tr>\n<tr style=\"height: 17.00pt;\">\n<td class=\"et2\" style=\"height: 17.00pt; width: 102.45pt;\" width=\"102\" height=\"17\">Drucken Handhabung<\/td>\n<td class=\"et3\" style=\"width: 190.80pt;\" width=\"190\">Stichtiefdruck, Flexodruck, Kombinationsdruck<\/td>\n<\/tr>\n<tr style=\"height: 17.00pt;\">\n<td class=\"et2\" style=\"height: 17.00pt; width: 102.45pt;\" width=\"102\" height=\"17\">Farbe<\/td>\n<td class=\"et3\" style=\"width: 190.80pt;\" width=\"190\">Lila &amp; Wei\u00df (anpassbar)<\/td>\n<\/tr>\n<tr style=\"height: 17.00pt;\">\n<td class=\"et2\" style=\"height: 17.00pt; width: 102.45pt;\" width=\"102\" height=\"17\">Verwendung<\/td>\n<td class=\"et3\" style=\"width: 190.80pt;\" width=\"190\">Lebensmittelverpackungen<\/td>\n<\/tr>\n<tr style=\"height: 34.00pt;\">\n<td class=\"et2\" style=\"height: 34.00pt; width: 102.45pt;\" width=\"102\" height=\"34\">Lieferfrist<\/td>\n<td class=\"et3\" style=\"width: 190.80pt;\" width=\"190\">7-15 Tage<\/td>\n<\/tr>\n<tr style=\"height: 34.00pt;\">\n<td class=\"et2\" style=\"height: 34.00pt; width: 102.45pt;\" width=\"102\" height=\"34\">Individuelle Bestellung<\/td>\n<td class=\"et3\" style=\"width: 190.80pt;\" width=\"190\">Akzeptieren Sie OEM &amp; ODM, unterst\u00fctzen Sie freie Probe<\/td>\n<\/tr>\n<\/tbody>\n<\/table>","protected":false},"featured_media":352,"comment_status":"closed","ping_status":"closed","template":"","meta":{"_acf_changed":false},"application":[],"product_brand":[],"product_cat":[39],"product_tag":[],"class_list":{"0":"post-349","1":"product","2":"type-product","3":"status-publish","4":"has-post-thumbnail","6":"product_cat-custom-roll-film","8":"first","9":"instock","10":"shipping-taxable","11":"product-type-simple"},"acf":[],"_links":{"self":[{"href":"https:\/\/www.lebeipackaging.com\/de\/wp-json\/wp\/v2\/product\/349","targetHints":{"allow":["GET"]}}],"collection":[{"href":"https:\/\/www.lebeipackaging.com\/de\/wp-json\/wp\/v2\/product"}],"about":[{"href":"https:\/\/www.lebeipackaging.com\/de\/wp-json\/wp\/v2\/types\/product"}],"replies":[{"embeddable":true,"href":"https:\/\/www.lebeipackaging.com\/de\/wp-json\/wp\/v2\/comments?post=349"}],"wp:featuredmedia":[{"embeddable":true,"href":"https:\/\/www.lebeipackaging.com\/de\/wp-json\/wp\/v2\/media\/352"}],"wp:attachment":[{"href":"https:\/\/www.lebeipackaging.com\/de\/wp-json\/wp\/v2\/media?parent=349"}],"wp:term":[{"taxonomy":"application","embeddable":true,"href":"https:\/\/www.lebeipackaging.com\/de\/wp-json\/wp\/v2\/application?post=349"},{"taxonomy":"product_brand","embeddable":true,"href":"https:\/\/www.lebeipackaging.com\/de\/wp-json\/wp\/v2\/product_brand?post=349"},{"taxonomy":"product_cat","embeddable":true,"href":"https:\/\/www.lebeipackaging.com\/de\/wp-json\/wp\/v2\/product_cat?post=349"},{"taxonomy":"product_tag","embeddable":true,"href":"https:\/\/www.lebeipackaging.com\/de\/wp-json\/wp\/v2\/product_tag?post=349"}],"curies":[{"name":"wp","href":"https:\/\/api.w.org\/{rel}","templated":true}]}}