{"id":363,"date":"2025-05-27T08:33:36","date_gmt":"2025-05-27T08:33:36","guid":{"rendered":"https:\/\/www.lebeipackaging.com\/?post_type=product&#038;p=363"},"modified":"2025-05-28T01:50:21","modified_gmt":"2025-05-28T01:50:21","slug":"custom-printed-spout-pouches-for-liquids","status":"publish","type":"product","link":"https:\/\/www.lebeipackaging.com\/de\/product\/custom-printed-spout-pouches-for-liquids\/","title":{"rendered":"Individuell bedruckte Ausgussbeutel f\u00fcr Fl\u00fcssigkeiten, Waschmittel und S\u00e4fte"},"content":{"rendered":"<h2 class=\"wp-block-heading\">Merkmale der individuell bedruckten Ausgie\u00dfertaschen<\/h2>\n\n\n\n<p><strong>Professioneller Tiefdruck<\/strong><br>Der hochaufl\u00f6sende Tiefdruck liefert lebendige, auff\u00e4llige Designs, die die Attraktivit\u00e4t Ihrer Marke im Regal erh\u00f6hen und auf den ersten Blick Qualit\u00e4t vermitteln.<\/p>\n\n\n\n<p><strong>Langlebiges mehrschichtiges Material<\/strong><br>Die aus PET\/NY\/PE oder kundenspezifischen Strukturen hergestellten Beutel bieten eine hervorragende Festigkeit, Durchsto\u00dffestigkeit und Barriereeigenschaften - ideal f\u00fcr den Schutz von Fl\u00fcssigkeiten wie Waschmittel und Saft.<\/p>\n\n\n\n<p><strong>Bequemes Design mit Ausguss oben<\/strong><br>Der einfach zu bedienende Ausgie\u00dfer erm\u00f6glicht ein ungehindertes Ausgie\u00dfen und Wiederverschlie\u00dfen und verbessert so die Benutzerfreundlichkeit bei Fl\u00fcssigkeitsanwendungen im Haushalt und im Gewerbe.<\/p>\n\n\n\n<p><strong>Vollst\u00e4ndig anpassbare Optionen<\/strong><br>Passen Sie Ihre Tasche mit individuellen Gr\u00f6\u00dfen, Logos und Designs an, damit sie perfekt zu Ihrem Branding passt. Wir nehmen individuelle Bestellungen an, um Ihre Visionen zu verwirklichen.<\/p>\n\n\n\n<p><strong>Schneller Durchlauf &amp; kostenlose Muster<\/strong><br>Genie\u00dfen Sie eine schnelle Produktionszeit von 7-12 Tagen und kostenlose Muster, die in nur 1-2 Tagen fertig sind - so k\u00f6nnen Sie Qualit\u00e4t und Passform testen, bevor Sie sich festlegen.<\/p>\n\n\n\n<p><strong>Zertifizierte Qualit\u00e4ts- und Sicherheitsgarantie<\/strong><br>Mit den BRC-, ISO-, QS- und HACCP-Zertifizierungen erf\u00fcllen unsere Beutel die weltweiten Standards f\u00fcr Lebensmittelsicherheit und Produktzuverl\u00e4ssigkeit.<\/p>\n\n\n\n<div class=\"wp-block-columns is-layout-flex wp-container-core-columns-is-layout-9d6595d7 wp-block-columns-is-layout-flex\">\n<div class=\"wp-block-column is-layout-flow wp-block-column-is-layout-flow\">\n<figure class=\"wp-block-image size-full\"><img decoding=\"async\" width=\"640\" height=\"640\" src=\"https:\/\/www.lebeipackaging.com\/wp-content\/uploads\/2025\/05\/Custom-Printed-Spout-Pouches-for-Liquids3.webp\" alt=\"Individuell bedruckte Ausgie\u00dferbeutel f\u00fcr Fl\u00fcssigkeiten3\" class=\"wp-image-366\" srcset=\"https:\/\/www.lebeipackaging.com\/wp-content\/uploads\/2025\/05\/Custom-Printed-Spout-Pouches-for-Liquids3.webp 640w, https:\/\/www.lebeipackaging.com\/wp-content\/uploads\/2025\/05\/Custom-Printed-Spout-Pouches-for-Liquids3-300x300.webp 300w, https:\/\/www.lebeipackaging.com\/wp-content\/uploads\/2025\/05\/Custom-Printed-Spout-Pouches-for-Liquids3-150x150.webp 150w, https:\/\/www.lebeipackaging.com\/wp-content\/uploads\/2025\/05\/Custom-Printed-Spout-Pouches-for-Liquids3-600x600.webp 600w, https:\/\/www.lebeipackaging.com\/wp-content\/uploads\/2025\/05\/Custom-Printed-Spout-Pouches-for-Liquids3-100x100.webp 100w\" sizes=\"(max-width: 640px) 100vw, 640px\" \/><\/figure>\n\n\n\n<h2 class=\"wp-block-heading\"><strong>Stehender Boden<\/strong><\/h2>\n\n\n\n<p>Kann stabil aufstehen, indem die Tasche<br> eindrucksvoll im Ausstellungsregal.<strong><br><\/strong><\/p>\n<\/div>\n\n\n\n<div class=\"wp-block-column is-layout-flow wp-block-column-is-layout-flow\">\n<figure class=\"wp-block-image size-full\"><img decoding=\"async\" width=\"640\" height=\"640\" src=\"https:\/\/www.lebeipackaging.com\/wp-content\/uploads\/2025\/05\/Custom-Printed-Spout-Pouches-for-Liquids6.webp\" alt=\"Individuell bedruckte Ausgie\u00dferbeutel f\u00fcr Fl\u00fcssigkeiten6\" class=\"wp-image-369\" srcset=\"https:\/\/www.lebeipackaging.com\/wp-content\/uploads\/2025\/05\/Custom-Printed-Spout-Pouches-for-Liquids6.webp 640w, https:\/\/www.lebeipackaging.com\/wp-content\/uploads\/2025\/05\/Custom-Printed-Spout-Pouches-for-Liquids6-300x300.webp 300w, https:\/\/www.lebeipackaging.com\/wp-content\/uploads\/2025\/05\/Custom-Printed-Spout-Pouches-for-Liquids6-150x150.webp 150w, https:\/\/www.lebeipackaging.com\/wp-content\/uploads\/2025\/05\/Custom-Printed-Spout-Pouches-for-Liquids6-600x600.webp 600w, https:\/\/www.lebeipackaging.com\/wp-content\/uploads\/2025\/05\/Custom-Printed-Spout-Pouches-for-Liquids6-100x100.webp 100w\" sizes=\"(max-width: 640px) 100vw, 640px\" \/><\/figure>\n\n\n\n<h2 class=\"wp-block-heading\"><strong>Ausgie\u00dfer oben<\/strong><\/h2>\n\n\n\n<p>Leicht zu \u00f6ffnen, geruchsdicht<strong><br><\/strong><\/p>\n<\/div>\n<\/div>","protected":false},"excerpt":{"rendered":"<article class=\"text-token-text-primary w-full\" dir=\"auto\" data-testid=\"conversation-turn-2\" data-scroll-anchor=\"true\">\n<div class=\"text-base my-auto mx-auto py-5 [--thread-content-margin:--spacing(4)] @[37rem]:[--thread-content-margin:--spacing(6)] @[72rem]:[--thread-content-margin:--spacing(16)] px-(--thread-content-margin)\">\n<div class=\"[--thread-content-max-width:32rem] @[34rem]:[--thread-content-max-width:40rem] @[64rem]:[--thread-content-max-width:48rem] mx-auto flex max-w-(--thread-content-max-width) flex-1 text-base gap-4 md:gap-5 lg:gap-6 group\/turn-messages focus-visible:outline-hidden\" tabindex=\"-1\">\n<div class=\"group\/conversation-turn relative flex w-full min-w-0 flex-col agent-turn\">\n<div class=\"relative flex-col gap-1 md:gap-3\">\n<div class=\"flex max-w-full flex-col grow\">\n<div class=\"min-h-8 text-message relative flex w-full flex-col items-end gap-2 text-start break-words whitespace-normal [.text-message+&amp;]:mt-5\" dir=\"auto\" data-message-author-role=\"assistant\" data-message-id=\"601dc105-1a20-4d41-b026-a096271ed355\" data-message-model-slug=\"gpt-4-1-mini\">\n<div class=\"flex w-full flex-col gap-1 empty:hidden first:pt-[3px]\">\n<div class=\"markdown prose dark:prose-invert w-full break-words light\">\n<p data-start=\"0\" data-end=\"282\" data-is-last-node=\"\" data-is-only-node=\"\">Custom printed spout pouches for liquid combine leak-proof convenience with eye-catching design, perfect for juice, detergent, and more. Durable, customizable, and easy to use \u2014 upgrade your packaging and impress your customers today!<\/p>\n<\/div>\n<\/div>\n<\/div>\n<\/div>\n<\/div>\n<\/div>\n<\/div>\n<\/div>\n<\/article>\n<table style=\"border-collapse: collapse; width: 518px; height: 318px;\" border=\"0\" width=\"293\" cellspacing=\"0\" cellpadding=\"0\">\n<tbody>\n<tr style=\"height: 17.00pt;\">\n<td class=\"et2\" style=\"height: 17.00pt; width: 102.45pt;\" width=\"102\" height=\"17\">Manufacturer<\/td>\n<td class=\"et2\" style=\"width: 190.80pt;\" width=\"190\">Lebei<\/td>\n<\/tr>\n<tr style=\"height: 17.00pt;\">\n<td class=\"et2\" style=\"height: 17.00pt; width: 102.45pt;\" width=\"102\" height=\"17\">Pouch Types<\/td>\n<td class=\"et3\" style=\"width: 190.80pt;\" width=\"190\">Spout Pouch<\/td>\n<\/tr>\n<tr style=\"height: 17.00pt;\">\n<td class=\"et2\" style=\"height: 17.00pt; width: 102.45pt;\" width=\"102\" height=\"17\">Material<\/td>\n<td class=\"et3\" style=\"width: 190.80pt;\" width=\"190\">PET\/NY\/PE or customized<\/td>\n<\/tr>\n<tr style=\"height: 17.00pt;\">\n<td class=\"et2\" style=\"height: 17.00pt; width: 102.45pt;\" width=\"102\" height=\"17\">Sealing &amp; Handle<\/td>\n<td class=\"et3\" style=\"width: 190.80pt;\" width=\"190\">Spout Top<\/td>\n<\/tr>\n<tr style=\"height: 17.00pt;\">\n<td class=\"et2\" style=\"height: 17.00pt; width: 102.45pt;\" width=\"102\" height=\"17\">Surface Handling<\/td>\n<td class=\"et3\" style=\"width: 190.80pt;\" width=\"190\">Gravure printing<\/td>\n<\/tr>\n<tr style=\"height: 17.00pt;\">\n<td class=\"et2\" style=\"height: 17.00pt; width: 102.45pt;\" width=\"102\" height=\"17\">Color<\/td>\n<td class=\"et3\" style=\"width: 190.80pt;\" width=\"190\">Blue(Customizable)<\/td>\n<\/tr>\n<tr style=\"height: 17.00pt;\">\n<td class=\"et2\" style=\"height: 17.00pt; width: 102.45pt;\" width=\"102\" height=\"17\">Usage<\/td>\n<td class=\"et3\" style=\"width: 190.80pt;\" width=\"190\">Liquid Packaging<\/td>\n<\/tr>\n<tr style=\"height: 34.00pt;\">\n<td class=\"et2\" style=\"height: 34.00pt; width: 102.45pt;\" width=\"102\" height=\"34\">MOQ<\/td>\n<td class=\"et3\" style=\"width: 190.80pt;\" width=\"190\">Customized Pouch: 10,000 pcs (Recommend 30,000+ for better price)<\/td>\n<\/tr>\n<tr style=\"height: 34.00pt;\">\n<td class=\"et2\" style=\"height: 34.00pt; width: 102.45pt;\" width=\"102\" height=\"34\">Custom Order<\/td>\n<td class=\"et3\" style=\"width: 190.80pt;\" width=\"190\">Accept OEM &amp; ODM, Support Free Sample<\/td>\n<\/tr>\n<\/tbody>\n<\/table>\n","protected":false},"featured_media":367,"comment_status":"closed","ping_status":"closed","template":"","meta":{"_acf_changed":false},"application":[21],"product_brand":[],"product_cat":[37],"product_tag":[],"class_list":{"0":"post-363","1":"product","2":"type-product","3":"status-publish","4":"has-post-thumbnail","6":"application-custom-drink-pouches","7":"product_cat-spout-pouch-manufacturer","9":"first","10":"instock","11":"shipping-taxable","12":"product-type-simple"},"acf":[],"_links":{"self":[{"href":"https:\/\/www.lebeipackaging.com\/de\/wp-json\/wp\/v2\/product\/363","targetHints":{"allow":["GET"]}}],"collection":[{"href":"https:\/\/www.lebeipackaging.com\/de\/wp-json\/wp\/v2\/product"}],"about":[{"href":"https:\/\/www.lebeipackaging.com\/de\/wp-json\/wp\/v2\/types\/product"}],"replies":[{"embeddable":true,"href":"https:\/\/www.lebeipackaging.com\/de\/wp-json\/wp\/v2\/comments?post=363"}],"wp:featuredmedia":[{"embeddable":true,"href":"https:\/\/www.lebeipackaging.com\/de\/wp-json\/wp\/v2\/media\/367"}],"wp:attachment":[{"href":"https:\/\/www.lebeipackaging.com\/de\/wp-json\/wp\/v2\/media?parent=363"}],"wp:term":[{"taxonomy":"application","embeddable":true,"href":"https:\/\/www.lebeipackaging.com\/de\/wp-json\/wp\/v2\/application?post=363"},{"taxonomy":"product_brand","embeddable":true,"href":"https:\/\/www.lebeipackaging.com\/de\/wp-json\/wp\/v2\/product_brand?post=363"},{"taxonomy":"product_cat","embeddable":true,"href":"https:\/\/www.lebeipackaging.com\/de\/wp-json\/wp\/v2\/product_cat?post=363"},{"taxonomy":"product_tag","embeddable":true,"href":"https:\/\/www.lebeipackaging.com\/de\/wp-json\/wp\/v2\/product_tag?post=363"}],"curies":[{"name":"wp","href":"https:\/\/api.w.org\/{rel}","templated":true}]}}