{"id":509,"date":"2025-05-28T07:37:57","date_gmt":"2025-05-28T07:37:57","guid":{"rendered":"https:\/\/www.lebeipackaging.com\/?post_type=product&#038;p=509"},"modified":"2025-05-28T08:00:16","modified_gmt":"2025-05-28T08:00:16","slug":"kraft-stand-up-pouches-wholesale","status":"publish","type":"product","link":"https:\/\/www.lebeipackaging.com\/de\/product\/kraft-stand-up-pouches-wholesale\/","title":{"rendered":"Hochwertige wei\u00dfe Kraft Stand Up Pouches Gro\u00dfhandel"},"content":{"rendered":"<h2 class=\"wp-block-heading\">Merkmale von Kraft Stand Up Pouches Gro\u00dfhandel<\/h2>\n\n\n\n<div class=\"wp-block-columns is-layout-flex wp-container-core-columns-is-layout-9d6595d7 wp-block-columns-is-layout-flex\">\n<div class=\"wp-block-column is-layout-flow wp-block-column-is-layout-flow\">\n<p><strong>Umweltfreundlich und wiederverwendbar<\/strong><br>Durch die Verwendung von recycelbarem und umweltfreundlichem Kraftpapier unterst\u00fctzt es die Wiederverwendung, reduziert den Verpackungsm\u00fcll und entspricht dem Konzept der nachhaltigen Entwicklung.<\/p>\n\n\n\n<p><strong>Unterst\u00fctzt personalisierte Anpassungen<\/strong><br>Die Gr\u00f6\u00dfe, das Druckmuster und das Markenlogo k\u00f6nnen je nach Kundenwunsch angepasst werden, um exklusive Verpackungen zu schaffen und den Wiedererkennungswert der Marke zu erh\u00f6hen.<\/p>\n\n\n\n<p><strong>Mehrere ma\u00dfgebliche Zertifizierungen<\/strong><br>Das Produkt hat mehrere Zertifizierungen f\u00fcr lebensmittelechte Verpackungen wie BRC, ISO, QS, HACCP usw. erhalten, die eine stabile Qualit\u00e4t, Sicherheit und Zuverl\u00e4ssigkeit gew\u00e4hrleisten und f\u00fcr den Export geeignet sind.<\/p>\n\n\n\n<p><strong>Multi-Szenario-Anwendung<\/strong><br>Die Struktur ist robust und mit einem versiegelten Rei\u00dfverschluss ausgestattet, der sich f\u00fcr eine Vielzahl von Lebensmittelverpackungen wie N\u00fcsse, Snacks, Babynahrung, Tiernahrung usw. eignet.<\/p>\n\n\n\n<p><strong>Schnelle Lieferung, flexibles MOQ<\/strong><br>Die Lieferzeit betr\u00e4gt 7-15 Tage, wir unterst\u00fctzen flexible MOQ, erf\u00fcllen den Beschaffungsbedarf von Kunden unterschiedlicher Gr\u00f6\u00dfe und eignen uns f\u00fcr Gro\u00dfauftr\u00e4ge.<\/p>\n\n\n\n<p><strong>Lebensmittelechte Sicherheitsgarantie<\/strong><br>Der Verpackungsbeutel erf\u00fcllt die Sicherheitsstandards f\u00fcr den Kontakt mit Lebensmitteln, um sicherzustellen, dass der Inhalt w\u00e4hrend der Lagerung und des Transports nicht kontaminiert wird, und um die Gesundheit der Verbraucher zu sch\u00fctzen.<\/p>\n<\/div>\n\n\n\n<div class=\"wp-block-column is-layout-flow wp-block-column-is-layout-flow\">\n<figure class=\"wp-block-image size-full\"><img decoding=\"async\" width=\"640\" height=\"640\" src=\"https:\/\/www.lebeipackaging.com\/wp-content\/uploads\/2025\/05\/White-Kraft-Stand-Up-Pouches-Wholesale1.webp\" alt=\"Wei\u00dfe Kraft Stand Up Pouches Gro\u00dfhandel1\" class=\"wp-image-510\" srcset=\"https:\/\/www.lebeipackaging.com\/wp-content\/uploads\/2025\/05\/White-Kraft-Stand-Up-Pouches-Wholesale1.webp 640w, https:\/\/www.lebeipackaging.com\/wp-content\/uploads\/2025\/05\/White-Kraft-Stand-Up-Pouches-Wholesale1-300x300.webp 300w, https:\/\/www.lebeipackaging.com\/wp-content\/uploads\/2025\/05\/White-Kraft-Stand-Up-Pouches-Wholesale1-150x150.webp 150w, https:\/\/www.lebeipackaging.com\/wp-content\/uploads\/2025\/05\/White-Kraft-Stand-Up-Pouches-Wholesale1-600x600.webp 600w, https:\/\/www.lebeipackaging.com\/wp-content\/uploads\/2025\/05\/White-Kraft-Stand-Up-Pouches-Wholesale1-100x100.webp 100w\" sizes=\"(max-width: 640px) 100vw, 640px\" \/><\/figure>\n<\/div>\n<\/div>","protected":false},"excerpt":{"rendered":"<p>Kraft-Standbeutel im Gro\u00dfhandel bieten eine saubere, umweltfreundliche Verpackungsl\u00f6sung aus hochwertigem wei\u00dfem Kraftpapier, ideal f\u00fcr Lebensmittel, Snacks und Einzelhandelsprodukte. Kontaktieren Sie uns jetzt, um Ihr individuelles Angebot und kostenlose Muster zu erhalten!<\/p>\n<table style=\"border-collapse: collapse; width: 534px; height: 439px;\" border=\"0\" width=\"293\" cellspacing=\"0\" cellpadding=\"0\">\n<tbody>\n<tr style=\"height: 17.00pt;\">\n<td class=\"et2\" style=\"height: 17.00pt; width: 102.45pt;\" width=\"102\" height=\"17\">Hersteller<\/td>\n<td class=\"et2\" style=\"width: 190.80pt;\" width=\"190\">Lebei<\/td>\n<\/tr>\n<tr style=\"height: 35.00pt;\">\n<td class=\"et2\" style=\"height: 35.00pt; width: 102.45pt;\" width=\"102\" height=\"35\">Arten von Beuteln<\/td>\n<td class=\"et3\" style=\"width: 190.80pt;\" width=\"190\">Kraftpapier\/Standbeutel\/Rei\u00dfverschlussbeutel<\/td>\n<\/tr>\n<tr style=\"height: 35.00pt;\">\n<td class=\"et2\" style=\"height: 35.00pt; width: 102.45pt;\" width=\"102\" height=\"35\">Material<\/td>\n<td class=\"et3\" style=\"width: 190.80pt;\" width=\"190\">Kraftpapier\/PLA oder kundenspezifisch<\/td>\n<\/tr>\n<tr style=\"height: 35.00pt;\">\n<td class=\"et2\" style=\"height: 35.00pt; width: 102.45pt;\" width=\"102\" height=\"35\">Besonderes Merkmal<\/td>\n<td class=\"et3\" style=\"width: 190.80pt;\" width=\"190\">Feuchtigkeitssicher, Rei\u00dfverschluss oben, Risskerbe, Stand Up Bottom<\/td>\n<\/tr>\n<tr style=\"height: 35.00pt;\">\n<td class=\"et2\" style=\"height: 35.00pt; width: 102.45pt;\" width=\"102\" height=\"35\">Handhabung der Oberfl\u00e4che<\/td>\n<td class=\"et3\" style=\"width: 190.80pt;\" width=\"190\">Tiefdruck<\/td>\n<\/tr>\n<tr style=\"height: 35.00pt;\">\n<td class=\"et2\" style=\"height: 35.00pt; width: 102.45pt;\" width=\"102\" height=\"35\">Farbe<\/td>\n<td class=\"et3\" style=\"width: 190.80pt;\" width=\"190\">Wei\u00df (anpassbar)<\/td>\n<\/tr>\n<tr style=\"height: 35.00pt;\">\n<td class=\"et2\" style=\"height: 35.00pt; width: 102.45pt;\" width=\"102\" height=\"35\">Verwendung<\/td>\n<td class=\"et3\" style=\"width: 190.80pt;\" width=\"190\">Lebensmittel, Snacks, N\u00fcsse, Verpackungen usw.<\/td>\n<\/tr>\n<tr style=\"height: 35.00pt;\">\n<td class=\"et2\" style=\"height: 35.00pt; width: 102.45pt;\" width=\"102\" height=\"35\">MOQ<\/td>\n<td class=\"et3\" style=\"width: 190.80pt;\" width=\"190\">Kundenspezifischer Beutel: 10.000 St\u00fcck (f\u00fcr einen besseren Preis empfehlen wir 30.000+)<\/td>\n<\/tr>\n<tr style=\"height: 35.00pt;\">\n<td class=\"et2\" style=\"height: 35.00pt; width: 102.45pt;\" width=\"102\" height=\"35\">Individuelle Bestellung<\/td>\n<td class=\"et3\" style=\"width: 190.80pt;\" width=\"190\">Akzeptieren Sie OEM &amp; ODM, unterst\u00fctzen Sie freie Probe<\/td>\n<\/tr>\n<\/tbody>\n<\/table>","protected":false},"featured_media":510,"comment_status":"closed","ping_status":"closed","template":"","meta":{"_acf_changed":false},"application":[26],"product_brand":[],"product_cat":[41],"product_tag":[],"class_list":{"0":"post-509","1":"product","2":"type-product","3":"status-publish","4":"has-post-thumbnail","6":"application-custom-nuts-packaging","7":"product_cat-stand-up-pouch-manufacturer","9":"first","10":"instock","11":"shipping-taxable","12":"product-type-simple"},"acf":[],"_links":{"self":[{"href":"https:\/\/www.lebeipackaging.com\/de\/wp-json\/wp\/v2\/product\/509","targetHints":{"allow":["GET"]}}],"collection":[{"href":"https:\/\/www.lebeipackaging.com\/de\/wp-json\/wp\/v2\/product"}],"about":[{"href":"https:\/\/www.lebeipackaging.com\/de\/wp-json\/wp\/v2\/types\/product"}],"replies":[{"embeddable":true,"href":"https:\/\/www.lebeipackaging.com\/de\/wp-json\/wp\/v2\/comments?post=509"}],"wp:featuredmedia":[{"embeddable":true,"href":"https:\/\/www.lebeipackaging.com\/de\/wp-json\/wp\/v2\/media\/510"}],"wp:attachment":[{"href":"https:\/\/www.lebeipackaging.com\/de\/wp-json\/wp\/v2\/media?parent=509"}],"wp:term":[{"taxonomy":"application","embeddable":true,"href":"https:\/\/www.lebeipackaging.com\/de\/wp-json\/wp\/v2\/application?post=509"},{"taxonomy":"product_brand","embeddable":true,"href":"https:\/\/www.lebeipackaging.com\/de\/wp-json\/wp\/v2\/product_brand?post=509"},{"taxonomy":"product_cat","embeddable":true,"href":"https:\/\/www.lebeipackaging.com\/de\/wp-json\/wp\/v2\/product_cat?post=509"},{"taxonomy":"product_tag","embeddable":true,"href":"https:\/\/www.lebeipackaging.com\/de\/wp-json\/wp\/v2\/product_tag?post=509"}],"curies":[{"name":"wp","href":"https:\/\/api.w.org\/{rel}","templated":true}]}}