{"id":1204,"date":"2025-06-02T02:06:16","date_gmt":"2025-06-02T02:06:16","guid":{"rendered":"https:\/\/www.lebeipackaging.com\/?post_type=product&#038;p=1204"},"modified":"2025-09-04T03:18:41","modified_gmt":"2025-09-04T03:18:41","slug":"wholesale-aluminum-foil-bag","status":"publish","type":"product","link":"https:\/\/www.lebeipackaging.com\/es\/product\/wholesale-aluminum-foil-bag\/","title":{"rendered":"Venta al por mayor Bolsa de papel de aluminio Stand UP Pouch Con Envasado de Alimentos"},"content":{"rendered":"<h2 class=\"wp-block-heading\">Caracter\u00edsticas de la bolsa de papel de aluminio al por mayor<\/h2>\n\n\n\n<div class=\"wp-block-columns is-layout-flex wp-container-core-columns-is-layout-9d6595d7 wp-block-columns-is-layout-flex\">\n<div class=\"wp-block-column is-layout-flow wp-block-column-is-layout-flow\">\n<p><strong>Fuerte barrera de papel de aluminio<\/strong><br>Proporciona una excelente protecci\u00f3n contra la humedad, el ox\u00edgeno, la luz y los olores, manteniendo los alimentos frescos y prolongando su vida \u00fatil.<\/p>\n\n\n\n<p><strong>C\u00f3modo dise\u00f1o de pie<\/strong><br>El dise\u00f1o de fondo plano permite que la bolsa se mantenga en posici\u00f3n vertical para exponer mejor el producto, aprovechar al m\u00e1ximo el espacio de la estanter\u00eda y almacenarla de forma eficiente en el estante.<\/p>\n\n\n\n<p><strong>Material alimentario<\/strong><br>Fabricado con papel de aluminio de alta calidad apto para alimentos y forro interior, adecuado para aperitivos, caf\u00e9, polvos y productos secos.<\/p>\n\n\n\n<p><strong>Estructura de cremallera sellada, f\u00e1cil de usar<\/strong><br>La cremallera superior cierra herm\u00e9ticamente y es f\u00e1cil de abrir y cerrar para evitar que el producto del interior de la bolsa se enrancie por la apertura frecuente, lo que facilita a los consumidores su uso repetido.<\/p>\n\n\n\n<p><strong>Ligero pero duradero<\/strong><br>F\u00e1cil de transportar y almacenar a granel, al tiempo que ofrece una excelente resistencia al desgarro y la perforaci\u00f3n.<\/p>\n\n\n\n<p><strong>A granel, listo para usar<\/strong><br>Disponibles en tama\u00f1os y acabados est\u00e1ndar para pedidos al por mayor, sin necesidad de personalizaci\u00f3n, ideales para empresas que se mueven con rapidez.<\/p>\n\n\n\n<div class=\"wp-block-columns is-layout-flex wp-container-core-columns-is-layout-9d6595d7 wp-block-columns-is-layout-flex\">\n<div class=\"wp-block-column is-layout-flow wp-block-column-is-layout-flow\"><\/div>\n\n\n\n<div class=\"wp-block-column is-layout-flow wp-block-column-is-layout-flow\"><\/div>\n<\/div>\n<\/div>\n\n\n\n<div class=\"wp-block-column is-layout-flow wp-block-column-is-layout-flow\">\n<figure class=\"wp-block-image size-full\"><img decoding=\"async\" width=\"998\" height=\"998\" src=\"https:\/\/www.lebeipackaging.com\/wp-content\/uploads\/2025\/06\/Wholesale-Aluminum-Foil-Bag-Stand-up-Pouch-for-Food-Packaging.webp\" alt=\"Bolsas de aluminio al por mayor para el envasado de alimentos\" class=\"wp-image-1206\" srcset=\"https:\/\/www.lebeipackaging.com\/wp-content\/uploads\/2025\/06\/Wholesale-Aluminum-Foil-Bag-Stand-up-Pouch-for-Food-Packaging.webp 998w, https:\/\/www.lebeipackaging.com\/wp-content\/uploads\/2025\/06\/Wholesale-Aluminum-Foil-Bag-Stand-up-Pouch-for-Food-Packaging-300x300.webp 300w, https:\/\/www.lebeipackaging.com\/wp-content\/uploads\/2025\/06\/Wholesale-Aluminum-Foil-Bag-Stand-up-Pouch-for-Food-Packaging-150x150.webp 150w, https:\/\/www.lebeipackaging.com\/wp-content\/uploads\/2025\/06\/Wholesale-Aluminum-Foil-Bag-Stand-up-Pouch-for-Food-Packaging-768x768.webp 768w, https:\/\/www.lebeipackaging.com\/wp-content\/uploads\/2025\/06\/Wholesale-Aluminum-Foil-Bag-Stand-up-Pouch-for-Food-Packaging-600x600.webp 600w, https:\/\/www.lebeipackaging.com\/wp-content\/uploads\/2025\/06\/Wholesale-Aluminum-Foil-Bag-Stand-up-Pouch-for-Food-Packaging-100x100.webp 100w\" sizes=\"(max-width: 998px) 100vw, 998px\" \/><\/figure>\n<\/div>\n<\/div>\n\n\n\n<div class=\"wp-block-columns is-layout-flex wp-container-core-columns-is-layout-9d6595d7 wp-block-columns-is-layout-flex\">\n<div class=\"wp-block-column is-layout-flow wp-block-column-is-layout-flow\">\n<h2 class=\"wp-block-heading\">Tama\u00f1o del producto<br><\/h2>\n\n\n\n<figure class=\"wp-block-table\"><table class=\"has-fixed-layout\"><tbody><tr><td>Talla<br>(cm)<\/td><td>Embalaje (unidades\/paquete)<\/td><td>Embalaje (uds\/ctn)<\/td><td>Peso<br>(kg\/ctn)<\/td><td>Tama\u00f1o tn<br>(cm)<\/td><\/tr><tr><td>9*13+3cm*2<\/td><td>100&nbsp;<\/td><td>6000<\/td><td>16.00&nbsp;<\/td><td>48*40*34<\/td><\/tr><tr><td>10*15+3cm*2<\/td><td>100&nbsp;<\/td><td>7200<\/td><td>24.40&nbsp;<\/td><td>48*40*34<\/td><\/tr><tr><td>12*20+4cm*2<\/td><td>100&nbsp;<\/td><td>6000<\/td><td>26.50&nbsp;<\/td><td>48*40*34<\/td><\/tr><tr><td>14*22+4cm*2<\/td><td>100&nbsp;<\/td><td>4000<\/td><td>28.00&nbsp;<\/td><td>48*40*34<\/td><\/tr><tr><td>16*24+4cm*2<\/td><td>100&nbsp;<\/td><td>3000<\/td><td>31.00&nbsp;<\/td><td>48*40*34<\/td><\/tr><tr><td>18*26+4cm*2<\/td><td>100&nbsp;<\/td><td>3000<\/td><td>29.00&nbsp;<\/td><td>48*40*34<\/td><\/tr><tr><td>20*30+5cm*2<\/td><td>100&nbsp;<\/td><td>2400<\/td><td>29.80&nbsp;<\/td><td>48*40*34<\/td><\/tr><\/tbody><\/table><\/figure>\n<\/div>\n<\/div>","protected":false},"excerpt":{"rendered":"<article class=\"text-token-text-primary w-full\" dir=\"auto\" data-testid=\"conversation-turn-2\" data-scroll-anchor=\"true\">\n<div class=\"text-base my-auto mx-auto py-5 [--thread-content-margin:--spacing(4)] @[37rem]:[--thread-content-margin:--spacing(6)] @[72rem]:[--thread-content-margin:--spacing(16)] px-(--thread-content-margin)\">\n<div class=\"[--thread-content-max-width:32rem] @[34rem]:[--thread-content-max-width:40rem] @[64rem]:[--thread-content-max-width:48rem] mx-auto flex max-w-(--thread-content-max-width) flex-1 text-base gap-4 md:gap-5 lg:gap-6 group\/turn-messages focus-visible:outline-hidden\">\n<div class=\"group\/conversation-turn relative flex w-full min-w-0 flex-col agent-turn\">\n<div class=\"relative flex-col gap-1 md:gap-3\">\n<div class=\"flex max-w-full flex-col grow\">\n<div class=\"min-h-8 text-message relative flex w-full flex-col items-end gap-2 text-start break-words whitespace-normal [.text-message+&amp;]:mt-5\" dir=\"auto\" data-message-author-role=\"assistant\" data-message-id=\"601dc105-1a20-4d41-b026-a096271ed355\" data-message-model-slug=\"gpt-4-1-mini\">\n<div class=\"flex w-full flex-col gap-1 empty:hidden first:pt-[3px]\">\n<div class=\"markdown prose dark:prose-invert w-full break-words light\">\n<article class=\"text-token-text-primary w-full\" dir=\"auto\" data-testid=\"conversation-turn-26\" data-scroll-anchor=\"true\">\n<div class=\"text-base my-auto mx-auto py-5 [--thread-content-margin:--spacing(4)] @[37rem]:[--thread-content-margin:--spacing(6)] @[72rem]:[--thread-content-margin:--spacing(16)] px-(--thread-content-margin)\">\n<div class=\"[--thread-content-max-width:32rem] @[34rem]:[--thread-content-max-width:40rem] @[64rem]:[--thread-content-max-width:48rem] mx-auto flex max-w-(--thread-content-max-width) flex-1 text-base gap-4 md:gap-5 lg:gap-6 group\/turn-messages focus-visible:outline-hidden\">\n<div class=\"group\/conversation-turn relative flex w-full min-w-0 flex-col agent-turn\">\n<div class=\"relative flex-col gap-1 md:gap-3\">\n<div class=\"flex max-w-full flex-col grow\">\n<div class=\"min-h-8 text-message relative flex w-full flex-col items-end gap-2 text-start break-words whitespace-normal [.text-message+&amp;]:mt-5\" dir=\"auto\" data-message-author-role=\"assistant\" data-message-id=\"d05c8187-775a-4e42-8061-4ac971d5f547\" data-message-model-slug=\"gpt-4-1-mini\">\n<div class=\"flex w-full flex-col gap-1 empty:hidden first:pt-[3px]\">\n<div class=\"markdown prose dark:prose-invert w-full break-words light\">\n<p data-start=\"0\" data-end=\"257\" data-is-last-node=\"\" data-is-only-node=\"\">Wholesale aluminum foil bag stand up pouch designed for food packaging\u2014moisture-proof, durable, and ideal for keeping contents fresh. A practical choice for snacks, coffee, and dry goods. Feel free to contact us for wholesale inquiries or to place your order today!<\/p>\n<\/div>\n<\/div>\n<\/div>\n<\/div>\n<\/div>\n<\/div>\n<\/div>\n<\/div>\n<\/article>\n<\/div>\n<\/div>\n<\/div>\n<\/div>\n<\/div>\n<\/div>\n<\/div>\n<\/div>\n<\/article>\n<table style=\"border-collapse: collapse;width: 518px;height: 318px\" border=\"0\" width=\"293\" cellspacing=\"0\" cellpadding=\"0\">\n<tbody>\n<tr style=\"height: 17.00pt\">\n<td class=\"et2\" style=\"height: 17.00pt;width: 102.45pt\" width=\"102\" height=\"17\">Manufacturer<\/td>\n<td class=\"et2\" style=\"width: 190.80pt\" width=\"190\">Lebei<\/td>\n<\/tr>\n<tr style=\"height: 17.00pt\">\n<td class=\"et2\" style=\"height: 17.00pt;width: 102.45pt\" width=\"102\" height=\"17\">Pouch Types<\/td>\n<td class=\"et3\" style=\"width: 190.80pt\" width=\"190\">Stand Up pouch(Aluminum Foil Bag)<\/td>\n<\/tr>\n<tr style=\"height: 17.00pt\">\n<td class=\"et2\" style=\"height: 17.00pt;width: 102.45pt\" width=\"102\" height=\"17\">Material<\/td>\n<td class=\"et3\" style=\"width: 190.80pt\" width=\"190\">PET\/AL\/PE<\/td>\n<\/tr>\n<tr style=\"height: 17.00pt\">\n<td class=\"et2\" style=\"height: 17.00pt;width: 102.45pt\" width=\"102\" height=\"17\">Sealing &amp; Handle<\/td>\n<td class=\"et3\" style=\"width: 190.80pt\" width=\"190\">Zipper Top\u00a0<\/td>\n<\/tr>\n<tr style=\"height: 17.00pt\">\n<td class=\"et2\" style=\"height: 17.00pt;width: 102.45pt\" width=\"102\" height=\"17\">Surface Handling<\/td>\n<td class=\"et3\" style=\"width: 190.80pt\" width=\"190\">Gravure Printing<\/td>\n<\/tr>\n<tr style=\"height: 17.00pt\">\n<td class=\"et2\" style=\"height: 17.00pt;width: 102.45pt\" width=\"102\" height=\"17\">Advantage<\/td>\n<td class=\"et3\" style=\"width: 190.80pt\" width=\"190\">Moisture Proof<\/td>\n<\/tr>\n<tr style=\"height: 17.00pt\">\n<td class=\"et2\" style=\"height: 17.00pt;width: 102.45pt\" width=\"102\" height=\"17\">Usage<\/td>\n<td class=\"et3\" style=\"width: 190.80pt\" width=\"190\">Food or Snack Packaging<\/td>\n<\/tr>\n<tr style=\"height: 34.00pt\">\n<td class=\"et2\" style=\"height: 34.00pt;width: 102.45pt\" width=\"102\" height=\"34\">MOQ<\/td>\n<td class=\"et3\" style=\"width: 190.80pt\" width=\"190\">Mix Items, Total 5000 Pieces<\/td>\n<\/tr>\n<tr style=\"height: 34.00pt\">\n<td class=\"et2\" style=\"height: 34.00pt;width: 102.45pt\" width=\"102\" height=\"34\">Sample<\/td>\n<td class=\"et3\" style=\"width: 190.80pt\" width=\"190\">1-2 Days (Free)<\/td>\n<\/tr>\n<\/tbody>\n<\/table>\n","protected":false},"featured_media":1207,"comment_status":"closed","ping_status":"closed","template":"","meta":{"_acf_changed":false},"application":[],"product_brand":[],"product_cat":[50],"product_tag":[48],"class_list":{"0":"post-1204","1":"product","2":"type-product","3":"status-publish","4":"has-post-thumbnail","6":"product_cat-ready-to-ship-pouches","7":"product_tag-aluminum-foil-stand-up-pouch","9":"first","10":"instock","11":"shipping-taxable","12":"product-type-simple"},"acf":[],"_links":{"self":[{"href":"https:\/\/www.lebeipackaging.com\/es\/wp-json\/wp\/v2\/product\/1204","targetHints":{"allow":["GET"]}}],"collection":[{"href":"https:\/\/www.lebeipackaging.com\/es\/wp-json\/wp\/v2\/product"}],"about":[{"href":"https:\/\/www.lebeipackaging.com\/es\/wp-json\/wp\/v2\/types\/product"}],"replies":[{"embeddable":true,"href":"https:\/\/www.lebeipackaging.com\/es\/wp-json\/wp\/v2\/comments?post=1204"}],"wp:featuredmedia":[{"embeddable":true,"href":"https:\/\/www.lebeipackaging.com\/es\/wp-json\/wp\/v2\/media\/1207"}],"wp:attachment":[{"href":"https:\/\/www.lebeipackaging.com\/es\/wp-json\/wp\/v2\/media?parent=1204"}],"wp:term":[{"taxonomy":"application","embeddable":true,"href":"https:\/\/www.lebeipackaging.com\/es\/wp-json\/wp\/v2\/application?post=1204"},{"taxonomy":"product_brand","embeddable":true,"href":"https:\/\/www.lebeipackaging.com\/es\/wp-json\/wp\/v2\/product_brand?post=1204"},{"taxonomy":"product_cat","embeddable":true,"href":"https:\/\/www.lebeipackaging.com\/es\/wp-json\/wp\/v2\/product_cat?post=1204"},{"taxonomy":"product_tag","embeddable":true,"href":"https:\/\/www.lebeipackaging.com\/es\/wp-json\/wp\/v2\/product_tag?post=1204"}],"curies":[{"name":"wp","href":"https:\/\/api.w.org\/{rel}","templated":true}]}}