{"id":1689,"date":"2025-07-18T01:25:11","date_gmt":"2025-07-18T01:25:11","guid":{"rendered":"https:\/\/www.lebeipackaging.com\/?post_type=product&#038;p=1689"},"modified":"2025-07-18T02:06:45","modified_gmt":"2025-07-18T02:06:45","slug":"wholesale-coffee-bags-with-valve-in-stock-in-various-colors","status":"publish","type":"product","link":"https:\/\/www.lebeipackaging.com\/es\/product\/wholesale-coffee-bags-with-valve-in-stock-in-various-colors\/","title":{"rendered":"Mayorista Bolsas de Caf\u00e9 con V\u00e1lvula en Stock en Varios Colores"},"content":{"rendered":"<h2 class=\"wp-block-heading\">Caracter\u00edsticas de las bolsas de caf\u00e9 al por mayor con v\u00e1lvula<\/h2>\n\n\n\n<div class=\"wp-block-columns is-layout-flex wp-container-core-columns-is-layout-9d6595d7 wp-block-columns-is-layout-flex\">\n<div class=\"wp-block-column is-layout-flow wp-block-column-is-layout-flow\">\n<p><strong>Disponible en stock, env\u00edo inmediato: <\/strong>Disponible en stock, entrega r\u00e1pida, sin necesidad de esperar mucho tiempo para la producci\u00f3n personalizada, lo que le permite satisfacer r\u00e1pidamente la demanda del mercado.<\/p>\n\n\n\n<p><strong>Dise\u00f1o de rasgado en forma de U, f\u00e1cil de abrir la bolsa: <\/strong>Con el dise\u00f1o de rasgado en forma de U, los usuarios pueden rasgar f\u00e1cilmente la bolsa, lo que resulta c\u00f3modo y r\u00e1pido, sin necesidad de herramientas adicionales, y mejora la experiencia del consumidor.<\/p>\n\n\n\n<p><strong>V\u00e1lvula incorporada para mantener el caf\u00e9 fresco: <\/strong>Equipada con una v\u00e1lvula unidireccional para garantizar la descarga del gas carb\u00f3nico contenido en la bolsa, evitar la entrada de aire, ayudar a mantener la frescura y el sabor del caf\u00e9 y prolongar su vida \u00fatil.<\/p>\n\n\n\n<p><strong>Dise\u00f1o termosellado, sellado seguro: <\/strong>Se puede termosellar para garantizar que la bolsa est\u00e9 bien sellada, sea herm\u00e9tica e impermeable, adecuada para el almacenamiento a largo plazo de productos de caf\u00e9, y mantenga la integridad del envase.<\/p>\n\n\n\n<p><strong>Disponibles en varios tama\u00f1os y capacidades: <\/strong>Disponibles en una gran variedad de tama\u00f1os y capacidades est\u00e1ndar de bolsas de caf\u00e9 ya preparadas para satisfacer las necesidades de distintos mayoristas, minoristas o marcas de caf\u00e9. Tanto si necesita envases peque\u00f1os como grandes, encontrar\u00e1 las especificaciones adecuadas.<\/p>\n\n\n\n<p><strong>Materiales respetuosos con el medio ambiente, en l\u00ednea con las normas medioambientales: <\/strong>Fabricados con materiales respetuosos con el medio ambiente, en l\u00ednea con los requisitos del desarrollo sostenible, ayudan a las marcas a mostrar su preocupaci\u00f3n por la protecci\u00f3n del medio ambiente y a adaptarse a la demanda del mercado de productos respetuosos con el medio ambiente.<\/p>\n<\/div>\n\n\n\n<div class=\"wp-block-column is-layout-flow wp-block-column-is-layout-flow\">\n<div class=\"wp-block-columns is-layout-flex wp-container-core-columns-is-layout-9d6595d7 wp-block-columns-is-layout-flex\">\n<div class=\"wp-block-column is-layout-flow wp-block-column-is-layout-flow\">\n<figure class=\"wp-block-image size-full\"><img decoding=\"async\" width=\"842\" height=\"842\" src=\"https:\/\/www.lebeipackaging.com\/wp-content\/uploads\/2025\/07\/wholesale-coffee-bags-with-valve-3.webp\" alt=\"bolsas de caf\u00e9 al por mayor con v\u00e1lvula 3\" class=\"wp-image-1691\" srcset=\"https:\/\/www.lebeipackaging.com\/wp-content\/uploads\/2025\/07\/wholesale-coffee-bags-with-valve-3.webp 842w, https:\/\/www.lebeipackaging.com\/wp-content\/uploads\/2025\/07\/wholesale-coffee-bags-with-valve-3-300x300.webp 300w, https:\/\/www.lebeipackaging.com\/wp-content\/uploads\/2025\/07\/wholesale-coffee-bags-with-valve-3-150x150.webp 150w, https:\/\/www.lebeipackaging.com\/wp-content\/uploads\/2025\/07\/wholesale-coffee-bags-with-valve-3-768x768.webp 768w, https:\/\/www.lebeipackaging.com\/wp-content\/uploads\/2025\/07\/wholesale-coffee-bags-with-valve-3-12x12.webp 12w, https:\/\/www.lebeipackaging.com\/wp-content\/uploads\/2025\/07\/wholesale-coffee-bags-with-valve-3-600x600.webp 600w, https:\/\/www.lebeipackaging.com\/wp-content\/uploads\/2025\/07\/wholesale-coffee-bags-with-valve-3-100x100.webp 100w\" sizes=\"(max-width: 842px) 100vw, 842px\" \/><\/figure>\n<\/div>\n<\/div>\n<\/div>\n<\/div>\n\n\n\n<div class=\"wp-block-columns is-layout-flex wp-container-core-columns-is-layout-9d6595d7 wp-block-columns-is-layout-flex\">\n<div class=\"wp-block-column is-layout-flow wp-block-column-is-layout-flow\">\n<h2 class=\"wp-block-heading\">Tama\u00f1o del producto<br><\/h2>\n\n\n\n<figure class=\"wp-block-table\"><table class=\"has-fixed-layout\"><tbody><tr><td>Descripci\u00f3n<\/td><td>Talla<br>(cm)<\/td><td>Embalaje (unidades\/paquete)<\/td><td>Embalaje (uds\/ctn)<\/td><td>Peso<br>(kg\/ctn)<\/td><td>Tama\u00f1o tn<br>(cm)<\/td><\/tr><tr><td rowspan=\"3\">con v\u00e1lvula&nbsp;&nbsp;<\/td><td>9*27+5(250g)<\/td><td>50<\/td><td>1500<\/td><td>18.30&nbsp;<\/td><td>47*45*35<\/td><\/tr><tr><td>10*34+6(500g)<\/td><td>50<\/td><td>1300<\/td><td>22.00&nbsp;<\/td><td>47*45*35<\/td><\/tr><tr><td>13.5*41+7(1000g)<\/td><td>50<\/td><td>1000<\/td><td>26.00&nbsp;<\/td><td>47*45*35<\/td><\/tr><tr><td rowspan=\"3\">sin v\u00e1lvula&nbsp;&nbsp;<\/td><td>9*27+5(250g)<\/td><td>50<\/td><td>1800<\/td><td>20.50&nbsp;<\/td><td>43*41*31<\/td><\/tr><tr><td>10*34+6(500g)<\/td><td>50<\/td><td>1400<\/td><td>22.30&nbsp;<\/td><td>43*41*31<\/td><\/tr><tr><td>13.5*41+7(1000g)<\/td><td>50<\/td><td>1100<\/td><td>26.70&nbsp;<\/td><td>43*41*31<\/td><\/tr><\/tbody><\/table><\/figure>\n<\/div>\n<\/div>\n\n\n\n<p><\/p>","protected":false},"excerpt":{"rendered":"<article class=\"text-token-text-primary w-full\" dir=\"auto\" data-testid=\"conversation-turn-2\" data-scroll-anchor=\"true\">\n<div class=\"text-base my-auto mx-auto py-5 [--thread-content-margin:--spacing(4)] @[37rem]:[--thread-content-margin:--spacing(6)] @[72rem]:[--thread-content-margin:--spacing(16)] px-(--thread-content-margin)\">\n<div class=\"[--thread-content-max-width:32rem] @[34rem]:[--thread-content-max-width:40rem] @[64rem]:[--thread-content-max-width:48rem] mx-auto flex max-w-(--thread-content-max-width) flex-1 text-base gap-4 md:gap-5 lg:gap-6 group\/turn-messages focus-visible:outline-hidden\" tabindex=\"-1\">\n<div class=\"group\/conversation-turn relative flex w-full min-w-0 flex-col agent-turn\">\n<div class=\"relative flex-col gap-1 md:gap-3\">\n<div class=\"flex max-w-full flex-col grow\">\n<div class=\"min-h-8 text-message relative flex w-full flex-col items-end gap-2 text-start break-words whitespace-normal [.text-message+&amp;]:mt-5\" dir=\"auto\" data-message-author-role=\"assistant\" data-message-id=\"601dc105-1a20-4d41-b026-a096271ed355\" data-message-model-slug=\"gpt-4-1-mini\">\n<div class=\"flex w-full flex-col gap-1 empty:hidden first:pt-[3px]\">\n<div class=\"markdown prose dark:prose-invert w-full break-words light\">\n<article class=\"text-token-text-primary w-full\" dir=\"auto\" data-testid=\"conversation-turn-26\" data-scroll-anchor=\"true\">\n<div class=\"text-base my-auto mx-auto py-5 [--thread-content-margin:--spacing(4)] @[37rem]:[--thread-content-margin:--spacing(6)] @[72rem]:[--thread-content-margin:--spacing(16)] px-(--thread-content-margin)\">\n<div class=\"[--thread-content-max-width:32rem] @[34rem]:[--thread-content-max-width:40rem] @[64rem]:[--thread-content-max-width:48rem] mx-auto flex max-w-(--thread-content-max-width) flex-1 text-base gap-4 md:gap-5 lg:gap-6 group\/turn-messages focus-visible:outline-hidden\" tabindex=\"-1\">\n<div class=\"group\/conversation-turn relative flex w-full min-w-0 flex-col agent-turn\">\n<div class=\"relative flex-col gap-1 md:gap-3\">\n<div class=\"flex max-w-full flex-col grow\">\n<div class=\"min-h-8 text-message relative flex w-full flex-col items-end gap-2 text-start break-words whitespace-normal [.text-message+&amp;]:mt-5\" dir=\"auto\" data-message-author-role=\"assistant\" data-message-id=\"d05c8187-775a-4e42-8061-4ac971d5f547\" data-message-model-slug=\"gpt-4-1-mini\">\n<div class=\"flex w-full flex-col gap-1 empty:hidden first:pt-[3px]\">\n<div class=\"markdown prose dark:prose-invert w-full break-words light\">\n<p data-start=\"38\" data-end=\"254\" data-is-last-node=\"\" data-is-only-node=\"\">Our high-quality wholesale coffee bags with valve ensure your coffee stays fresh longer. Available in various colors and sizes, they\u2019re perfect for both retail and wholesale, with immediate stock for fast delivery.<\/p>\n<\/div>\n<\/div>\n<\/div>\n<\/div>\n<\/div>\n<\/div>\n<\/div>\n<\/div>\n<\/article>\n<\/div>\n<\/div>\n<\/div>\n<\/div>\n<\/div>\n<\/div>\n<\/div>\n<\/div>\n<\/article>\n<table style=\"border-collapse: collapse; width: 518px; height: 318px;\" border=\"0\" width=\"293\" cellspacing=\"0\" cellpadding=\"0\">\n<tbody>\n<tr style=\"height: 17.00pt;\">\n<td class=\"et2\" style=\"height: 17.00pt; width: 102.45pt;\" width=\"102\" height=\"17\">Manufacturer<\/td>\n<td class=\"et2\" style=\"width: 190.80pt;\" width=\"190\">Lebei<\/td>\n<\/tr>\n<tr style=\"height: 17.00pt;\">\n<td class=\"et2\" style=\"height: 17.00pt; width: 102.45pt;\" width=\"102\" height=\"17\">Bag Type<\/td>\n<td class=\"et3\" style=\"width: 190.80pt;\" width=\"190\">Side guesset coffee bag<\/td>\n<\/tr>\n<tr style=\"height: 17.00pt;\">\n<td class=\"et2\" style=\"height: 17.00pt; width: 102.45pt;\" width=\"102\" height=\"17\">Material<\/td>\n<td class=\"et3\" style=\"width: 190.80pt;\" width=\"190\">Kraft item material: Kraft paper\/Vmpet\/Pe <br \/>other color:MOPP+VMPET+PE<\/td>\n<\/tr>\n<tr style=\"height: 17.00pt;\">\n<td class=\"et2\" style=\"height: 17.00pt; width: 102.45pt;\" width=\"102\" height=\"17\">Sealing\u00a0<\/td>\n<td class=\"et3\" style=\"width: 190.80pt;\" width=\"190\">Valve<\/td>\n<\/tr>\n<tr style=\"height: 17.00pt;\">\n<td class=\"et2\" style=\"height: 17.00pt; width: 102.45pt;\" width=\"102\" height=\"17\">Surface Handling<\/td>\n<td class=\"et3\" style=\"width: 190.80pt;\" width=\"190\">Gravure Printing<\/td>\n<\/tr>\n<tr style=\"height: 17.00pt;\">\n<td class=\"et2\" style=\"height: 17.00pt; width: 102.45pt;\" width=\"102\" height=\"17\">Advantage<\/td>\n<td class=\"et3\" style=\"width: 190.80pt;\" width=\"190\">Moisture Proof<\/td>\n<\/tr>\n<tr style=\"height: 17.00pt;\">\n<td class=\"et2\" style=\"height: 17.00pt; width: 102.45pt;\" width=\"102\" height=\"17\">Usage<\/td>\n<td class=\"et3\" style=\"width: 190.80pt;\" width=\"190\">Coffee Packaging<\/td>\n<\/tr>\n<tr style=\"height: 34.00pt;\">\n<td class=\"et2\" style=\"height: 34.00pt; width: 102.45pt;\" width=\"102\" height=\"34\">MOQ<\/td>\n<td class=\"et3\" style=\"width: 190.80pt;\" width=\"190\">Mix Items, Total 5000 Pieces<\/td>\n<\/tr>\n<tr style=\"height: 34.00pt;\">\n<td class=\"et2\" style=\"height: 34.00pt; width: 102.45pt;\" width=\"102\" height=\"34\">Sample<\/td>\n<td class=\"et3\" style=\"width: 190.80pt;\" width=\"190\">1-2 Days (Free)<\/td>\n<\/tr>\n<\/tbody>\n<\/table>\n<p>&nbsp;<\/p>\n","protected":false},"featured_media":1690,"comment_status":"closed","ping_status":"closed","template":"","meta":{"_acf_changed":false},"application":[],"product_brand":[],"product_cat":[50],"product_tag":[46],"class_list":{"0":"post-1689","1":"product","2":"type-product","3":"status-publish","4":"has-post-thumbnail","6":"product_cat-ready-to-ship-pouches","7":"product_tag-coffee-pouch","9":"first","10":"instock","11":"shipping-taxable","12":"product-type-simple"},"acf":[],"_links":{"self":[{"href":"https:\/\/www.lebeipackaging.com\/es\/wp-json\/wp\/v2\/product\/1689","targetHints":{"allow":["GET"]}}],"collection":[{"href":"https:\/\/www.lebeipackaging.com\/es\/wp-json\/wp\/v2\/product"}],"about":[{"href":"https:\/\/www.lebeipackaging.com\/es\/wp-json\/wp\/v2\/types\/product"}],"replies":[{"embeddable":true,"href":"https:\/\/www.lebeipackaging.com\/es\/wp-json\/wp\/v2\/comments?post=1689"}],"wp:featuredmedia":[{"embeddable":true,"href":"https:\/\/www.lebeipackaging.com\/es\/wp-json\/wp\/v2\/media\/1690"}],"wp:attachment":[{"href":"https:\/\/www.lebeipackaging.com\/es\/wp-json\/wp\/v2\/media?parent=1689"}],"wp:term":[{"taxonomy":"application","embeddable":true,"href":"https:\/\/www.lebeipackaging.com\/es\/wp-json\/wp\/v2\/application?post=1689"},{"taxonomy":"product_brand","embeddable":true,"href":"https:\/\/www.lebeipackaging.com\/es\/wp-json\/wp\/v2\/product_brand?post=1689"},{"taxonomy":"product_cat","embeddable":true,"href":"https:\/\/www.lebeipackaging.com\/es\/wp-json\/wp\/v2\/product_cat?post=1689"},{"taxonomy":"product_tag","embeddable":true,"href":"https:\/\/www.lebeipackaging.com\/es\/wp-json\/wp\/v2\/product_tag?post=1689"}],"curies":[{"name":"wp","href":"https:\/\/api.w.org\/{rel}","templated":true}]}}