{"id":1818,"date":"2025-08-15T01:46:09","date_gmt":"2025-08-15T01:46:09","guid":{"rendered":"https:\/\/www.lebeipackaging.com\/?post_type=product&#038;p=1818"},"modified":"2025-08-15T02:09:55","modified_gmt":"2025-08-15T02:09:55","slug":"china-flat-bottom-coffee-pouch-custom-with-valve-and-zipper","status":"publish","type":"product","link":"https:\/\/www.lebeipackaging.com\/es\/product\/china-flat-bottom-coffee-pouch-custom-with-valve-and-zipper\/","title":{"rendered":"China Bolsa de caf\u00e9 de fondo plano personalizada con v\u00e1lvula y cremallera"},"content":{"rendered":"<h2 class=\"wp-block-heading\">Caracter\u00edsticas de la bolsa de caf\u00e9 de fondo plano personalizada de China<\/h2>\n\n\n\n<p><strong>Dise\u00f1o personalizable:<\/strong> Las bolsas de caf\u00e9 de fondo plano totalmente personalizables le permiten imprimir el logotipo de su marca, ilustraciones o informaci\u00f3n sobre el producto, lo que confiere a su envase un aspecto profesional y exclusivo que destaca en el lineal.<\/p>\n\n\n\n<p><strong>V\u00e1lvula incorporada:<\/strong> Equipadas con una v\u00e1lvula desgasificadora unidireccional, estas bolsas liberan el exceso de gas de los granos de caf\u00e9 reci\u00e9n tostados al tiempo que impiden la entrada de aire, manteniendo su caf\u00e9 fresco durante m\u00e1s tiempo.<\/p>\n\n\n\n<p><strong>Cremallera resellable:<\/strong> El duradero cierre de cremallera resellable garantiza una c\u00f3moda apertura y cierre repetidos, manteniendo el aroma y la frescura del caf\u00e9 sin necesidad de recipientes de almacenamiento adicionales.<\/p>\n\n\n\n<p><strong>Estabilidad de fondo plano:<\/strong> Dise\u00f1ada con un robusto fondo plano, la bolsa se mantiene erguida en las estanter\u00edas, lo que la hace perfecta para la exposici\u00f3n minorista y el almacenamiento eficiente en casa o en entornos comerciales.<\/p>\n\n\n\n<p><strong>Material duradero:<\/strong> Fabricado con materiales laminados de alta calidad que proporcionan una fuerte resistencia contra la humedad, el ox\u00edgeno y la luz, garantizando que sus granos de caf\u00e9 o caf\u00e9 molido permanezcan frescos y sabrosos.<\/p>\n\n\n\n<p><strong>Uso vers\u00e1til:<\/strong> Ideales no s\u00f3lo para caf\u00e9 en grano y molido, sino tambi\u00e9n para t\u00e9, aperitivos, frutos secos y otros productos secos, lo que convierte a estas bolsas en una soluci\u00f3n de envasado flexible para m\u00faltiples productos.<\/p>\n\n\n\n<div class=\"wp-block-columns is-layout-flex wp-container-core-columns-is-layout-9d6595d7 wp-block-columns-is-layout-flex\">\n<div class=\"wp-block-column is-layout-flow wp-block-column-is-layout-flow\">\n<figure class=\"wp-block-image size-full\"><img decoding=\"async\" width=\"996\" height=\"996\" src=\"https:\/\/www.lebeipackaging.com\/wp-content\/uploads\/2025\/08\/China-Flat-Bottom-Coffee-Pouch-Custom1.webp\" alt=\"China Bolsa de caf\u00e9 de fondo plano Custom1\" class=\"wp-image-1819\" srcset=\"https:\/\/www.lebeipackaging.com\/wp-content\/uploads\/2025\/08\/China-Flat-Bottom-Coffee-Pouch-Custom1.webp 996w, https:\/\/www.lebeipackaging.com\/wp-content\/uploads\/2025\/08\/China-Flat-Bottom-Coffee-Pouch-Custom1-300x300.webp 300w, https:\/\/www.lebeipackaging.com\/wp-content\/uploads\/2025\/08\/China-Flat-Bottom-Coffee-Pouch-Custom1-150x150.webp 150w, https:\/\/www.lebeipackaging.com\/wp-content\/uploads\/2025\/08\/China-Flat-Bottom-Coffee-Pouch-Custom1-768x768.webp 768w, https:\/\/www.lebeipackaging.com\/wp-content\/uploads\/2025\/08\/China-Flat-Bottom-Coffee-Pouch-Custom1-12x12.webp 12w, https:\/\/www.lebeipackaging.com\/wp-content\/uploads\/2025\/08\/China-Flat-Bottom-Coffee-Pouch-Custom1-600x600.webp 600w, https:\/\/www.lebeipackaging.com\/wp-content\/uploads\/2025\/08\/China-Flat-Bottom-Coffee-Pouch-Custom1-100x100.webp 100w\" sizes=\"(max-width: 996px) 100vw, 996px\" \/><\/figure>\n\n\n\n<h2 class=\"wp-block-heading\"><strong>Fondo plano<\/strong><\/h2>\n\n\n\n<p><strong><br><\/strong><\/p>\n<\/div>\n\n\n\n<div class=\"wp-block-column is-layout-flow wp-block-column-is-layout-flow\">\n<figure class=\"wp-block-image size-full\"><img decoding=\"async\" width=\"998\" height=\"998\" src=\"https:\/\/www.lebeipackaging.com\/wp-content\/uploads\/2025\/08\/China-Flat-Bottom-Coffee-Pouch-Custom2.webp\" alt=\"China Bolsa de caf\u00e9 de fondo plano Custom2\" class=\"wp-image-1820\" srcset=\"https:\/\/www.lebeipackaging.com\/wp-content\/uploads\/2025\/08\/China-Flat-Bottom-Coffee-Pouch-Custom2.webp 998w, https:\/\/www.lebeipackaging.com\/wp-content\/uploads\/2025\/08\/China-Flat-Bottom-Coffee-Pouch-Custom2-300x300.webp 300w, https:\/\/www.lebeipackaging.com\/wp-content\/uploads\/2025\/08\/China-Flat-Bottom-Coffee-Pouch-Custom2-150x150.webp 150w, https:\/\/www.lebeipackaging.com\/wp-content\/uploads\/2025\/08\/China-Flat-Bottom-Coffee-Pouch-Custom2-768x768.webp 768w, https:\/\/www.lebeipackaging.com\/wp-content\/uploads\/2025\/08\/China-Flat-Bottom-Coffee-Pouch-Custom2-12x12.webp 12w, https:\/\/www.lebeipackaging.com\/wp-content\/uploads\/2025\/08\/China-Flat-Bottom-Coffee-Pouch-Custom2-600x600.webp 600w, https:\/\/www.lebeipackaging.com\/wp-content\/uploads\/2025\/08\/China-Flat-Bottom-Coffee-Pouch-Custom2-100x100.webp 100w\" sizes=\"(max-width: 998px) 100vw, 998px\" \/><\/figure>\n\n\n\n<h2 class=\"wp-block-heading\"><strong><strong><strong>Cremallera f\u00e1cil de rasgar<\/strong><\/strong><br><\/strong><\/h2>\n<\/div>\n<\/div>","protected":false},"excerpt":{"rendered":"<article class=\"text-token-text-primary w-full\" dir=\"auto\" data-testid=\"conversation-turn-2\" data-scroll-anchor=\"true\">\n<div class=\"text-base my-auto mx-auto py-5 [--thread-content-margin:--spacing(4)] @[37rem]:[--thread-content-margin:--spacing(6)] @[72rem]:[--thread-content-margin:--spacing(16)] px-(--thread-content-margin)\">\n<div class=\"[--thread-content-max-width:32rem] @[34rem]:[--thread-content-max-width:40rem] @[64rem]:[--thread-content-max-width:48rem] mx-auto flex max-w-(--thread-content-max-width) flex-1 text-base gap-4 md:gap-5 lg:gap-6 group\/turn-messages focus-visible:outline-hidden\" tabindex=\"-1\">\n<div class=\"group\/conversation-turn relative flex w-full min-w-0 flex-col agent-turn\">\n<div class=\"relative flex-col gap-1 md:gap-3\">\n<div class=\"flex max-w-full flex-col grow\">\n<div class=\"min-h-8 text-message relative flex w-full flex-col items-end gap-2 text-start break-words whitespace-normal [.text-message+&amp;]:mt-5\" dir=\"auto\" data-message-author-role=\"assistant\" data-message-id=\"601dc105-1a20-4d41-b026-a096271ed355\" data-message-model-slug=\"gpt-4-1-mini\">\n<div class=\"flex w-full flex-col gap-1 empty:hidden first:pt-[3px]\">\n<div class=\"markdown prose dark:prose-invert w-full break-words light\">\n<article class=\"text-token-text-primary w-full\" dir=\"auto\" data-testid=\"conversation-turn-26\" data-scroll-anchor=\"true\">\n<div class=\"text-base my-auto mx-auto py-5 [--thread-content-margin:--spacing(4)] @[37rem]:[--thread-content-margin:--spacing(6)] @[72rem]:[--thread-content-margin:--spacing(16)] px-(--thread-content-margin)\">\n<div class=\"[--thread-content-max-width:32rem] @[34rem]:[--thread-content-max-width:40rem] @[64rem]:[--thread-content-max-width:48rem] mx-auto flex max-w-(--thread-content-max-width) flex-1 text-base gap-4 md:gap-5 lg:gap-6 group\/turn-messages focus-visible:outline-hidden\" tabindex=\"-1\">\n<div class=\"group\/conversation-turn relative flex w-full min-w-0 flex-col agent-turn\">\n<div class=\"relative flex-col gap-1 md:gap-3\">\n<div class=\"flex max-w-full flex-col grow\">\n<div class=\"min-h-8 text-message relative flex w-full flex-col items-end gap-2 text-start break-words whitespace-normal [.text-message+&amp;]:mt-5\" dir=\"auto\" data-message-author-role=\"assistant\" data-message-id=\"d05c8187-775a-4e42-8061-4ac971d5f547\" data-message-model-slug=\"gpt-4-1-mini\">\n<div class=\"flex w-full flex-col gap-1 empty:hidden first:pt-[3px]\">\n<div class=\"markdown prose dark:prose-invert w-full break-words light\">\n<p data-start=\"0\" data-end=\"257\" data-is-last-node=\"\" data-is-only-node=\"\">China flat bottom coffee pouch custom with valve and zipper provides a durable, resealable solution to keep coffee fresh, featuring a flat bottom for stability and a valve to preserve aroma, perfect for branding and storage.<\/p>\n<\/div>\n<\/div>\n<\/div>\n<\/div>\n<\/div>\n<\/div>\n<\/div>\n<\/div>\n<\/article>\n<\/div>\n<\/div>\n<\/div>\n<\/div>\n<\/div>\n<\/div>\n<\/div>\n<\/div>\n<\/article>\n<table style=\"border-collapse: collapse; width: 518px; height: 318px;\" border=\"0\" width=\"293\" cellspacing=\"0\" cellpadding=\"0\">\n<tbody>\n<tr style=\"height: 17.00pt;\">\n<td class=\"et2\" style=\"height: 17.00pt; width: 102.45pt;\" width=\"102\" height=\"17\">Manufacturer<\/td>\n<td class=\"et2\" style=\"width: 190.80pt;\" width=\"190\">Lebei<\/td>\n<\/tr>\n<tr style=\"height: 17.00pt;\">\n<td class=\"et2\" style=\"height: 17.00pt; width: 102.45pt;\" width=\"102\" height=\"17\">Pouch Types<\/td>\n<td class=\"et3\" style=\"width: 190.80pt;\" width=\"190\">Flat Bottom Pouch<\/td>\n<\/tr>\n<tr style=\"height: 17.00pt;\">\n<td class=\"et2\" style=\"height: 17.00pt; width: 102.45pt;\" width=\"102\" height=\"17\">Material<\/td>\n<td class=\"et3\" style=\"width: 190.80pt;\" width=\"190\">MOPP\/VMPET\/PE or customized<\/td>\n<\/tr>\n<tr style=\"height: 17.00pt;\">\n<td class=\"et2\" style=\"height: 17.00pt; width: 102.45pt;\" width=\"102\" height=\"17\">Logo<\/td>\n<td class=\"et3\" style=\"width: 190.80pt;\" width=\"190\">Accept customized Logo<\/td>\n<\/tr>\n<tr style=\"height: 17.00pt;\">\n<td class=\"et2\" style=\"height: 17.00pt; width: 102.45pt;\" width=\"102\" height=\"17\">Surface Handling<\/td>\n<td class=\"et3\" style=\"width: 190.80pt;\" width=\"190\">Gravure printing<\/td>\n<\/tr>\n<tr style=\"height: 17.00pt;\">\n<td class=\"et2\" style=\"height: 17.00pt; width: 102.45pt;\" width=\"102\" height=\"17\">Advantage<\/td>\n<td class=\"et3\" style=\"width: 190.80pt;\" width=\"190\">Moisture proof<\/td>\n<\/tr>\n<tr style=\"height: 17.00pt;\">\n<td class=\"et2\" style=\"height: 17.00pt; width: 102.45pt;\" width=\"102\" height=\"17\">Usage<\/td>\n<td class=\"et3\" style=\"width: 190.80pt;\" width=\"190\">Coffee Packaging Bag<\/td>\n<\/tr>\n<tr style=\"height: 34.00pt;\">\n<td class=\"et2\" style=\"height: 34.00pt; width: 102.45pt;\" width=\"102\" height=\"34\">MOQ<\/td>\n<td class=\"et3\" style=\"width: 190.80pt;\" width=\"190\">Customized Pouch: 10,000 pcs (Recommend 30,000+ for better price)<\/td>\n<\/tr>\n<tr style=\"height: 34.00pt;\">\n<td class=\"et2\" style=\"height: 34.00pt; width: 102.45pt;\" width=\"102\" height=\"34\">Custom Order<\/td>\n<td class=\"et3\" style=\"width: 190.80pt;\" width=\"190\">Accept OEM &amp; ODM, Support Free Sample<\/td>\n<\/tr>\n<\/tbody>\n<\/table>\n","protected":false},"featured_media":1822,"comment_status":"closed","ping_status":"closed","template":"","meta":{"_acf_changed":false},"application":[20],"product_brand":[],"product_cat":[40],"product_tag":[],"class_list":{"0":"post-1818","1":"product","2":"type-product","3":"status-publish","4":"has-post-thumbnail","6":"application-custom-coffee-packaging-bag","7":"product_cat-custom-flat-bottom-pouch","9":"first","10":"instock","11":"shipping-taxable","12":"product-type-simple"},"acf":[],"_links":{"self":[{"href":"https:\/\/www.lebeipackaging.com\/es\/wp-json\/wp\/v2\/product\/1818","targetHints":{"allow":["GET"]}}],"collection":[{"href":"https:\/\/www.lebeipackaging.com\/es\/wp-json\/wp\/v2\/product"}],"about":[{"href":"https:\/\/www.lebeipackaging.com\/es\/wp-json\/wp\/v2\/types\/product"}],"replies":[{"embeddable":true,"href":"https:\/\/www.lebeipackaging.com\/es\/wp-json\/wp\/v2\/comments?post=1818"}],"wp:featuredmedia":[{"embeddable":true,"href":"https:\/\/www.lebeipackaging.com\/es\/wp-json\/wp\/v2\/media\/1822"}],"wp:attachment":[{"href":"https:\/\/www.lebeipackaging.com\/es\/wp-json\/wp\/v2\/media?parent=1818"}],"wp:term":[{"taxonomy":"application","embeddable":true,"href":"https:\/\/www.lebeipackaging.com\/es\/wp-json\/wp\/v2\/application?post=1818"},{"taxonomy":"product_brand","embeddable":true,"href":"https:\/\/www.lebeipackaging.com\/es\/wp-json\/wp\/v2\/product_brand?post=1818"},{"taxonomy":"product_cat","embeddable":true,"href":"https:\/\/www.lebeipackaging.com\/es\/wp-json\/wp\/v2\/product_cat?post=1818"},{"taxonomy":"product_tag","embeddable":true,"href":"https:\/\/www.lebeipackaging.com\/es\/wp-json\/wp\/v2\/product_tag?post=1818"}],"curies":[{"name":"wp","href":"https:\/\/api.w.org\/{rel}","templated":true}]}}