{"id":1824,"date":"2025-08-15T02:20:13","date_gmt":"2025-08-15T02:20:13","guid":{"rendered":"https:\/\/www.lebeipackaging.com\/?post_type=product&#038;p=1824"},"modified":"2025-08-15T02:29:26","modified_gmt":"2025-08-15T02:29:26","slug":"custom-coffee-bean-bags-flat-bottom-bag-with-zipper","status":"publish","type":"product","link":"https:\/\/www.lebeipackaging.com\/es\/product\/custom-coffee-bean-bags-flat-bottom-bag-with-zipper\/","title":{"rendered":"Bolsas de caf\u00e9 en grano personalizadas Bolsa de fondo plano con cremallera"},"content":{"rendered":"<h2 class=\"wp-block-heading\">Caracter\u00edsticas de los sacos de caf\u00e9 en grano personalizados<\/h2>\n\n\n\n<p><strong>Material duradero:<\/strong> Fabricadas con materiales de alta calidad resistentes a la rotura, estas bolsas protegen eficazmente los granos de caf\u00e9 de la humedad, el aire y la luz, garantizando una frescura duradera.<\/p>\n\n\n\n<p><strong>Cremallera resellable:<\/strong> La cremallera f\u00e1cil de usar permite volver a cerrar de forma segura despu\u00e9s de cada uso, evitando derrames y manteniendo la calidad de sus granos de caf\u00e9.<\/p>\n\n\n\n<p><strong>Dise\u00f1o de fondo plano:<\/strong> El dise\u00f1o de fondo plano permite que la bolsa se mantenga en posici\u00f3n vertical en las estanter\u00edas, lo que hace que el almacenamiento, el apilamiento y la exposici\u00f3n resulten m\u00e1s c\u00f3modos y organizados.<\/p>\n\n\n\n<p><strong>V\u00e1lvula de conservaci\u00f3n de aromas:<\/strong> Equipada con una v\u00e1lvula de desgasificaci\u00f3n unidireccional que libera el gas acumulado al tiempo que mantiene la frescura y el aroma, preservando el rico sabor de los granos de caf\u00e9.<\/p>\n\n\n\n<p><strong>Impresi\u00f3n personalizable:<\/strong> Admite la impresi\u00f3n personalizada a todo color de logotipos, dise\u00f1os y marcas, lo que confiere a sus envases de caf\u00e9 un aspecto profesional y llamativo.<\/p>\n\n\n\n<p><strong>Reutilizable y respetuoso con el medio ambiente:<\/strong> Estas bolsas est\u00e1n dise\u00f1adas para m\u00faltiples usos, lo que reduce los residuos de envases y fomenta un almacenamiento del caf\u00e9 sostenible y respetuoso con el medio ambiente.<\/p>\n\n\n\n<div class=\"wp-block-columns is-layout-flex wp-container-core-columns-is-layout-9d6595d7 wp-block-columns-is-layout-flex\">\n<div class=\"wp-block-column is-layout-flow wp-block-column-is-layout-flow\">\n<figure class=\"wp-block-image size-full\"><img decoding=\"async\" width=\"996\" height=\"996\" src=\"https:\/\/www.lebeipackaging.com\/wp-content\/uploads\/2025\/08\/Custom-Coffee-Bean-Bags1.webp\" alt=\"Bolsas de caf\u00e9 en grano personalizadas1\" class=\"wp-image-1825\" srcset=\"https:\/\/www.lebeipackaging.com\/wp-content\/uploads\/2025\/08\/Custom-Coffee-Bean-Bags1.webp 996w, https:\/\/www.lebeipackaging.com\/wp-content\/uploads\/2025\/08\/Custom-Coffee-Bean-Bags1-300x300.webp 300w, https:\/\/www.lebeipackaging.com\/wp-content\/uploads\/2025\/08\/Custom-Coffee-Bean-Bags1-150x150.webp 150w, https:\/\/www.lebeipackaging.com\/wp-content\/uploads\/2025\/08\/Custom-Coffee-Bean-Bags1-768x768.webp 768w, https:\/\/www.lebeipackaging.com\/wp-content\/uploads\/2025\/08\/Custom-Coffee-Bean-Bags1-12x12.webp 12w, https:\/\/www.lebeipackaging.com\/wp-content\/uploads\/2025\/08\/Custom-Coffee-Bean-Bags1-600x600.webp 600w, https:\/\/www.lebeipackaging.com\/wp-content\/uploads\/2025\/08\/Custom-Coffee-Bean-Bags1-100x100.webp 100w\" sizes=\"(max-width: 996px) 100vw, 996px\" \/><\/figure>\n\n\n\n<h2 class=\"wp-block-heading\"><strong>Fondo plano<\/strong><\/h2>\n\n\n\n<p><strong><br><\/strong><\/p>\n<\/div>\n\n\n\n<div class=\"wp-block-column is-layout-flow wp-block-column-is-layout-flow\">\n<figure class=\"wp-block-image size-full\"><img decoding=\"async\" width=\"996\" height=\"996\" src=\"https:\/\/www.lebeipackaging.com\/wp-content\/uploads\/2025\/08\/Custom-Coffee-Bean-Bags2.webp\" alt=\"\" class=\"wp-image-1826\" srcset=\"https:\/\/www.lebeipackaging.com\/wp-content\/uploads\/2025\/08\/Custom-Coffee-Bean-Bags2.webp 996w, https:\/\/www.lebeipackaging.com\/wp-content\/uploads\/2025\/08\/Custom-Coffee-Bean-Bags2-300x300.webp 300w, https:\/\/www.lebeipackaging.com\/wp-content\/uploads\/2025\/08\/Custom-Coffee-Bean-Bags2-150x150.webp 150w, https:\/\/www.lebeipackaging.com\/wp-content\/uploads\/2025\/08\/Custom-Coffee-Bean-Bags2-768x768.webp 768w, https:\/\/www.lebeipackaging.com\/wp-content\/uploads\/2025\/08\/Custom-Coffee-Bean-Bags2-12x12.webp 12w, https:\/\/www.lebeipackaging.com\/wp-content\/uploads\/2025\/08\/Custom-Coffee-Bean-Bags2-600x600.webp 600w, https:\/\/www.lebeipackaging.com\/wp-content\/uploads\/2025\/08\/Custom-Coffee-Bean-Bags2-100x100.webp 100w\" sizes=\"(max-width: 996px) 100vw, 996px\" \/><\/figure>\n\n\n\n<h2 class=\"wp-block-heading\"><strong><strong><strong><strong>Cremallera superior<\/strong><\/strong><\/strong><br><\/strong><\/h2>\n<\/div>\n<\/div>","protected":false},"excerpt":{"rendered":"<article class=\"text-token-text-primary w-full\" dir=\"auto\" data-testid=\"conversation-turn-2\" data-scroll-anchor=\"true\">\n<div class=\"text-base my-auto mx-auto py-5 [--thread-content-margin:--spacing(4)] @[37rem]:[--thread-content-margin:--spacing(6)] @[72rem]:[--thread-content-margin:--spacing(16)] px-(--thread-content-margin)\">\n<div class=\"[--thread-content-max-width:32rem] @[34rem]:[--thread-content-max-width:40rem] @[64rem]:[--thread-content-max-width:48rem] mx-auto flex max-w-(--thread-content-max-width) flex-1 text-base gap-4 md:gap-5 lg:gap-6 group\/turn-messages focus-visible:outline-hidden\" tabindex=\"-1\">\n<div class=\"group\/conversation-turn relative flex w-full min-w-0 flex-col agent-turn\">\n<div class=\"relative flex-col gap-1 md:gap-3\">\n<div class=\"flex max-w-full flex-col grow\">\n<div class=\"min-h-8 text-message relative flex w-full flex-col items-end gap-2 text-start break-words whitespace-normal [.text-message+&amp;]:mt-5\" dir=\"auto\" data-message-author-role=\"assistant\" data-message-id=\"601dc105-1a20-4d41-b026-a096271ed355\" data-message-model-slug=\"gpt-4-1-mini\">\n<div class=\"flex w-full flex-col gap-1 empty:hidden first:pt-[3px]\">\n<div class=\"markdown prose dark:prose-invert w-full break-words light\">\n<article class=\"text-token-text-primary w-full\" dir=\"auto\" data-testid=\"conversation-turn-26\" data-scroll-anchor=\"true\">\n<div class=\"text-base my-auto mx-auto py-5 [--thread-content-margin:--spacing(4)] @[37rem]:[--thread-content-margin:--spacing(6)] @[72rem]:[--thread-content-margin:--spacing(16)] px-(--thread-content-margin)\">\n<div class=\"[--thread-content-max-width:32rem] @[34rem]:[--thread-content-max-width:40rem] @[64rem]:[--thread-content-max-width:48rem] mx-auto flex max-w-(--thread-content-max-width) flex-1 text-base gap-4 md:gap-5 lg:gap-6 group\/turn-messages focus-visible:outline-hidden\" tabindex=\"-1\">\n<div class=\"group\/conversation-turn relative flex w-full min-w-0 flex-col agent-turn\">\n<div class=\"relative flex-col gap-1 md:gap-3\">\n<div class=\"flex max-w-full flex-col grow\">\n<div class=\"min-h-8 text-message relative flex w-full flex-col items-end gap-2 text-start break-words whitespace-normal [.text-message+&amp;]:mt-5\" dir=\"auto\" data-message-author-role=\"assistant\" data-message-id=\"d05c8187-775a-4e42-8061-4ac971d5f547\" data-message-model-slug=\"gpt-4-1-mini\">\n<div class=\"flex w-full flex-col gap-1 empty:hidden first:pt-[3px]\">\n<div class=\"markdown prose dark:prose-invert w-full break-words light\">\n<p data-start=\"0\" data-end=\"257\" data-is-last-node=\"\" data-is-only-node=\"\">Custom coffee bean bags flat bottom bag with zipper offers durable, resealable packaging that preserves coffee freshness, showcases your brand with customizable printing, and provides convenient, eco-friendly storage for home or commercial use.<\/p>\n<\/div>\n<\/div>\n<\/div>\n<\/div>\n<\/div>\n<\/div>\n<\/div>\n<\/div>\n<\/article>\n<\/div>\n<\/div>\n<\/div>\n<\/div>\n<\/div>\n<\/div>\n<\/div>\n<\/div>\n<\/article>\n<table style=\"border-collapse: collapse; width: 518px; height: 318px;\" border=\"0\" width=\"293\" cellspacing=\"0\" cellpadding=\"0\">\n<tbody>\n<tr style=\"height: 17.00pt;\">\n<td class=\"et2\" style=\"height: 17.00pt; width: 102.45pt;\" width=\"102\" height=\"17\">Manufacturer<\/td>\n<td class=\"et2\" style=\"width: 190.80pt;\" width=\"190\">Lebei<\/td>\n<\/tr>\n<tr style=\"height: 17.00pt;\">\n<td class=\"et2\" style=\"height: 17.00pt; width: 102.45pt;\" width=\"102\" height=\"17\">Pouch Types<\/td>\n<td class=\"et3\" style=\"width: 190.80pt;\" width=\"190\">Flat Bottom Pouch<\/td>\n<\/tr>\n<tr style=\"height: 17.00pt;\">\n<td class=\"et2\" style=\"height: 17.00pt; width: 102.45pt;\" width=\"102\" height=\"17\">Material<\/td>\n<td class=\"et3\" style=\"width: 190.80pt;\" width=\"190\">MOPP\/VMPET\/PE or customized<\/td>\n<\/tr>\n<tr style=\"height: 17.00pt;\">\n<td class=\"et2\" style=\"height: 17.00pt; width: 102.45pt;\" width=\"102\" height=\"17\">Logo<\/td>\n<td class=\"et3\" style=\"width: 190.80pt;\" width=\"190\">Accept customized Logo<\/td>\n<\/tr>\n<tr style=\"height: 17.00pt;\">\n<td class=\"et2\" style=\"height: 17.00pt; width: 102.45pt;\" width=\"102\" height=\"17\">Surface Handling<\/td>\n<td class=\"et3\" style=\"width: 190.80pt;\" width=\"190\">Gravure printing<\/td>\n<\/tr>\n<tr style=\"height: 17.00pt;\">\n<td class=\"et2\" style=\"height: 17.00pt; width: 102.45pt;\" width=\"102\" height=\"17\">Advantage<\/td>\n<td class=\"et3\" style=\"width: 190.80pt;\" width=\"190\">Moisture proof<\/td>\n<\/tr>\n<tr style=\"height: 17.00pt;\">\n<td class=\"et2\" style=\"height: 17.00pt; width: 102.45pt;\" width=\"102\" height=\"17\">Usage<\/td>\n<td class=\"et3\" style=\"width: 190.80pt;\" width=\"190\">Coffee beans, snacks, nuts, etc.<\/td>\n<\/tr>\n<tr style=\"height: 34.00pt;\">\n<td class=\"et2\" style=\"height: 34.00pt; width: 102.45pt;\" width=\"102\" height=\"34\">MOQ<\/td>\n<td class=\"et3\" style=\"width: 190.80pt;\" width=\"190\">Customized Pouch: 10,000 pcs (Recommend 30,000+ for better price)<\/td>\n<\/tr>\n<tr style=\"height: 34.00pt;\">\n<td class=\"et2\" style=\"height: 34.00pt; width: 102.45pt;\" width=\"102\" height=\"34\">Custom Order<\/td>\n<td class=\"et3\" style=\"width: 190.80pt;\" width=\"190\">Accept OEM &amp; ODM, Support Free Sample<\/td>\n<\/tr>\n<\/tbody>\n<\/table>\n","protected":false},"featured_media":1825,"comment_status":"closed","ping_status":"closed","template":"","meta":{"_acf_changed":false},"application":[20],"product_brand":[],"product_cat":[40],"product_tag":[],"class_list":{"0":"post-1824","1":"product","2":"type-product","3":"status-publish","4":"has-post-thumbnail","6":"application-custom-coffee-packaging-bag","7":"product_cat-custom-flat-bottom-pouch","9":"first","10":"instock","11":"shipping-taxable","12":"product-type-simple"},"acf":[],"_links":{"self":[{"href":"https:\/\/www.lebeipackaging.com\/es\/wp-json\/wp\/v2\/product\/1824","targetHints":{"allow":["GET"]}}],"collection":[{"href":"https:\/\/www.lebeipackaging.com\/es\/wp-json\/wp\/v2\/product"}],"about":[{"href":"https:\/\/www.lebeipackaging.com\/es\/wp-json\/wp\/v2\/types\/product"}],"replies":[{"embeddable":true,"href":"https:\/\/www.lebeipackaging.com\/es\/wp-json\/wp\/v2\/comments?post=1824"}],"wp:featuredmedia":[{"embeddable":true,"href":"https:\/\/www.lebeipackaging.com\/es\/wp-json\/wp\/v2\/media\/1825"}],"wp:attachment":[{"href":"https:\/\/www.lebeipackaging.com\/es\/wp-json\/wp\/v2\/media?parent=1824"}],"wp:term":[{"taxonomy":"application","embeddable":true,"href":"https:\/\/www.lebeipackaging.com\/es\/wp-json\/wp\/v2\/application?post=1824"},{"taxonomy":"product_brand","embeddable":true,"href":"https:\/\/www.lebeipackaging.com\/es\/wp-json\/wp\/v2\/product_brand?post=1824"},{"taxonomy":"product_cat","embeddable":true,"href":"https:\/\/www.lebeipackaging.com\/es\/wp-json\/wp\/v2\/product_cat?post=1824"},{"taxonomy":"product_tag","embeddable":true,"href":"https:\/\/www.lebeipackaging.com\/es\/wp-json\/wp\/v2\/product_tag?post=1824"}],"curies":[{"name":"wp","href":"https:\/\/api.w.org\/{rel}","templated":true}]}}