{"id":1848,"date":"2025-11-21T09:16:06","date_gmt":"2025-11-21T09:16:06","guid":{"rendered":"https:\/\/www.lebeipackaging.com\/?post_type=product&#038;p=1848"},"modified":"2025-11-21T09:16:47","modified_gmt":"2025-11-21T09:16:47","slug":"wholesale-colorful-stand-up-pouches-with-window","status":"publish","type":"product","link":"https:\/\/www.lebeipackaging.com\/es\/product\/wholesale-colorful-stand-up-pouches-with-window\/","title":{"rendered":"Mayorista Bolsas de Colores con Ventana"},"content":{"rendered":"<h2 class=\"wp-block-heading\">Caracter\u00edsticas de las bolsas al por mayor de colores con ventana<\/h2>\n\n\n\n<div class=\"wp-block-columns is-layout-flex wp-container-core-columns-is-layout-9d6595d7 wp-block-columns-is-layout-flex\">\n<div class=\"wp-block-column is-layout-flow wp-block-column-is-layout-flow\">\n<p><strong>Atractivos dise\u00f1os de doble cara<\/strong><br>Una de las caras presenta una ventana transparente que permite a los clientes ver el producto. La otra cara presenta una impresi\u00f3n metalizada que le confiere un aspecto de primera calidad.<\/p>\n\n\n\n<p><strong>C\u00f3modo dise\u00f1o de pie<\/strong><br>El dise\u00f1o de fondo plano permite que la bolsa se mantenga en posici\u00f3n vertical para exponer mejor el producto, aprovechar al m\u00e1ximo el espacio de la estanter\u00eda y almacenarla de forma eficiente en el estante.<\/p>\n\n\n\n<p><strong>Protecci\u00f3n eficaz de los productos <\/strong><br>La capa metalizada proporciona una buena barrera contra la humedad, la luz y el ox\u00edgeno, ofreciendo una protecci\u00f3n esencial para sus alimentos.<\/p>\n\n\n\n<p><strong>Seguridad alimentaria<\/strong><br>Fabricado con materiales seguros de primera calidad para uso alimentario, es perfecto para patatas fritas, frutos secos, caramelos, frutas deshidratadas y mucho m\u00e1s.<\/p>\n\n\n\n<p><strong>Duradero y resellable<\/strong><br>Su robusta construcci\u00f3n con cremallera resellable mantiene el contenido fresco y seguro incluso despu\u00e9s de abrirlo.<\/p>\n\n\n\n<p><strong>Disponible en stock para env\u00edo inmediato<\/strong><br>No es necesario esperar a la personalizaci\u00f3n, estas bolsas est\u00e1n disponibles a granel y se env\u00edan r\u00e1pidamente para satisfacer las necesidades urgentes de embalaje.<\/p>\n<\/div>\n\n\n\n<div class=\"wp-block-column is-layout-flow wp-block-column-is-layout-flow\">\n<div class=\"wp-block-columns is-layout-flex wp-container-core-columns-is-layout-9d6595d7 wp-block-columns-is-layout-flex\">\n<div class=\"wp-block-column is-layout-flow wp-block-column-is-layout-flow\">\n<figure class=\"wp-block-image size-full\"><img decoding=\"async\" width=\"800\" height=\"800\" src=\"https:\/\/www.lebeipackaging.com\/wp-content\/uploads\/2025\/09\/Wholesale-Colorful-3-side-sealed-Pouches-with-Window-3.webp\" alt=\"Mayorista-Bolsas-selladas-de-3-lados-de-color-con-ventana-3\" class=\"wp-image-2254\" srcset=\"https:\/\/www.lebeipackaging.com\/wp-content\/uploads\/2025\/09\/Wholesale-Colorful-3-side-sealed-Pouches-with-Window-3.webp 800w, https:\/\/www.lebeipackaging.com\/wp-content\/uploads\/2025\/09\/Wholesale-Colorful-3-side-sealed-Pouches-with-Window-3-300x300.webp 300w, https:\/\/www.lebeipackaging.com\/wp-content\/uploads\/2025\/09\/Wholesale-Colorful-3-side-sealed-Pouches-with-Window-3-150x150.webp 150w, https:\/\/www.lebeipackaging.com\/wp-content\/uploads\/2025\/09\/Wholesale-Colorful-3-side-sealed-Pouches-with-Window-3-768x768.webp 768w, https:\/\/www.lebeipackaging.com\/wp-content\/uploads\/2025\/09\/Wholesale-Colorful-3-side-sealed-Pouches-with-Window-3-12x12.webp 12w, https:\/\/www.lebeipackaging.com\/wp-content\/uploads\/2025\/09\/Wholesale-Colorful-3-side-sealed-Pouches-with-Window-3-600x600.webp 600w, https:\/\/www.lebeipackaging.com\/wp-content\/uploads\/2025\/09\/Wholesale-Colorful-3-side-sealed-Pouches-with-Window-3-100x100.webp 100w\" sizes=\"(max-width: 800px) 100vw, 800px\" \/><\/figure>\n<\/div>\n<\/div>\n<\/div>\n<\/div>\n\n\n\n<div class=\"wp-block-columns is-layout-flex wp-container-core-columns-is-layout-9d6595d7 wp-block-columns-is-layout-flex\">\n<div class=\"wp-block-column is-layout-flow wp-block-column-is-layout-flow\">\n<h2 class=\"wp-block-heading\">Tama\u00f1o del producto<br><\/h2>\n\n\n\n<figure class=\"wp-block-table\"><table class=\"has-fixed-layout\"><tbody><tr><td>Talla<br>(cm)<\/td><td>Embalaje (unidades\/paquete)<\/td><td>Embalaje (uds\/ctn)<\/td><td>Peso<br>(kg\/ctn)<\/td><td>Tama\u00f1o tn<br>(cm)<\/td><\/tr><tr><td>9*13+3cm*2<\/td><td>100<\/td><td>11000<\/td><td>24.20<\/td><td>48*40*35<\/td><\/tr><tr><td>10*15+3cm*2<\/td><td>100<\/td><td>10000<\/td><td>24.70<\/td><td>48*40*35<\/td><\/tr><tr><td>12*20+4cm*2<\/td><td>100<\/td><td>6000<\/td><td>21.00<\/td><td>48*40*35<\/td><\/tr><tr><td>14*20+4cm*2<\/td><td>100<\/td><td>5000<\/td><td>27.40<\/td><td>48*40*35<\/td><\/tr><tr><td>15*22+4cm*2<\/td><td>100<\/td><td>5000<\/td><td>28.50<\/td><td>48*40*35<\/td><\/tr><tr><td>16*24+4cm*2<\/td><td>100<\/td><td>4000<\/td><td>24.80<\/td><td>48*40*35<\/td><\/tr><tr><td>18*26+4cm*2<\/td><td>100<\/td><td>3400<\/td><td>29.30<\/td><td>48*40*35<\/td><\/tr><tr><td>20*30+5cm*2<\/td><td>100<\/td><td>2800<\/td><td>31.40<\/td><td>48*40*35<\/td><\/tr><\/tbody><\/table><\/figure>\n<\/div>\n<\/div>\n\n\n\n<p><\/p>","protected":false},"excerpt":{"rendered":"<article class=\"text-token-text-primary w-full\" dir=\"auto\" data-testid=\"conversation-turn-2\" data-scroll-anchor=\"true\">\n<div class=\"text-base my-auto mx-auto py-5 [--thread-content-margin:--spacing(4)] @[37rem]:[--thread-content-margin:--spacing(6)] @[72rem]:[--thread-content-margin:--spacing(16)] px-(--thread-content-margin)\">\n<div class=\"[--thread-content-max-width:32rem] @[34rem]:[--thread-content-max-width:40rem] @[64rem]:[--thread-content-max-width:48rem] mx-auto flex max-w-(--thread-content-max-width) flex-1 text-base gap-4 md:gap-5 lg:gap-6 group\/turn-messages focus-visible:outline-hidden\">\n<div class=\"group\/conversation-turn relative flex w-full min-w-0 flex-col agent-turn\">\n<div class=\"relative flex-col gap-1 md:gap-3\">\n<div class=\"flex max-w-full flex-col grow\">\n<div class=\"min-h-8 text-message relative flex w-full flex-col items-end gap-2 text-start break-words whitespace-normal [.text-message+&amp;]:mt-5\" dir=\"auto\" data-message-author-role=\"assistant\" data-message-id=\"601dc105-1a20-4d41-b026-a096271ed355\" data-message-model-slug=\"gpt-4-1-mini\">\n<div class=\"flex w-full flex-col gap-1 empty:hidden first:pt-[3px]\">\n<div class=\"markdown prose dark:prose-invert w-full break-words light\">\n<article class=\"text-token-text-primary w-full\" dir=\"auto\" data-testid=\"conversation-turn-26\" data-scroll-anchor=\"true\">\n<div class=\"text-base my-auto mx-auto py-5 [--thread-content-margin:--spacing(4)] @[37rem]:[--thread-content-margin:--spacing(6)] @[72rem]:[--thread-content-margin:--spacing(16)] px-(--thread-content-margin)\">\n<div class=\"[--thread-content-max-width:32rem] @[34rem]:[--thread-content-max-width:40rem] @[64rem]:[--thread-content-max-width:48rem] mx-auto flex max-w-(--thread-content-max-width) flex-1 text-base gap-4 md:gap-5 lg:gap-6 group\/turn-messages focus-visible:outline-hidden\">\n<div class=\"group\/conversation-turn relative flex w-full min-w-0 flex-col agent-turn\">\n<div class=\"relative flex-col gap-1 md:gap-3\">\n<div class=\"flex max-w-full flex-col grow\">\n<div class=\"min-h-8 text-message relative flex w-full flex-col items-end gap-2 text-start break-words whitespace-normal [.text-message+&amp;]:mt-5\" dir=\"auto\" data-message-author-role=\"assistant\" data-message-id=\"d05c8187-775a-4e42-8061-4ac971d5f547\" data-message-model-slug=\"gpt-4-1-mini\">\n<div class=\"flex w-full flex-col gap-1 empty:hidden first:pt-[3px]\">\n<div class=\"markdown prose dark:prose-invert w-full break-words light\">\n<p data-start=\"0\" data-end=\"257\" data-is-last-node=\"\" data-is-only-node=\"\">Wholesale colorful stand up pouches with window \u2014 Vibrant, durable, and designed for maximum shelf appeal, these stand-up pouches feature a clear window that highlights the product inside. Ideal for snacks, coffee, tea, spices, and more, they offer excellent barrier protection and customizable options to enhance your brand presentation.<\/p>\n<\/div>\n<\/div>\n<\/div>\n<\/div>\n<\/div>\n<\/div>\n<\/div>\n<\/div>\n<\/article>\n<\/div>\n<\/div>\n<\/div>\n<\/div>\n<\/div>\n<\/div>\n<\/div>\n<\/div>\n<\/article>\n<table style=\"border-collapse: collapse; width: 518px; height: 318px;\" border=\"0\" width=\"293\" cellspacing=\"0\" cellpadding=\"0\">\n<tbody>\n<tr style=\"height: 17.00pt;\">\n<td class=\"et2\" style=\"height: 17.00pt; width: 102.45pt;\" width=\"102\" height=\"17\">Manufacturer<\/td>\n<td class=\"et2\" style=\"width: 190.80pt;\" width=\"190\">Lebei<\/td>\n<\/tr>\n<tr style=\"height: 17.00pt;\">\n<td class=\"et2\" style=\"height: 17.00pt; width: 102.45pt;\" width=\"102\" height=\"17\">Pouch Types<\/td>\n<td class=\"et3\" style=\"width: 190.80pt;\" width=\"190\">Colorful Stand Up Pouches<\/td>\n<\/tr>\n<tr style=\"height: 17.00pt;\">\n<td class=\"et2\" style=\"height: 17.00pt; width: 102.45pt;\" width=\"102\" height=\"17\">Material<\/td>\n<td class=\"et3\" style=\"width: 190.80pt;\" width=\"190\">PET\/VMPET\/CPP &amp;PET\/PET\/CPP<\/td>\n<\/tr>\n<tr style=\"height: 17.00pt;\">\n<td class=\"et2\" style=\"height: 17.00pt; width: 102.45pt;\" width=\"102\" height=\"17\">Sealing\u00a0<\/td>\n<td class=\"et3\" style=\"width: 190.80pt;\" width=\"190\">Zipper Top\u00a0<\/td>\n<\/tr>\n<tr style=\"height: 17.00pt;\">\n<td class=\"et2\" style=\"height: 17.00pt; width: 102.45pt;\" width=\"102\" height=\"17\">Surface Handling<\/td>\n<td class=\"et3\" style=\"width: 190.80pt;\" width=\"190\">Gravure Printing<\/td>\n<\/tr>\n<tr style=\"height: 17.00pt;\">\n<td class=\"et2\" style=\"height: 17.00pt; width: 102.45pt;\" width=\"102\" height=\"17\">Advantage<\/td>\n<td class=\"et3\" style=\"width: 190.80pt;\" width=\"190\">Moisture Proof<\/td>\n<\/tr>\n<tr style=\"height: 17.00pt;\">\n<td class=\"et2\" style=\"height: 17.00pt; width: 102.45pt;\" width=\"102\" height=\"17\">Usage<\/td>\n<td class=\"et3\" style=\"width: 190.80pt;\" width=\"190\">Food or Snack Packaging<\/td>\n<\/tr>\n<tr style=\"height: 34.00pt;\">\n<td class=\"et2\" style=\"height: 34.00pt; width: 102.45pt;\" width=\"102\" height=\"34\">MOQ<\/td>\n<td class=\"et3\" style=\"width: 190.80pt;\" width=\"190\">Mix Items, Total 5000 Pieces<\/td>\n<\/tr>\n<tr style=\"height: 34.00pt;\">\n<td class=\"et2\" style=\"height: 34.00pt; width: 102.45pt;\" width=\"102\" height=\"34\">Sample<\/td>\n<td class=\"et3\" style=\"width: 190.80pt;\" width=\"190\">1-2 Days (Free)<\/td>\n<\/tr>\n<\/tbody>\n<\/table>\n","protected":false},"featured_media":1852,"comment_status":"closed","ping_status":"closed","template":"","meta":{"_acf_changed":false},"application":[],"product_brand":[],"product_cat":[50],"product_tag":[47],"class_list":{"0":"post-1848","1":"product","2":"type-product","3":"status-publish","4":"has-post-thumbnail","6":"product_cat-ready-to-ship-pouches","7":"product_tag-colored-stand-up-pouches","9":"first","10":"instock","11":"shipping-taxable","12":"product-type-simple"},"acf":[],"_links":{"self":[{"href":"https:\/\/www.lebeipackaging.com\/es\/wp-json\/wp\/v2\/product\/1848","targetHints":{"allow":["GET"]}}],"collection":[{"href":"https:\/\/www.lebeipackaging.com\/es\/wp-json\/wp\/v2\/product"}],"about":[{"href":"https:\/\/www.lebeipackaging.com\/es\/wp-json\/wp\/v2\/types\/product"}],"replies":[{"embeddable":true,"href":"https:\/\/www.lebeipackaging.com\/es\/wp-json\/wp\/v2\/comments?post=1848"}],"wp:featuredmedia":[{"embeddable":true,"href":"https:\/\/www.lebeipackaging.com\/es\/wp-json\/wp\/v2\/media\/1852"}],"wp:attachment":[{"href":"https:\/\/www.lebeipackaging.com\/es\/wp-json\/wp\/v2\/media?parent=1848"}],"wp:term":[{"taxonomy":"application","embeddable":true,"href":"https:\/\/www.lebeipackaging.com\/es\/wp-json\/wp\/v2\/application?post=1848"},{"taxonomy":"product_brand","embeddable":true,"href":"https:\/\/www.lebeipackaging.com\/es\/wp-json\/wp\/v2\/product_brand?post=1848"},{"taxonomy":"product_cat","embeddable":true,"href":"https:\/\/www.lebeipackaging.com\/es\/wp-json\/wp\/v2\/product_cat?post=1848"},{"taxonomy":"product_tag","embeddable":true,"href":"https:\/\/www.lebeipackaging.com\/es\/wp-json\/wp\/v2\/product_tag?post=1848"}],"curies":[{"name":"wp","href":"https:\/\/api.w.org\/{rel}","templated":true}]}}