{"id":1859,"date":"2025-09-12T02:49:14","date_gmt":"2025-09-12T02:49:14","guid":{"rendered":"https:\/\/www.lebeipackaging.com\/?post_type=product&#038;p=1859"},"modified":"2025-09-12T02:49:18","modified_gmt":"2025-09-12T02:49:18","slug":"wholesale-stand-up-pouch-with-zipper","status":"publish","type":"product","link":"https:\/\/www.lebeipackaging.com\/es\/product\/wholesale-stand-up-pouch-with-zipper\/","title":{"rendered":"Mayorista Bolsa con Cremallera Transparente y Mate"},"content":{"rendered":"<h2 class=\"wp-block-heading\">Caracter\u00edsticas de Stand Up Pouch al por mayor<\/h2>\n\n\n\n<div class=\"wp-block-columns is-layout-flex wp-container-core-columns-is-layout-9d6595d7 wp-block-columns-is-layout-flex\">\n<div class=\"wp-block-column is-layout-flow wp-block-column-is-layout-flow\">\n<p><strong><strong>Dise\u00f1o de estante<\/strong><\/strong><br>La bolsa se mantiene erguida por s\u00ed sola, lo que la hace perfecta para su exposici\u00f3n en tiendas y ahorra espacio de almacenamiento.<\/p>\n\n\n\n<p><strong>Cierre de cremallera reutilizable<\/strong><br>El cierre de cremallera incluido conserva la frescura y la seguridad del contenido una vez abierto. Permite un uso repetido, ampliando el valor extra para los consumidores y reduciendo la p\u00e9rdida de producto.<\/p>\n\n\n\n<p><strong><strong>Material alimentario<\/strong><\/strong><br>Fabricado con papel de aluminio de alta calidad apto para alimentos y forro interior, adecuado para aperitivos, caf\u00e9, polvos y productos secos.<\/p>\n\n\n\n<p><strong>Doble acabado: transparente y mate<\/strong><br>Combina una ventana transparente para una visi\u00f3n instant\u00e1nea del producto con un acabado mate apagado para un aspecto sofisticado y moderno. Aumenta la confianza del cliente y sirve como marca visual, incluso sin impresi\u00f3n.<\/p>\n\n\n\n<p><strong>Compacto para muchas aplicaciones<\/strong><br>Perfectas para envasar caf\u00e9, t\u00e9, golosinas para mascotas, aperitivos, alimentos deshidratados, polvos y mucho m\u00e1s. Perfectas para diversos sectores, como la alimentaci\u00f3n, la salud y el estilo de vida.<\/p>\n\n\n\n<p><strong>Envases al por mayor listos para el env\u00edo<\/strong><br>Disponible a granel con tama\u00f1os y acabados est\u00e1ndar, esta bolsa es perfecta para las empresas que necesitan un envase fiable y de alta calidad sin el plazo de entrega y el coste de los envases personalizados.<\/p>\n<\/div>\n\n\n\n<div class=\"wp-block-column is-layout-flow wp-block-column-is-layout-flow\">\n<div class=\"wp-block-columns is-layout-flex wp-container-core-columns-is-layout-9d6595d7 wp-block-columns-is-layout-flex\">\n<div class=\"wp-block-column is-layout-flow wp-block-column-is-layout-flow\">\n<figure class=\"wp-block-image size-full\"><img decoding=\"async\" width=\"640\" height=\"640\" src=\"https:\/\/www.lebeipackaging.com\/wp-content\/uploads\/2025\/09\/Wholesale-Stand-Up-Pouch3.webp\" alt=\"Mayorista Stand Up Pouch3\" class=\"wp-image-2089\" srcset=\"https:\/\/www.lebeipackaging.com\/wp-content\/uploads\/2025\/09\/Wholesale-Stand-Up-Pouch3.webp 640w, https:\/\/www.lebeipackaging.com\/wp-content\/uploads\/2025\/09\/Wholesale-Stand-Up-Pouch3-300x300.webp 300w, https:\/\/www.lebeipackaging.com\/wp-content\/uploads\/2025\/09\/Wholesale-Stand-Up-Pouch3-150x150.webp 150w, https:\/\/www.lebeipackaging.com\/wp-content\/uploads\/2025\/09\/Wholesale-Stand-Up-Pouch3-12x12.webp 12w, https:\/\/www.lebeipackaging.com\/wp-content\/uploads\/2025\/09\/Wholesale-Stand-Up-Pouch3-600x600.webp 600w, https:\/\/www.lebeipackaging.com\/wp-content\/uploads\/2025\/09\/Wholesale-Stand-Up-Pouch3-100x100.webp 100w\" sizes=\"(max-width: 640px) 100vw, 640px\" \/><figcaption class=\"wp-element-caption\"><strong>Fondo<\/strong><\/figcaption><\/figure>\n<\/div>\n\n\n\n<div class=\"wp-block-column is-layout-flow wp-block-column-is-layout-flow\">\n<figure class=\"wp-block-image size-full\"><img decoding=\"async\" width=\"640\" height=\"640\" src=\"https:\/\/www.lebeipackaging.com\/wp-content\/uploads\/2025\/09\/Wholesale-Stand-Up-Pouch7.webp\" alt=\"Mayorista Stand Up Pouch7\" class=\"wp-image-2093\" srcset=\"https:\/\/www.lebeipackaging.com\/wp-content\/uploads\/2025\/09\/Wholesale-Stand-Up-Pouch7.webp 640w, https:\/\/www.lebeipackaging.com\/wp-content\/uploads\/2025\/09\/Wholesale-Stand-Up-Pouch7-300x300.webp 300w, https:\/\/www.lebeipackaging.com\/wp-content\/uploads\/2025\/09\/Wholesale-Stand-Up-Pouch7-150x150.webp 150w, https:\/\/www.lebeipackaging.com\/wp-content\/uploads\/2025\/09\/Wholesale-Stand-Up-Pouch7-12x12.webp 12w, https:\/\/www.lebeipackaging.com\/wp-content\/uploads\/2025\/09\/Wholesale-Stand-Up-Pouch7-600x600.webp 600w, https:\/\/www.lebeipackaging.com\/wp-content\/uploads\/2025\/09\/Wholesale-Stand-Up-Pouch7-100x100.webp 100w\" sizes=\"(max-width: 640px) 100vw, 640px\" \/><figcaption class=\"wp-element-caption\"><strong>Cremallera y muesca<\/strong><\/figcaption><\/figure>\n<\/div>\n<\/div>\n<\/div>\n<\/div>\n\n\n\n<div class=\"wp-block-columns is-layout-flex wp-container-core-columns-is-layout-9d6595d7 wp-block-columns-is-layout-flex\">\n<div class=\"wp-block-column is-layout-flow wp-block-column-is-layout-flow\">\n<h2 class=\"wp-block-heading\">Tama\u00f1o del producto<\/h2>\n\n\n\n<div class=\"wp-block-columns is-layout-flex wp-container-core-columns-is-layout-9d6595d7 wp-block-columns-is-layout-flex\">\n<div class=\"wp-block-column is-layout-flow wp-block-column-is-layout-flow\" style=\"flex-basis:100%\">\n<figure class=\"wp-block-table\"><table class=\"has-fixed-layout\"><tbody><tr><td>Talla<br>(cm)<\/td><td>Embalaje (unidades\/paquete)<\/td><td>Embalaje (uds\/ctn)<\/td><td>Peso<br>(kg\/ctn)<\/td><td>Tama\u00f1o tn<br>(cm)<\/td><\/tr><tr><td>9*13+3cm*2<\/td><td>100&nbsp;<\/td><td>10000<\/td><td>23.00&nbsp;<\/td><td>48*40*34<\/td><\/tr><tr><td>10*15+3cm*2<\/td><td>100&nbsp;<\/td><td>8000<\/td><td>23.50&nbsp;<\/td><td>48*40*34<\/td><\/tr><tr><td>11*18+3cm*2<\/td><td>100&nbsp;<\/td><td>7500<\/td><td>26.50&nbsp;<\/td><td>48*40*34<\/td><\/tr><tr><td>12*20+4cm*2<\/td><td>100&nbsp;<\/td><td>6600<\/td><td>24.80&nbsp;<\/td><td>48*40*34<\/td><\/tr><tr><td>13*18+4cm*2<\/td><td>100&nbsp;<\/td><td>6000<\/td><td>25.00&nbsp;<\/td><td>48*40*34<\/td><\/tr><tr><td>14*20+4cm*2<\/td><td>100&nbsp;<\/td><td>5000<\/td><td>26.00&nbsp;<\/td><td>48*40*34<\/td><\/tr><tr><td>15*22+4cm*2<\/td><td>100&nbsp;<\/td><td>4800<\/td><td>25.80&nbsp;<\/td><td>48*40*34<\/td><\/tr><tr><td>16*24+4cm*2<\/td><td>100&nbsp;<\/td><td>4000<\/td><td>15.50&nbsp;<\/td><td>49*40*21<\/td><\/tr><tr><td>18*26+4cm*2<\/td><td>100&nbsp;<\/td><td>3400<\/td><td>22.20&nbsp;<\/td><td>49*40*26<\/td><\/tr><tr><td>20*30+5cm*2<\/td><td>100&nbsp;<\/td><td>2600<\/td><td>23.10&nbsp;<\/td><td>49*40*26<\/td><\/tr><tr><td>22*32+5cm*2<\/td><td>100&nbsp;<\/td><td>2500<\/td><td>29.50&nbsp;<\/td><td>48*40*34<\/td><\/tr><tr><td>24*37+5cm*2<\/td><td>100&nbsp;<\/td><td>2500<\/td><td>38.00&nbsp;<\/td><td>48*40*34<\/td><\/tr><tr><td>26*38+6cm*2<\/td><td>100&nbsp;<\/td><td>1500<\/td><td>28.00&nbsp;<\/td><td>48*40*34<\/td><\/tr><tr><td>30*40+6cm*2<\/td><td>100&nbsp;<\/td><td>1500<\/td><td>30.00&nbsp;<\/td><td>48*40*34<\/td><\/tr><\/tbody><\/table><\/figure>\n<\/div>\n<\/div>\n<\/div>\n<\/div>\n\n\n\n<p><\/p>","protected":false},"excerpt":{"rendered":"<article class=\"text-token-text-primary w-full\" dir=\"auto\" data-testid=\"conversation-turn-2\" data-scroll-anchor=\"true\">\n<div class=\"text-base my-auto mx-auto py-5 [--thread-content-margin:--spacing(4)] @[37rem]:[--thread-content-margin:--spacing(6)] @[72rem]:[--thread-content-margin:--spacing(16)] px-(--thread-content-margin)\">\n<div class=\"[--thread-content-max-width:32rem] @[34rem]:[--thread-content-max-width:40rem] @[64rem]:[--thread-content-max-width:48rem] mx-auto flex max-w-(--thread-content-max-width) flex-1 text-base gap-4 md:gap-5 lg:gap-6 group\/turn-messages focus-visible:outline-hidden\">\n<div class=\"group\/conversation-turn relative flex w-full min-w-0 flex-col agent-turn\">\n<div class=\"relative flex-col gap-1 md:gap-3\">\n<div class=\"flex max-w-full flex-col grow\">\n<div class=\"min-h-8 text-message relative flex w-full flex-col items-end gap-2 text-start break-words whitespace-normal [.text-message+&amp;]:mt-5\" dir=\"auto\" data-message-author-role=\"assistant\" data-message-id=\"601dc105-1a20-4d41-b026-a096271ed355\" data-message-model-slug=\"gpt-4-1-mini\">\n<div class=\"flex w-full flex-col gap-1 empty:hidden first:pt-[3px]\">\n<div class=\"markdown prose dark:prose-invert w-full break-words light\">\n<article class=\"text-token-text-primary w-full\" dir=\"auto\" data-testid=\"conversation-turn-26\" data-scroll-anchor=\"true\">\n<div class=\"text-base my-auto mx-auto py-5 [--thread-content-margin:--spacing(4)] @[37rem]:[--thread-content-margin:--spacing(6)] @[72rem]:[--thread-content-margin:--spacing(16)] px-(--thread-content-margin)\">\n<div class=\"[--thread-content-max-width:32rem] @[34rem]:[--thread-content-max-width:40rem] @[64rem]:[--thread-content-max-width:48rem] mx-auto flex max-w-(--thread-content-max-width) flex-1 text-base gap-4 md:gap-5 lg:gap-6 group\/turn-messages focus-visible:outline-hidden\">\n<div class=\"group\/conversation-turn relative flex w-full min-w-0 flex-col agent-turn\">\n<div class=\"relative flex-col gap-1 md:gap-3\">\n<div class=\"flex max-w-full flex-col grow\">\n<div class=\"min-h-8 text-message relative flex w-full flex-col items-end gap-2 text-start break-words whitespace-normal [.text-message+&amp;]:mt-5\" dir=\"auto\" data-message-author-role=\"assistant\" data-message-id=\"d05c8187-775a-4e42-8061-4ac971d5f547\" data-message-model-slug=\"gpt-4-1-mini\">\n<div class=\"flex w-full flex-col gap-1 empty:hidden first:pt-[3px]\">\n<div class=\"markdown prose dark:prose-invert w-full break-words light\">\n<p data-start=\"0\" data-end=\"257\" data-is-last-node=\"\" data-is-only-node=\"\">Wholesale stand up pouch with zipper features a transparent front, matte finish, and stable base\u2014ideal for snacks, coffee, and dry goods. Practical, portable, and ready to ship. Welcome to inquire and purchase\uff01<\/p>\n<\/div>\n<\/div>\n<\/div>\n<\/div>\n<\/div>\n<\/div>\n<\/div>\n<\/div>\n<\/article>\n<\/div>\n<\/div>\n<\/div>\n<\/div>\n<\/div>\n<\/div>\n<\/div>\n<\/div>\n<\/article>\n<table style=\"border-collapse: collapse; width: 518px; height: 318px;\" border=\"0\" width=\"293\" cellspacing=\"0\" cellpadding=\"0\">\n<tbody>\n<tr style=\"height: 17.00pt;\">\n<td class=\"et2\" style=\"height: 17.00pt; width: 102.45pt;\" width=\"102\" height=\"17\">Manufacturer<\/td>\n<td class=\"et2\" style=\"width: 190.80pt;\" width=\"190\">Lebei<\/td>\n<\/tr>\n<tr style=\"height: 17.00pt;\">\n<td class=\"et2\" style=\"height: 17.00pt; width: 102.45pt;\" width=\"102\" height=\"17\">Pouch Types<\/td>\n<td class=\"et3\" style=\"width: 190.80pt;\" width=\"190\">Stand Up Pouch(Transparent &amp; Matte Finish)<\/td>\n<\/tr>\n<tr style=\"height: 17.00pt;\">\n<td class=\"et2\" style=\"height: 17.00pt; width: 102.45pt;\" width=\"102\" height=\"17\">Material<\/td>\n<td class=\"et3\" style=\"width: 190.80pt;\" width=\"190\">MOPP\/PET\/PE<\/td>\n<\/tr>\n<tr style=\"height: 17.00pt;\">\n<td class=\"et2\" style=\"height: 17.00pt; width: 102.45pt;\" width=\"102\" height=\"17\">Sealing &amp; Handle<\/td>\n<td class=\"et3\" style=\"width: 190.80pt;\" width=\"190\">Zipper Top<\/td>\n<\/tr>\n<tr style=\"height: 17.00pt;\">\n<td class=\"et2\" style=\"height: 17.00pt; width: 102.45pt;\" width=\"102\" height=\"17\">Surface Handling<\/td>\n<td class=\"et3\" style=\"width: 190.80pt;\" width=\"190\">Gravure Printing<\/td>\n<\/tr>\n<tr style=\"height: 17.00pt;\">\n<td class=\"et2\" style=\"height: 17.00pt; width: 102.45pt;\" width=\"102\" height=\"17\">Advantage<\/td>\n<td class=\"et3\" style=\"width: 190.80pt;\" width=\"190\">Moisture Proof<\/td>\n<\/tr>\n<tr style=\"height: 17.00pt;\">\n<td class=\"et2\" style=\"height: 17.00pt; width: 102.45pt;\" width=\"102\" height=\"17\">Usage<\/td>\n<td class=\"et3\" style=\"width: 190.80pt;\" width=\"190\">Food or Snack Packaging<\/td>\n<\/tr>\n<tr style=\"height: 34.00pt;\">\n<td class=\"et2\" style=\"height: 34.00pt; width: 102.45pt;\" width=\"102\" height=\"34\">MOQ<\/td>\n<td class=\"et3\" style=\"width: 190.80pt;\" width=\"190\">Mix Items, Total 5000 Pieces<\/td>\n<\/tr>\n<tr style=\"height: 34.00pt;\">\n<td class=\"et2\" style=\"height: 34.00pt; width: 102.45pt;\" width=\"102\" height=\"34\">Sample<\/td>\n<td class=\"et3\" style=\"width: 190.80pt;\" width=\"190\">1-2 Days (Free)<\/td>\n<\/tr>\n<\/tbody>\n<\/table>\n","protected":false},"featured_media":2087,"comment_status":"closed","ping_status":"closed","template":"","meta":{"_acf_changed":false},"application":[],"product_brand":[],"product_cat":[50],"product_tag":[49],"class_list":{"0":"post-1859","1":"product","2":"type-product","3":"status-publish","4":"has-post-thumbnail","6":"product_cat-ready-to-ship-pouches","7":"product_tag-transparent-and-matte-pouch","9":"first","10":"instock","11":"shipping-taxable","12":"product-type-simple"},"acf":[],"_links":{"self":[{"href":"https:\/\/www.lebeipackaging.com\/es\/wp-json\/wp\/v2\/product\/1859","targetHints":{"allow":["GET"]}}],"collection":[{"href":"https:\/\/www.lebeipackaging.com\/es\/wp-json\/wp\/v2\/product"}],"about":[{"href":"https:\/\/www.lebeipackaging.com\/es\/wp-json\/wp\/v2\/types\/product"}],"replies":[{"embeddable":true,"href":"https:\/\/www.lebeipackaging.com\/es\/wp-json\/wp\/v2\/comments?post=1859"}],"wp:featuredmedia":[{"embeddable":true,"href":"https:\/\/www.lebeipackaging.com\/es\/wp-json\/wp\/v2\/media\/2087"}],"wp:attachment":[{"href":"https:\/\/www.lebeipackaging.com\/es\/wp-json\/wp\/v2\/media?parent=1859"}],"wp:term":[{"taxonomy":"application","embeddable":true,"href":"https:\/\/www.lebeipackaging.com\/es\/wp-json\/wp\/v2\/application?post=1859"},{"taxonomy":"product_brand","embeddable":true,"href":"https:\/\/www.lebeipackaging.com\/es\/wp-json\/wp\/v2\/product_brand?post=1859"},{"taxonomy":"product_cat","embeddable":true,"href":"https:\/\/www.lebeipackaging.com\/es\/wp-json\/wp\/v2\/product_cat?post=1859"},{"taxonomy":"product_tag","embeddable":true,"href":"https:\/\/www.lebeipackaging.com\/es\/wp-json\/wp\/v2\/product_tag?post=1859"}],"curies":[{"name":"wp","href":"https:\/\/api.w.org\/{rel}","templated":true}]}}