{"id":2098,"date":"2025-09-26T07:57:47","date_gmt":"2025-09-26T07:57:47","guid":{"rendered":"https:\/\/www.lebeipackaging.com\/?post_type=product&#038;p=2098"},"modified":"2025-09-26T07:59:47","modified_gmt":"2025-09-26T07:59:47","slug":"custom-stand-up-aluminum-foil-pouches-for-food-packaging-with-zipper","status":"publish","type":"product","link":"https:\/\/www.lebeipackaging.com\/es\/product\/custom-stand-up-aluminum-foil-pouches-for-food-packaging-with-zipper\/","title":{"rendered":"Bolsas de papel de aluminio personalizadas con cremallera para el envasado de alimentos"},"content":{"rendered":"<h2 class=\"wp-block-heading\">Caracter\u00edsticas de las bolsas de papel de aluminio con asas personalizadas<\/h2>\n\n\n\n<div class=\"wp-block-columns is-layout-flex wp-container-core-columns-is-layout-9d6595d7 wp-block-columns-is-layout-flex\">\n<div class=\"wp-block-column is-layout-flow wp-block-column-is-layout-flow\">\n<p><strong>Dise\u00f1o resellable<\/strong><br>Equipado con cierre de cremallera de alta calidad, es f\u00e1cil de abrir y sellar varias veces, lo que resulta m\u00e1s higi\u00e9nico y c\u00f3modo durante su uso, y prolonga eficazmente la vida \u00fatil de los alimentos.<\/p>\n\n\n\n<p><strong>La estructura compuesta es m\u00e1s duradera<\/strong><br>Adopta una estructura compuesta de tres capas de MOPP, papel de aluminio y PE, y posee excelentes propiedades a prueba de humedad, aceite y desgarros para garantizar la seguridad del contenido durante el transporte y la exposici\u00f3n.<\/p>\n\n\n\n<p><strong>Soporte de personalizaci\u00f3n de materiales<\/strong><br>Seg\u00fan las distintas necesidades de envasado de alimentos, puede elegir combinaciones de materiales espesados, resistentes al aceite o respetuosos con el medio ambiente para satisfacer los requisitos personalizados de la marca en cuanto a funciones y estilos de envasado.<\/p>\n\n\n\n<p><strong>Dise\u00f1o de pie<\/strong> - El dise\u00f1o de bolsa de pie proporciona estabilidad, lo que facilita su exposici\u00f3n y almacenamiento en estanter\u00edas.<\/p>\n\n\n\n<p><strong>Aplicaci\u00f3n multifuncional<\/strong><br>Adecuado para el envasado de diversos productos hortofrut\u00edcolas, como frutas cortadas, frutas deshidratadas, frutas liofilizadas, etc., para satisfacer las diferentes necesidades del mercado.<\/p>\n\n\n\n<p><strong>Cantidad de pedido flexible<\/strong><br>Baja cantidad de pedido, plazo de entrega r\u00e1pido, soporte de personalizaci\u00f3n de impresi\u00f3n y diferentes especificaciones, especialmente adecuado para marcas de nueva creaci\u00f3n, comercio electr\u00f3nico transfronterizo y necesidades de producci\u00f3n de prueba r\u00e1pida.<br><\/p>\n<\/div>\n\n\n\n<div class=\"wp-block-column is-layout-flow wp-block-column-is-layout-flow\">\n<figure class=\"wp-block-image size-full\"><img decoding=\"async\" width=\"640\" height=\"640\" src=\"https:\/\/www.lebeipackaging.com\/wp-content\/uploads\/2025\/09\/Custom-Stand-Up-Aluminum-Foil-Pouches-for-Food-Packaging-With-Zipper-3.webp\" alt=\"Bolsas de aluminio para envasar alimentos con cierre de cremallera a medida 3\" class=\"wp-image-2101\" srcset=\"https:\/\/www.lebeipackaging.com\/wp-content\/uploads\/2025\/09\/Custom-Stand-Up-Aluminum-Foil-Pouches-for-Food-Packaging-With-Zipper-3.webp 640w, https:\/\/www.lebeipackaging.com\/wp-content\/uploads\/2025\/09\/Custom-Stand-Up-Aluminum-Foil-Pouches-for-Food-Packaging-With-Zipper-3-300x300.webp 300w, https:\/\/www.lebeipackaging.com\/wp-content\/uploads\/2025\/09\/Custom-Stand-Up-Aluminum-Foil-Pouches-for-Food-Packaging-With-Zipper-3-150x150.webp 150w, https:\/\/www.lebeipackaging.com\/wp-content\/uploads\/2025\/09\/Custom-Stand-Up-Aluminum-Foil-Pouches-for-Food-Packaging-With-Zipper-3-12x12.webp 12w, https:\/\/www.lebeipackaging.com\/wp-content\/uploads\/2025\/09\/Custom-Stand-Up-Aluminum-Foil-Pouches-for-Food-Packaging-With-Zipper-3-600x600.webp 600w, https:\/\/www.lebeipackaging.com\/wp-content\/uploads\/2025\/09\/Custom-Stand-Up-Aluminum-Foil-Pouches-for-Food-Packaging-With-Zipper-3-100x100.webp 100w\" sizes=\"(max-width: 640px) 100vw, 640px\" \/><\/figure>\n<\/div>\n<\/div>","protected":false},"excerpt":{"rendered":"<p>Las bolsas de papel de aluminio personalizadas con cremallera para envasar alimentos ofrecen una soluci\u00f3n duradera, resellable y respetuosa con el medio ambiente para almacenar aperitivos, cereales y otros alimentos. P\u00f3ngase en contacto con nosotros hoy mismo para personalizar su bolsa y obtener un presupuesto.<\/p>\n<table style=\"border-collapse: collapse; width: 534px; height: 439px;\" border=\"0\" width=\"293\" cellspacing=\"0\" cellpadding=\"0\">\n<tbody>\n<tr style=\"height: 17.00pt;\">\n<td class=\"et2\" style=\"height: 17.00pt; width: 102.45pt;\" width=\"102\" height=\"17\">Fabricante<\/td>\n<td class=\"et2\" style=\"width: 190.80pt;\" width=\"190\">Lebei<\/td>\n<\/tr>\n<tr style=\"height: 35.00pt;\">\n<td class=\"et2\" style=\"height: 35.00pt; width: 102.45pt;\" width=\"102\" height=\"35\">Tipos de bolsas<\/td>\n<td class=\"et3\" style=\"width: 190.80pt;\" width=\"190\">Bolsa Stand Up<\/td>\n<\/tr>\n<tr style=\"height: 35.00pt;\">\n<td class=\"et2\" style=\"height: 35.00pt; width: 102.45pt;\" width=\"102\" height=\"35\">Material<\/td>\n<td class=\"et3\" style=\"width: 190.80pt;\" width=\"190\">MOPP\/ VMPET\/PE o personalizado<\/td>\n<\/tr>\n<tr style=\"height: 35.00pt;\">\n<td class=\"et2\" style=\"height: 35.00pt; width: 102.45pt;\" width=\"102\" height=\"35\">Reportaje especial<\/td>\n<td class=\"et3\" style=\"width: 190.80pt;\" width=\"190\">A prueba de humedad, cremallera superior, muesca de desgarro, parte inferior de pie<\/td>\n<\/tr>\n<tr style=\"height: 35.00pt;\">\n<td class=\"et2\" style=\"height: 35.00pt; width: 102.45pt;\" width=\"102\" height=\"35\">Manipulaci\u00f3n de superficies<\/td>\n<td class=\"et3\" style=\"width: 190.80pt;\" width=\"190\">Impresi\u00f3n en huecograbado<\/td>\n<\/tr>\n<tr style=\"height: 35.00pt;\">\n<td class=\"et2\" style=\"height: 35.00pt; width: 102.45pt;\" width=\"102\" height=\"35\">Color<\/td>\n<td class=\"et3\" style=\"width: 190.80pt;\" width=\"190\">Blanco (personalizable)<\/td>\n<\/tr>\n<tr style=\"height: 35.00pt;\">\n<td class=\"et2\" style=\"height: 35.00pt; width: 102.45pt;\" width=\"102\" height=\"35\">Utilizaci\u00f3n<\/td>\n<td class=\"et3\" style=\"width: 190.80pt;\" width=\"190\">Caf\u00e9 en grano, aperitivos, frutos secos, etc.<\/td>\n<\/tr>\n<tr style=\"height: 35.00pt;\">\n<td class=\"et2\" style=\"height: 35.00pt; width: 102.45pt;\" width=\"102\" height=\"35\">MOQ<\/td>\n<td class=\"et3\" style=\"width: 190.80pt;\" width=\"190\">Bolsa personalizada: 10.000 unidades (recomendamos m\u00e1s de 30.000 para un mejor precio)<\/td>\n<\/tr>\n<tr style=\"height: 35.00pt;\">\n<td class=\"et2\" style=\"height: 35.00pt; width: 102.45pt;\" width=\"102\" height=\"35\">Pedido a medida<\/td>\n<td class=\"et3\" style=\"width: 190.80pt;\" width=\"190\">Aceptamos OEM y ODM, Muestras gratuitas<\/td>\n<\/tr>\n<\/tbody>\n<\/table>","protected":false},"featured_media":2099,"comment_status":"closed","ping_status":"closed","template":"","meta":{"_acf_changed":false},"application":[],"product_brand":[],"product_cat":[41],"product_tag":[],"class_list":{"0":"post-2098","1":"product","2":"type-product","3":"status-publish","4":"has-post-thumbnail","6":"product_cat-stand-up-pouch-manufacturer","8":"first","9":"instock","10":"shipping-taxable","11":"product-type-simple"},"acf":[],"_links":{"self":[{"href":"https:\/\/www.lebeipackaging.com\/es\/wp-json\/wp\/v2\/product\/2098","targetHints":{"allow":["GET"]}}],"collection":[{"href":"https:\/\/www.lebeipackaging.com\/es\/wp-json\/wp\/v2\/product"}],"about":[{"href":"https:\/\/www.lebeipackaging.com\/es\/wp-json\/wp\/v2\/types\/product"}],"replies":[{"embeddable":true,"href":"https:\/\/www.lebeipackaging.com\/es\/wp-json\/wp\/v2\/comments?post=2098"}],"wp:featuredmedia":[{"embeddable":true,"href":"https:\/\/www.lebeipackaging.com\/es\/wp-json\/wp\/v2\/media\/2099"}],"wp:attachment":[{"href":"https:\/\/www.lebeipackaging.com\/es\/wp-json\/wp\/v2\/media?parent=2098"}],"wp:term":[{"taxonomy":"application","embeddable":true,"href":"https:\/\/www.lebeipackaging.com\/es\/wp-json\/wp\/v2\/application?post=2098"},{"taxonomy":"product_brand","embeddable":true,"href":"https:\/\/www.lebeipackaging.com\/es\/wp-json\/wp\/v2\/product_brand?post=2098"},{"taxonomy":"product_cat","embeddable":true,"href":"https:\/\/www.lebeipackaging.com\/es\/wp-json\/wp\/v2\/product_cat?post=2098"},{"taxonomy":"product_tag","embeddable":true,"href":"https:\/\/www.lebeipackaging.com\/es\/wp-json\/wp\/v2\/product_tag?post=2098"}],"curies":[{"name":"wp","href":"https:\/\/api.w.org\/{rel}","templated":true}]}}