{"id":2107,"date":"2025-09-26T07:24:40","date_gmt":"2025-09-26T07:24:40","guid":{"rendered":"https:\/\/www.lebeipackaging.com\/?post_type=product&#038;p=2107"},"modified":"2025-09-26T07:24:46","modified_gmt":"2025-09-26T07:24:46","slug":"custom-print-flat-bottom-pouch-with-zipper-for-pet-food-packaging","status":"publish","type":"product","link":"https:\/\/www.lebeipackaging.com\/es\/product\/custom-print-flat-bottom-pouch-with-zipper-for-pet-food-packaging\/","title":{"rendered":"Impresi\u00f3n personalizada Bolsa con fondo plano y cremallera para envasado de alimentos para mascotas"},"content":{"rendered":"<h2 class=\"wp-block-heading\">Caracter\u00edsticas de la bolsa con fondo plano y cremallera con impresi\u00f3n personalizada<\/h2>\n\n\n\n<p><strong>Estructura autoportante de fondo plano<\/strong><br>Sello de ocho lados + dise\u00f1o de fondo plano, el cuerpo de la bolsa es n\u00edtido y puede mantenerse firme, mejora el efecto de exposici\u00f3n en el estante y atrae la atenci\u00f3n de los consumidores.<\/p>\n\n\n\n<p><strong>Estructura tricapa de alta barrera<\/strong><br>Adopta material compuesto multicapa MOPP\/VMPET\/PE, con excelentes prestaciones a prueba de humedad, aceite y olores, para garantizar que los alimentos est\u00e9n secos y frescos.<\/p>\n\n\n\n<p><strong>Gran estanqueidad y resistencia a la humedad<\/strong><br>La exclusiva tecnolog\u00eda de sellado y el dise\u00f1o a prueba de humedad mantienen el aroma, el sabor y el valor nutritivo de los alimentos, y garantizan su frescura y alta calidad.<\/p>\n\n\n\n<p><strong>Respetuoso con el medio ambiente y sostenible<\/strong><br>Utilizar materiales respetuosos con el medio ambiente, en l\u00ednea con el concepto de desarrollo sostenible, y reducir la presi\u00f3n medioambiental que suponen los envases de pl\u00e1stico tradicionales.<\/p>\n\n\n\n<p><strong>Admite personalizaci\u00f3n exclusiva<\/strong><br>Se puede ofrecer una gran variedad de personalizaciones con el tama\u00f1o, el grosor, el dise\u00f1o de impresi\u00f3n y el logotipo de la marca. El proceso de impresi\u00f3n en huecograbado puede producir im\u00e1genes de alta calidad, y los clientes pueden dise\u00f1ar sus propios envases de marca y mejorar su competitividad en el mercado.<\/p>\n\n\n\n<div class=\"wp-block-columns is-layout-flex wp-container-core-columns-is-layout-9d6595d7 wp-block-columns-is-layout-flex\">\n<div class=\"wp-block-column is-layout-flow wp-block-column-is-layout-flow\"><div class=\"wp-block-image\">\n<figure class=\"aligncenter size-full\"><img decoding=\"async\" width=\"640\" height=\"640\" src=\"https:\/\/www.lebeipackaging.com\/wp-content\/uploads\/2025\/09\/Custom-Print-Flat-Bottom-Pouch-with-Zipper3.webp\" alt=\"Impresi\u00f3n personalizada Bolsa de fondo plano con cremallera3\" class=\"wp-image-2325\" srcset=\"https:\/\/www.lebeipackaging.com\/wp-content\/uploads\/2025\/09\/Custom-Print-Flat-Bottom-Pouch-with-Zipper3.webp 640w, https:\/\/www.lebeipackaging.com\/wp-content\/uploads\/2025\/09\/Custom-Print-Flat-Bottom-Pouch-with-Zipper3-300x300.webp 300w, https:\/\/www.lebeipackaging.com\/wp-content\/uploads\/2025\/09\/Custom-Print-Flat-Bottom-Pouch-with-Zipper3-150x150.webp 150w, https:\/\/www.lebeipackaging.com\/wp-content\/uploads\/2025\/09\/Custom-Print-Flat-Bottom-Pouch-with-Zipper3-12x12.webp 12w, https:\/\/www.lebeipackaging.com\/wp-content\/uploads\/2025\/09\/Custom-Print-Flat-Bottom-Pouch-with-Zipper3-600x600.webp 600w, https:\/\/www.lebeipackaging.com\/wp-content\/uploads\/2025\/09\/Custom-Print-Flat-Bottom-Pouch-with-Zipper3-100x100.webp 100w\" sizes=\"(max-width: 640px) 100vw, 640px\" \/><\/figure>\n<\/div>\n\n\n<h2 class=\"wp-block-heading has-text-align-center\"><strong>Fondo cuadrado <\/strong><\/h2>\n\n\n\n<p class=\"has-text-align-center\">Puede mantenerse en pie de forma estable, colocando la bolsa de forma impresionante en la estanter\u00eda de exposici\u00f3n.<\/p>\n<\/div>\n<\/div>","protected":false},"excerpt":{"rendered":"<p>La bolsa de fondo plano con cremallera impresa a medida es ideal para envasar comida para mascotas. Fabricada con materiales duraderos MOPP\/VMPET\/PE, ofrece una excelente resistencia a la humedad, una estructura estable y un cierre con cremallera recerrable para mayor frescura y comodidad.<\/p>\n<table style=\"border-collapse: collapse; width: 518px; height: 318px;\" border=\"0\" width=\"293\" cellspacing=\"0\" cellpadding=\"0\">\n<tbody>\n<tr style=\"height: 17.00pt;\">\n<td class=\"et2\" style=\"height: 17.00pt; width: 102.45pt;\" width=\"102\" height=\"17\">Fabricante<\/td>\n<td class=\"et2\" style=\"width: 190.80pt;\" width=\"190\">Lebei<\/td>\n<\/tr>\n<tr style=\"height: 17.00pt;\">\n<td class=\"et2\" style=\"height: 17.00pt; width: 102.45pt;\" width=\"102\" height=\"17\">Tipos de bolsas<\/td>\n<td class=\"et3\" style=\"width: 190.80pt;\" width=\"190\">8 Bolsa de fondo plano con cierre lateral<\/td>\n<\/tr>\n<tr style=\"height: 17.00pt;\">\n<td class=\"et2\" style=\"height: 17.00pt; width: 102.45pt;\" width=\"102\" height=\"17\">Material<\/td>\n<td class=\"et3\" style=\"width: 190.80pt;\" width=\"190\">MOPP\/VMPET\/PE o personalizado<\/td>\n<\/tr>\n<tr style=\"height: 17.00pt;\">\n<td class=\"et2\" style=\"height: 17.00pt; width: 102.45pt;\" width=\"102\" height=\"17\">Reportaje especial<\/td>\n<td class=\"et3\" style=\"width: 190.80pt;\" width=\"190\">Cremallera superior<\/td>\n<\/tr>\n<tr style=\"height: 17.00pt;\">\n<td class=\"et2\" style=\"height: 17.00pt; width: 102.45pt;\" width=\"102\" height=\"17\">Manipulaci\u00f3n de superficies<\/td>\n<td class=\"et3\" style=\"width: 190.80pt;\" width=\"190\">Impresi\u00f3n en huecograbado<\/td>\n<\/tr>\n<tr style=\"height: 17.00pt;\">\n<td class=\"et2\" style=\"height: 17.00pt; width: 102.45pt;\" width=\"102\" height=\"17\">Color<\/td>\n<td class=\"et3\" style=\"width: 190.80pt;\" width=\"190\">Azul y verde (personalizable)<\/td>\n<\/tr>\n<tr style=\"height: 17.00pt;\">\n<td class=\"et2\" style=\"height: 17.00pt; width: 102.45pt;\" width=\"102\" height=\"17\">Utilizaci\u00f3n<\/td>\n<td class=\"et3\" style=\"width: 190.80pt;\" width=\"190\">Bolsas para envasado de alimentos (especias, cereales, etc.)<\/td>\n<\/tr>\n<tr style=\"height: 34.00pt;\">\n<td class=\"et2\" style=\"height: 34.00pt; width: 102.45pt;\" width=\"102\" height=\"34\">MOQ<\/td>\n<td class=\"et3\" style=\"width: 190.80pt;\" width=\"190\">Bolsa personalizada: 10.000 unidades (recomendamos m\u00e1s de 30.000 para un mejor precio)<\/td>\n<\/tr>\n<tr style=\"height: 34.00pt;\">\n<td class=\"et2\" style=\"height: 34.00pt; width: 102.45pt;\" width=\"102\" height=\"34\">Pedido a medida<\/td>\n<td class=\"et3\" style=\"width: 190.80pt;\" width=\"190\">Aceptamos OEM y ODM, Muestras gratuitas<\/td>\n<\/tr>\n<\/tbody>\n<\/table>","protected":false},"featured_media":2323,"comment_status":"closed","ping_status":"closed","template":"","meta":{"_acf_changed":false},"application":[24],"product_brand":[],"product_cat":[40],"product_tag":[],"class_list":{"0":"post-2107","1":"product","2":"type-product","3":"status-publish","4":"has-post-thumbnail","6":"application-custom-pet-food-packaging","7":"product_cat-custom-flat-bottom-pouch","9":"first","10":"instock","11":"shipping-taxable","12":"product-type-simple"},"acf":[],"_links":{"self":[{"href":"https:\/\/www.lebeipackaging.com\/es\/wp-json\/wp\/v2\/product\/2107","targetHints":{"allow":["GET"]}}],"collection":[{"href":"https:\/\/www.lebeipackaging.com\/es\/wp-json\/wp\/v2\/product"}],"about":[{"href":"https:\/\/www.lebeipackaging.com\/es\/wp-json\/wp\/v2\/types\/product"}],"replies":[{"embeddable":true,"href":"https:\/\/www.lebeipackaging.com\/es\/wp-json\/wp\/v2\/comments?post=2107"}],"wp:featuredmedia":[{"embeddable":true,"href":"https:\/\/www.lebeipackaging.com\/es\/wp-json\/wp\/v2\/media\/2323"}],"wp:attachment":[{"href":"https:\/\/www.lebeipackaging.com\/es\/wp-json\/wp\/v2\/media?parent=2107"}],"wp:term":[{"taxonomy":"application","embeddable":true,"href":"https:\/\/www.lebeipackaging.com\/es\/wp-json\/wp\/v2\/application?post=2107"},{"taxonomy":"product_brand","embeddable":true,"href":"https:\/\/www.lebeipackaging.com\/es\/wp-json\/wp\/v2\/product_brand?post=2107"},{"taxonomy":"product_cat","embeddable":true,"href":"https:\/\/www.lebeipackaging.com\/es\/wp-json\/wp\/v2\/product_cat?post=2107"},{"taxonomy":"product_tag","embeddable":true,"href":"https:\/\/www.lebeipackaging.com\/es\/wp-json\/wp\/v2\/product_tag?post=2107"}],"curies":[{"name":"wp","href":"https:\/\/api.w.org\/{rel}","templated":true}]}}