{"id":2155,"date":"2025-09-26T03:59:49","date_gmt":"2025-09-26T03:59:49","guid":{"rendered":"https:\/\/www.lebeipackaging.com\/?post_type=product&#038;p=2155"},"modified":"2025-09-26T03:59:55","modified_gmt":"2025-09-26T03:59:55","slug":"multi-functional-food-grade-vacuum-sealer-bags-in-bulk","status":"publish","type":"product","link":"https:\/\/www.lebeipackaging.com\/es\/product\/multi-functional-food-grade-vacuum-sealer-bags-in-bulk\/","title":{"rendered":"Bolsas de vac\u00edo multifunci\u00f3n para alimentos a granel"},"content":{"rendered":"<h2 class=\"wp-block-heading\">Caracter\u00edsticas de las bolsas para sellado al vac\u00edo de uso alimentario<\/h2>\n\n\n\n<div class=\"wp-block-columns is-layout-flex wp-container-core-columns-is-layout-9d6595d7 wp-block-columns-is-layout-flex\">\n<div class=\"wp-block-column is-layout-flow wp-block-column-is-layout-flow\">\n<p><strong>Mayor frescura<\/strong><br>Bloquea el aire y la humedad para inhibir el crecimiento bacteriano, prolonga la frescura de los alimentos entre 3 y 5 veces.<\/p>\n\n\n\n<p><strong>Seguridad alimentaria<\/strong><br>Seleccione materiales respetuosos con el medio ambiente que cumplan las normas de seguridad alimentaria,seguros para alimentos infantiles y comidas cocinadas.<\/p>\n\n\n\n<p><strong><strong>Resistencia a la temperatura<\/strong><\/strong><br>Soporta -20\u2103~100\u2103\uff0c seguro para congelaci\u00f3n, microondas y sous vide.<\/p>\n\n\n\n<p><strong>Durabilidad y estanqueidad<\/strong><br>Material multicapa (PA+PE) resistente a pinchazos y fugas con sellado herm\u00e9tico.<\/p>\n\n\n\n<p><strong>Uso en m\u00faltiples escenarios<br><\/strong>Ideales para guardar alimentos y proteger objetos de valor (c\u00e1maras, cosm\u00e9ticos, etc.) de la humedad y la oxidaci\u00f3n.<\/p>\n\n\n\n<p><strong>Listo para enviar <\/strong><br>Ofrecemos una gran variedad de tama\u00f1os para satisfacer las distintas necesidades de envasado.<\/p>\n<\/div>\n\n\n\n<div class=\"wp-block-column is-layout-flow wp-block-column-is-layout-flow\">\n<figure class=\"wp-block-image size-full\"><img decoding=\"async\" width=\"1080\" height=\"1080\" src=\"https:\/\/www.lebeipackaging.com\/wp-content\/uploads\/2025\/09\/Vacuum-sealer-bags-2.webp\" alt=\"Bolsas de vac\u00edo\" class=\"wp-image-2160\" srcset=\"https:\/\/www.lebeipackaging.com\/wp-content\/uploads\/2025\/09\/Vacuum-sealer-bags-2.webp 1080w, https:\/\/www.lebeipackaging.com\/wp-content\/uploads\/2025\/09\/Vacuum-sealer-bags-2-300x300.webp 300w, https:\/\/www.lebeipackaging.com\/wp-content\/uploads\/2025\/09\/Vacuum-sealer-bags-2-150x150.webp 150w, https:\/\/www.lebeipackaging.com\/wp-content\/uploads\/2025\/09\/Vacuum-sealer-bags-2-768x768.webp 768w, https:\/\/www.lebeipackaging.com\/wp-content\/uploads\/2025\/09\/Vacuum-sealer-bags-2-12x12.webp 12w, https:\/\/www.lebeipackaging.com\/wp-content\/uploads\/2025\/09\/Vacuum-sealer-bags-2-600x600.webp 600w, https:\/\/www.lebeipackaging.com\/wp-content\/uploads\/2025\/09\/Vacuum-sealer-bags-2-100x100.webp 100w\" sizes=\"(max-width: 1080px) 100vw, 1080px\" \/><\/figure>\n<\/div>\n<\/div>\n\n\n\n<h2 class=\"wp-block-heading\">Tama\u00f1o del producto<\/h2>\n\n\n\n<figure class=\"wp-block-table\"><table class=\"has-fixed-layout\"><tbody><tr><td>Talla<br>(cm)<\/td><td>Embalaje (unidades\/paquete)<\/td><td>Embalaje (uds\/ctn)<\/td><td>Peso<br>(kg\/ctn)<\/td><td>Tama\u00f1o tn<br>(cm)<\/td><\/tr><tr><td>7*10cm<\/td><td>100<\/td><td>20000<\/td><td>27.00<\/td><td>50*40*24<\/td><\/tr><tr><td>7*12cm<\/td><td>100<\/td><td>17200<\/td><td>27.50<\/td><td>50*40*24<\/td><\/tr><tr><td>9*12cm<\/td><td>100<\/td><td>13500<\/td><td>28.00<\/td><td>46*37*27<\/td><\/tr><tr><td>10*15cm<\/td><td>100<\/td><td>10400<\/td><td>30.00<\/td><td>41*31*39<\/td><\/tr><tr><td>10*20cm<\/td><td>100<\/td><td>7200<\/td><td>27.36<\/td><td>41*31*39<\/td><\/tr><tr><td>12*17cm<\/td><td>100<\/td><td>7200<\/td><td>28.10<\/td><td>49*35*30<\/td><\/tr><tr><td>13*18cm<\/td><td>100<\/td><td>6000<\/td><td>27.00<\/td><td>40*37*31<\/td><\/tr><tr><td>12*20cm<\/td><td>100<\/td><td>6400<\/td><td>29.44<\/td><td>49*41*26<\/td><\/tr><tr><td>15*20cm<\/td><td>100<\/td><td>4800<\/td><td>27.36<\/td><td>41*31*39<\/td><\/tr><tr><td>15*25cm<\/td><td>100<\/td><td>4000<\/td><td>28.80<\/td><td>51*31*21<\/td><\/tr><tr><td>17*25cm<\/td><td>100<\/td><td>3200<\/td><td>26.00<\/td><td>57*36*27<\/td><\/tr><tr><td>18*28cm<\/td><td>100<\/td><td>3200<\/td><td>31.00<\/td><td>57*37*26<\/td><\/tr><tr><td>20*25cm<\/td><td>100<\/td><td>3200<\/td><td>30.56<\/td><td>51*41*27<\/td><\/tr><tr><td>20*30cm<\/td><td>100<\/td><td>2400<\/td><td>27.36<\/td><td>41*34*38<\/td><\/tr><tr><td>22*30cm<\/td><td>100<\/td><td>2200<\/td><td>28.00<\/td><td>45*31*36<\/td><\/tr><tr><td>22*32cm<\/td><td>100<\/td><td>2000<\/td><td>29.40<\/td><td>45*33*31<\/td><\/tr><tr><td>22*35cm<\/td><td>100<\/td><td>2000<\/td><td>28.60<\/td><td>51*31*32<\/td><\/tr><tr><td>25*30cm<\/td><td>100<\/td><td>1800<\/td><td>30.10<\/td><td>51*36*30<\/td><\/tr><tr><td>28*35cm<\/td><td>100<\/td><td>1600<\/td><td>30.00<\/td><td>57*36*28<\/td><\/tr><tr><td>28*40cm<\/td><td>100<\/td><td>1300<\/td><td>28.00<\/td><td>41*29*41<\/td><\/tr><tr><td>30*40cm<\/td><td>100<\/td><td>1200<\/td><td>27.36<\/td><td>41*31*28<\/td><\/tr><tr><td>30*45cm<\/td><td>100<\/td><td>1000<\/td><td>25.70<\/td><td>46*31*32<\/td><\/tr><tr><td>32*45cm<\/td><td>100<\/td><td>1000<\/td><td>27.40<\/td><td>46*33*32<\/td><\/tr><tr><td>30*50cm<\/td><td>100<\/td><td>1000<\/td><td>28.60<\/td><td>51*31*32<\/td><\/tr><tr><td>35*50cm<\/td><td>100<\/td><td>800<\/td><td>27.00<\/td><td>51*36*27<\/td><\/tr><\/tbody><\/table><\/figure>\n\n\n\n<p><\/p>","protected":false},"excerpt":{"rendered":"<article class=\"text-token-text-primary w-full\" dir=\"auto\" data-testid=\"conversation-turn-2\" data-scroll-anchor=\"true\">\n<div class=\"text-base my-auto mx-auto py-5 [--thread-content-margin:--spacing(4)] @[37rem]:[--thread-content-margin:--spacing(6)] @[72rem]:[--thread-content-margin:--spacing(16)] px-(--thread-content-margin)\">\n<div class=\"[--thread-content-max-width:32rem] @[34rem]:[--thread-content-max-width:40rem] @[64rem]:[--thread-content-max-width:48rem] mx-auto flex max-w-(--thread-content-max-width) flex-1 text-base gap-4 md:gap-5 lg:gap-6 group\/turn-messages focus-visible:outline-hidden\">\n<div class=\"group\/conversation-turn relative flex w-full min-w-0 flex-col agent-turn\">\n<div class=\"relative flex-col gap-1 md:gap-3\">\n<div class=\"flex max-w-full flex-col grow\">\n<div class=\"min-h-8 text-message relative flex w-full flex-col items-end gap-2 text-start break-words whitespace-normal [.text-message+&amp;]:mt-5\" dir=\"auto\" data-message-author-role=\"assistant\" data-message-id=\"601dc105-1a20-4d41-b026-a096271ed355\" data-message-model-slug=\"gpt-4-1-mini\">\n<div class=\"flex w-full flex-col gap-1 empty:hidden first:pt-[3px]\">\n<div class=\"markdown prose dark:prose-invert w-full break-words light\">\n<article class=\"text-token-text-primary w-full\" dir=\"auto\" data-testid=\"conversation-turn-26\" data-scroll-anchor=\"true\">\n<div class=\"text-base my-auto mx-auto py-5 [--thread-content-margin:--spacing(4)] @[37rem]:[--thread-content-margin:--spacing(6)] @[72rem]:[--thread-content-margin:--spacing(16)] px-(--thread-content-margin)\">\n<div class=\"[--thread-content-max-width:32rem] @[34rem]:[--thread-content-max-width:40rem] @[64rem]:[--thread-content-max-width:48rem] mx-auto flex max-w-(--thread-content-max-width) flex-1 text-base gap-4 md:gap-5 lg:gap-6 group\/turn-messages focus-visible:outline-hidden\">\n<div class=\"group\/conversation-turn relative flex w-full min-w-0 flex-col agent-turn\">\n<div class=\"relative flex-col gap-1 md:gap-3\">\n<div class=\"flex max-w-full flex-col grow\">\n<div class=\"min-h-8 text-message relative flex w-full flex-col items-end gap-2 text-start break-words whitespace-normal [.text-message+&amp;]:mt-5\" dir=\"auto\" data-message-author-role=\"assistant\" data-message-id=\"d05c8187-775a-4e42-8061-4ac971d5f547\" data-message-model-slug=\"gpt-4-1-mini\">\n<div class=\"flex w-full flex-col gap-1 empty:hidden first:pt-[3px]\">\n<div class=\"markdown prose dark:prose-invert w-full break-words light\">\n<p data-start=\"0\" data-end=\"257\" data-is-last-node=\"\" data-is-only-node=\"\">Vacuum Sealer Bags in various sizes, stock 3-side seal transparent plastic pouch for dry food storage\u3001long-term freezer storage for meats\/vegetables. Compatible with major vacuum sealer brands.<\/p>\n<\/div>\n<\/div>\n<\/div>\n<\/div>\n<\/div>\n<\/div>\n<\/div>\n<\/div>\n<\/article>\n<\/div>\n<\/div>\n<\/div>\n<\/div>\n<\/div>\n<\/div>\n<\/div>\n<\/div>\n<\/article>\n<table style=\"border-collapse: collapse; width: 562px; height: 247px;\" border=\"0\" width=\"293\" cellspacing=\"0\" cellpadding=\"0\">\n<tbody>\n<tr style=\"height: 17.00pt;\">\n<td class=\"et2\" style=\"height: 17.00pt; width: 102.45pt;\" width=\"102\" height=\"17\">Manufacturer<\/td>\n<td class=\"et2\" style=\"width: 190.80pt;\" width=\"190\">Lebei<\/td>\n<\/tr>\n<tr style=\"height: 17.00pt;\">\n<td class=\"et2\" style=\"height: 17.00pt; width: 102.45pt;\" width=\"102\" height=\"17\">Pouch Types<\/td>\n<td class=\"et3\" style=\"width: 190.80pt;\" width=\"190\">Three Side Seal Pouch Vacuum Bags<\/td>\n<\/tr>\n<tr style=\"height: 17.00pt;\">\n<td class=\"et2\" style=\"height: 17.00pt; width: 102.45pt;\" width=\"102\" height=\"17\">Material<\/td>\n<td class=\"et3\" style=\"width: 190.80pt;\" width=\"190\">PA\/PE<\/td>\n<\/tr>\n<tr style=\"height: 17.00pt;\">\n<td class=\"et2\" style=\"height: 17.00pt; width: 102.45pt;\" width=\"102\" height=\"17\">Thickness<\/td>\n<td class=\"et3\" style=\"width: 190.80pt;\" width=\"190\">80 mic<\/td>\n<\/tr>\n<tr style=\"height: 17.00pt;\">\n<td class=\"et2\" style=\"height: 17.00pt; width: 102.45pt;\" width=\"102\" height=\"17\">Sealing &amp; Handle<\/td>\n<td class=\"et3\" style=\"width: 190.80pt;\" width=\"190\">Hot Seal<\/td>\n<\/tr>\n<tr style=\"height: 17.00pt;\">\n<td class=\"et2\" style=\"height: 17.00pt; width: 102.45pt;\" width=\"102\" height=\"17\">Surface Handling<\/td>\n<td class=\"et3\" style=\"width: 190.80pt;\" width=\"190\">Gravure printing<\/td>\n<\/tr>\n<tr style=\"height: 17.00pt;\">\n<td class=\"et2\" style=\"height: 17.00pt; width: 102.45pt;\" width=\"102\" height=\"17\">Usage<\/td>\n<td class=\"et3\" style=\"width: 190.80pt;\" width=\"190\">\n<p>Coffee Packaging<\/p>\n<\/td>\n<\/tr>\n<tr style=\"height: 34.00pt;\">\n<td class=\"et2\" style=\"height: 34.00pt; width: 102.45pt;\" width=\"102\" height=\"34\">MOQ<\/td>\n<td class=\"et3\" style=\"width: 190.80pt;\" width=\"190\">Mix Items, Total 5000 Pieces<\/td>\n<\/tr>\n<tr style=\"height: 34.00pt;\">\n<td class=\"et2\" style=\"height: 34.00pt; width: 102.45pt;\" width=\"102\" height=\"34\">Sample<\/td>\n<td class=\"et3\" style=\"width: 190.80pt;\" width=\"190\">1-2 Days (Free)<\/td>\n<\/tr>\n<\/tbody>\n<\/table>\n<p><!--more--><\/p>\n","protected":false},"featured_media":2159,"comment_status":"closed","ping_status":"closed","template":"","meta":{"_acf_changed":false},"application":[],"product_brand":[],"product_cat":[50],"product_tag":[45],"class_list":{"0":"post-2155","1":"product","2":"type-product","3":"status-publish","4":"has-post-thumbnail","6":"product_cat-ready-to-ship-pouches","7":"product_tag-vacuum-bag","9":"first","10":"instock","11":"shipping-taxable","12":"product-type-simple"},"acf":[],"_links":{"self":[{"href":"https:\/\/www.lebeipackaging.com\/es\/wp-json\/wp\/v2\/product\/2155","targetHints":{"allow":["GET"]}}],"collection":[{"href":"https:\/\/www.lebeipackaging.com\/es\/wp-json\/wp\/v2\/product"}],"about":[{"href":"https:\/\/www.lebeipackaging.com\/es\/wp-json\/wp\/v2\/types\/product"}],"replies":[{"embeddable":true,"href":"https:\/\/www.lebeipackaging.com\/es\/wp-json\/wp\/v2\/comments?post=2155"}],"wp:featuredmedia":[{"embeddable":true,"href":"https:\/\/www.lebeipackaging.com\/es\/wp-json\/wp\/v2\/media\/2159"}],"wp:attachment":[{"href":"https:\/\/www.lebeipackaging.com\/es\/wp-json\/wp\/v2\/media?parent=2155"}],"wp:term":[{"taxonomy":"application","embeddable":true,"href":"https:\/\/www.lebeipackaging.com\/es\/wp-json\/wp\/v2\/application?post=2155"},{"taxonomy":"product_brand","embeddable":true,"href":"https:\/\/www.lebeipackaging.com\/es\/wp-json\/wp\/v2\/product_brand?post=2155"},{"taxonomy":"product_cat","embeddable":true,"href":"https:\/\/www.lebeipackaging.com\/es\/wp-json\/wp\/v2\/product_cat?post=2155"},{"taxonomy":"product_tag","embeddable":true,"href":"https:\/\/www.lebeipackaging.com\/es\/wp-json\/wp\/v2\/product_tag?post=2155"}],"curies":[{"name":"wp","href":"https:\/\/api.w.org\/{rel}","templated":true}]}}