{"id":2241,"date":"2025-09-26T03:51:44","date_gmt":"2025-09-26T03:51:44","guid":{"rendered":"https:\/\/www.lebeipackaging.com\/?post_type=product&#038;p=2241"},"modified":"2025-09-26T08:02:11","modified_gmt":"2025-09-26T08:02:11","slug":"custom-printed-coffee-pouch-with-zipper","status":"publish","type":"product","link":"https:\/\/www.lebeipackaging.com\/es\/product\/custom-printed-coffee-pouch-with-zipper\/","title":{"rendered":"Bolsita para caf\u00e9 con cremallera"},"content":{"rendered":"<h2 class=\"wp-block-heading\">Caracter\u00edsticas de la bolsa para caf\u00e9 impresa personalizada con cremallera<\/h2>\n\n\n\n<p><strong>Estructura autoportante de fondo plano<\/strong><br>Los robustos dise\u00f1os de fondo plano con cierre en 8 lados se mantienen firmes para una presencia perfecta en las estanter\u00edas.<\/p>\n\n\n\n<p><strong>Estructura tricapa de alta barrera<\/strong><br>Adopta material compuesto multicapa MOPP\/VMPET\/PE, que proporciona una barrera superior contra la luz, el ox\u00edgeno y la humedad.<\/p>\n\n\n\n<p><strong>Gran estanqueidad y resistencia a la humedad<\/strong><br>La exclusiva tecnolog\u00eda de sellado y el dise\u00f1o a prueba de humedad mantienen el aroma, el sabor y el valor nutritivo de los alimentos, y garantizan su frescura y alta calidad.<\/p>\n\n\n\n<p><strong>Respetuoso con el medio ambiente y sostenible<\/strong><br>Utilizar materiales respetuosos con el medio ambiente, en l\u00ednea con el concepto de desarrollo sostenible, y reducir la presi\u00f3n medioambiental que suponen los envases de pl\u00e1stico tradicionales.<\/p>\n\n\n\n<p><strong>Admite personalizaci\u00f3n exclusiva<\/strong><br>Se puede ofrecer una gran variedad de personalizaciones con el tama\u00f1o, el grosor, el dise\u00f1o de impresi\u00f3n y el logotipo de la marca. El proceso de impresi\u00f3n en huecograbado puede producir im\u00e1genes de alta calidad, y los clientes pueden dise\u00f1ar sus propios envases de marca y mejorar la competitividad en el mercado.<\/p>\n\n\n\n<div class=\"wp-block-columns is-layout-flex wp-container-core-columns-is-layout-9d6595d7 wp-block-columns-is-layout-flex\">\n<div class=\"wp-block-column is-layout-flow wp-block-column-is-layout-flow\"><div class=\"wp-block-image\">\n<figure class=\"aligncenter size-full\"><img decoding=\"async\" width=\"640\" height=\"640\" src=\"https:\/\/www.lebeipackaging.com\/wp-content\/uploads\/2025\/09\/Custom-Printed-Coffee-Pouch-with-Zipper-3.webp\" alt=\"Funda para caf\u00e9 con cremallera personalizada\" class=\"wp-image-2245\" srcset=\"https:\/\/www.lebeipackaging.com\/wp-content\/uploads\/2025\/09\/Custom-Printed-Coffee-Pouch-with-Zipper-3.webp 640w, https:\/\/www.lebeipackaging.com\/wp-content\/uploads\/2025\/09\/Custom-Printed-Coffee-Pouch-with-Zipper-3-300x300.webp 300w, https:\/\/www.lebeipackaging.com\/wp-content\/uploads\/2025\/09\/Custom-Printed-Coffee-Pouch-with-Zipper-3-150x150.webp 150w, https:\/\/www.lebeipackaging.com\/wp-content\/uploads\/2025\/09\/Custom-Printed-Coffee-Pouch-with-Zipper-3-12x12.webp 12w, https:\/\/www.lebeipackaging.com\/wp-content\/uploads\/2025\/09\/Custom-Printed-Coffee-Pouch-with-Zipper-3-600x600.webp 600w, https:\/\/www.lebeipackaging.com\/wp-content\/uploads\/2025\/09\/Custom-Printed-Coffee-Pouch-with-Zipper-3-100x100.webp 100w\" sizes=\"(max-width: 640px) 100vw, 640px\" \/><\/figure>\n<\/div>\n\n\n<h2 class=\"wp-block-heading has-text-align-center\"><strong>Fondo cuadrado <\/strong><\/h2>\n\n\n\n<p class=\"has-text-align-center\">Puede mantenerse en pie de forma estable, colocando la bolsa de forma impresionante en la estanter\u00eda de exposici\u00f3n.<\/p>\n<\/div>\n<\/div>","protected":false},"excerpt":{"rendered":"<p>Bolsa de caf\u00e9 impresa personalizada con cremallera, fabricada con materiales duraderos para mantener el caf\u00e9 fresco y arom\u00e1tico. Cuenta con una cremallera resellable para mayor comodidad y ofrece personalizaci\u00f3n completa para la marca, por lo que es ideal para el envasado de caf\u00e9 de especialidad o exposici\u00f3n al por menor.<\/p>\n<table style=\"border-collapse: collapse; width: 518px; height: 318px;\" border=\"0\" width=\"293\" cellspacing=\"0\" cellpadding=\"0\">\n<tbody>\n<tr style=\"height: 17.00pt;\">\n<td class=\"et2\" style=\"height: 17.00pt; width: 102.45pt;\" width=\"102\" height=\"17\">Fabricante<\/td>\n<td class=\"et2\" style=\"width: 190.80pt;\" width=\"190\">Lebei<\/td>\n<\/tr>\n<tr style=\"height: 17.00pt;\">\n<td class=\"et2\" style=\"height: 17.00pt; width: 102.45pt;\" width=\"102\" height=\"17\">Tipos de bolsas<\/td>\n<td class=\"et3\" style=\"width: 190.80pt;\" width=\"190\">8 Bolsa de fondo plano con cierre lateral<\/td>\n<\/tr>\n<tr style=\"height: 17.00pt;\">\n<td class=\"et2\" style=\"height: 17.00pt; width: 102.45pt;\" width=\"102\" height=\"17\">Material<\/td>\n<td class=\"et3\" style=\"width: 190.80pt;\" width=\"190\">MOPP\/VMPET\/PE o personalizado<\/td>\n<\/tr>\n<tr style=\"height: 17.00pt;\">\n<td class=\"et2\" style=\"height: 17.00pt; width: 102.45pt;\" width=\"102\" height=\"17\">Reportaje especial<\/td>\n<td class=\"et3\" style=\"width: 190.80pt;\" width=\"190\">Cremallera superior<\/td>\n<\/tr>\n<tr style=\"height: 17.00pt;\">\n<td class=\"et2\" style=\"height: 17.00pt; width: 102.45pt;\" width=\"102\" height=\"17\">Manipulaci\u00f3n de superficies<\/td>\n<td class=\"et3\" style=\"width: 190.80pt;\" width=\"190\">Impresi\u00f3n en huecograbado<\/td>\n<\/tr>\n<tr style=\"height: 17.00pt;\">\n<td class=\"et2\" style=\"height: 17.00pt; width: 102.45pt;\" width=\"102\" height=\"17\">Color<\/td>\n<td class=\"et3\" style=\"width: 190.80pt;\" width=\"190\">Azul y verde (personalizable)<\/td>\n<\/tr>\n<tr style=\"height: 17.00pt;\">\n<td class=\"et2\" style=\"height: 17.00pt; width: 102.45pt;\" width=\"102\" height=\"17\">Utilizaci\u00f3n<\/td>\n<td class=\"et3\" style=\"width: 190.80pt;\" width=\"190\">Bolsas para envasado de alimentos (especias, cereales, etc.)<\/td>\n<\/tr>\n<tr style=\"height: 34.00pt;\">\n<td class=\"et2\" style=\"height: 34.00pt; width: 102.45pt;\" width=\"102\" height=\"34\">MOQ<\/td>\n<td class=\"et3\" style=\"width: 190.80pt;\" width=\"190\">Bolsa personalizada: 10.000 unidades (recomendamos m\u00e1s de 30.000 para un mejor precio)<\/td>\n<\/tr>\n<tr style=\"height: 34.00pt;\">\n<td class=\"et2\" style=\"height: 34.00pt; width: 102.45pt;\" width=\"102\" height=\"34\">Pedido a medida<\/td>\n<td class=\"et3\" style=\"width: 190.80pt;\" width=\"190\">Aceptamos OEM y ODM, Muestras gratuitas<\/td>\n<\/tr>\n<\/tbody>\n<\/table>","protected":false},"featured_media":2243,"comment_status":"closed","ping_status":"closed","template":"","meta":{"_acf_changed":false},"application":[20],"product_brand":[],"product_cat":[40],"product_tag":[],"class_list":{"0":"post-2241","1":"product","2":"type-product","3":"status-publish","4":"has-post-thumbnail","6":"application-custom-coffee-packaging-bag","7":"product_cat-custom-flat-bottom-pouch","9":"first","10":"instock","11":"shipping-taxable","12":"product-type-simple"},"acf":[],"_links":{"self":[{"href":"https:\/\/www.lebeipackaging.com\/es\/wp-json\/wp\/v2\/product\/2241","targetHints":{"allow":["GET"]}}],"collection":[{"href":"https:\/\/www.lebeipackaging.com\/es\/wp-json\/wp\/v2\/product"}],"about":[{"href":"https:\/\/www.lebeipackaging.com\/es\/wp-json\/wp\/v2\/types\/product"}],"replies":[{"embeddable":true,"href":"https:\/\/www.lebeipackaging.com\/es\/wp-json\/wp\/v2\/comments?post=2241"}],"wp:featuredmedia":[{"embeddable":true,"href":"https:\/\/www.lebeipackaging.com\/es\/wp-json\/wp\/v2\/media\/2243"}],"wp:attachment":[{"href":"https:\/\/www.lebeipackaging.com\/es\/wp-json\/wp\/v2\/media?parent=2241"}],"wp:term":[{"taxonomy":"application","embeddable":true,"href":"https:\/\/www.lebeipackaging.com\/es\/wp-json\/wp\/v2\/application?post=2241"},{"taxonomy":"product_brand","embeddable":true,"href":"https:\/\/www.lebeipackaging.com\/es\/wp-json\/wp\/v2\/product_brand?post=2241"},{"taxonomy":"product_cat","embeddable":true,"href":"https:\/\/www.lebeipackaging.com\/es\/wp-json\/wp\/v2\/product_cat?post=2241"},{"taxonomy":"product_tag","embeddable":true,"href":"https:\/\/www.lebeipackaging.com\/es\/wp-json\/wp\/v2\/product_tag?post=2241"}],"curies":[{"name":"wp","href":"https:\/\/api.w.org\/{rel}","templated":true}]}}