{"id":2386,"date":"2025-10-08T01:18:51","date_gmt":"2025-10-08T01:18:51","guid":{"rendered":"https:\/\/www.lebeipackaging.com\/?post_type=product&#038;p=2386"},"modified":"2025-10-08T01:18:56","modified_gmt":"2025-10-08T01:18:56","slug":"custom-printed-stand-up-pouches-with-glossy-window","status":"publish","type":"product","link":"https:\/\/www.lebeipackaging.com\/es\/product\/custom-printed-stand-up-pouches-with-glossy-window\/","title":{"rendered":"Bolsas con ventana brillante impresas a medida"},"content":{"rendered":"<h2 class=\"wp-block-heading\">Caracter\u00edsticas de las bolsas de pie impresas a medida<\/h2>\n\n\n\n<div class=\"wp-block-columns is-layout-flex wp-container-core-columns-is-layout-9d6595d7 wp-block-columns-is-layout-flex\">\n<div class=\"wp-block-column is-layout-flow wp-block-column-is-layout-flow\">\n<p><strong>Calidad alimentaria: <\/strong>Fabricado con materiales de primera calidad aptos para uso alimentario para mantener sus productos frescos y seguros.<\/p>\n\n\n\n<p><strong>Impresi\u00f3n personalizada: <\/strong>Opciones de dise\u00f1o totalmente personalizadas para logotipos, marcas y gr\u00e1ficos especiales para que su envase destaque.<\/p>\n\n\n\n<p><strong>Resistente y a prueba de fugas: <\/strong>Fabricadas con un material superior de varias capas, estas bolsas son incre\u00edblemente resistentes y a prueba de fugas, perfectas para l\u00edquidos, aperitivos o alimentos secos.<\/p>\n\n\n\n<p><strong>C\u00f3modo dise\u00f1o de pie\uff1a<\/strong> En posici\u00f3n vertical para facilitar su almacenamiento, exposici\u00f3n y uso, ahorrando espacio en las estanter\u00edas.<\/p>\n\n\n\n<p><strong>Ligero y rentable \uff1a<\/strong> Ligeras pero extremadamente duraderas, reducen los gastos de env\u00edo y ofrecen una soluci\u00f3n asequible pero de calidad y protecci\u00f3n sin concesiones.<\/p>\n\n\n\n<p><strong>Uso vers\u00e1til\uff1a<\/strong> Conveniente para ser utilizado con muchos productos tales como aperitivos, caf\u00e9, especias, y muchos m\u00e1s, con cierre seguro para mantener la frescura.<br><\/p>\n<\/div>\n\n\n\n<div class=\"wp-block-column is-layout-flow wp-block-column-is-layout-flow\">\n<figure class=\"wp-block-image size-full\"><img decoding=\"async\" width=\"640\" height=\"640\" src=\"https:\/\/www.lebeipackaging.com\/wp-content\/uploads\/2025\/10\/Custom-Printed-Stand-Up-Pouches-With-Glossy-Window-6.webp\" alt=\"Bolsas de pie con ventana brillante impresas a medida 6\" class=\"wp-image-2399\" srcset=\"https:\/\/www.lebeipackaging.com\/wp-content\/uploads\/2025\/10\/Custom-Printed-Stand-Up-Pouches-With-Glossy-Window-6.webp 640w, https:\/\/www.lebeipackaging.com\/wp-content\/uploads\/2025\/10\/Custom-Printed-Stand-Up-Pouches-With-Glossy-Window-6-300x300.webp 300w, https:\/\/www.lebeipackaging.com\/wp-content\/uploads\/2025\/10\/Custom-Printed-Stand-Up-Pouches-With-Glossy-Window-6-150x150.webp 150w, https:\/\/www.lebeipackaging.com\/wp-content\/uploads\/2025\/10\/Custom-Printed-Stand-Up-Pouches-With-Glossy-Window-6-12x12.webp 12w, https:\/\/www.lebeipackaging.com\/wp-content\/uploads\/2025\/10\/Custom-Printed-Stand-Up-Pouches-With-Glossy-Window-6-600x600.webp 600w, https:\/\/www.lebeipackaging.com\/wp-content\/uploads\/2025\/10\/Custom-Printed-Stand-Up-Pouches-With-Glossy-Window-6-100x100.webp 100w\" sizes=\"(max-width: 640px) 100vw, 640px\" \/><\/figure>\n<\/div>\n<\/div>","protected":false},"excerpt":{"rendered":"<p>Las bolsas de pie impresas a medida con ventanas brillantes est\u00e1n dise\u00f1adas para mostrar su marca y su producto con estilo. La ventana transparente y brillante resalta el contenido del interior, mientras que el material duradero y apto para uso alimentario garantiza la frescura y el atractivo en los estantes. Perfectas para caf\u00e9, aperitivos, t\u00e9 o productos secos.<\/p>\n<table style=\"border-collapse: collapse; width: 534px; height: 439px;\" border=\"0\" width=\"293\" cellspacing=\"0\" cellpadding=\"0\">\n<tbody>\n<tr style=\"height: 17.00pt;\">\n<td class=\"et2\" style=\"height: 17.00pt; width: 102.45pt;\" width=\"102\" height=\"17\">Fabricante<\/td>\n<td class=\"et2\" style=\"width: 190.80pt;\" width=\"190\">Lebei<\/td>\n<\/tr>\n<tr style=\"height: 35.00pt;\">\n<td class=\"et2\" style=\"height: 35.00pt; width: 102.45pt;\" width=\"102\" height=\"35\">Tipos de bolsas<\/td>\n<td class=\"et3\" style=\"width: 190.80pt;\" width=\"190\">Bolsa Stand Up<\/td>\n<\/tr>\n<tr style=\"height: 35.00pt;\">\n<td class=\"et2\" style=\"height: 35.00pt; width: 102.45pt;\" width=\"102\" height=\"35\">Material<\/td>\n<td class=\"et3\" style=\"width: 190.80pt;\" width=\"190\">Matt Bopp\/papel Kraft\/PET\/PE o personalizado<\/td>\n<\/tr>\n<tr style=\"height: 35.00pt;\">\n<td class=\"et2\" style=\"height: 35.00pt; width: 102.45pt;\" width=\"102\" height=\"35\">Reportaje especial<\/td>\n<td class=\"et3\" style=\"width: 190.80pt;\" width=\"190\">A prueba de humedad, cremallera superior, muesca de desgarro, parte inferior de pie<\/td>\n<\/tr>\n<tr style=\"height: 35.00pt;\">\n<td class=\"et2\" style=\"height: 35.00pt; width: 102.45pt;\" width=\"102\" height=\"35\">Manipulaci\u00f3n de superficies<\/td>\n<td class=\"et3\" style=\"width: 190.80pt;\" width=\"190\">Impresi\u00f3n en huecograbado<\/td>\n<\/tr>\n<tr style=\"height: 35.00pt;\">\n<td class=\"et2\" style=\"height: 35.00pt; width: 102.45pt;\" width=\"102\" height=\"35\">Color<\/td>\n<td class=\"et3\" style=\"width: 190.80pt;\" width=\"190\">Azul (personalizable)<\/td>\n<\/tr>\n<tr style=\"height: 35.00pt;\">\n<td class=\"et2\" style=\"height: 35.00pt; width: 102.45pt;\" width=\"102\" height=\"35\">Utilizaci\u00f3n<\/td>\n<td class=\"et3\" style=\"width: 190.80pt;\" width=\"190\">\u00a0aperitivos, frutos secos, etc.<\/td>\n<\/tr>\n<tr style=\"height: 35.00pt;\">\n<td class=\"et2\" style=\"height: 35.00pt; width: 102.45pt;\" width=\"102\" height=\"35\">MOQ<\/td>\n<td class=\"et3\" style=\"width: 190.80pt;\" width=\"190\">Bolsa personalizada: 10.000 unidades (recomendamos m\u00e1s de 30.000 para un mejor precio)<\/td>\n<\/tr>\n<tr style=\"height: 35.00pt;\">\n<td class=\"et2\" style=\"height: 35.00pt; width: 102.45pt;\" width=\"102\" height=\"35\">Pedido a medida<\/td>\n<td class=\"et3\" style=\"width: 190.80pt;\" width=\"190\">Aceptamos OEM y ODM, Muestras gratuitas<\/td>\n<\/tr>\n<\/tbody>\n<\/table>","protected":false},"featured_media":2400,"comment_status":"closed","ping_status":"closed","template":"","meta":{"_acf_changed":false},"application":[],"product_brand":[],"product_cat":[41],"product_tag":[],"class_list":{"0":"post-2386","1":"product","2":"type-product","3":"status-publish","4":"has-post-thumbnail","6":"product_cat-stand-up-pouch-manufacturer","8":"first","9":"instock","10":"shipping-taxable","11":"product-type-simple"},"acf":[],"_links":{"self":[{"href":"https:\/\/www.lebeipackaging.com\/es\/wp-json\/wp\/v2\/product\/2386","targetHints":{"allow":["GET"]}}],"collection":[{"href":"https:\/\/www.lebeipackaging.com\/es\/wp-json\/wp\/v2\/product"}],"about":[{"href":"https:\/\/www.lebeipackaging.com\/es\/wp-json\/wp\/v2\/types\/product"}],"replies":[{"embeddable":true,"href":"https:\/\/www.lebeipackaging.com\/es\/wp-json\/wp\/v2\/comments?post=2386"}],"wp:featuredmedia":[{"embeddable":true,"href":"https:\/\/www.lebeipackaging.com\/es\/wp-json\/wp\/v2\/media\/2400"}],"wp:attachment":[{"href":"https:\/\/www.lebeipackaging.com\/es\/wp-json\/wp\/v2\/media?parent=2386"}],"wp:term":[{"taxonomy":"application","embeddable":true,"href":"https:\/\/www.lebeipackaging.com\/es\/wp-json\/wp\/v2\/application?post=2386"},{"taxonomy":"product_brand","embeddable":true,"href":"https:\/\/www.lebeipackaging.com\/es\/wp-json\/wp\/v2\/product_brand?post=2386"},{"taxonomy":"product_cat","embeddable":true,"href":"https:\/\/www.lebeipackaging.com\/es\/wp-json\/wp\/v2\/product_cat?post=2386"},{"taxonomy":"product_tag","embeddable":true,"href":"https:\/\/www.lebeipackaging.com\/es\/wp-json\/wp\/v2\/product_tag?post=2386"}],"curies":[{"name":"wp","href":"https:\/\/api.w.org\/{rel}","templated":true}]}}