{"id":2433,"date":"2025-10-08T02:02:37","date_gmt":"2025-10-08T02:02:37","guid":{"rendered":"https:\/\/www.lebeipackaging.com\/?post_type=product&#038;p=2433"},"modified":"2025-10-08T02:03:09","modified_gmt":"2025-10-08T02:03:09","slug":"wholesale-shaped-pouches-manufacturer-for-nut-and-snack-packaging","status":"publish","type":"product","link":"https:\/\/www.lebeipackaging.com\/es\/product\/wholesale-shaped-pouches-manufacturer-for-nut-and-snack-packaging\/","title":{"rendered":"Fabricante al por mayor de bolsas con forma para envasar frutos secos y aperitivos"},"content":{"rendered":"<h2 class=\"wp-block-heading\">Caracter\u00edsticas de las bolsas con forma para mayoristas<\/h2>\n\n\n\n<div class=\"wp-block-columns is-layout-flex wp-container-core-columns-is-layout-9d6595d7 wp-block-columns-is-layout-flex\">\n<div class=\"wp-block-column is-layout-flow wp-block-column-is-layout-flow\">\n<p><strong>Bonita forma de animal<\/strong><br>La forma de la bolsa puede dise\u00f1arse como panda, vaca, mono y otras im\u00e1genes de animales, que se utilizan para envases de aperitivos y regalos infantiles y a\u00f1aden m\u00e1s impacto visual a la estanter\u00eda.<\/p>\n\n\n\n<p><strong>Varios dibujos animados para transmitir la personalidad de la marca<\/strong><br>Proporcionamos servicio OEM\/ODM y dise\u00f1amos formas de bolsa exclusivas basadas en la propiedad intelectual de la marca, los personajes de animales o el posicionamiento en el mercado para potenciar el conocimiento de la marca y el afecto.<\/p>\n\n\n\n<p><strong>Materiales de calidad alimentaria<\/strong><br>Emplea una pel\u00edcula compuesta multicapa inodora y no t\u00f3xica, que tiene buenas propiedades de barrera al ox\u00edgeno, a prueba de humedad y a prueba de olores para mantener la frescura y el sabor del contenido.<\/p>\n\n\n\n<p><strong>Compacto y flexible<\/strong><br>Ideal para productos como aperitivos, caramelos, alimentos secos, caf\u00e9, t\u00e9, etc. Ideal para aplicaciones en alimentaci\u00f3n, estilo de vida y venta al por menor.<\/p>\n\n\n\n<p><strong>Estructura ligera y autoportante<\/strong><br>La forma de animal con funci\u00f3n aut\u00f3noma no s\u00f3lo llama la atenci\u00f3n, sino que tambi\u00e9n facilita la presentaci\u00f3n en estanter\u00edas y el almacenamiento en casa, mejorando a\u00fan m\u00e1s la experiencia del usuario.<\/p>\n\n\n\n<p>Opciones ecol\u00f3gicas<br>Al estar fabricadas con materiales biodegradables, reciclables o compostables, estas bolsas son una opci\u00f3n de envasado respetuosa con el medio ambiente, que satisface la creciente demanda de productos ecol\u00f3gicos.<\/p>\n<\/div>\n\n\n\n<div class=\"wp-block-column is-layout-flow wp-block-column-is-layout-flow\">\n<div class=\"wp-block-columns is-layout-flex wp-container-core-columns-is-layout-9d6595d7 wp-block-columns-is-layout-flex\">\n<div class=\"wp-block-column is-layout-flow wp-block-column-is-layout-flow\">\n<figure class=\"wp-block-image size-full\"><img decoding=\"async\" width=\"1024\" height=\"977\" src=\"https:\/\/www.lebeipackaging.com\/wp-content\/uploads\/2025\/05\/Wholesale-Shaped-Pouches-Factory2.webp\" alt=\"Fabricante al por mayor de bolsas con forma\" class=\"wp-image-1173\" srcset=\"https:\/\/www.lebeipackaging.com\/wp-content\/uploads\/2025\/05\/Wholesale-Shaped-Pouches-Factory2.webp 1024w, https:\/\/www.lebeipackaging.com\/wp-content\/uploads\/2025\/05\/Wholesale-Shaped-Pouches-Factory2-300x286.webp 300w, https:\/\/www.lebeipackaging.com\/wp-content\/uploads\/2025\/05\/Wholesale-Shaped-Pouches-Factory2-768x733.webp 768w, https:\/\/www.lebeipackaging.com\/wp-content\/uploads\/2025\/05\/Wholesale-Shaped-Pouches-Factory2-600x572.webp 600w\" sizes=\"(max-width: 1024px) 100vw, 1024px\" \/><\/figure>\n<\/div>\n<\/div>\n<\/div>\n<\/div>\n\n\n\n<div class=\"wp-block-columns is-layout-flex wp-container-core-columns-is-layout-9d6595d7 wp-block-columns-is-layout-flex\">\n<div class=\"wp-block-column is-layout-flow wp-block-column-is-layout-flow\">\n<h2 class=\"wp-block-heading\">Tama\u00f1o del producto<br><\/h2>\n\n\n\n<figure class=\"wp-block-table\"><table class=\"has-fixed-layout\"><tbody><tr><td>Talla<br>(cm)<\/td><td>Embalaje (unidades\/paquete)<\/td><td>Embalaje (uds\/ctn)<\/td><td>Peso<br>(kg\/ctn)<\/td><td>Tama\u00f1o tn<br>(cm)<\/td><\/tr><tr><td>15*22+3,5cm*2<\/td><td>100<\/td><td>4600<\/td><td>32.00&nbsp;<\/td><td>48*40*34<\/td><\/tr><tr><td>18*28+4cm*2<\/td><td>100<\/td><td>3600<\/td><td>37.00&nbsp;<\/td><td>48*40*34<\/td><\/tr><\/tbody><\/table><\/figure>\n\n\n\n<p><br><\/p>\n<\/div>\n<\/div>\n\n\n\n<p><\/p>","protected":false},"excerpt":{"rendered":"<article class=\"text-token-text-primary w-full\" dir=\"auto\" data-testid=\"conversation-turn-2\" data-scroll-anchor=\"true\">\n<div class=\"text-base my-auto mx-auto py-5 [--thread-content-margin:--spacing(4)] @[37rem]:[--thread-content-margin:--spacing(6)] @[72rem]:[--thread-content-margin:--spacing(16)] px-(--thread-content-margin)\">\n<div class=\"[--thread-content-max-width:32rem] @[34rem]:[--thread-content-max-width:40rem] @[64rem]:[--thread-content-max-width:48rem] mx-auto flex max-w-(--thread-content-max-width) flex-1 text-base gap-4 md:gap-5 lg:gap-6 group\/turn-messages focus-visible:outline-hidden\">\n<div class=\"group\/conversation-turn relative flex w-full min-w-0 flex-col agent-turn\">\n<div class=\"relative flex-col gap-1 md:gap-3\">\n<div class=\"flex max-w-full flex-col grow\">\n<div class=\"min-h-8 text-message relative flex w-full flex-col items-end gap-2 text-start break-words whitespace-normal [.text-message+&amp;]:mt-5\" dir=\"auto\" data-message-author-role=\"assistant\" data-message-id=\"601dc105-1a20-4d41-b026-a096271ed355\" data-message-model-slug=\"gpt-4-1-mini\">\n<div class=\"flex w-full flex-col gap-1 empty:hidden first:pt-[3px]\">\n<div class=\"markdown prose dark:prose-invert w-full break-words light\">\n<article class=\"text-token-text-primary w-full\" dir=\"auto\" data-testid=\"conversation-turn-26\" data-scroll-anchor=\"true\">\n<div class=\"text-base my-auto mx-auto py-5 [--thread-content-margin:--spacing(4)] @[37rem]:[--thread-content-margin:--spacing(6)] @[72rem]:[--thread-content-margin:--spacing(16)] px-(--thread-content-margin)\">\n<div class=\"[--thread-content-max-width:32rem] @[34rem]:[--thread-content-max-width:40rem] @[64rem]:[--thread-content-max-width:48rem] mx-auto flex max-w-(--thread-content-max-width) flex-1 text-base gap-4 md:gap-5 lg:gap-6 group\/turn-messages focus-visible:outline-hidden\">\n<div class=\"group\/conversation-turn relative flex w-full min-w-0 flex-col agent-turn\">\n<div class=\"relative flex-col gap-1 md:gap-3\">\n<div class=\"flex max-w-full flex-col grow\">\n<div class=\"min-h-8 text-message relative flex w-full flex-col items-end gap-2 text-start break-words whitespace-normal [.text-message+&amp;]:mt-5\" dir=\"auto\" data-message-author-role=\"assistant\" data-message-id=\"d05c8187-775a-4e42-8061-4ac971d5f547\" data-message-model-slug=\"gpt-4-1-mini\">\n<div class=\"flex w-full flex-col gap-1 empty:hidden first:pt-[3px]\">\n<div class=\"markdown prose dark:prose-invert w-full break-words light\">\n<p data-start=\"27\" data-end=\"277\">Wholesale shaped pouches manufacturer providing custom packaging for nuts and snacks. Unique pouch designs enhance shelf appeal, maintain freshness, and highlight your brand\u2019s quality.Welcome to consult for preferential prices\uff01<\/p>\n<\/div>\n<\/div>\n<\/div>\n<\/div>\n<\/div>\n<\/div>\n<\/div>\n<\/div>\n<\/article>\n<\/div>\n<\/div>\n<\/div>\n<\/div>\n<\/div>\n<\/div>\n<\/div>\n<\/div>\n<\/article>\n<table style=\"border-collapse: collapse; width: 518px; height: 318px;\" border=\"0\" width=\"293\" cellspacing=\"0\" cellpadding=\"0\">\n<tbody>\n<tr style=\"height: 17.00pt;\">\n<td class=\"et2\" style=\"height: 17.00pt; width: 102.45pt;\" width=\"102\" height=\"17\">Manufacturer<\/td>\n<td class=\"et2\" style=\"width: 190.80pt;\" width=\"190\">Lebei<\/td>\n<\/tr>\n<tr style=\"height: 17.00pt;\">\n<td class=\"et2\" style=\"height: 17.00pt; width: 102.45pt;\" width=\"102\" height=\"17\">Pouch Types<\/td>\n<td class=\"et3\" style=\"width: 190.80pt;\" width=\"190\">Shaped Pouches(Stand Up Pouch)<\/td>\n<\/tr>\n<tr style=\"height: 17.00pt;\">\n<td class=\"et2\" style=\"height: 17.00pt; width: 102.45pt;\" width=\"102\" height=\"17\">Material<\/td>\n<td class=\"et3\" style=\"width: 190.80pt;\" width=\"190\">PET\/CPP<\/td>\n<\/tr>\n<tr style=\"height: 17.00pt;\">\n<td class=\"et2\" style=\"height: 17.00pt; width: 102.45pt;\" width=\"102\" height=\"17\">Sealing &amp; Handle<\/td>\n<td class=\"et3\" style=\"width: 190.80pt;\" width=\"190\">Zipper Top<\/td>\n<\/tr>\n<tr style=\"height: 17.00pt;\">\n<td class=\"et2\" style=\"height: 17.00pt; width: 102.45pt;\" width=\"102\" height=\"17\">Feature<\/td>\n<td class=\"et3\" style=\"width: 190.80pt;\" width=\"190\">Moisture Proof<\/td>\n<\/tr>\n<tr style=\"height: 17.00pt;\">\n<td class=\"et2\" style=\"height: 17.00pt; width: 102.45pt;\" width=\"102\" height=\"17\">Thickness(one side)<\/td>\n<td class=\"et3\" style=\"width: 190.80pt;\" width=\"190\">100mic<\/td>\n<\/tr>\n<tr style=\"height: 17.00pt;\">\n<td class=\"et2\" style=\"height: 17.00pt; width: 102.45pt;\" width=\"102\" height=\"17\">Usage<\/td>\n<td class=\"et3\" style=\"width: 190.80pt;\" width=\"190\">Nut and Snack Packaging<\/td>\n<\/tr>\n<tr style=\"height: 34.00pt;\">\n<td class=\"et2\" style=\"height: 34.00pt; width: 102.45pt;\" width=\"102\" height=\"34\">MOQ<\/td>\n<td class=\"et3\" style=\"width: 190.80pt;\" width=\"190\">Mix Items, Total 5000 Pieces<\/td>\n<\/tr>\n<tr style=\"height: 34.00pt;\">\n<td class=\"et2\" style=\"height: 34.00pt; width: 102.45pt;\" width=\"102\" height=\"34\">Sample<\/td>\n<td class=\"et3\" style=\"width: 190.80pt;\" width=\"190\">1-2 Days (Free)<\/td>\n<\/tr>\n<\/tbody>\n<\/table>\n","protected":false},"featured_media":1173,"comment_status":"closed","ping_status":"closed","template":"","meta":{"_acf_changed":false},"application":[],"product_brand":[],"product_cat":[50],"product_tag":[43],"class_list":{"0":"post-2433","1":"product","2":"type-product","3":"status-publish","4":"has-post-thumbnail","6":"product_cat-ready-to-ship-pouches","7":"product_tag-shape-pouch","9":"first","10":"instock","11":"shipping-taxable","12":"product-type-simple"},"acf":[],"_links":{"self":[{"href":"https:\/\/www.lebeipackaging.com\/es\/wp-json\/wp\/v2\/product\/2433","targetHints":{"allow":["GET"]}}],"collection":[{"href":"https:\/\/www.lebeipackaging.com\/es\/wp-json\/wp\/v2\/product"}],"about":[{"href":"https:\/\/www.lebeipackaging.com\/es\/wp-json\/wp\/v2\/types\/product"}],"replies":[{"embeddable":true,"href":"https:\/\/www.lebeipackaging.com\/es\/wp-json\/wp\/v2\/comments?post=2433"}],"wp:featuredmedia":[{"embeddable":true,"href":"https:\/\/www.lebeipackaging.com\/es\/wp-json\/wp\/v2\/media\/1173"}],"wp:attachment":[{"href":"https:\/\/www.lebeipackaging.com\/es\/wp-json\/wp\/v2\/media?parent=2433"}],"wp:term":[{"taxonomy":"application","embeddable":true,"href":"https:\/\/www.lebeipackaging.com\/es\/wp-json\/wp\/v2\/application?post=2433"},{"taxonomy":"product_brand","embeddable":true,"href":"https:\/\/www.lebeipackaging.com\/es\/wp-json\/wp\/v2\/product_brand?post=2433"},{"taxonomy":"product_cat","embeddable":true,"href":"https:\/\/www.lebeipackaging.com\/es\/wp-json\/wp\/v2\/product_cat?post=2433"},{"taxonomy":"product_tag","embeddable":true,"href":"https:\/\/www.lebeipackaging.com\/es\/wp-json\/wp\/v2\/product_tag?post=2433"}],"curies":[{"name":"wp","href":"https:\/\/api.w.org\/{rel}","templated":true}]}}