{"id":2436,"date":"2025-10-08T02:26:02","date_gmt":"2025-10-08T02:26:02","guid":{"rendered":"https:\/\/www.lebeipackaging.com\/?post_type=product&#038;p=2436"},"modified":"2025-10-08T02:26:07","modified_gmt":"2025-10-08T02:26:07","slug":"custom-flat-bottom-pouch-with-zipper-for-beans","status":"publish","type":"product","link":"https:\/\/www.lebeipackaging.com\/es\/product\/custom-flat-bottom-pouch-with-zipper-for-beans\/","title":{"rendered":"Bolsa personalizada de fondo plano con cremallera para jud\u00edas"},"content":{"rendered":"<h2 class=\"wp-block-heading\">Caracter\u00edsticas de la bolsa personalizada de fondo plano con cremallera para jud\u00edas<\/h2>\n\n\n\n<p><strong>Dise\u00f1o estable de fondo plano<\/strong><br>El dise\u00f1o de fondo plano sellado por ocho lados permite una excelente estabilidad y una apariencia n\u00edtida. F\u00e1cil de colocar en posici\u00f3n vertical en las estanter\u00edas, mejora la presentaci\u00f3n de los productos y capta la atenci\u00f3n de los clientes al instante.<\/p>\n\n\n\n<p><strong>Seguro y fiable para el envasado de alimentos<\/strong><br>Fabricado con materiales de alta calidad aptos para uso alimentario y seguros al tacto directo. Adecuado para equipos de termosellado para garantizar la frescura, ideal para caf\u00e9, aperitivos, cereales y comida para mascotas.<\/p>\n\n\n\n<p><strong>Cremallera resellable para una frescura duradera<\/strong><br>Equipado con una cremallera lisa y reutilizable que permite m\u00faltiples aperturas sin p\u00e9rdida de frescura. Perfecto para mantener la frescura de productos como avena, especias y alimentos secos.<\/p>\n\n\n\n<p><strong>A la medida de su marca<\/strong><br>Totalmente personalizable: elija su tama\u00f1o, color, dise\u00f1o y logotipo preferidos. Dise\u00f1ados para satisfacer diversas necesidades de envasado en comercios minoristas y electr\u00f3nicos.<\/p>\n\n\n\n<p><strong>Asa de f\u00e1cil transporte<\/strong><br>Asa de transporte integrada para un agarre c\u00f3modo y un transporte f\u00e1cil, incluso de contenidos pesados o a granel, lo que la hace c\u00f3moda y f\u00e1cil de usar.<\/p>\n\n\n\n<p><strong>Atractivo visual<\/strong><br>El innovador dise\u00f1o de la ventana y la moderna impresi\u00f3n de la superficie hacen que la bolsa sea visualmente atractiva y que el cliente pueda ver el producto al tiempo que se crea un reconocimiento de marca.<\/p>\n\n\n\n<div class=\"wp-block-columns is-layout-flex wp-container-core-columns-is-layout-9d6595d7 wp-block-columns-is-layout-flex\">\n<div class=\"wp-block-column is-layout-flow wp-block-column-is-layout-flow\">\n<figure class=\"wp-block-image size-full\"><img decoding=\"async\" width=\"640\" height=\"640\" src=\"https:\/\/www.lebeipackaging.com\/wp-content\/uploads\/2025\/10\/Custom-Flat-Bottom-Pouch-with-Zipper-for-Beans-3.webp\" alt=\"Bolsa de fondo plano personalizada con cremallera para jud\u00edas 3\" class=\"wp-image-2441\" srcset=\"https:\/\/www.lebeipackaging.com\/wp-content\/uploads\/2025\/10\/Custom-Flat-Bottom-Pouch-with-Zipper-for-Beans-3.webp 640w, https:\/\/www.lebeipackaging.com\/wp-content\/uploads\/2025\/10\/Custom-Flat-Bottom-Pouch-with-Zipper-for-Beans-3-300x300.webp 300w, https:\/\/www.lebeipackaging.com\/wp-content\/uploads\/2025\/10\/Custom-Flat-Bottom-Pouch-with-Zipper-for-Beans-3-150x150.webp 150w, https:\/\/www.lebeipackaging.com\/wp-content\/uploads\/2025\/10\/Custom-Flat-Bottom-Pouch-with-Zipper-for-Beans-3-12x12.webp 12w, https:\/\/www.lebeipackaging.com\/wp-content\/uploads\/2025\/10\/Custom-Flat-Bottom-Pouch-with-Zipper-for-Beans-3-600x600.webp 600w, https:\/\/www.lebeipackaging.com\/wp-content\/uploads\/2025\/10\/Custom-Flat-Bottom-Pouch-with-Zipper-for-Beans-3-100x100.webp 100w\" sizes=\"(max-width: 640px) 100vw, 640px\" \/><\/figure>\n\n\n\n<h2 class=\"wp-block-heading has-text-align-center\"><strong>Mango y muesca<\/strong><\/h2>\n\n\n\n<p class=\"has-text-align-center\">F\u00e1cil de coger y abrir.<\/p>\n<\/div>\n\n\n\n<div class=\"wp-block-column is-layout-flow wp-block-column-is-layout-flow\">\n<figure class=\"wp-block-image size-full\"><img decoding=\"async\" width=\"640\" height=\"640\" src=\"https:\/\/www.lebeipackaging.com\/wp-content\/uploads\/2025\/10\/Custom-Flat-Bottom-Pouch-with-Zipper-for-Beans-1.webp\" alt=\"Bolsa de fondo plano personalizada con cremallera para jud\u00edas-1\" class=\"wp-image-2439\" srcset=\"https:\/\/www.lebeipackaging.com\/wp-content\/uploads\/2025\/10\/Custom-Flat-Bottom-Pouch-with-Zipper-for-Beans-1.webp 640w, https:\/\/www.lebeipackaging.com\/wp-content\/uploads\/2025\/10\/Custom-Flat-Bottom-Pouch-with-Zipper-for-Beans-1-300x300.webp 300w, https:\/\/www.lebeipackaging.com\/wp-content\/uploads\/2025\/10\/Custom-Flat-Bottom-Pouch-with-Zipper-for-Beans-1-150x150.webp 150w, https:\/\/www.lebeipackaging.com\/wp-content\/uploads\/2025\/10\/Custom-Flat-Bottom-Pouch-with-Zipper-for-Beans-1-12x12.webp 12w, https:\/\/www.lebeipackaging.com\/wp-content\/uploads\/2025\/10\/Custom-Flat-Bottom-Pouch-with-Zipper-for-Beans-1-600x600.webp 600w, https:\/\/www.lebeipackaging.com\/wp-content\/uploads\/2025\/10\/Custom-Flat-Bottom-Pouch-with-Zipper-for-Beans-1-100x100.webp 100w\" sizes=\"(max-width: 640px) 100vw, 640px\" \/><\/figure>\n\n\n\n<h2 class=\"wp-block-heading\"><strong>Fondo cuadrado <\/strong><\/h2>\n\n\n\n<p class=\"has-text-align-center\">Puede mantenerse en pie de forma estable, colocando la bolsa de forma impresionante en la estanter\u00eda de exposici\u00f3n.<\/p>\n<\/div>\n<\/div>","protected":false},"excerpt":{"rendered":"<p>La bolsa personalizada de fondo plano con cremallera es ideal para envasar jud\u00edas. Fabricada con materiales duraderos de MOPP\/PET\/PE, ofrece una resistencia superior a la humedad, una robusta estructura de fondo plano y una cremallera resellable para mantener el contenido fresco y de f\u00e1cil acceso.<\/p>\n<table style=\"border-collapse: collapse; width: 518px; height: 318px;\" border=\"0\" width=\"293\" cellspacing=\"0\" cellpadding=\"0\">\n<tbody>\n<tr style=\"height: 17.00pt;\">\n<td class=\"et2\" style=\"height: 17.00pt; width: 102.45pt;\" width=\"102\" height=\"17\">Fabricante<\/td>\n<td class=\"et2\" style=\"width: 190.80pt;\" width=\"190\">Lebei<\/td>\n<\/tr>\n<tr style=\"height: 17.00pt;\">\n<td class=\"et2\" style=\"height: 17.00pt; width: 102.45pt;\" width=\"102\" height=\"17\">Tipos de bolsas<\/td>\n<td class=\"et3\" style=\"width: 190.80pt;\" width=\"190\">8 Bolsa de fondo plano con cierre lateral<\/td>\n<\/tr>\n<tr style=\"height: 17.00pt;\">\n<td class=\"et2\" style=\"height: 17.00pt; width: 102.45pt;\" width=\"102\" height=\"17\">Material<\/td>\n<td class=\"et3\" style=\"width: 190.80pt;\" width=\"190\">MOPP\/PET\/PE o personalizado<\/td>\n<\/tr>\n<tr style=\"height: 17.00pt;\">\n<td class=\"et2\" style=\"height: 17.00pt; width: 102.45pt;\" width=\"102\" height=\"17\">Reportaje especial<\/td>\n<td class=\"et3\" style=\"width: 190.80pt;\" width=\"190\">Cremallera superior<\/td>\n<\/tr>\n<tr style=\"height: 17.00pt;\">\n<td class=\"et2\" style=\"height: 17.00pt; width: 102.45pt;\" width=\"102\" height=\"17\">Manipulaci\u00f3n de superficies<\/td>\n<td class=\"et3\" style=\"width: 190.80pt;\" width=\"190\">Impresi\u00f3n en huecograbado<\/td>\n<\/tr>\n<tr style=\"height: 17.00pt;\">\n<td class=\"et2\" style=\"height: 17.00pt; width: 102.45pt;\" width=\"102\" height=\"17\">Color<\/td>\n<td class=\"et3\" style=\"width: 190.80pt;\" width=\"190\">Naranja y blanco (personalizable)<\/td>\n<\/tr>\n<tr style=\"height: 17.00pt;\">\n<td class=\"et2\" style=\"height: 17.00pt; width: 102.45pt;\" width=\"102\" height=\"17\">Utilizaci\u00f3n<\/td>\n<td class=\"et3\" style=\"width: 190.80pt;\" width=\"190\">Bolsas para envasado de alimentos (especias, cereales, etc.)<\/td>\n<\/tr>\n<tr style=\"height: 34.00pt;\">\n<td class=\"et2\" style=\"height: 34.00pt; width: 102.45pt;\" width=\"102\" height=\"34\">MOQ<\/td>\n<td class=\"et3\" style=\"width: 190.80pt;\" width=\"190\">Bolsa personalizada: 10.000 unidades (recomendamos m\u00e1s de 30.000 para un mejor precio)<\/td>\n<\/tr>\n<tr style=\"height: 34.00pt;\">\n<td class=\"et2\" style=\"height: 34.00pt; width: 102.45pt;\" width=\"102\" height=\"34\">Pedido a medida<\/td>\n<td class=\"et3\" style=\"width: 190.80pt;\" width=\"190\">Aceptamos OEM y ODM, Muestras gratuitas<\/td>\n<\/tr>\n<\/tbody>\n<\/table>","protected":false},"featured_media":2443,"comment_status":"closed","ping_status":"closed","template":"","meta":{"_acf_changed":false},"application":[],"product_brand":[],"product_cat":[40],"product_tag":[],"class_list":{"0":"post-2436","1":"product","2":"type-product","3":"status-publish","4":"has-post-thumbnail","6":"product_cat-custom-flat-bottom-pouch","8":"first","9":"instock","10":"shipping-taxable","11":"product-type-simple"},"acf":[],"_links":{"self":[{"href":"https:\/\/www.lebeipackaging.com\/es\/wp-json\/wp\/v2\/product\/2436","targetHints":{"allow":["GET"]}}],"collection":[{"href":"https:\/\/www.lebeipackaging.com\/es\/wp-json\/wp\/v2\/product"}],"about":[{"href":"https:\/\/www.lebeipackaging.com\/es\/wp-json\/wp\/v2\/types\/product"}],"replies":[{"embeddable":true,"href":"https:\/\/www.lebeipackaging.com\/es\/wp-json\/wp\/v2\/comments?post=2436"}],"wp:featuredmedia":[{"embeddable":true,"href":"https:\/\/www.lebeipackaging.com\/es\/wp-json\/wp\/v2\/media\/2443"}],"wp:attachment":[{"href":"https:\/\/www.lebeipackaging.com\/es\/wp-json\/wp\/v2\/media?parent=2436"}],"wp:term":[{"taxonomy":"application","embeddable":true,"href":"https:\/\/www.lebeipackaging.com\/es\/wp-json\/wp\/v2\/application?post=2436"},{"taxonomy":"product_brand","embeddable":true,"href":"https:\/\/www.lebeipackaging.com\/es\/wp-json\/wp\/v2\/product_brand?post=2436"},{"taxonomy":"product_cat","embeddable":true,"href":"https:\/\/www.lebeipackaging.com\/es\/wp-json\/wp\/v2\/product_cat?post=2436"},{"taxonomy":"product_tag","embeddable":true,"href":"https:\/\/www.lebeipackaging.com\/es\/wp-json\/wp\/v2\/product_tag?post=2436"}],"curies":[{"name":"wp","href":"https:\/\/api.w.org\/{rel}","templated":true}]}}