{"id":2465,"date":"2025-10-14T09:06:40","date_gmt":"2025-10-14T09:06:40","guid":{"rendered":"https:\/\/www.lebeipackaging.com\/?post_type=product&#038;p=2465"},"modified":"2025-10-14T09:19:00","modified_gmt":"2025-10-14T09:19:00","slug":"custom-high-quality-stand-up-pouch-for-food-packaging-with-zipper","status":"publish","type":"product","link":"https:\/\/www.lebeipackaging.com\/es\/product\/custom-high-quality-stand-up-pouch-for-food-packaging-with-zipper\/","title":{"rendered":"Bolsa personalizada de alta calidad para envasado de alimentos con cremallera"},"content":{"rendered":"<h2 class=\"wp-block-heading\">Caracter\u00edsticas de la funda de pie personalizada de alta calidad<\/h2>\n\n\n\n<div class=\"wp-block-columns is-layout-flex wp-container-core-columns-is-layout-9d6595d7 wp-block-columns-is-layout-flex\">\n<div class=\"wp-block-column is-layout-flow wp-block-column-is-layout-flow\">\n<p><strong>C\u00f3modo cierre de cremallera<\/strong>: La cremallera incorporada permite volver a cerrarlo f\u00e1cilmente, garantizando que sus alimentos se mantengan frescos y protegidos del aire, la humedad y los contaminantes despu\u00e9s de abrirlo.<\/p>\n\n\n\n<p><strong><strong>Admite personalizaci\u00f3n<\/strong><\/strong>: El tama\u00f1o, el patr\u00f3n de impresi\u00f3n y el logotipo de la marca pueden personalizarse seg\u00fan las necesidades del cliente para crear envases exclusivos y mejorar el reconocimiento de la marca.<\/p>\n\n\n\n<p><strong>Duradero y a prueba de fugas<\/strong>: Fabricadas con materiales multicapa de alta calidad, estas bolsas ofrecen una excelente resistencia y son estancas, por lo que son perfectas para l\u00edquidos, aperitivos o alimentos secos.<\/p>\n\n\n\n<p><strong>Dise\u00f1o compacto<\/strong>: Gracias a su caracter\u00edstica de stand-up, estas bolsas son ideales para aprovechar al m\u00e1ximo el espacio en las estanter\u00edas, ya que se mantienen de pie sin necesidad de envases o contenedores adicionales.<\/p>\n\n\n\n<p><strong><strong>Garant\u00eda de seguridad alimentaria<\/strong><\/strong>: La bolsa de envasado cumple las normas de seguridad en contacto con alimentos para garantizar que el contenido no se contamine durante el almacenamiento y el transporte, y proteger la salud de los consumidores.<\/p>\n\n\n\n<p><strong>Ligero y rentable<\/strong>: El dise\u00f1o de la bolsa es ligero pero robusto, lo que reduce los gastos de env\u00edo y ofrece una soluci\u00f3n rentable sin comprometer la calidad ni la protecci\u00f3n.<br><\/p>\n<\/div>\n\n\n\n<div class=\"wp-block-column is-layout-flow wp-block-column-is-layout-flow\">\n<figure class=\"wp-block-image size-full\"><img decoding=\"async\" width=\"640\" height=\"640\" src=\"https:\/\/www.lebeipackaging.com\/wp-content\/uploads\/2025\/10\/Custom-High-Quality-Stand-Up-Pouch-for-Food-Packaging-With-Zipper-2.webp\" alt=\"Bolsa-soporte-para-envasar-alimentos-con-cierre-2-de-alta-calidad-a-la-medida\" class=\"wp-image-2467\" srcset=\"https:\/\/www.lebeipackaging.com\/wp-content\/uploads\/2025\/10\/Custom-High-Quality-Stand-Up-Pouch-for-Food-Packaging-With-Zipper-2.webp 640w, https:\/\/www.lebeipackaging.com\/wp-content\/uploads\/2025\/10\/Custom-High-Quality-Stand-Up-Pouch-for-Food-Packaging-With-Zipper-2-300x300.webp 300w, https:\/\/www.lebeipackaging.com\/wp-content\/uploads\/2025\/10\/Custom-High-Quality-Stand-Up-Pouch-for-Food-Packaging-With-Zipper-2-150x150.webp 150w, https:\/\/www.lebeipackaging.com\/wp-content\/uploads\/2025\/10\/Custom-High-Quality-Stand-Up-Pouch-for-Food-Packaging-With-Zipper-2-12x12.webp 12w, https:\/\/www.lebeipackaging.com\/wp-content\/uploads\/2025\/10\/Custom-High-Quality-Stand-Up-Pouch-for-Food-Packaging-With-Zipper-2-600x600.webp 600w, https:\/\/www.lebeipackaging.com\/wp-content\/uploads\/2025\/10\/Custom-High-Quality-Stand-Up-Pouch-for-Food-Packaging-With-Zipper-2-100x100.webp 100w\" sizes=\"(max-width: 640px) 100vw, 640px\" \/><\/figure>\n<\/div>\n<\/div>","protected":false},"excerpt":{"rendered":"<p>Las bolsas con cremallera personalizadas de alta calidad ofrecen cierres de cremallera seguros y dise\u00f1os personalizables, perfectos para mantener los alimentos frescos y mostrar su marca. Ideales para aperitivos y l\u00edquidos, estas bolsas ecol\u00f3gicas ofrecen un equilibrio entre comodidad y durabilidad.<\/p>\n<table style=\"border-collapse: collapse; width: 534px; height: 439px;\" border=\"0\" width=\"293\" cellspacing=\"0\" cellpadding=\"0\">\n<tbody>\n<tr style=\"height: 17.00pt;\">\n<td class=\"et2\" style=\"height: 17.00pt; width: 102.45pt;\" width=\"102\" height=\"17\">Fabricante<\/td>\n<td class=\"et2\" style=\"width: 190.80pt;\" width=\"190\">Lebei<\/td>\n<\/tr>\n<tr style=\"height: 35.00pt;\">\n<td class=\"et2\" style=\"height: 35.00pt; width: 102.45pt;\" width=\"102\" height=\"35\">Tipos de bolsas<\/td>\n<td class=\"et3\" style=\"width: 190.80pt;\" width=\"190\">Bolsa Stand Up<\/td>\n<\/tr>\n<tr style=\"height: 35.00pt;\">\n<td class=\"et2\" style=\"height: 35.00pt; width: 102.45pt;\" width=\"102\" height=\"35\">Material<\/td>\n<td class=\"et3\" style=\"width: 190.80pt;\" width=\"190\">PET\/PE o personalizado<\/td>\n<\/tr>\n<tr style=\"height: 35.00pt;\">\n<td class=\"et2\" style=\"height: 35.00pt; width: 102.45pt;\" width=\"102\" height=\"35\">Reportaje especial<\/td>\n<td class=\"et3\" style=\"width: 190.80pt;\" width=\"190\">A prueba de humedad, cremallera superior, muesca de desgarro, parte inferior de pie<\/td>\n<\/tr>\n<tr style=\"height: 35.00pt;\">\n<td class=\"et2\" style=\"height: 35.00pt; width: 102.45pt;\" width=\"102\" height=\"35\">Manipulaci\u00f3n de superficies<\/td>\n<td class=\"et3\" style=\"width: 190.80pt;\" width=\"190\">Impresi\u00f3n en huecograbado<\/td>\n<\/tr>\n<tr style=\"height: 35.00pt;\">\n<td class=\"et2\" style=\"height: 35.00pt; width: 102.45pt;\" width=\"102\" height=\"35\">Color<\/td>\n<td class=\"et3\" style=\"width: 190.80pt;\" width=\"190\">Rojo \/Negro(Personalizable)<\/td>\n<\/tr>\n<tr style=\"height: 35.00pt;\">\n<td class=\"et2\" style=\"height: 35.00pt; width: 102.45pt;\" width=\"102\" height=\"35\">Utilizaci\u00f3n<\/td>\n<td class=\"et3\" style=\"width: 190.80pt;\" width=\"190\">\u00a0aperitivos, frutos secos, etc.<\/td>\n<\/tr>\n<tr style=\"height: 35.00pt;\">\n<td class=\"et2\" style=\"height: 35.00pt; width: 102.45pt;\" width=\"102\" height=\"35\">MOQ<\/td>\n<td class=\"et3\" style=\"width: 190.80pt;\" width=\"190\">Bolsa personalizada: 10.000 unidades (recomendamos m\u00e1s de 30.000 para un mejor precio)<\/td>\n<\/tr>\n<tr style=\"height: 35.00pt;\">\n<td class=\"et2\" style=\"height: 35.00pt; width: 102.45pt;\" width=\"102\" height=\"35\">Pedido a medida<\/td>\n<td class=\"et3\" style=\"width: 190.80pt;\" width=\"190\">Aceptamos OEM y ODM, Muestras gratuitas<\/td>\n<\/tr>\n<\/tbody>\n<\/table>","protected":false},"featured_media":2466,"comment_status":"closed","ping_status":"closed","template":"","meta":{"_acf_changed":false},"application":[],"product_brand":[],"product_cat":[41],"product_tag":[],"class_list":{"0":"post-2465","1":"product","2":"type-product","3":"status-publish","4":"has-post-thumbnail","6":"product_cat-stand-up-pouch-manufacturer","8":"first","9":"instock","10":"shipping-taxable","11":"product-type-simple"},"acf":[],"_links":{"self":[{"href":"https:\/\/www.lebeipackaging.com\/es\/wp-json\/wp\/v2\/product\/2465","targetHints":{"allow":["GET"]}}],"collection":[{"href":"https:\/\/www.lebeipackaging.com\/es\/wp-json\/wp\/v2\/product"}],"about":[{"href":"https:\/\/www.lebeipackaging.com\/es\/wp-json\/wp\/v2\/types\/product"}],"replies":[{"embeddable":true,"href":"https:\/\/www.lebeipackaging.com\/es\/wp-json\/wp\/v2\/comments?post=2465"}],"wp:featuredmedia":[{"embeddable":true,"href":"https:\/\/www.lebeipackaging.com\/es\/wp-json\/wp\/v2\/media\/2466"}],"wp:attachment":[{"href":"https:\/\/www.lebeipackaging.com\/es\/wp-json\/wp\/v2\/media?parent=2465"}],"wp:term":[{"taxonomy":"application","embeddable":true,"href":"https:\/\/www.lebeipackaging.com\/es\/wp-json\/wp\/v2\/application?post=2465"},{"taxonomy":"product_brand","embeddable":true,"href":"https:\/\/www.lebeipackaging.com\/es\/wp-json\/wp\/v2\/product_brand?post=2465"},{"taxonomy":"product_cat","embeddable":true,"href":"https:\/\/www.lebeipackaging.com\/es\/wp-json\/wp\/v2\/product_cat?post=2465"},{"taxonomy":"product_tag","embeddable":true,"href":"https:\/\/www.lebeipackaging.com\/es\/wp-json\/wp\/v2\/product_tag?post=2465"}],"curies":[{"name":"wp","href":"https:\/\/api.w.org\/{rel}","templated":true}]}}