{"id":2744,"date":"2025-12-05T06:21:10","date_gmt":"2025-12-05T06:21:10","guid":{"rendered":"https:\/\/www.lebeipackaging.com\/?post_type=product&#038;p=2744"},"modified":"2025-12-05T06:21:58","modified_gmt":"2025-12-05T06:21:58","slug":"custom-stand-up-pouch-bag-for-dried-fruit-with-zipper","status":"publish","type":"product","link":"https:\/\/www.lebeipackaging.com\/es\/product\/custom-stand-up-pouch-bag-for-dried-fruit-with-zipper\/","title":{"rendered":"Bolsa de pie personalizada para fruta seca con cremallera"},"content":{"rendered":"<h2 class=\"wp-block-heading\">Caracter\u00edsticas de Custom Stand Up Pouch Bag<\/h2>\n\n\n\n<div class=\"wp-block-columns is-layout-flex wp-container-core-columns-is-layout-9d6595d7 wp-block-columns-is-layout-flex\">\n<div class=\"wp-block-column is-layout-flow wp-block-column-is-layout-flow\">\n<p><strong>C\u00f3modo cierre de cremallera<\/strong>: La cremallera incorporada permite volver a cerrarlo f\u00e1cilmente, garantizando que sus alimentos se mantengan frescos y protegidos del aire, la humedad y los contaminantes despu\u00e9s de abrirlo.<\/p>\n\n\n\n<p><strong><strong>Admite personalizaci\u00f3n<\/strong><\/strong>: El tama\u00f1o, el patr\u00f3n de impresi\u00f3n y el logotipo de la marca pueden personalizarse seg\u00fan las necesidades del cliente para crear envases exclusivos y mejorar el reconocimiento de la marca.<\/p>\n\n\n\n<p><strong>Revestimiento UV<\/strong>: La impresi\u00f3n en huecograbado mejorada con UV ofrece resultados visualmente impactantes, con colores m\u00e1s ricos y opacos y un acabado profundo y brillante que aumenta significativamente el impacto visual y la calidad percibida.<\/p>\n\n\n\n<p><strong><strong><strong>Garant\u00eda de seguridad alimentaria<\/strong><\/strong><\/strong>: La bolsa de envasado cumple las normas de seguridad en contacto con alimentos para garantizar que el contenido no se contamine durante el almacenamiento y el transporte, y proteger la salud de los consumidores.<\/p>\n\n\n\n<p><strong>Ventana visual<\/strong>: Una ventana visual en el envase permite a los consumidores ver el producto real, lo que genera confianza y aumenta el atractivo. Proporciona una vista previa clara del producto, reduce la incertidumbre y puede influir significativamente en la decisi\u00f3n de compra.<\/p>\n\n\n\n<p><strong>Ligero y rentable<\/strong>: El dise\u00f1o de la bolsa es ligero pero robusto, lo que reduce los gastos de env\u00edo y ofrece una soluci\u00f3n rentable sin comprometer la calidad ni la protecci\u00f3n.<br><\/p>\n<\/div>\n\n\n\n<div class=\"wp-block-column is-layout-flow wp-block-column-is-layout-flow\">\n<figure class=\"wp-block-image size-full\"><img decoding=\"async\" width=\"640\" height=\"640\" src=\"https:\/\/www.lebeipackaging.com\/wp-content\/uploads\/2025\/11\/Custom-Stand-Up-Pouch-Bags-for-Dried-Fruit-With-Zipper-3.webp\" alt=\"Bolsa personalizada para frutas secas con cremallera 3\" class=\"wp-image-2772\" srcset=\"https:\/\/www.lebeipackaging.com\/wp-content\/uploads\/2025\/11\/Custom-Stand-Up-Pouch-Bags-for-Dried-Fruit-With-Zipper-3.webp 640w, https:\/\/www.lebeipackaging.com\/wp-content\/uploads\/2025\/11\/Custom-Stand-Up-Pouch-Bags-for-Dried-Fruit-With-Zipper-3-300x300.webp 300w, https:\/\/www.lebeipackaging.com\/wp-content\/uploads\/2025\/11\/Custom-Stand-Up-Pouch-Bags-for-Dried-Fruit-With-Zipper-3-150x150.webp 150w, https:\/\/www.lebeipackaging.com\/wp-content\/uploads\/2025\/11\/Custom-Stand-Up-Pouch-Bags-for-Dried-Fruit-With-Zipper-3-12x12.webp 12w, https:\/\/www.lebeipackaging.com\/wp-content\/uploads\/2025\/11\/Custom-Stand-Up-Pouch-Bags-for-Dried-Fruit-With-Zipper-3-600x600.webp 600w, https:\/\/www.lebeipackaging.com\/wp-content\/uploads\/2025\/11\/Custom-Stand-Up-Pouch-Bags-for-Dried-Fruit-With-Zipper-3-100x100.webp 100w\" sizes=\"(max-width: 640px) 100vw, 640px\" \/><\/figure>\n<\/div>\n<\/div>","protected":false},"excerpt":{"rendered":"<p>Bolsa de pie personalizada para frutos secos con cremallera, con material duradero apto para uso alimentario, protecci\u00f3n contra la humedad y dise\u00f1o resellable para un almacenamiento fresco y c\u00f3modo.<\/p>\n<table style=\"border-collapse: collapse; width: 534px; height: 439px;\" border=\"0\" width=\"293\" cellspacing=\"0\" cellpadding=\"0\">\n<tbody>\n<tr style=\"height: 17.00pt;\">\n<td class=\"et2\" style=\"height: 17.00pt; width: 102.45pt;\" width=\"102\" height=\"17\">Fabricante<\/td>\n<td class=\"et2\" style=\"width: 190.80pt;\" width=\"190\">Lebei<\/td>\n<\/tr>\n<tr style=\"height: 35.00pt;\">\n<td class=\"et2\" style=\"height: 35.00pt; width: 102.45pt;\" width=\"102\" height=\"35\">Tipos de bolsas<\/td>\n<td class=\"et3\" style=\"width: 190.80pt;\" width=\"190\">Bolsa Stand Up<\/td>\n<\/tr>\n<tr style=\"height: 35.00pt;\">\n<td class=\"et2\" style=\"height: 35.00pt; width: 102.45pt;\" width=\"102\" height=\"35\">Material<\/td>\n<td class=\"et3\" style=\"width: 190.80pt;\" width=\"190\">PET\/PE o personalizado<\/td>\n<\/tr>\n<tr style=\"height: 35.00pt;\">\n<td class=\"et2\" style=\"height: 35.00pt; width: 102.45pt;\" width=\"102\" height=\"35\">Reportaje especial<\/td>\n<td class=\"et3\" style=\"width: 190.80pt;\" width=\"190\">A prueba de humedad, cremallera superior, muesca de desgarro, parte inferior de pie<\/td>\n<\/tr>\n<tr style=\"height: 35.00pt;\">\n<td class=\"et2\" style=\"height: 35.00pt; width: 102.45pt;\" width=\"102\" height=\"35\">Manipulaci\u00f3n de superficies<\/td>\n<td class=\"et3\" style=\"width: 190.80pt;\" width=\"190\">Impresi\u00f3n en huecograbado<\/td>\n<\/tr>\n<tr style=\"height: 35.00pt;\">\n<td class=\"et2\" style=\"height: 35.00pt; width: 102.45pt;\" width=\"102\" height=\"35\">Color<\/td>\n<td class=\"et3\" style=\"width: 190.80pt;\" width=\"190\">Rojo \/P\u00farpura(Personalizable)<\/td>\n<\/tr>\n<tr style=\"height: 35.00pt;\">\n<td class=\"et2\" style=\"height: 35.00pt; width: 102.45pt;\" width=\"102\" height=\"35\">Utilizaci\u00f3n<\/td>\n<td class=\"et3\" style=\"width: 190.80pt;\" width=\"190\">\u00a0aperitivos, frutos secos, etc.<\/td>\n<\/tr>\n<tr style=\"height: 35.00pt;\">\n<td class=\"et2\" style=\"height: 35.00pt; width: 102.45pt;\" width=\"102\" height=\"35\">MOQ<\/td>\n<td class=\"et3\" style=\"width: 190.80pt;\" width=\"190\">Bolsa personalizada: 10.000 unidades (recomendamos m\u00e1s de 30.000 para un mejor precio)<\/td>\n<\/tr>\n<tr style=\"height: 35.00pt;\">\n<td class=\"et2\" style=\"height: 35.00pt; width: 102.45pt;\" width=\"102\" height=\"35\">Pedido a medida<\/td>\n<td class=\"et3\" style=\"width: 190.80pt;\" width=\"190\">Aceptamos OEM y ODM, Muestras gratuitas<\/td>\n<\/tr>\n<\/tbody>\n<\/table>","protected":false},"featured_media":2773,"comment_status":"closed","ping_status":"closed","template":"","meta":{"_acf_changed":false},"application":[26],"product_brand":[],"product_cat":[41],"product_tag":[],"class_list":{"0":"post-2744","1":"product","2":"type-product","3":"status-publish","4":"has-post-thumbnail","6":"application-custom-nuts-packaging","7":"product_cat-stand-up-pouch-manufacturer","9":"first","10":"instock","11":"shipping-taxable","12":"product-type-simple"},"acf":[],"_links":{"self":[{"href":"https:\/\/www.lebeipackaging.com\/es\/wp-json\/wp\/v2\/product\/2744","targetHints":{"allow":["GET"]}}],"collection":[{"href":"https:\/\/www.lebeipackaging.com\/es\/wp-json\/wp\/v2\/product"}],"about":[{"href":"https:\/\/www.lebeipackaging.com\/es\/wp-json\/wp\/v2\/types\/product"}],"replies":[{"embeddable":true,"href":"https:\/\/www.lebeipackaging.com\/es\/wp-json\/wp\/v2\/comments?post=2744"}],"wp:featuredmedia":[{"embeddable":true,"href":"https:\/\/www.lebeipackaging.com\/es\/wp-json\/wp\/v2\/media\/2773"}],"wp:attachment":[{"href":"https:\/\/www.lebeipackaging.com\/es\/wp-json\/wp\/v2\/media?parent=2744"}],"wp:term":[{"taxonomy":"application","embeddable":true,"href":"https:\/\/www.lebeipackaging.com\/es\/wp-json\/wp\/v2\/application?post=2744"},{"taxonomy":"product_brand","embeddable":true,"href":"https:\/\/www.lebeipackaging.com\/es\/wp-json\/wp\/v2\/product_brand?post=2744"},{"taxonomy":"product_cat","embeddable":true,"href":"https:\/\/www.lebeipackaging.com\/es\/wp-json\/wp\/v2\/product_cat?post=2744"},{"taxonomy":"product_tag","embeddable":true,"href":"https:\/\/www.lebeipackaging.com\/es\/wp-json\/wp\/v2\/product_tag?post=2744"}],"curies":[{"name":"wp","href":"https:\/\/api.w.org\/{rel}","templated":true}]}}