{"id":2780,"date":"2025-12-05T06:29:42","date_gmt":"2025-12-05T06:29:42","guid":{"rendered":"https:\/\/www.lebeipackaging.com\/?post_type=product&#038;p=2780"},"modified":"2025-12-05T06:30:19","modified_gmt":"2025-12-05T06:30:19","slug":"custom-eight-sided-sealed-coffee-bag-with-zipper-and-valve","status":"publish","type":"product","link":"https:\/\/www.lebeipackaging.com\/es\/product\/custom-eight-sided-sealed-coffee-bag-with-zipper-and-valve\/","title":{"rendered":"Bolsa de caf\u00e9 sellada por ocho lados personalizada con cremallera y v\u00e1lvula"},"content":{"rendered":"<h2 class=\"wp-block-heading\">Caracter\u00edsticas de la bolsa de caf\u00e9 personalizada sellada por ocho lados<\/h2>\n\n\n\n<p>Nuestra <strong>bolsas de caf\u00e9 personalizadas con cierre en ocho<\/strong> est\u00e1n dise\u00f1adas para marcas que valoran la frescura, la funcionalidad y el atractivo profesional en el lineal. Fabricadas con una s\u00f3lida estructura de fondo plano y materiales de barrera avanzados, estas bolsas ofrecen la combinaci\u00f3n perfecta de durabilidad y poder de marca.<\/p>\n\n\n\n<p><strong>\u25ce<\/strong> <strong>Estructura plana de primera calidad para una mayor presencia en las estanter\u00edas<\/strong><\/p>\n\n\n\n<p>En <strong>Dise\u00f1o de fondo plano con junta de 8 lados<\/strong> permite que la bolsa se mantenga firme y ordenada en los estantes, creando un aspecto limpio y de caja que eleva instant\u00e1neamente su producto.<br>Perfecto para entornos comerciales en los que la presentaci\u00f3n es importante.<\/p>\n\n\n\n<p><strong>\u25ce Material multicapa de alta barrera para m\u00e1xima frescura.<\/strong><\/p>\n\n\n\n<p>Fabricado con <strong>MOPP\/VMPET\/PE<\/strong> u otras laminaciones personalizables, esta estructura de tres capas proporciona:<\/p>\n\n\n\n<ul class=\"wp-block-list\">\n<li>Protecci\u00f3n superior contra la luz<\/li>\n\n\n\n<li>Fuerte barrera al ox\u00edgeno<\/li>\n\n\n\n<li>Excelente resistencia a la humedad<\/li>\n<\/ul>\n\n\n\n<p>Las pel\u00edculas de alta barrera ayudan a preservar <strong>aroma, sabor y frescura<\/strong> de granos de caf\u00e9 tostados durante per\u00edodos m\u00e1s largos.<\/p>\n\n\n\n<p><strong>\u25ce Funcionalidad dise\u00f1ada para productos de caf\u00e9<\/strong><\/p>\n\n\n\n<p>Para cumplir las normas profesionales de envasado de caf\u00e9, la bolsa admite:<\/p>\n\n\n\n<ul class=\"wp-block-list\">\n<li><strong>Cremallera lateral<\/strong> para un f\u00e1cil resellado<\/li>\n\n\n\n<li><strong>V\u00e1lvula desgasificadora unidireccional<\/strong> para liberar CO\u2082 e impedir la entrada de ox\u00edgeno.<\/li>\n<\/ul>\n\n\n\n<p>Estas caracter\u00edsticas garantizan que su caf\u00e9 se mantenga fresco desde el momento en que se envasa hasta la \u00faltima taza.<\/p>\n\n\n\n<p><strong>\u25ce Totalmente adaptable a su marca<\/strong><\/p>\n\n\n\n<p>Cree envases que representen realmente su marca.<br>La personalizaci\u00f3n incluye:<\/p>\n\n\n\n<ul class=\"wp-block-list\">\n<li>Tama\u00f1o y grosor<\/li>\n\n\n\n<li>Materiales y opciones de barrera<\/li>\n\n\n\n<li>Dise\u00f1o de impresi\u00f3n (hasta 12 colores de huecograbado)<\/li>\n\n\n\n<li>Logotipo e identidad visual<\/li>\n\n\n\n<li>Acabados mate, brillante o suave al tacto<\/li>\n\n\n\n<li>Estilos de ventana y cremallera<\/li>\n<\/ul>\n\n\n\n<p>Nuestra impresi\u00f3n en huecograbado de alta precisi\u00f3n garantiza colores vivos y gr\u00e1ficos de calidad profesional para que su producto destaque.<\/p>\n\n\n\n<h3 class=\"wp-block-heading\"><strong>\u00bfPor qu\u00e9 elegir nuestras bolsas de caf\u00e9 personalizadas?<\/strong><\/h3>\n\n\n\n<p>Env\u00edo internacional disponible<\/p>\n\n\n\n<p>M\u00e1s de 29 a\u00f1os de experiencia en fabricaci\u00f3n<\/p>\n\n\n\n<p>Materiales certificados de calidad alimentaria<\/p>\n\n\n\n<p>Estructura de alta barrera para prolongar la vida \u00fatil<\/p>\n\n\n\n<p>Entrega r\u00e1pida y MOQ flexible<\/p>\n\n\n\n<div class=\"wp-block-columns is-layout-flex wp-container-core-columns-is-layout-9d6595d7 wp-block-columns-is-layout-flex\">\n<div class=\"wp-block-column is-layout-flow wp-block-column-is-layout-flow\">\n<figure class=\"wp-block-image size-full\"><img decoding=\"async\" width=\"640\" height=\"640\" src=\"https:\/\/www.lebeipackaging.com\/wp-content\/uploads\/2025\/12\/Custom-Eight-sided-sealed-coffee-bag.jpg\" alt=\"Bolsa de caf\u00e9 personalizada sellada por las ocho caras\" class=\"wp-image-2808\" srcset=\"https:\/\/www.lebeipackaging.com\/wp-content\/uploads\/2025\/12\/Custom-Eight-sided-sealed-coffee-bag.jpg 640w, https:\/\/www.lebeipackaging.com\/wp-content\/uploads\/2025\/12\/Custom-Eight-sided-sealed-coffee-bag-300x300.jpg 300w, https:\/\/www.lebeipackaging.com\/wp-content\/uploads\/2025\/12\/Custom-Eight-sided-sealed-coffee-bag-150x150.jpg 150w, https:\/\/www.lebeipackaging.com\/wp-content\/uploads\/2025\/12\/Custom-Eight-sided-sealed-coffee-bag-12x12.jpg 12w, https:\/\/www.lebeipackaging.com\/wp-content\/uploads\/2025\/12\/Custom-Eight-sided-sealed-coffee-bag-600x600.jpg 600w, https:\/\/www.lebeipackaging.com\/wp-content\/uploads\/2025\/12\/Custom-Eight-sided-sealed-coffee-bag-100x100.jpg 100w\" sizes=\"(max-width: 640px) 100vw, 640px\" \/><\/figure>\n\n\n\n<h2 class=\"wp-block-heading has-text-align-center\"><strong>Impresi\u00f3n personalizada<\/strong><\/h2>\n\n\n\n<p class=\"has-text-align-center\">D\u00e9 a su caf\u00e9 el envoltorio que se merece - <strong>protecci\u00f3n premium con marca premium<\/strong>.<br><strong>P\u00f3ngase en contacto con nosotros hoy mismo para obtener un presupuesto gratuito y muestras personalizadas.<\/strong><\/p>\n<\/div>\n<\/div>\n\n\n\n<p><\/p>","protected":false},"excerpt":{"rendered":"<p>Bolsa de caf\u00e9 personalizada sellada por 8 lados con cremallera y v\u00e1lvula: dise\u00f1ada para mantener la frescura, creada para la marca. La elecci\u00f3n perfecta para envasar caf\u00e9 de primera calidad.<\/p>\n<table style=\"border-collapse: collapse; width: 518px; height: 318px;\" border=\"0\" width=\"293\" cellspacing=\"0\" cellpadding=\"0\">\n<tbody>\n<tr style=\"height: 17.00pt;\">\n<td class=\"et2\" style=\"height: 17.00pt; width: 102.45pt;\" width=\"102\" height=\"17\">Fabricante<\/td>\n<td class=\"et2\" style=\"width: 190.80pt;\" width=\"190\">Lebei<\/td>\n<\/tr>\n<tr style=\"height: 17.00pt;\">\n<td class=\"et2\" style=\"height: 17.00pt; width: 102.45pt;\" width=\"102\" height=\"17\">Tipos de bolsas<\/td>\n<td class=\"et3\" style=\"width: 190.80pt;\" width=\"190\">8 Bolsa de fondo plano con cierre lateral<\/td>\n<\/tr>\n<tr style=\"height: 17.00pt;\">\n<td class=\"et2\" style=\"height: 17.00pt; width: 102.45pt;\" width=\"102\" height=\"17\">Material<\/td>\n<td class=\"et3\" style=\"width: 190.80pt;\" width=\"190\">MOPP\/VMPET\/PE o personalizado<\/td>\n<\/tr>\n<tr style=\"height: 17.00pt;\">\n<td class=\"et2\" style=\"height: 17.00pt; width: 102.45pt;\" width=\"102\" height=\"17\">Reportaje especial<\/td>\n<td class=\"et3\" style=\"width: 190.80pt;\" width=\"190\">Cremallera superior , v\u00e1lvula unidireccional<\/td>\n<\/tr>\n<tr style=\"height: 17.00pt;\">\n<td class=\"et2\" style=\"height: 17.00pt; width: 102.45pt;\" width=\"102\" height=\"17\">Manipulaci\u00f3n de superficies<\/td>\n<td class=\"et3\" style=\"width: 190.80pt;\" width=\"190\">Impresi\u00f3n en huecograbado<\/td>\n<\/tr>\n<tr style=\"height: 17.00pt;\">\n<td class=\"et2\" style=\"height: 17.00pt; width: 102.45pt;\" width=\"102\" height=\"17\">Color<\/td>\n<td class=\"et3\" style=\"width: 190.80pt;\" width=\"190\">Personalizable<\/td>\n<\/tr>\n<tr style=\"height: 17.00pt;\">\n<td class=\"et2\" style=\"height: 17.00pt; width: 102.45pt;\" width=\"102\" height=\"17\">Utilizaci\u00f3n<\/td>\n<td class=\"et3\" style=\"width: 190.80pt;\" width=\"190\">Bolsas para envasado de alimentos (especias, cereales, etc.)<\/td>\n<\/tr>\n<tr style=\"height: 34.00pt;\">\n<td class=\"et2\" style=\"height: 34.00pt; width: 102.45pt;\" width=\"102\" height=\"34\">MOQ<\/td>\n<td class=\"et3\" style=\"width: 190.80pt;\" width=\"190\">Bolsa personalizada: 10.000 unidades (recomendamos m\u00e1s de 30.000 para un mejor precio)<\/td>\n<\/tr>\n<tr style=\"height: 34.00pt;\">\n<td class=\"et2\" style=\"height: 34.00pt; width: 102.45pt;\" width=\"102\" height=\"34\">Pedido a medida<\/td>\n<td class=\"et3\" style=\"width: 190.80pt;\" width=\"190\">Aceptamos OEM y ODM, Muestras gratuitas<\/td>\n<\/tr>\n<\/tbody>\n<\/table>","protected":false},"featured_media":2782,"comment_status":"closed","ping_status":"closed","template":"","meta":{"_acf_changed":false},"application":[20],"product_brand":[],"product_cat":[40],"product_tag":[],"class_list":{"0":"post-2780","1":"product","2":"type-product","3":"status-publish","4":"has-post-thumbnail","6":"application-custom-coffee-packaging-bag","7":"product_cat-custom-flat-bottom-pouch","9":"first","10":"instock","11":"shipping-taxable","12":"product-type-simple"},"acf":[],"_links":{"self":[{"href":"https:\/\/www.lebeipackaging.com\/es\/wp-json\/wp\/v2\/product\/2780","targetHints":{"allow":["GET"]}}],"collection":[{"href":"https:\/\/www.lebeipackaging.com\/es\/wp-json\/wp\/v2\/product"}],"about":[{"href":"https:\/\/www.lebeipackaging.com\/es\/wp-json\/wp\/v2\/types\/product"}],"replies":[{"embeddable":true,"href":"https:\/\/www.lebeipackaging.com\/es\/wp-json\/wp\/v2\/comments?post=2780"}],"wp:featuredmedia":[{"embeddable":true,"href":"https:\/\/www.lebeipackaging.com\/es\/wp-json\/wp\/v2\/media\/2782"}],"wp:attachment":[{"href":"https:\/\/www.lebeipackaging.com\/es\/wp-json\/wp\/v2\/media?parent=2780"}],"wp:term":[{"taxonomy":"application","embeddable":true,"href":"https:\/\/www.lebeipackaging.com\/es\/wp-json\/wp\/v2\/application?post=2780"},{"taxonomy":"product_brand","embeddable":true,"href":"https:\/\/www.lebeipackaging.com\/es\/wp-json\/wp\/v2\/product_brand?post=2780"},{"taxonomy":"product_cat","embeddable":true,"href":"https:\/\/www.lebeipackaging.com\/es\/wp-json\/wp\/v2\/product_cat?post=2780"},{"taxonomy":"product_tag","embeddable":true,"href":"https:\/\/www.lebeipackaging.com\/es\/wp-json\/wp\/v2\/product_tag?post=2780"}],"curies":[{"name":"wp","href":"https:\/\/api.w.org\/{rel}","templated":true}]}}