{"id":2842,"date":"2026-01-03T01:52:48","date_gmt":"2026-01-03T01:52:48","guid":{"rendered":"https:\/\/www.lebeipackaging.com\/?post_type=product&#038;p=2842"},"modified":"2026-01-03T01:52:53","modified_gmt":"2026-01-03T01:52:53","slug":"wholesale-festive-stand-up-pouch","status":"publish","type":"product","link":"https:\/\/www.lebeipackaging.com\/es\/product\/wholesale-festive-stand-up-pouch\/","title":{"rendered":"Venta al por mayor Bolsas festivas para alimentos con ventana transparente"},"content":{"rendered":"<h2 class=\"wp-block-heading\">Caracter\u00edsticas de Festive Stand Up Pouch<\/h2>\n\n\n\n<div class=\"wp-block-columns is-layout-flex wp-container-core-columns-is-layout-9d6595d7 wp-block-columns-is-layout-flex\">\n<div class=\"wp-block-column is-layout-flow wp-block-column-is-layout-flow\">\n<p><strong><strong>Cautivadora forma novedosa<\/strong><\/strong><br>Dise\u00f1ada con la auspiciosa forma de un tradicional \"lingote\" (sicena de oro), esta exclusiva bolsa destaca al instante en las estanter\u00edas. Su forma distintiva atrae la atenci\u00f3n, aumenta el valor percibido y crea una experiencia inolvidable al abrir la caja.<\/p>\n\n\n\n<p><strong>Ventana frontal transparente&nbsp;<\/strong><br>La ventana transparente de alta claridad (fabricada en PET apto para alimentos) permite identificar al instante el contenido interior (aperitivos, caramelos, frutos secos, etc.) sin tener que abrir el precinto, lo que ahorra tiempo y reduce la exposici\u00f3n innecesaria al aire.<\/p>\n\n\n\n<p><strong>Reutilizable y con cierre herm\u00e9tico<\/strong><br>Equipado con un cierre de cremallera de alta resistencia que mantiene la frescura, bloquea la humedad y evita las fugas (ideal para almacenar alimentos semih\u00famedos como la cecina o los frutos secos recubiertos). <\/p>\n\n\n\n<p><strong><strong><strong>Dise\u00f1o funcional y de calidad<\/strong><\/strong><\/strong><br>Aunque tiene una forma \u00fanica, sigue siendo muy funcional. Ofrecemos opciones con un fondo plano estable para facilitar la exposici\u00f3n (posibilidad de colocaci\u00f3n de pie). Fabricado con l\u00e1minas de alta calidad, garantiza excelentes propiedades de barrera para proteger sus productos en el interior.<\/p>\n\n\n\n<p><strong><strong>Perfecto para envases festivos y de regalo<\/strong><\/strong><br>Simbolizando la riqueza y la prosperidad, la Bolsa Fortuna de Lingotes es la elecci\u00f3n ideal para el A\u00f1o Nuevo Lunar, las fiestas, las promociones o el envasado de regalos de primera calidad. Transmite de forma natural bendiciones y celebraciones, reforzando la conexi\u00f3n festiva de su marca.<\/p>\n\n\n\n<p>.<\/p>\n<\/div>\n\n\n\n<div class=\"wp-block-column is-layout-flow wp-block-column-is-layout-flow\">\n<div class=\"wp-block-columns is-layout-flex wp-container-core-columns-is-layout-9d6595d7 wp-block-columns-is-layout-flex\">\n<div class=\"wp-block-column is-layout-flow wp-block-column-is-layout-flow\">\n<figure class=\"wp-block-image size-full\"><img decoding=\"async\" width=\"800\" height=\"800\" src=\"https:\/\/www.lebeipackaging.com\/wp-content\/uploads\/2025\/12\/Wholesale-Festive-Stand-Up-Pouch-Food-Storage-Bags-With-Transparent-Window-2.webp\" alt=\"Mayorista-Festivo-Stand-Up-Pouch-Bolsas-Alimento-Con-Ventana-Transparente-2\" class=\"wp-image-2844\" srcset=\"https:\/\/www.lebeipackaging.com\/wp-content\/uploads\/2025\/12\/Wholesale-Festive-Stand-Up-Pouch-Food-Storage-Bags-With-Transparent-Window-2.webp 800w, https:\/\/www.lebeipackaging.com\/wp-content\/uploads\/2025\/12\/Wholesale-Festive-Stand-Up-Pouch-Food-Storage-Bags-With-Transparent-Window-2-300x300.webp 300w, https:\/\/www.lebeipackaging.com\/wp-content\/uploads\/2025\/12\/Wholesale-Festive-Stand-Up-Pouch-Food-Storage-Bags-With-Transparent-Window-2-150x150.webp 150w, https:\/\/www.lebeipackaging.com\/wp-content\/uploads\/2025\/12\/Wholesale-Festive-Stand-Up-Pouch-Food-Storage-Bags-With-Transparent-Window-2-768x768.webp 768w, https:\/\/www.lebeipackaging.com\/wp-content\/uploads\/2025\/12\/Wholesale-Festive-Stand-Up-Pouch-Food-Storage-Bags-With-Transparent-Window-2-12x12.webp 12w, https:\/\/www.lebeipackaging.com\/wp-content\/uploads\/2025\/12\/Wholesale-Festive-Stand-Up-Pouch-Food-Storage-Bags-With-Transparent-Window-2-600x600.webp 600w, https:\/\/www.lebeipackaging.com\/wp-content\/uploads\/2025\/12\/Wholesale-Festive-Stand-Up-Pouch-Food-Storage-Bags-With-Transparent-Window-2-100x100.webp 100w\" sizes=\"(max-width: 800px) 100vw, 800px\" \/><\/figure>\n<\/div>\n<\/div>\n<\/div>\n<\/div>\n\n\n\n<div class=\"wp-block-columns is-layout-flex wp-container-core-columns-is-layout-9d6595d7 wp-block-columns-is-layout-flex\">\n<div class=\"wp-block-column is-layout-flow wp-block-column-is-layout-flow\">\n<figure class=\"wp-block-image size-full\"><img decoding=\"async\" width=\"800\" height=\"800\" src=\"https:\/\/www.lebeipackaging.com\/wp-content\/uploads\/2025\/12\/Wholesale-Festive-Stand-Up-Pouch-Food-Storage-Bags-With-Transparent-Window-5.webp\" alt=\"\" class=\"wp-image-2847\" srcset=\"https:\/\/www.lebeipackaging.com\/wp-content\/uploads\/2025\/12\/Wholesale-Festive-Stand-Up-Pouch-Food-Storage-Bags-With-Transparent-Window-5.webp 800w, https:\/\/www.lebeipackaging.com\/wp-content\/uploads\/2025\/12\/Wholesale-Festive-Stand-Up-Pouch-Food-Storage-Bags-With-Transparent-Window-5-300x300.webp 300w, https:\/\/www.lebeipackaging.com\/wp-content\/uploads\/2025\/12\/Wholesale-Festive-Stand-Up-Pouch-Food-Storage-Bags-With-Transparent-Window-5-150x150.webp 150w, https:\/\/www.lebeipackaging.com\/wp-content\/uploads\/2025\/12\/Wholesale-Festive-Stand-Up-Pouch-Food-Storage-Bags-With-Transparent-Window-5-768x768.webp 768w, https:\/\/www.lebeipackaging.com\/wp-content\/uploads\/2025\/12\/Wholesale-Festive-Stand-Up-Pouch-Food-Storage-Bags-With-Transparent-Window-5-12x12.webp 12w, https:\/\/www.lebeipackaging.com\/wp-content\/uploads\/2025\/12\/Wholesale-Festive-Stand-Up-Pouch-Food-Storage-Bags-With-Transparent-Window-5-600x600.webp 600w, https:\/\/www.lebeipackaging.com\/wp-content\/uploads\/2025\/12\/Wholesale-Festive-Stand-Up-Pouch-Food-Storage-Bags-With-Transparent-Window-5-100x100.webp 100w\" sizes=\"(max-width: 800px) 100vw, 800px\" \/><\/figure>\n<\/div>\n\n\n\n<div class=\"wp-block-column is-layout-flow wp-block-column-is-layout-flow\">\n<figure class=\"wp-block-image size-full\"><img decoding=\"async\" width=\"800\" height=\"800\" src=\"https:\/\/www.lebeipackaging.com\/wp-content\/uploads\/2025\/12\/Wholesale-Festive-Stand-Up-Pouch-Food-Storage-Bags-With-Transparent-Window-6.webp\" alt=\"\" class=\"wp-image-2848\" srcset=\"https:\/\/www.lebeipackaging.com\/wp-content\/uploads\/2025\/12\/Wholesale-Festive-Stand-Up-Pouch-Food-Storage-Bags-With-Transparent-Window-6.webp 800w, https:\/\/www.lebeipackaging.com\/wp-content\/uploads\/2025\/12\/Wholesale-Festive-Stand-Up-Pouch-Food-Storage-Bags-With-Transparent-Window-6-300x300.webp 300w, https:\/\/www.lebeipackaging.com\/wp-content\/uploads\/2025\/12\/Wholesale-Festive-Stand-Up-Pouch-Food-Storage-Bags-With-Transparent-Window-6-150x150.webp 150w, https:\/\/www.lebeipackaging.com\/wp-content\/uploads\/2025\/12\/Wholesale-Festive-Stand-Up-Pouch-Food-Storage-Bags-With-Transparent-Window-6-768x768.webp 768w, https:\/\/www.lebeipackaging.com\/wp-content\/uploads\/2025\/12\/Wholesale-Festive-Stand-Up-Pouch-Food-Storage-Bags-With-Transparent-Window-6-12x12.webp 12w, https:\/\/www.lebeipackaging.com\/wp-content\/uploads\/2025\/12\/Wholesale-Festive-Stand-Up-Pouch-Food-Storage-Bags-With-Transparent-Window-6-600x600.webp 600w, https:\/\/www.lebeipackaging.com\/wp-content\/uploads\/2025\/12\/Wholesale-Festive-Stand-Up-Pouch-Food-Storage-Bags-With-Transparent-Window-6-100x100.webp 100w\" sizes=\"(max-width: 800px) 100vw, 800px\" \/><\/figure>\n<\/div>\n<\/div>\n\n\n\n<div class=\"wp-block-columns is-layout-flex wp-container-core-columns-is-layout-9d6595d7 wp-block-columns-is-layout-flex\">\n<div class=\"wp-block-column is-layout-flow wp-block-column-is-layout-flow\">\n<h2 class=\"wp-block-heading\">Tama\u00f1o del producto<br><\/h2>\n\n\n\n<figure class=\"wp-block-table\"><table class=\"has-fixed-layout\"><tbody><tr><td>Talla<br>(cm)<\/td><td>Embalaje (unidades\/paquete)<\/td><td>Embalaje (uds\/ctn)<\/td><td>Peso<br>(kg\/ctn)<\/td><td>Tama\u00f1o tn<br>(cm)<\/td><\/tr><tr><td>16*22+3,5cm*2<\/td><td>100<\/td><td>\/<\/td><td>\/<\/td><td>\/<\/td><\/tr><\/tbody><\/table><\/figure>\n\n\n\n<p><br><\/p>\n<\/div>\n<\/div>\n\n\n\n<p><\/p>","protected":false},"excerpt":{"rendered":"<article class=\"text-token-text-primary w-full\" dir=\"auto\" data-testid=\"conversation-turn-2\" data-scroll-anchor=\"true\">\n<div class=\"text-base my-auto mx-auto py-5 [--thread-content-margin:--spacing(4)] @[37rem]:[--thread-content-margin:--spacing(6)] @[72rem]:[--thread-content-margin:--spacing(16)] px-(--thread-content-margin)\">\n<div class=\"[--thread-content-max-width:32rem] @[34rem]:[--thread-content-max-width:40rem] @[64rem]:[--thread-content-max-width:48rem] mx-auto flex max-w-(--thread-content-max-width) flex-1 text-base gap-4 md:gap-5 lg:gap-6 group\/turn-messages focus-visible:outline-hidden\">\n<div class=\"group\/conversation-turn relative flex w-full min-w-0 flex-col agent-turn\">\n<div class=\"relative flex-col gap-1 md:gap-3\">\n<div class=\"flex max-w-full flex-col grow\">\n<div class=\"min-h-8 text-message relative flex w-full flex-col items-end gap-2 text-start break-words whitespace-normal [.text-message+&amp;]:mt-5\" dir=\"auto\" data-message-author-role=\"assistant\" data-message-id=\"601dc105-1a20-4d41-b026-a096271ed355\" data-message-model-slug=\"gpt-4-1-mini\">\n<div class=\"flex w-full flex-col gap-1 empty:hidden first:pt-[3px]\">\n<div class=\"markdown prose dark:prose-invert w-full break-words light\">\n<article class=\"text-token-text-primary w-full\" dir=\"auto\" data-testid=\"conversation-turn-26\" data-scroll-anchor=\"true\">\n<div class=\"text-base my-auto mx-auto py-5 [--thread-content-margin:--spacing(4)] @[37rem]:[--thread-content-margin:--spacing(6)] @[72rem]:[--thread-content-margin:--spacing(16)] px-(--thread-content-margin)\">\n<div class=\"[--thread-content-max-width:32rem] @[34rem]:[--thread-content-max-width:40rem] @[64rem]:[--thread-content-max-width:48rem] mx-auto flex max-w-(--thread-content-max-width) flex-1 text-base gap-4 md:gap-5 lg:gap-6 group\/turn-messages focus-visible:outline-hidden\">\n<div class=\"group\/conversation-turn relative flex w-full min-w-0 flex-col agent-turn\">\n<div class=\"relative flex-col gap-1 md:gap-3\">\n<div class=\"flex max-w-full flex-col grow\">\n<div class=\"min-h-8 text-message relative flex w-full flex-col items-end gap-2 text-start break-words whitespace-normal [.text-message+&amp;]:mt-5\" dir=\"auto\" data-message-author-role=\"assistant\" data-message-id=\"d05c8187-775a-4e42-8061-4ac971d5f547\" data-message-model-slug=\"gpt-4-1-mini\">\n<div class=\"flex w-full flex-col gap-1 empty:hidden first:pt-[3px]\">\n<div class=\"markdown prose dark:prose-invert w-full break-words light\">\n<p data-start=\"27\" data-end=\"277\">Wholesale festive stand up pouch with a transparent window. Perfect for storing snacks, candies, nuts, dried fruits, cookies, spices, etc. Ideal for home kitchen organization, picnic, travel, or as a cute gift for food lovers.<\/p>\n<\/div>\n<\/div>\n<\/div>\n<\/div>\n<\/div>\n<\/div>\n<\/div>\n<\/div>\n<\/article>\n<\/div>\n<\/div>\n<\/div>\n<\/div>\n<\/div>\n<\/div>\n<\/div>\n<\/div>\n<\/article>\n<table style=\"border-collapse: collapse; width: 518px; height: 318px;\" border=\"0\" width=\"293\" cellspacing=\"0\" cellpadding=\"0\">\n<tbody>\n<tr style=\"height: 17.00pt;\">\n<td class=\"et2\" style=\"height: 17.00pt; width: 102.45pt;\" width=\"102\" height=\"17\">Manufacturer<\/td>\n<td class=\"et2\" style=\"width: 190.80pt;\" width=\"190\">Lebei<\/td>\n<\/tr>\n<tr style=\"height: 17.00pt;\">\n<td class=\"et2\" style=\"height: 17.00pt; width: 102.45pt;\" width=\"102\" height=\"17\">Pouch Types<\/td>\n<td class=\"et3\" style=\"width: 190.80pt;\" width=\"190\">Shaped Pouches(Stand Up Pouch)<\/td>\n<\/tr>\n<tr style=\"height: 17.00pt;\">\n<td class=\"et2\" style=\"height: 17.00pt; width: 102.45pt;\" width=\"102\" height=\"17\">Material<\/td>\n<td class=\"et3\" style=\"width: 190.80pt;\" width=\"190\">BOPP\/PET\/CPP\u00a0<\/td>\n<\/tr>\n<tr style=\"height: 17.00pt;\">\n<td class=\"et2\" style=\"height: 17.00pt; width: 102.45pt;\" width=\"102\" height=\"17\">Sealing &amp; Handle<\/td>\n<td class=\"et3\" style=\"width: 190.80pt;\" width=\"190\">Zipper Top<\/td>\n<\/tr>\n<tr style=\"height: 17.00pt;\">\n<td class=\"et2\" style=\"height: 17.00pt; width: 102.45pt;\" width=\"102\" height=\"17\">Feature<\/td>\n<td class=\"et3\" style=\"width: 190.80pt;\" width=\"190\">Moisture Proof<\/td>\n<\/tr>\n<tr style=\"height: 17.00pt;\">\n<td class=\"et2\" style=\"height: 17.00pt; width: 102.45pt;\" width=\"102\" height=\"17\">Thickness(one side)<\/td>\n<td class=\"et3\" style=\"width: 190.80pt;\" width=\"190\">100mic<\/td>\n<\/tr>\n<tr style=\"height: 17.00pt;\">\n<td class=\"et2\" style=\"height: 17.00pt; width: 102.45pt;\" width=\"102\" height=\"17\">Usage<\/td>\n<td class=\"et3\" style=\"width: 190.80pt;\" width=\"190\">Candy and Snack Packaging<\/td>\n<\/tr>\n<tr style=\"height: 34.00pt;\">\n<td class=\"et2\" style=\"height: 34.00pt; width: 102.45pt;\" width=\"102\" height=\"34\">MOQ<\/td>\n<td class=\"et3\" style=\"width: 190.80pt;\" width=\"190\">Mix Items, Total 5000 Pieces<\/td>\n<\/tr>\n<tr style=\"height: 34.00pt;\">\n<td class=\"et2\" style=\"height: 34.00pt; width: 102.45pt;\" width=\"102\" height=\"34\">Sample<\/td>\n<td class=\"et3\" style=\"width: 190.80pt;\" width=\"190\">1-2 Days (Free)<\/td>\n<\/tr>\n<\/tbody>\n<\/table>\n","protected":false},"featured_media":2843,"comment_status":"closed","ping_status":"closed","template":"","meta":{"_acf_changed":false},"application":[],"product_brand":[],"product_cat":[50,41,35],"product_tag":[43],"class_list":{"0":"post-2842","1":"product","2":"type-product","3":"status-publish","4":"has-post-thumbnail","6":"product_cat-ready-to-ship-pouches","7":"product_cat-stand-up-pouch-manufacturer","8":"product_cat-shaped-pouches-factory","9":"product_tag-shape-pouch","11":"first","12":"instock","13":"shipping-taxable","14":"product-type-simple"},"acf":[],"_links":{"self":[{"href":"https:\/\/www.lebeipackaging.com\/es\/wp-json\/wp\/v2\/product\/2842","targetHints":{"allow":["GET"]}}],"collection":[{"href":"https:\/\/www.lebeipackaging.com\/es\/wp-json\/wp\/v2\/product"}],"about":[{"href":"https:\/\/www.lebeipackaging.com\/es\/wp-json\/wp\/v2\/types\/product"}],"replies":[{"embeddable":true,"href":"https:\/\/www.lebeipackaging.com\/es\/wp-json\/wp\/v2\/comments?post=2842"}],"wp:featuredmedia":[{"embeddable":true,"href":"https:\/\/www.lebeipackaging.com\/es\/wp-json\/wp\/v2\/media\/2843"}],"wp:attachment":[{"href":"https:\/\/www.lebeipackaging.com\/es\/wp-json\/wp\/v2\/media?parent=2842"}],"wp:term":[{"taxonomy":"application","embeddable":true,"href":"https:\/\/www.lebeipackaging.com\/es\/wp-json\/wp\/v2\/application?post=2842"},{"taxonomy":"product_brand","embeddable":true,"href":"https:\/\/www.lebeipackaging.com\/es\/wp-json\/wp\/v2\/product_brand?post=2842"},{"taxonomy":"product_cat","embeddable":true,"href":"https:\/\/www.lebeipackaging.com\/es\/wp-json\/wp\/v2\/product_cat?post=2842"},{"taxonomy":"product_tag","embeddable":true,"href":"https:\/\/www.lebeipackaging.com\/es\/wp-json\/wp\/v2\/product_tag?post=2842"}],"curies":[{"name":"wp","href":"https:\/\/api.w.org\/{rel}","templated":true}]}}