{"id":290,"date":"2025-05-28T01:03:31","date_gmt":"2025-05-28T01:03:31","guid":{"rendered":"https:\/\/www.lebeipackaging.com\/?post_type=product&#038;p=290"},"modified":"2025-05-28T01:44:53","modified_gmt":"2025-05-28T01:44:53","slug":"custom-printing-stand-up-pouches-wholesale-for-nuts","status":"publish","type":"product","link":"https:\/\/www.lebeipackaging.com\/es\/product\/custom-printing-stand-up-pouches-wholesale-for-nuts\/","title":{"rendered":"Impresi\u00f3n personalizada de bolsas al por mayor para frutos secos"},"content":{"rendered":"<h2 class=\"wp-block-heading\">Caracter\u00edsticas de la impresi\u00f3n personalizada de bolsas de pie al por mayor<\/h2>\n\n\n\n<p><strong>Material multicapa resistente a la humedad<\/strong><br>La estructura compuesta de tres capas de PET\/VMPET\/PE es resistente y altamente barrera y puede impedir completamente la penetraci\u00f3n del aire, la humedad y la luz, garantizando que los frutos secos no se oxiden ni se humedezcan durante el almacenamiento y el transporte, y que se mantengan el sabor y el gusto originales.<\/p>\n\n\n\n<p><strong>Dise\u00f1o aut\u00f3nomo y estable<\/strong><br>El dise\u00f1o de fondo m\u00e1s ancho permite que la bolsa de envasado se levante de forma independiente sin ning\u00fan tipo de soporte, lo que resulta ideal para la exposici\u00f3n en estanter\u00edas de supermercados, escaparates de comercio electr\u00f3nico o exposiciones, mejorando el atractivo profesional y visual del envasado en general.<\/p>\n\n\n\n<p><strong>Escaparate transparente<\/strong><br>La ventana transparente formada en el cuerpo de la bolsa permite a los clientes ver intuitivamente la mercanc\u00eda que hay en su interior, establece la confianza de compra, y es especialmente adecuada para mostrar la calidad, granularidad y frescura de los frutos secos, lo que puede hacer que el producto resulte m\u00e1s convincente.<\/p>\n\n\n\n<p><strong>Apertura f\u00e1cil y cremallera con precinto<\/strong><br>El dise\u00f1o de apertura simple en forma de letra \"U\" con dise\u00f1o humanizado facilita la apertura de la bolsa de envasado; una cremallera sellada en la parte superior, que puede abrirse y cerrarse repetidamente, es conveniente para el uso repetido y tambi\u00e9n a\u00f1ade vida \u00fatil a los frutos secos, mejorando la experiencia del usuario.<\/p>\n\n\n\n<p><strong>Admite personalizaci\u00f3n exclusiva<\/strong><br>Se puede ofrecer una gran variedad de personalizaciones con el tama\u00f1o, el grosor, el dise\u00f1o de impresi\u00f3n y el logotipo de la marca. El proceso de impresi\u00f3n en huecograbado puede producir im\u00e1genes de alta calidad, y los clientes pueden dise\u00f1ar sus propios envases de marca y mejorar la competitividad en el mercado.<\/p>\n\n\n\n<p><strong>Garant\u00eda de seguridad alimentaria<\/strong><br>El producto se someti\u00f3 a muchos certificados internacionales de seguridad alimentaria como BRC, ISO, QS, HACCP, etc., y cumple con el alto nivel de las normas de envasado de alimentos en el mercado internacional.<\/p>\n\n\n\n<div class=\"wp-block-columns is-layout-flex wp-container-core-columns-is-layout-9d6595d7 wp-block-columns-is-layout-flex\">\n<div class=\"wp-block-column is-layout-flow wp-block-column-is-layout-flow\">\n<figure class=\"wp-block-image size-full\"><img decoding=\"async\" width=\"640\" height=\"640\" src=\"https:\/\/www.lebeipackaging.com\/wp-content\/uploads\/2025\/05\/Custom-Printing-Stand-Up-Pouches-Wholesale-For-Nuts4.webp\" alt=\"Impresi\u00f3n personalizada de bolsas al por mayor para frutos secos4\" class=\"wp-image-313\" srcset=\"https:\/\/www.lebeipackaging.com\/wp-content\/uploads\/2025\/05\/Custom-Printing-Stand-Up-Pouches-Wholesale-For-Nuts4.webp 640w, https:\/\/www.lebeipackaging.com\/wp-content\/uploads\/2025\/05\/Custom-Printing-Stand-Up-Pouches-Wholesale-For-Nuts4-300x300.webp 300w, https:\/\/www.lebeipackaging.com\/wp-content\/uploads\/2025\/05\/Custom-Printing-Stand-Up-Pouches-Wholesale-For-Nuts4-150x150.webp 150w, https:\/\/www.lebeipackaging.com\/wp-content\/uploads\/2025\/05\/Custom-Printing-Stand-Up-Pouches-Wholesale-For-Nuts4-600x600.webp 600w, https:\/\/www.lebeipackaging.com\/wp-content\/uploads\/2025\/05\/Custom-Printing-Stand-Up-Pouches-Wholesale-For-Nuts4-100x100.webp 100w\" sizes=\"(max-width: 640px) 100vw, 640px\" \/><\/figure>\n\n\n\n<h2 class=\"wp-block-heading\"><strong>Forma de U y cremallera<\/strong><\/h2>\n\n\n\n<p>F\u00e1cil de abrir , corte para abrir la bolsa f\u00e1cilmente por el usuario<\/p>\n<\/div>\n\n\n\n<div class=\"wp-block-column is-layout-flow wp-block-column-is-layout-flow\">\n<figure class=\"wp-block-image size-full\"><img decoding=\"async\" width=\"640\" height=\"640\" src=\"https:\/\/www.lebeipackaging.com\/wp-content\/uploads\/2025\/05\/Custom-Printing-Stand-Up-Pouches-Wholesale-For-Nuts3.webp\" alt=\"Impresi\u00f3n personalizada de bolsas al por mayor para frutos secos3\" class=\"wp-image-312\" srcset=\"https:\/\/www.lebeipackaging.com\/wp-content\/uploads\/2025\/05\/Custom-Printing-Stand-Up-Pouches-Wholesale-For-Nuts3.webp 640w, https:\/\/www.lebeipackaging.com\/wp-content\/uploads\/2025\/05\/Custom-Printing-Stand-Up-Pouches-Wholesale-For-Nuts3-300x300.webp 300w, https:\/\/www.lebeipackaging.com\/wp-content\/uploads\/2025\/05\/Custom-Printing-Stand-Up-Pouches-Wholesale-For-Nuts3-150x150.webp 150w, https:\/\/www.lebeipackaging.com\/wp-content\/uploads\/2025\/05\/Custom-Printing-Stand-Up-Pouches-Wholesale-For-Nuts3-600x600.webp 600w, https:\/\/www.lebeipackaging.com\/wp-content\/uploads\/2025\/05\/Custom-Printing-Stand-Up-Pouches-Wholesale-For-Nuts3-100x100.webp 100w\" sizes=\"(max-width: 640px) 100vw, 640px\" \/><\/figure>\n\n\n\n<h2 class=\"wp-block-heading\"><strong>Fondo de pie<\/strong><\/h2>\n\n\n\n<p>Puede mantenerse en pie de forma estable, colocando la bolsa de forma impresionante en la estanter\u00eda de exposici\u00f3n.<\/p>\n<\/div>\n<\/div>\n\n\n\n<p><\/p>","protected":false},"excerpt":{"rendered":"<p>Las bolsas de pie para frutos secos est\u00e1n fabricadas con un material multicapa que las hace resistentes a la humedad y las mantiene frescas. Apertura f\u00e1cil y cremallera resellable. Impresi\u00f3n personalizada disponible, ideal para la venta al por menor y la marca.<\/p>\n<table style=\"border-collapse: collapse; width: 534px; height: 439px;\" border=\"0\" width=\"293\" cellspacing=\"0\" cellpadding=\"0\">\n<tbody>\n<tr style=\"height: 17.00pt;\">\n<td class=\"et2\" style=\"height: 17.00pt; width: 102.45pt;\" width=\"102\" height=\"17\">Fabricante<\/td>\n<td class=\"et2\" style=\"width: 190.80pt;\" width=\"190\">Lebei<\/td>\n<\/tr>\n<tr style=\"height: 35.00pt;\">\n<td class=\"et2\" style=\"height: 35.00pt; width: 102.45pt;\" width=\"102\" height=\"35\">Tipos de bolsas<\/td>\n<td class=\"et3\" style=\"width: 190.80pt;\" width=\"190\">Bolsa de pie, bolsa con cremallera<\/td>\n<\/tr>\n<tr style=\"height: 35.00pt;\">\n<td class=\"et2\" style=\"height: 35.00pt; width: 102.45pt;\" width=\"102\" height=\"35\">Material<\/td>\n<td class=\"et3\" style=\"width: 190.80pt;\" width=\"190\">PET\/VMPET\/PE o personalizado<\/td>\n<\/tr>\n<tr style=\"height: 35.00pt;\">\n<td class=\"et2\" style=\"height: 35.00pt; width: 102.45pt;\" width=\"102\" height=\"35\">Reportaje especial<\/td>\n<td class=\"et3\" style=\"width: 190.80pt;\" width=\"190\">A prueba de humedad, cremallera superior, muesca de desgarro, parte inferior de pie<\/td>\n<\/tr>\n<tr style=\"height: 35.00pt;\">\n<td class=\"et2\" style=\"height: 35.00pt; width: 102.45pt;\" width=\"102\" height=\"35\">Manipulaci\u00f3n de superficies<\/td>\n<td class=\"et3\" style=\"width: 190.80pt;\" width=\"190\">Impresi\u00f3n en huecograbado<\/td>\n<\/tr>\n<tr style=\"height: 35.00pt;\">\n<td class=\"et2\" style=\"height: 35.00pt; width: 102.45pt;\" width=\"102\" height=\"35\">Color<\/td>\n<td class=\"et3\" style=\"width: 190.80pt;\" width=\"190\">Rosa (personalizable)<\/td>\n<\/tr>\n<tr style=\"height: 35.00pt;\">\n<td class=\"et2\" style=\"height: 35.00pt; width: 102.45pt;\" width=\"102\" height=\"35\">Utilizaci\u00f3n<\/td>\n<td class=\"et3\" style=\"width: 190.80pt;\" width=\"190\">Bolsas para envasado de alimentos (frutos secos, aperitivos, etc.)<\/td>\n<\/tr>\n<tr style=\"height: 35.00pt;\">\n<td class=\"et2\" style=\"height: 35.00pt; width: 102.45pt;\" width=\"102\" height=\"35\">MOQ<\/td>\n<td class=\"et3\" style=\"width: 190.80pt;\" width=\"190\">Bolsa personalizada: 10.000 unidades (recomendamos m\u00e1s de 30.000 para un mejor precio)<\/td>\n<\/tr>\n<tr style=\"height: 35.00pt;\">\n<td class=\"et2\" style=\"height: 35.00pt; width: 102.45pt;\" width=\"102\" height=\"35\">Pedido a medida<\/td>\n<td class=\"et3\" style=\"width: 190.80pt;\" width=\"190\">Aceptamos OEM y ODM, Muestras gratuitas<\/td>\n<\/tr>\n<\/tbody>\n<\/table>","protected":false},"featured_media":310,"comment_status":"closed","ping_status":"closed","template":"","meta":{"_acf_changed":false},"application":[26],"product_brand":[],"product_cat":[41],"product_tag":[],"class_list":{"0":"post-290","1":"product","2":"type-product","3":"status-publish","4":"has-post-thumbnail","6":"application-custom-nuts-packaging","7":"product_cat-stand-up-pouch-manufacturer","9":"first","10":"instock","11":"shipping-taxable","12":"product-type-simple"},"acf":[],"_links":{"self":[{"href":"https:\/\/www.lebeipackaging.com\/es\/wp-json\/wp\/v2\/product\/290","targetHints":{"allow":["GET"]}}],"collection":[{"href":"https:\/\/www.lebeipackaging.com\/es\/wp-json\/wp\/v2\/product"}],"about":[{"href":"https:\/\/www.lebeipackaging.com\/es\/wp-json\/wp\/v2\/types\/product"}],"replies":[{"embeddable":true,"href":"https:\/\/www.lebeipackaging.com\/es\/wp-json\/wp\/v2\/comments?post=290"}],"wp:featuredmedia":[{"embeddable":true,"href":"https:\/\/www.lebeipackaging.com\/es\/wp-json\/wp\/v2\/media\/310"}],"wp:attachment":[{"href":"https:\/\/www.lebeipackaging.com\/es\/wp-json\/wp\/v2\/media?parent=290"}],"wp:term":[{"taxonomy":"application","embeddable":true,"href":"https:\/\/www.lebeipackaging.com\/es\/wp-json\/wp\/v2\/application?post=290"},{"taxonomy":"product_brand","embeddable":true,"href":"https:\/\/www.lebeipackaging.com\/es\/wp-json\/wp\/v2\/product_brand?post=290"},{"taxonomy":"product_cat","embeddable":true,"href":"https:\/\/www.lebeipackaging.com\/es\/wp-json\/wp\/v2\/product_cat?post=290"},{"taxonomy":"product_tag","embeddable":true,"href":"https:\/\/www.lebeipackaging.com\/es\/wp-json\/wp\/v2\/product_tag?post=290"}],"curies":[{"name":"wp","href":"https:\/\/api.w.org\/{rel}","templated":true}]}}