{"id":317,"date":"2025-05-27T03:15:09","date_gmt":"2025-05-27T03:15:09","guid":{"rendered":"https:\/\/www.lebeipackaging.com\/?post_type=product&#038;p=317"},"modified":"2025-05-28T01:58:20","modified_gmt":"2025-05-28T01:58:20","slug":"custom-stand-up-pouches-wholesale-for-snacks-or-nuts","status":"publish","type":"product","link":"https:\/\/www.lebeipackaging.com\/es\/product\/custom-stand-up-pouches-wholesale-for-snacks-or-nuts\/","title":{"rendered":"Bolsas al por mayor personalizadas para aperitivos o frutos secos"},"content":{"rendered":"<h2 class=\"wp-block-heading\">Caracter\u00edsticas de las fundas de pie personalizadas<\/h2>\n\n\n\n<p><strong>La certificaci\u00f3n de seguridad alimentaria garantiza<\/strong><br>El producto ha recibido diferentes certificaciones internacionales, como BRC, ISO, QS y HACCP, para garantizar que el envasado cumple las normas de seguridad alimentaria y puede envasarse con seguridad para frutos secos y aperitivos.<\/p>\n\n\n\n<p><strong>Materiales de alta calidad resistentes a la humedad<\/strong><br>Utiliza materiales compuestos multicapa PET\/PE para evitar eficazmente la humedad y el ox\u00edgeno, mantener los frutos secos y los aperitivos frescos y con sabor, y prolongar la vida \u00fatil.<\/p>\n\n\n\n<p><strong>Dise\u00f1o de bolsa autoportante<\/strong><br>La estructura de soporte inferior permite que la bolsa de embalaje se mantenga en pie de forma estable, lo que resulta c\u00f3modo para la exposici\u00f3n, mejora el efecto de exposici\u00f3n en el estante y embellece el producto.<\/p>\n\n\n\n<p><strong>Estructura de cremallera sellada, f\u00e1cil de usar<\/strong><br>La cremallera superior cierra herm\u00e9ticamente y es f\u00e1cil de abrir y cerrar para evitar que el producto del interior de la bolsa se enrancie por la apertura frecuente, lo que facilita a los consumidores su uso repetido.<\/p>\n\n\n\n<p><strong>Soporte completo para personalizaci\u00f3n<\/strong><br>El grosor, el espesor, el patr\u00f3n de impresi\u00f3n y el logotipo pueden desarrollarse especialmente seg\u00fan las especificaciones del cliente para adaptar el tama\u00f1o a las necesidades de envasado de las distintas marcas y crear un estilo de envasado personalizado.<\/p>\n\n\n\n<p><strong>Muestra gratuita y entrega r\u00e1pida<\/strong><br>El ciclo de entrega regular es de 7-12 d\u00edas, y se proporcionan 1-2 d\u00edas de experiencia de muestra gratuita para que los clientes puedan examinar r\u00e1pidamente la calidad del producto y los efectos del dise\u00f1o.<\/p>\n\n\n\n<div class=\"wp-block-columns is-layout-flex wp-container-core-columns-is-layout-9d6595d7 wp-block-columns-is-layout-flex\">\n<div class=\"wp-block-column is-layout-flow wp-block-column-is-layout-flow\">\n<figure class=\"wp-block-image size-full\"><img decoding=\"async\" width=\"640\" height=\"640\" src=\"https:\/\/www.lebeipackaging.com\/wp-content\/uploads\/2025\/05\/Custom-Stand-Up-Pouches-Wholesale-For-Snacks-or-Nuts2.webp\" alt=\"Bolsas personalizadas al por mayor para aperitivos o frutos secos2\" class=\"wp-image-319\" srcset=\"https:\/\/www.lebeipackaging.com\/wp-content\/uploads\/2025\/05\/Custom-Stand-Up-Pouches-Wholesale-For-Snacks-or-Nuts2.webp 640w, https:\/\/www.lebeipackaging.com\/wp-content\/uploads\/2025\/05\/Custom-Stand-Up-Pouches-Wholesale-For-Snacks-or-Nuts2-300x300.webp 300w, https:\/\/www.lebeipackaging.com\/wp-content\/uploads\/2025\/05\/Custom-Stand-Up-Pouches-Wholesale-For-Snacks-or-Nuts2-150x150.webp 150w, https:\/\/www.lebeipackaging.com\/wp-content\/uploads\/2025\/05\/Custom-Stand-Up-Pouches-Wholesale-For-Snacks-or-Nuts2-600x600.webp 600w, https:\/\/www.lebeipackaging.com\/wp-content\/uploads\/2025\/05\/Custom-Stand-Up-Pouches-Wholesale-For-Snacks-or-Nuts2-100x100.webp 100w\" sizes=\"(max-width: 640px) 100vw, 640px\" \/><\/figure>\n\n\n\n<h2 class=\"wp-block-heading\"><strong>Desgarro y cremallera<\/strong><\/h2>\n\n\n\n<p>F\u00e1cil de abrir , corte para abrir la bolsa f\u00e1cilmente por el usuario.<\/p>\n<\/div>\n\n\n\n<div class=\"wp-block-column is-layout-flow wp-block-column-is-layout-flow\">\n<figure class=\"wp-block-image size-full\"><img decoding=\"async\" width=\"640\" height=\"640\" src=\"https:\/\/www.lebeipackaging.com\/wp-content\/uploads\/2025\/05\/Custom-Stand-Up-Pouches-Wholesale-For-Snacks-or-Nuts3.webp\" alt=\"Bolsas personalizadas al por mayor para aperitivos o frutos secos3\" class=\"wp-image-320\" srcset=\"https:\/\/www.lebeipackaging.com\/wp-content\/uploads\/2025\/05\/Custom-Stand-Up-Pouches-Wholesale-For-Snacks-or-Nuts3.webp 640w, https:\/\/www.lebeipackaging.com\/wp-content\/uploads\/2025\/05\/Custom-Stand-Up-Pouches-Wholesale-For-Snacks-or-Nuts3-300x300.webp 300w, https:\/\/www.lebeipackaging.com\/wp-content\/uploads\/2025\/05\/Custom-Stand-Up-Pouches-Wholesale-For-Snacks-or-Nuts3-150x150.webp 150w, https:\/\/www.lebeipackaging.com\/wp-content\/uploads\/2025\/05\/Custom-Stand-Up-Pouches-Wholesale-For-Snacks-or-Nuts3-600x600.webp 600w, https:\/\/www.lebeipackaging.com\/wp-content\/uploads\/2025\/05\/Custom-Stand-Up-Pouches-Wholesale-For-Snacks-or-Nuts3-100x100.webp 100w\" sizes=\"(max-width: 640px) 100vw, 640px\" \/><\/figure>\n\n\n\n<h2 class=\"wp-block-heading\"><strong>Forma de bolsa de pie<\/strong><\/h2>\n\n\n\n<p>Puede mantenerse en pie de forma estable, colocando la bolsa de forma impresionante en la estanter\u00eda de exposici\u00f3n.<\/p>\n<\/div>\n<\/div>\n\n\n\n<p><\/p>","protected":false},"excerpt":{"rendered":"<p>Las bolsas autoportantes personalizadas est\u00e1n dise\u00f1adas para aperitivos y frutos secos, y fabricadas con materiales duraderos de PET\/PE que proporcionan una excelente protecci\u00f3n contra la humedad. Con una pr\u00e1ctica cremallera en la parte superior y un fondo estable, estas bolsas garantizan la frescura y facilitan el almacenamiento. Totalmente personalizables en tama\u00f1o, color e impresi\u00f3n, son ideales para la marca y el envasado al por menor.<\/p>\n<table style=\"border-collapse: collapse; width: 518px; height: 318px;\" border=\"0\" width=\"293\" cellspacing=\"0\" cellpadding=\"0\">\n<tbody>\n<tr style=\"height: 17.00pt;\">\n<td class=\"et2\" style=\"height: 17.00pt; width: 102.45pt;\" width=\"102\" height=\"17\">Fabricante<\/td>\n<td class=\"et2\" style=\"width: 190.80pt;\" width=\"190\">Lebei<\/td>\n<\/tr>\n<tr style=\"height: 17.00pt;\">\n<td class=\"et2\" style=\"height: 17.00pt; width: 102.45pt;\" width=\"102\" height=\"17\">Tipos de bolsas<\/td>\n<td class=\"et3\" style=\"width: 190.80pt;\" width=\"190\">Bolsa Stand Up<\/td>\n<\/tr>\n<tr style=\"height: 17.00pt;\">\n<td class=\"et2\" style=\"height: 17.00pt; width: 102.45pt;\" width=\"102\" height=\"17\">Material<\/td>\n<td class=\"et3\" style=\"width: 190.80pt;\" width=\"190\">PET\/PE o personalizado<\/td>\n<\/tr>\n<tr style=\"height: 17.00pt;\">\n<td class=\"et2\" style=\"height: 17.00pt; width: 102.45pt;\" width=\"102\" height=\"17\">Reportaje especial<\/td>\n<td class=\"et3\" style=\"width: 190.80pt;\" width=\"190\">A prueba de humedad, cremallera superior<\/td>\n<\/tr>\n<tr style=\"height: 17.00pt;\">\n<td class=\"et2\" style=\"height: 17.00pt; width: 102.45pt;\" width=\"102\" height=\"17\">Manipulaci\u00f3n de superficies<\/td>\n<td class=\"et3\" style=\"width: 190.80pt;\" width=\"190\">Impresi\u00f3n en huecograbado<\/td>\n<\/tr>\n<tr style=\"height: 17.00pt;\">\n<td class=\"et2\" style=\"height: 17.00pt; width: 102.45pt;\" width=\"102\" height=\"17\">Color<\/td>\n<td class=\"et3\" style=\"width: 190.80pt;\" width=\"190\">Naranja y blanco (personalizable)<\/td>\n<\/tr>\n<tr style=\"height: 17.00pt;\">\n<td class=\"et2\" style=\"height: 17.00pt; width: 102.45pt;\" width=\"102\" height=\"17\">Utilizaci\u00f3n<\/td>\n<td class=\"et3\" style=\"width: 190.80pt;\" width=\"190\">Bolsas para envasado de alimentos (frutos secos, aperitivos, etc.)<\/td>\n<\/tr>\n<tr style=\"height: 34.00pt;\">\n<td class=\"et2\" style=\"height: 34.00pt; width: 102.45pt;\" width=\"102\" height=\"34\">MOQ<\/td>\n<td class=\"et3\" style=\"width: 190.80pt;\" width=\"190\">Bolsa personalizada: 10.000 unidades (recomendamos m\u00e1s de 30.000 para un mejor precio)<\/td>\n<\/tr>\n<tr style=\"height: 34.00pt;\">\n<td class=\"et2\" style=\"height: 34.00pt; width: 102.45pt;\" width=\"102\" height=\"34\">Pedido a medida<\/td>\n<td class=\"et3\" style=\"width: 190.80pt;\" width=\"190\">Aceptamos OEM y ODM, Muestras gratuitas<\/td>\n<\/tr>\n<\/tbody>\n<\/table>","protected":false},"featured_media":321,"comment_status":"closed","ping_status":"closed","template":"","meta":{"_acf_changed":false},"application":[26],"product_brand":[],"product_cat":[41],"product_tag":[],"class_list":{"0":"post-317","1":"product","2":"type-product","3":"status-publish","4":"has-post-thumbnail","6":"application-custom-nuts-packaging","7":"product_cat-stand-up-pouch-manufacturer","9":"first","10":"instock","11":"shipping-taxable","12":"product-type-simple"},"acf":[],"_links":{"self":[{"href":"https:\/\/www.lebeipackaging.com\/es\/wp-json\/wp\/v2\/product\/317","targetHints":{"allow":["GET"]}}],"collection":[{"href":"https:\/\/www.lebeipackaging.com\/es\/wp-json\/wp\/v2\/product"}],"about":[{"href":"https:\/\/www.lebeipackaging.com\/es\/wp-json\/wp\/v2\/types\/product"}],"replies":[{"embeddable":true,"href":"https:\/\/www.lebeipackaging.com\/es\/wp-json\/wp\/v2\/comments?post=317"}],"wp:featuredmedia":[{"embeddable":true,"href":"https:\/\/www.lebeipackaging.com\/es\/wp-json\/wp\/v2\/media\/321"}],"wp:attachment":[{"href":"https:\/\/www.lebeipackaging.com\/es\/wp-json\/wp\/v2\/media?parent=317"}],"wp:term":[{"taxonomy":"application","embeddable":true,"href":"https:\/\/www.lebeipackaging.com\/es\/wp-json\/wp\/v2\/application?post=317"},{"taxonomy":"product_brand","embeddable":true,"href":"https:\/\/www.lebeipackaging.com\/es\/wp-json\/wp\/v2\/product_brand?post=317"},{"taxonomy":"product_cat","embeddable":true,"href":"https:\/\/www.lebeipackaging.com\/es\/wp-json\/wp\/v2\/product_cat?post=317"},{"taxonomy":"product_tag","embeddable":true,"href":"https:\/\/www.lebeipackaging.com\/es\/wp-json\/wp\/v2\/product_tag?post=317"}],"curies":[{"name":"wp","href":"https:\/\/api.w.org\/{rel}","templated":true}]}}