{"id":324,"date":"2025-05-27T03:53:59","date_gmt":"2025-05-27T03:53:59","guid":{"rendered":"https:\/\/www.lebeipackaging.com\/?post_type=product&#038;p=324"},"modified":"2025-05-28T01:57:50","modified_gmt":"2025-05-28T01:57:50","slug":"custom-flat-bottom-pouch-with-zipper","status":"publish","type":"product","link":"https:\/\/www.lebeipackaging.com\/es\/product\/custom-flat-bottom-pouch-with-zipper\/","title":{"rendered":"Bolsa personalizada de fondo plano con cremallera para especias, cereales, avena y arroz"},"content":{"rendered":"<h2 class=\"wp-block-heading\">Caracter\u00edsticas de la funda personalizada de fondo plano con cremallera<\/h2>\n\n\n\n<p><strong>Estructura autoportante de fondo plano<\/strong><br>Sello de ocho lados + dise\u00f1o de fondo plano, el cuerpo de la bolsa es n\u00edtido y puede mantenerse firme, mejora el efecto de exposici\u00f3n en el estante y atrae la atenci\u00f3n de los consumidores.<\/p>\n\n\n\n<p><strong>Estructura tricapa de alta barrera<\/strong><br>Adopta material compuesto multicapa MOPP\/PET\/PE, con un excelente rendimiento a prueba de humedad, aceite y olores, para garantizar que los alimentos est\u00e9n secos y frescos.<\/p>\n\n\n\n<p><strong>C\u00f3modo cierre de cremallera reutilizable<\/strong><br>La parte superior est\u00e1 equipada con una cremallera de alta calidad, que se abre y se cierra suavemente y puede abrirse y utilizarse varias veces, lo que prolonga eficazmente la vida \u00fatil de las especias, los cereales, la avena y otros productos.<\/p>\n\n\n\n<p><strong>Apoyo a la personalizaci\u00f3n para satisfacer las necesidades de envasado de la marca<\/strong><br>El tama\u00f1o, el color, el estampado y el logotipo pueden personalizarse seg\u00fan las necesidades del cliente, y son adecuados para el comercio electr\u00f3nico, los supermercados, la venta al por menor y otros escenarios de venta.<\/p>\n\n\n\n<p><strong>Materiales respetuosos con el medio ambiente, seguros e inodoros<\/strong><br>Los materiales MOPP\/PET\/PE utilizados cumplen las normas de seguridad de envasado de alimentos, no tienen olor ni sustancias nocivas, y son adecuados para el envasado por contacto directo de diversos alimentos secos.<\/p>\n\n\n\n<p><strong>Amplia gama de aplicaciones y almacenamiento flexible<\/strong><br>Adecuado para envasar especias, arroz, cereales, avena para el desayuno, frutos secos y otros productos secos, con capacidad diversa para satisfacer diferentes necesidades familiares y comerciales.<\/p>\n\n\n\n<div class=\"wp-block-columns is-layout-flex wp-container-core-columns-is-layout-9d6595d7 wp-block-columns-is-layout-flex\">\n<div class=\"wp-block-column is-layout-flow wp-block-column-is-layout-flow\">\n<figure class=\"wp-block-image size-full\"><img decoding=\"async\" width=\"640\" height=\"640\" src=\"https:\/\/www.lebeipackaging.com\/wp-content\/uploads\/2025\/05\/Custom-Flat-Bottom-Pouch-with-Zipper-for-Spices6.webp\" alt=\"Bolsa personalizada de fondo plano con cremallera para especias6\" class=\"wp-image-330\" srcset=\"https:\/\/www.lebeipackaging.com\/wp-content\/uploads\/2025\/05\/Custom-Flat-Bottom-Pouch-with-Zipper-for-Spices6.webp 640w, https:\/\/www.lebeipackaging.com\/wp-content\/uploads\/2025\/05\/Custom-Flat-Bottom-Pouch-with-Zipper-for-Spices6-300x300.webp 300w, https:\/\/www.lebeipackaging.com\/wp-content\/uploads\/2025\/05\/Custom-Flat-Bottom-Pouch-with-Zipper-for-Spices6-150x150.webp 150w, https:\/\/www.lebeipackaging.com\/wp-content\/uploads\/2025\/05\/Custom-Flat-Bottom-Pouch-with-Zipper-for-Spices6-600x600.webp 600w, https:\/\/www.lebeipackaging.com\/wp-content\/uploads\/2025\/05\/Custom-Flat-Bottom-Pouch-with-Zipper-for-Spices6-100x100.webp 100w\" sizes=\"(max-width: 640px) 100vw, 640px\" \/><\/figure>\n\n\n\n<h2 class=\"wp-block-heading\"><strong>Cierre de cremallera<\/strong><\/h2>\n\n\n\n<p>Se puede volver a cerrar para un uso repetido m\u00e1s c\u00f3modo y para conservar la frescura.<\/p>\n<\/div>\n\n\n\n<div class=\"wp-block-column is-layout-flow wp-block-column-is-layout-flow\">\n<figure class=\"wp-block-image size-full\"><img decoding=\"async\" width=\"640\" height=\"640\" src=\"https:\/\/www.lebeipackaging.com\/wp-content\/uploads\/2025\/05\/Custom-Flat-Bottom-Pouch-with-Zipper-for-Spices2.webp\" alt=\"Bolsa personalizada de fondo plano con cremallera para especias2\" class=\"wp-image-326\" srcset=\"https:\/\/www.lebeipackaging.com\/wp-content\/uploads\/2025\/05\/Custom-Flat-Bottom-Pouch-with-Zipper-for-Spices2.webp 640w, https:\/\/www.lebeipackaging.com\/wp-content\/uploads\/2025\/05\/Custom-Flat-Bottom-Pouch-with-Zipper-for-Spices2-300x300.webp 300w, https:\/\/www.lebeipackaging.com\/wp-content\/uploads\/2025\/05\/Custom-Flat-Bottom-Pouch-with-Zipper-for-Spices2-150x150.webp 150w, https:\/\/www.lebeipackaging.com\/wp-content\/uploads\/2025\/05\/Custom-Flat-Bottom-Pouch-with-Zipper-for-Spices2-600x600.webp 600w, https:\/\/www.lebeipackaging.com\/wp-content\/uploads\/2025\/05\/Custom-Flat-Bottom-Pouch-with-Zipper-for-Spices2-100x100.webp 100w\" sizes=\"(max-width: 640px) 100vw, 640px\" \/><\/figure>\n\n\n\n<h2 class=\"wp-block-heading\"><strong>Fondo cuadrado <\/strong><\/h2>\n\n\n\n<p>Puede mantenerse en pie de forma estable, colocando la bolsa de forma impresionante en la estanter\u00eda de exposici\u00f3n.<\/p>\n<\/div>\n<\/div>","protected":false},"excerpt":{"rendered":"<p>La bolsa personalizada de fondo plano con cremallera es ideal para envasar especias, cereales, avena y arroz. Fabricada con materiales duraderos de MOPP\/PET\/PE, ofrece una excelente resistencia a la humedad, una estructura estable de pie y un cierre de cremallera recerrable para mayor frescura y comodidad.<\/p>\n<table style=\"border-collapse: collapse; width: 518px; height: 318px;\" border=\"0\" width=\"293\" cellspacing=\"0\" cellpadding=\"0\">\n<tbody>\n<tr style=\"height: 17.00pt;\">\n<td class=\"et2\" style=\"height: 17.00pt; width: 102.45pt;\" width=\"102\" height=\"17\">Fabricante<\/td>\n<td class=\"et2\" style=\"width: 190.80pt;\" width=\"190\">Lebei<\/td>\n<\/tr>\n<tr style=\"height: 17.00pt;\">\n<td class=\"et2\" style=\"height: 17.00pt; width: 102.45pt;\" width=\"102\" height=\"17\">Tipos de bolsas<\/td>\n<td class=\"et3\" style=\"width: 190.80pt;\" width=\"190\">8 Bolsa de fondo plano con cierre lateral<\/td>\n<\/tr>\n<tr style=\"height: 17.00pt;\">\n<td class=\"et2\" style=\"height: 17.00pt; width: 102.45pt;\" width=\"102\" height=\"17\">Material<\/td>\n<td class=\"et3\" style=\"width: 190.80pt;\" width=\"190\">MOPP\/PET\/PE o personalizado<\/td>\n<\/tr>\n<tr style=\"height: 17.00pt;\">\n<td class=\"et2\" style=\"height: 17.00pt; width: 102.45pt;\" width=\"102\" height=\"17\">Reportaje especial<\/td>\n<td class=\"et3\" style=\"width: 190.80pt;\" width=\"190\">Cremallera superior<\/td>\n<\/tr>\n<tr style=\"height: 17.00pt;\">\n<td class=\"et2\" style=\"height: 17.00pt; width: 102.45pt;\" width=\"102\" height=\"17\">Manipulaci\u00f3n de superficies<\/td>\n<td class=\"et3\" style=\"width: 190.80pt;\" width=\"190\">Impresi\u00f3n en huecograbado<\/td>\n<\/tr>\n<tr style=\"height: 17.00pt;\">\n<td class=\"et2\" style=\"height: 17.00pt; width: 102.45pt;\" width=\"102\" height=\"17\">Color<\/td>\n<td class=\"et3\" style=\"width: 190.80pt;\" width=\"190\">Naranja y blanco (personalizable)<\/td>\n<\/tr>\n<tr style=\"height: 17.00pt;\">\n<td class=\"et2\" style=\"height: 17.00pt; width: 102.45pt;\" width=\"102\" height=\"17\">Utilizaci\u00f3n<\/td>\n<td class=\"et3\" style=\"width: 190.80pt;\" width=\"190\">Bolsas para envasado de alimentos (especias, cereales, etc.)<\/td>\n<\/tr>\n<tr style=\"height: 34.00pt;\">\n<td class=\"et2\" style=\"height: 34.00pt; width: 102.45pt;\" width=\"102\" height=\"34\">MOQ<\/td>\n<td class=\"et3\" style=\"width: 190.80pt;\" width=\"190\">Bolsa personalizada: 10.000 unidades (recomendamos m\u00e1s de 30.000 para un mejor precio)<\/td>\n<\/tr>\n<tr style=\"height: 34.00pt;\">\n<td class=\"et2\" style=\"height: 34.00pt; width: 102.45pt;\" width=\"102\" height=\"34\">Pedido a medida<\/td>\n<td class=\"et3\" style=\"width: 190.80pt;\" width=\"190\">Aceptamos OEM y ODM, Muestras gratuitas<\/td>\n<\/tr>\n<\/tbody>\n<\/table>","protected":false},"featured_media":325,"comment_status":"closed","ping_status":"closed","template":"","meta":{"_acf_changed":false},"application":[],"product_brand":[],"product_cat":[40],"product_tag":[],"class_list":{"0":"post-324","1":"product","2":"type-product","3":"status-publish","4":"has-post-thumbnail","6":"product_cat-custom-flat-bottom-pouch","8":"first","9":"instock","10":"shipping-taxable","11":"product-type-simple"},"acf":[],"_links":{"self":[{"href":"https:\/\/www.lebeipackaging.com\/es\/wp-json\/wp\/v2\/product\/324","targetHints":{"allow":["GET"]}}],"collection":[{"href":"https:\/\/www.lebeipackaging.com\/es\/wp-json\/wp\/v2\/product"}],"about":[{"href":"https:\/\/www.lebeipackaging.com\/es\/wp-json\/wp\/v2\/types\/product"}],"replies":[{"embeddable":true,"href":"https:\/\/www.lebeipackaging.com\/es\/wp-json\/wp\/v2\/comments?post=324"}],"wp:featuredmedia":[{"embeddable":true,"href":"https:\/\/www.lebeipackaging.com\/es\/wp-json\/wp\/v2\/media\/325"}],"wp:attachment":[{"href":"https:\/\/www.lebeipackaging.com\/es\/wp-json\/wp\/v2\/media?parent=324"}],"wp:term":[{"taxonomy":"application","embeddable":true,"href":"https:\/\/www.lebeipackaging.com\/es\/wp-json\/wp\/v2\/application?post=324"},{"taxonomy":"product_brand","embeddable":true,"href":"https:\/\/www.lebeipackaging.com\/es\/wp-json\/wp\/v2\/product_brand?post=324"},{"taxonomy":"product_cat","embeddable":true,"href":"https:\/\/www.lebeipackaging.com\/es\/wp-json\/wp\/v2\/product_cat?post=324"},{"taxonomy":"product_tag","embeddable":true,"href":"https:\/\/www.lebeipackaging.com\/es\/wp-json\/wp\/v2\/product_tag?post=324"}],"curies":[{"name":"wp","href":"https:\/\/api.w.org\/{rel}","templated":true}]}}