{"id":349,"date":"2025-05-27T07:21:19","date_gmt":"2025-05-27T07:21:19","guid":{"rendered":"https:\/\/www.lebeipackaging.com\/?post_type=product&#038;p=349"},"modified":"2025-05-28T01:53:47","modified_gmt":"2025-05-28T01:53:47","slug":"custom-laminate-film-roll-for-food-packaging","status":"publish","type":"product","link":"https:\/\/www.lebeipackaging.com\/es\/product\/custom-laminate-film-roll-for-food-packaging\/","title":{"rendered":"Rollo de pel\u00edcula laminada a medida para envasado de alimentos"},"content":{"rendered":"<h2 class=\"wp-block-heading\">Caracter\u00edsticas del rollo de pel\u00edcula laminada a medida<\/h2>\n\n\n\n<div class=\"wp-block-columns is-layout-flex wp-container-core-columns-is-layout-9d6595d7 wp-block-columns-is-layout-flex\">\n<div class=\"wp-block-column is-layout-flow wp-block-column-is-layout-flow\">\n<p><strong>Seguridad alimentaria<\/strong><br>Adopta materiales compuestos de PET de calidad alimentaria que cumplen las normas internacionales, adecuados para caramelos, galletas, frutos secos, alimentos para mascotas, alimentos para beb\u00e9s, etc., garantizando un contacto directo sin preocupaciones y estableciendo una imagen saludable y fiable para su marca.<\/p>\n\n\n\n<p><strong>Tama\u00f1o personalizable<\/strong><br>Admite la personalizaci\u00f3n de la anchura, la longitud y la estructura del material del rollo de pel\u00edcula (como PET\/PE) para satisfacer las especificaciones de envasado de diversos productos y los requisitos de adaptaci\u00f3n de diferentes equipos de automatizaci\u00f3n.<\/p>\n\n\n\n<p><strong>Buena resistencia a la humedad<\/strong><br>Con excelentes propiedades antihumedad y antioxidantes, evita eficazmente la entrada de vapor de agua, protege la frescura del producto, prolonga su vida \u00fatil y mejora la experiencia del usuario.<\/p>\n\n\n\n<p><strong>Impresi\u00f3n exquisita<\/strong><br>Admite impresi\u00f3n en huecograbado, flexograf\u00eda y soluciones combinadas multiproceso, con im\u00e1genes n\u00edtidas y colores vivos, lo que ayuda a las marcas a lograr un alto reconocimiento y diferenciaci\u00f3n visual.<\/p>\n\n\n\n<p><strong>Amplia gama de aplicaciones<\/strong><br>Adecuado para una variedad de necesidades de envasado de alimentos, como chocolate, t\u00e9, patatas fritas, cereales, etc., y tambi\u00e9n adecuado para categor\u00edas profesionales como alimentos para mascotas y alimentos para beb\u00e9s.<\/p>\n\n\n\n<p><strong>M\u00faltiples garant\u00edas de certificaci\u00f3n<\/strong><br>Ha superado certificaciones internacionales de envasado de alimentos como BRC, ISO, QS, HACCP, etc., cumple las normas de exportaci\u00f3n y de estantes de grandes supermercados, y garantiza que los productos entren en mercados de alto nivel.<\/p>\n<\/div>\n\n\n\n<div class=\"wp-block-column is-layout-flow wp-block-column-is-layout-flow\"><div class=\"wp-block-image\">\n<figure class=\"aligncenter size-full\"><img decoding=\"async\" width=\"640\" height=\"640\" src=\"https:\/\/www.lebeipackaging.com\/wp-content\/uploads\/2025\/05\/Custom-Laminate-Film-Roll-for-Food-Packaging2.webp\" alt=\"Rollo de pel\u00edcula laminada a medida para envasado de alimentos2\" class=\"wp-image-351\" srcset=\"https:\/\/www.lebeipackaging.com\/wp-content\/uploads\/2025\/05\/Custom-Laminate-Film-Roll-for-Food-Packaging2.webp 640w, https:\/\/www.lebeipackaging.com\/wp-content\/uploads\/2025\/05\/Custom-Laminate-Film-Roll-for-Food-Packaging2-300x300.webp 300w, https:\/\/www.lebeipackaging.com\/wp-content\/uploads\/2025\/05\/Custom-Laminate-Film-Roll-for-Food-Packaging2-150x150.webp 150w, https:\/\/www.lebeipackaging.com\/wp-content\/uploads\/2025\/05\/Custom-Laminate-Film-Roll-for-Food-Packaging2-600x600.webp 600w, https:\/\/www.lebeipackaging.com\/wp-content\/uploads\/2025\/05\/Custom-Laminate-Film-Roll-for-Food-Packaging2-100x100.webp 100w\" sizes=\"(max-width: 640px) 100vw, 640px\" \/><\/figure>\n<\/div><\/div>\n<\/div>","protected":false},"excerpt":{"rendered":"<p>El rollo de film laminado personalizado para envasado de alimentos combina seguridad alimentaria, gran resistencia a la humedad e impresi\u00f3n personalizable para proteger y presentar aperitivos, caramelos, cereales y mucho m\u00e1s. Ideal para marcas que buscan soluciones de envasado flexible fiables y atractivas.<\/p>\n<table style=\"border-collapse: collapse; width: 518px; height: 318px;\" border=\"0\" width=\"293\" cellspacing=\"0\" cellpadding=\"0\">\n<tbody>\n<tr style=\"height: 17.00pt;\">\n<td class=\"et2\" style=\"height: 17.00pt; width: 102.45pt;\" width=\"102\" height=\"17\">Fabricante<\/td>\n<td class=\"et2\" style=\"width: 190.80pt;\" width=\"190\">Lebei<\/td>\n<\/tr>\n<tr style=\"height: 17.00pt;\">\n<td class=\"et2\" style=\"height: 17.00pt; width: 102.45pt;\" width=\"102\" height=\"17\">\u00a0Tipos<\/td>\n<td class=\"et3\" style=\"width: 190.80pt;\" width=\"190\">Pel\u00edcula en rollo<\/td>\n<\/tr>\n<tr style=\"height: 17.00pt;\">\n<td class=\"et2\" style=\"height: 17.00pt; width: 102.45pt;\" width=\"102\" height=\"17\">Material<\/td>\n<td class=\"et3\" style=\"width: 190.80pt;\" width=\"190\">PET\/PE o personalizado<\/td>\n<\/tr>\n<tr style=\"height: 17.00pt;\">\n<td class=\"et2\" style=\"height: 17.00pt; width: 102.45pt;\" width=\"102\" height=\"17\">Reportaje especial<\/td>\n<td class=\"et3\" style=\"width: 190.80pt;\" width=\"190\">A prueba de humedad<\/td>\n<\/tr>\n<tr style=\"height: 17.00pt;\">\n<td class=\"et2\" style=\"height: 17.00pt; width: 102.45pt;\" width=\"102\" height=\"17\">Manipulaci\u00f3n de la impresi\u00f3n<\/td>\n<td class=\"et3\" style=\"width: 190.80pt;\" width=\"190\">Impresi\u00f3n calcogr\u00e1fica, impresi\u00f3n flexogr\u00e1fica, impresi\u00f3n combinada<\/td>\n<\/tr>\n<tr style=\"height: 17.00pt;\">\n<td class=\"et2\" style=\"height: 17.00pt; width: 102.45pt;\" width=\"102\" height=\"17\">Color<\/td>\n<td class=\"et3\" style=\"width: 190.80pt;\" width=\"190\">Morado y blanco (personalizable)<\/td>\n<\/tr>\n<tr style=\"height: 17.00pt;\">\n<td class=\"et2\" style=\"height: 17.00pt; width: 102.45pt;\" width=\"102\" height=\"17\">Utilizaci\u00f3n<\/td>\n<td class=\"et3\" style=\"width: 190.80pt;\" width=\"190\">Envasado de alimentos<\/td>\n<\/tr>\n<tr style=\"height: 34.00pt;\">\n<td class=\"et2\" style=\"height: 34.00pt; width: 102.45pt;\" width=\"102\" height=\"34\">Plazo de entrega<\/td>\n<td class=\"et3\" style=\"width: 190.80pt;\" width=\"190\">7-15 d\u00edas<\/td>\n<\/tr>\n<tr style=\"height: 34.00pt;\">\n<td class=\"et2\" style=\"height: 34.00pt; width: 102.45pt;\" width=\"102\" height=\"34\">Pedido a medida<\/td>\n<td class=\"et3\" style=\"width: 190.80pt;\" width=\"190\">Aceptamos OEM y ODM, Muestras gratuitas<\/td>\n<\/tr>\n<\/tbody>\n<\/table>","protected":false},"featured_media":352,"comment_status":"closed","ping_status":"closed","template":"","meta":{"_acf_changed":false},"application":[],"product_brand":[],"product_cat":[39],"product_tag":[],"class_list":{"0":"post-349","1":"product","2":"type-product","3":"status-publish","4":"has-post-thumbnail","6":"product_cat-custom-roll-film","8":"first","9":"instock","10":"shipping-taxable","11":"product-type-simple"},"acf":[],"_links":{"self":[{"href":"https:\/\/www.lebeipackaging.com\/es\/wp-json\/wp\/v2\/product\/349","targetHints":{"allow":["GET"]}}],"collection":[{"href":"https:\/\/www.lebeipackaging.com\/es\/wp-json\/wp\/v2\/product"}],"about":[{"href":"https:\/\/www.lebeipackaging.com\/es\/wp-json\/wp\/v2\/types\/product"}],"replies":[{"embeddable":true,"href":"https:\/\/www.lebeipackaging.com\/es\/wp-json\/wp\/v2\/comments?post=349"}],"wp:featuredmedia":[{"embeddable":true,"href":"https:\/\/www.lebeipackaging.com\/es\/wp-json\/wp\/v2\/media\/352"}],"wp:attachment":[{"href":"https:\/\/www.lebeipackaging.com\/es\/wp-json\/wp\/v2\/media?parent=349"}],"wp:term":[{"taxonomy":"application","embeddable":true,"href":"https:\/\/www.lebeipackaging.com\/es\/wp-json\/wp\/v2\/application?post=349"},{"taxonomy":"product_brand","embeddable":true,"href":"https:\/\/www.lebeipackaging.com\/es\/wp-json\/wp\/v2\/product_brand?post=349"},{"taxonomy":"product_cat","embeddable":true,"href":"https:\/\/www.lebeipackaging.com\/es\/wp-json\/wp\/v2\/product_cat?post=349"},{"taxonomy":"product_tag","embeddable":true,"href":"https:\/\/www.lebeipackaging.com\/es\/wp-json\/wp\/v2\/product_tag?post=349"}],"curies":[{"name":"wp","href":"https:\/\/api.w.org\/{rel}","templated":true}]}}