{"id":356,"date":"2025-05-27T08:11:38","date_gmt":"2025-05-27T08:11:38","guid":{"rendered":"https:\/\/www.lebeipackaging.com\/?post_type=product&#038;p=356"},"modified":"2025-05-28T01:52:05","modified_gmt":"2025-05-28T01:52:05","slug":"custom-side-gusset-coffee-bags-with-gold-stamping","status":"publish","type":"product","link":"https:\/\/www.lebeipackaging.com\/es\/product\/custom-side-gusset-coffee-bags-with-gold-stamping\/","title":{"rendered":"Bolsas de caf\u00e9 con fuelle lateral personalizadas con estampaci\u00f3n dorada"},"content":{"rendered":"<h2 class=\"wp-block-heading\">Caracter\u00edsticas de los sacos de caf\u00e9 con fuelle lateral personalizados<\/h2>\n\n\n\n<p><strong>Admite personalizaci\u00f3n<\/strong><br>El tama\u00f1o, la capacidad y el patr\u00f3n pueden personalizarse seg\u00fan las necesidades, y el proceso de estampaci\u00f3n en caliente puede utilizarse para ayudar a la marca a crear una imagen de envasado de caf\u00e9 de gama alta y \u00fanica.<\/p>\n\n\n\n<p><strong>Resistente a la humedad y duradero, conserva la frescura<\/strong><br>Adopta material de alta barrera y dise\u00f1o de sellado t\u00e9rmico para aislar eficazmente el vapor de agua y mantener la frescura y el aroma del caf\u00e9 en grano y en polvo.<\/p>\n\n\n\n<p><strong>M\u00faltiples opciones de capacidad<\/strong><br>Proporcionar especificaciones convencionales como 250g, 500g, 1kg, y apoyar la personalizaci\u00f3n de la capacidad no est\u00e1ndar para satisfacer las necesidades de los productos de caf\u00e9 de diferentes escalas.<\/p>\n\n\n\n<p><strong>Entrega eficaz y respuesta r\u00e1pida<\/strong><br>Las pruebas gratuitas s\u00f3lo tardan 1-2 d\u00edas, y la entrega r\u00e1pida entre 7 y 15 d\u00edas, lo que ayuda a las empresas a adaptarse r\u00e1pidamente al ritmo del mercado y aprovechar la oportunidad.<\/p>\n\n\n\n<p><strong>Superaci\u00f3n de m\u00faltiples certificaciones internacionales<\/strong><br>Las bolsas de envasado cumplen normas de seguridad alimentaria y calidad como BRC, ISO, QS, HACCP, y apoyan la exportaci\u00f3n y el lanzamiento al mercado de productos de alto nivel.<\/p>\n\n\n\n<p><strong>Estructura tridimensional, mejor visualizaci\u00f3n<\/strong><br>El dise\u00f1o de fuelle lateral aumenta la capacidad y la verticalidad de la bolsa, lo que no s\u00f3lo resulta c\u00f3modo para el almacenamiento y el apilamiento, sino que tambi\u00e9n mejora el efecto visual de la exposici\u00f3n en estanter\u00edas.<\/p>\n\n\n\n<div class=\"wp-block-columns is-layout-flex wp-container-core-columns-is-layout-9d6595d7 wp-block-columns-is-layout-flex\">\n<div class=\"wp-block-column is-layout-flow wp-block-column-is-layout-flow\">\n<figure class=\"wp-block-image size-full\"><img decoding=\"async\" width=\"640\" height=\"640\" src=\"https:\/\/www.lebeipackaging.com\/wp-content\/uploads\/2025\/05\/Custom-Side-Gusset-Coffee-Bags-with-Gold-Stamping4.webp\" alt=\"Bolsas de caf\u00e9 con fuelle lateral personalizadas con estampaci\u00f3n dorada4\" class=\"wp-image-360\" srcset=\"https:\/\/www.lebeipackaging.com\/wp-content\/uploads\/2025\/05\/Custom-Side-Gusset-Coffee-Bags-with-Gold-Stamping4.webp 640w, https:\/\/www.lebeipackaging.com\/wp-content\/uploads\/2025\/05\/Custom-Side-Gusset-Coffee-Bags-with-Gold-Stamping4-300x300.webp 300w, https:\/\/www.lebeipackaging.com\/wp-content\/uploads\/2025\/05\/Custom-Side-Gusset-Coffee-Bags-with-Gold-Stamping4-150x150.webp 150w, https:\/\/www.lebeipackaging.com\/wp-content\/uploads\/2025\/05\/Custom-Side-Gusset-Coffee-Bags-with-Gold-Stamping4-600x600.webp 600w, https:\/\/www.lebeipackaging.com\/wp-content\/uploads\/2025\/05\/Custom-Side-Gusset-Coffee-Bags-with-Gold-Stamping4-100x100.webp 100w\" sizes=\"(max-width: 640px) 100vw, 640px\" \/><\/figure>\n\n\n\n<h2 class=\"wp-block-heading\"><strong>Dise\u00f1o estampado en oro<\/strong><\/h2>\n\n\n\n<p>El producto parece de alta calidad y atrae al cliente.<\/p>\n<\/div>\n\n\n\n<div class=\"wp-block-column is-layout-flow wp-block-column-is-layout-flow\">\n<figure class=\"wp-block-image size-full\"><img decoding=\"async\" width=\"640\" height=\"640\" src=\"https:\/\/www.lebeipackaging.com\/wp-content\/uploads\/2025\/05\/Custom-Side-Gusset-Coffee-Bags-with-Gold-Stamping3.webp\" alt=\"Bolsas de caf\u00e9 con fuelle lateral personalizadas con estampaci\u00f3n dorada2\" class=\"wp-image-359\" srcset=\"https:\/\/www.lebeipackaging.com\/wp-content\/uploads\/2025\/05\/Custom-Side-Gusset-Coffee-Bags-with-Gold-Stamping3.webp 640w, https:\/\/www.lebeipackaging.com\/wp-content\/uploads\/2025\/05\/Custom-Side-Gusset-Coffee-Bags-with-Gold-Stamping3-300x300.webp 300w, https:\/\/www.lebeipackaging.com\/wp-content\/uploads\/2025\/05\/Custom-Side-Gusset-Coffee-Bags-with-Gold-Stamping3-150x150.webp 150w, https:\/\/www.lebeipackaging.com\/wp-content\/uploads\/2025\/05\/Custom-Side-Gusset-Coffee-Bags-with-Gold-Stamping3-600x600.webp 600w, https:\/\/www.lebeipackaging.com\/wp-content\/uploads\/2025\/05\/Custom-Side-Gusset-Coffee-Bags-with-Gold-Stamping3-100x100.webp 100w\" sizes=\"(max-width: 640px) 100vw, 640px\" \/><\/figure>\n\n\n\n<h2 class=\"wp-block-heading\"><strong>Bolsa con fuelle lateral<\/strong><\/h2>\n\n\n\n<p>Se puede rellenar con m\u00e1s comida.<strong><br><\/strong><\/p>\n<\/div>\n<\/div>","protected":false},"excerpt":{"rendered":"<article class=\"text-token-text-primary w-full\" dir=\"auto\" data-testid=\"conversation-turn-2\" data-scroll-anchor=\"true\">\n<div class=\"text-base my-auto mx-auto py-5 [--thread-content-margin:--spacing(4)] @[37rem]:[--thread-content-margin:--spacing(6)] @[72rem]:[--thread-content-margin:--spacing(16)] px-(--thread-content-margin)\">\n<div class=\"[--thread-content-max-width:32rem] @[34rem]:[--thread-content-max-width:40rem] @[64rem]:[--thread-content-max-width:48rem] mx-auto flex max-w-(--thread-content-max-width) flex-1 text-base gap-4 md:gap-5 lg:gap-6 group\/turn-messages focus-visible:outline-hidden\" tabindex=\"-1\">\n<div class=\"group\/conversation-turn relative flex w-full min-w-0 flex-col agent-turn\">\n<div class=\"relative flex-col gap-1 md:gap-3\">\n<div class=\"flex max-w-full flex-col grow\">\n<div class=\"min-h-8 text-message relative flex w-full flex-col items-end gap-2 text-start break-words whitespace-normal [.text-message+&amp;]:mt-5\" dir=\"auto\" data-message-author-role=\"assistant\" data-message-id=\"601dc105-1a20-4d41-b026-a096271ed355\" data-message-model-slug=\"gpt-4-1-mini\">\n<div class=\"flex w-full flex-col gap-1 empty:hidden first:pt-[3px]\">\n<div class=\"markdown prose dark:prose-invert w-full break-words light\">\n<p data-start=\"0\" data-end=\"282\" data-is-last-node=\"\" data-is-only-node=\"\">Custom side gusset coffee bags with gold stamping offer a premium and elegant packaging solution that enhances brand visibility and preserves coffee freshness. Made from durable materials, these bags combine functionality with a luxurious touch, perfect for specialty coffee brands.<\/p>\n<\/div>\n<\/div>\n<\/div>\n<\/div>\n<\/div>\n<\/div>\n<\/div>\n<\/div>\n<\/article>\n<table style=\"border-collapse: collapse; width: 518px; height: 318px;\" border=\"0\" width=\"293\" cellspacing=\"0\" cellpadding=\"0\">\n<tbody>\n<tr style=\"height: 17.00pt;\">\n<td class=\"et2\" style=\"height: 17.00pt; width: 102.45pt;\" width=\"102\" height=\"17\">Manufacturer<\/td>\n<td class=\"et2\" style=\"width: 190.80pt;\" width=\"190\">Lebei<\/td>\n<\/tr>\n<tr style=\"height: 17.00pt;\">\n<td class=\"et2\" style=\"height: 17.00pt; width: 102.45pt;\" width=\"102\" height=\"17\">Pouch Types<\/td>\n<td class=\"et3\" style=\"width: 190.80pt;\" width=\"190\">Side Gusset Bag<\/td>\n<\/tr>\n<tr style=\"height: 17.00pt;\">\n<td class=\"et2\" style=\"height: 17.00pt; width: 102.45pt;\" width=\"102\" height=\"17\">Material<\/td>\n<td class=\"et3\" style=\"width: 190.80pt;\" width=\"190\">PET\/VMPET\/PE, PET\/AL\/PE, or customized<\/td>\n<\/tr>\n<tr style=\"height: 17.00pt;\">\n<td class=\"et2\" style=\"height: 17.00pt; width: 102.45pt;\" width=\"102\" height=\"17\">Sealing &amp; Handle<\/td>\n<td class=\"et3\" style=\"width: 190.80pt;\" width=\"190\">Heat Seal<\/td>\n<\/tr>\n<tr style=\"height: 17.00pt;\">\n<td class=\"et2\" style=\"height: 17.00pt; width: 102.45pt;\" width=\"102\" height=\"17\">Surface Handling<\/td>\n<td class=\"et3\" style=\"width: 190.80pt;\" width=\"190\">Gravure printing<\/td>\n<\/tr>\n<tr style=\"height: 17.00pt;\">\n<td class=\"et2\" style=\"height: 17.00pt; width: 102.45pt;\" width=\"102\" height=\"17\">Color<\/td>\n<td class=\"et3\" style=\"width: 190.80pt;\" width=\"190\">Black&amp;Gold(Customizable)<\/td>\n<\/tr>\n<tr style=\"height: 17.00pt;\">\n<td class=\"et2\" style=\"height: 17.00pt; width: 102.45pt;\" width=\"102\" height=\"17\">Usage<\/td>\n<td class=\"et3\" style=\"width: 190.80pt;\" width=\"190\">Coffee Packaging Bags\u00a0<\/td>\n<\/tr>\n<tr style=\"height: 34.00pt;\">\n<td class=\"et2\" style=\"height: 34.00pt; width: 102.45pt;\" width=\"102\" height=\"34\">MOQ<\/td>\n<td class=\"et3\" style=\"width: 190.80pt;\" width=\"190\">Customized Pouch: 10,000 pcs (Recommend 30,000+ for better price)<\/td>\n<\/tr>\n<tr style=\"height: 34.00pt;\">\n<td class=\"et2\" style=\"height: 34.00pt; width: 102.45pt;\" width=\"102\" height=\"34\">Custom Order<\/td>\n<td class=\"et3\" style=\"width: 190.80pt;\" width=\"190\">Accept OEM &amp; ODM, Support Free Sample<\/td>\n<\/tr>\n<\/tbody>\n<\/table>\n","protected":false},"featured_media":357,"comment_status":"closed","ping_status":"closed","template":"","meta":{"_acf_changed":false},"application":[20],"product_brand":[],"product_cat":[38],"product_tag":[],"class_list":{"0":"post-356","1":"product","2":"type-product","3":"status-publish","4":"has-post-thumbnail","6":"application-custom-coffee-packaging-bag","7":"product_cat-custom-side-gusset-bag","9":"first","10":"instock","11":"shipping-taxable","12":"product-type-simple"},"acf":[],"_links":{"self":[{"href":"https:\/\/www.lebeipackaging.com\/es\/wp-json\/wp\/v2\/product\/356","targetHints":{"allow":["GET"]}}],"collection":[{"href":"https:\/\/www.lebeipackaging.com\/es\/wp-json\/wp\/v2\/product"}],"about":[{"href":"https:\/\/www.lebeipackaging.com\/es\/wp-json\/wp\/v2\/types\/product"}],"replies":[{"embeddable":true,"href":"https:\/\/www.lebeipackaging.com\/es\/wp-json\/wp\/v2\/comments?post=356"}],"wp:featuredmedia":[{"embeddable":true,"href":"https:\/\/www.lebeipackaging.com\/es\/wp-json\/wp\/v2\/media\/357"}],"wp:attachment":[{"href":"https:\/\/www.lebeipackaging.com\/es\/wp-json\/wp\/v2\/media?parent=356"}],"wp:term":[{"taxonomy":"application","embeddable":true,"href":"https:\/\/www.lebeipackaging.com\/es\/wp-json\/wp\/v2\/application?post=356"},{"taxonomy":"product_brand","embeddable":true,"href":"https:\/\/www.lebeipackaging.com\/es\/wp-json\/wp\/v2\/product_brand?post=356"},{"taxonomy":"product_cat","embeddable":true,"href":"https:\/\/www.lebeipackaging.com\/es\/wp-json\/wp\/v2\/product_cat?post=356"},{"taxonomy":"product_tag","embeddable":true,"href":"https:\/\/www.lebeipackaging.com\/es\/wp-json\/wp\/v2\/product_tag?post=356"}],"curies":[{"name":"wp","href":"https:\/\/api.w.org\/{rel}","templated":true}]}}